{"id":1144,"date":"2015-09-05T07:49:18","date_gmt":"2015-09-05T04:49:18","guid":{"rendered":"https:\/\/rightstuff.eu\/shop\/machines\/lucky-blk-shader\/"},"modified":"2023-11-21T20:23:56","modified_gmt":"2023-11-21T19:23:56","slug":"lucky-blk-shader","status":"publish","type":"product","link":"https:\/\/rightstuff.eu\/fr\/produit\/lucky-blk-shader\/","title":{"rendered":"Machine \u00e0 tatouer LUCKY BLK Shader"},"content":{"rendered":"<p>Depuis <a href=\"https:\/\/rightstuff.eu\/blog\/getting-a-permanent-tattoo\/\">tatouages des temps anciens<\/a> ont \u00e9t\u00e9 appliqu\u00e9es \u00e0 l'aide d'objets pointus, tels que des fragments de pots, des ar\u00eates de poisson, des b\u00e2tons pointus et des dents d'animaux. La proc\u00e9dure \u00e9tait tr\u00e8s douloureuse et n\u00e9cessitait de l'endurance et de la volont\u00e9. C'est pourquoi les propri\u00e9taires de tatouages \u00e9taient consid\u00e9r\u00e9s comme audacieux et extr\u00eamement forts. La machine sp\u00e9ciale permettant de cr\u00e9er des images permanentes sur la peau est apparue en 1891 en Am\u00e9rique. Les premiers ma\u00eetres utilisaient du henn\u00e9, de l'ocre, du charbon et m\u00eame de la suie - c'\u00e9tait \"l'encre\" des premiers salons de tatouage am\u00e9ricains. Plus tard, ils ont m\u00eame travaill\u00e9 avec de la poudre \u00e0 canon !<\/p>\n<p>Les \u00e9quipements contemporains pour le tatouage utilisent de l'encre sp\u00e9ciale inoffensive et des peintures. Par exemple, en travaillant avec la machine \u00e0 tatouer LUCKY BLK Shader en acier \u00e0 longue course, un artiste peut cr\u00e9er une image de peau \u00e0 grand carr\u00e9. Le client peut revenir plusieurs fois chez le ma\u00eetre, mais le r\u00e9sultat sera excellent. Le tatouage aura un aspect r\u00e9aliste ! L'appareil qui fonctionne avec 7 \u00e0 15 aiguilles, tourne \u00e0 105 Hz et 6, 6 V lorsqu'il est d\u00e9charg\u00e9. Dot\u00e9 de bobines de 26 mm avec 10 enroulements, il p\u00e8se 200 g.<\/p>","protected":false},"excerpt":{"rendered":"<h1 class=\"product_title entry-title\">Machine \u00e0 tatouer Shader<\/h1>\n<p>Le cadre est usin\u00e9 \u00e0 partir d'une seule pi\u00e8ce d'acier.<br \/>\nBobines de haute qualit\u00e9 - 26 mm * 10 enveloppes<br \/>\nQuincaillerie en acier noirci<br \/>\nAiguilles pr\u00e9f\u00e9r\u00e9es 7-15m<br \/>\nCourse longue<br \/>\nFonctionne \u00e0 105hz \u00e0 6,6 volts - non charg\u00e9<\/p>\n<p>La machine \u00e0 tatouer p\u00e8se 200gr.<\/p>","protected":false},"featured_media":49315,"comment_status":"open","ping_status":"closed","template":"","meta":{"site-sidebar-layout":"default","site-content-layout":"","ast-site-content-layout":"default","site-content-style":"default","site-sidebar-style":"default","ast-global-header-display":"","ast-banner-title-visibility":"","ast-main-header-display":"","ast-hfb-above-header-display":"","ast-hfb-below-header-display":"","ast-hfb-mobile-header-display":"","site-post-title":"","ast-breadcrumbs-content":"","ast-featured-img":"","footer-sml-layout":"","ast-disable-related-posts":"","theme-transparent-header-meta":"default","adv-header-id-meta":"","stick-header-meta":"default","header-above-stick-meta":"","header-main-stick-meta":"","header-below-stick-meta":"","astra-migrate-meta-layouts":"set","ast-page-background-enabled":"default","ast-page-background-meta":{"desktop":{"background-color":"var(--ast-global-color-4)","background-image":"","background-repeat":"repeat","background-position":"center center","background-size":"auto","background-attachment":"scroll","background-type":"","background-media":"","overlay-type":"","overlay-color":"","overlay-opacity":"","overlay-gradient":""},"tablet":{"background-color":"","background-image":"","background-repeat":"repeat","background-position":"center center","background-size":"auto","background-attachment":"scroll","background-type":"","background-media":"","overlay-type":"","overlay-color":"","overlay-opacity":"","overlay-gradient":""},"mobile":{"background-color":"","background-image":"","background-repeat":"repeat","background-position":"center center","background-size":"auto","background-attachment":"scroll","background-type":"","background-media":"","overlay-type":"","overlay-color":"","overlay-opacity":"","overlay-gradient":""}},"ast-content-background-meta":{"desktop":{"background-color":"var(--ast-global-color-5)","background-image":"","background-repeat":"repeat","background-position":"center center","background-size":"auto","background-attachment":"scroll","background-type":"","background-media":"","overlay-type":"","overlay-color":"","overlay-opacity":"","overlay-gradient":""},"tablet":{"background-color":"var(--ast-global-color-5)","background-image":"","background-repeat":"repeat","background-position":"center center","background-size":"auto","background-attachment":"scroll","background-type":"","background-media":"","overlay-type":"","overlay-color":"","overlay-opacity":"","overlay-gradient":""},"mobile":{"background-color":"var(--ast-global-color-5)","background-image":"","background-repeat":"repeat","background-position":"center center","background-size":"auto","background-attachment":"scroll","background-type":"","background-media":"","overlay-type":"","overlay-color":"","overlay-opacity":"","overlay-gradient":""}}},"product_brand":[],"product_cat":[8],"product_tag":[82,93,83,99,1802,87,89,91,95,72,96],"class_list":{"0":"post-1144","1":"product","2":"type-product","3":"status-publish","4":"has-post-thumbnail","6":"product_cat-lucky","7":"product_tag-coil-tattoo-machines","8":"product_tag-custom-tattoo-guns","9":"product_tag-custom-tattoo-machines","10":"product_tag-handmade-tattoo-machines","11":"product_tag-maquinas-de-tatuaje-de-bobina","12":"product_tag-professional-tattoo-machines","13":"product_tag-shader-tattoo-machines","14":"product_tag-tattoo-equipment","15":"product_tag-tattoo-guns","16":"product_tag-tattoo-machine-coils","17":"product_tag-tattoo-shading-guns","18":"pa_brand-rightstuff","19":"desktop-align-center","20":"tablet-align-left","21":"mobile-align-left","22":"ast-product-gallery-layout-horizontal-slider","23":"ast-product-tabs-layout-horizontal","25":"first","26":"outofstock","27":"sale","28":"taxable","29":"shipping-taxable","30":"purchasable","31":"product-type-simple"},"_links":{"self":[{"href":"https:\/\/rightstuff.eu\/fr\/wp-json\/wp\/v2\/product\/1144","targetHints":{"allow":["GET"]}}],"collection":[{"href":"https:\/\/rightstuff.eu\/fr\/wp-json\/wp\/v2\/product"}],"about":[{"href":"https:\/\/rightstuff.eu\/fr\/wp-json\/wp\/v2\/types\/product"}],"replies":[{"embeddable":true,"href":"https:\/\/rightstuff.eu\/fr\/wp-json\/wp\/v2\/comments?post=1144"}],"version-history":[{"count":0,"href":"https:\/\/rightstuff.eu\/fr\/wp-json\/wp\/v2\/product\/1144\/revisions"}],"wp:featuredmedia":[{"embeddable":true,"href":"https:\/\/rightstuff.eu\/fr\/wp-json\/wp\/v2\/media\/49315"}],"wp:attachment":[{"href":"https:\/\/rightstuff.eu\/fr\/wp-json\/wp\/v2\/media?parent=1144"}],"wp:term":[{"taxonomy":"product_brand","embeddable":true,"href":"https:\/\/rightstuff.eu\/fr\/wp-json\/wp\/v2\/product_brand?post=1144"},{"taxonomy":"product_cat","embeddable":true,"href":"https:\/\/rightstuff.eu\/fr\/wp-json\/wp\/v2\/product_cat?post=1144"},{"taxonomy":"product_tag","embeddable":true,"href":"https:\/\/rightstuff.eu\/fr\/wp-json\/wp\/v2\/product_tag?post=1144"}],"curies":[{"name":"wp","href":"https:\/\/api.w.org\/{rel}","templated":true}]}}