{"id":1124,"date":"2015-09-04T23:00:43","date_gmt":"2015-09-04T20:00:43","guid":{"rendered":"https:\/\/rightstuff.eu\/?post_type=product&#038;p=1124"},"modified":"2025-01-22T01:37:13","modified_gmt":"2025-01-22T00:37:13","slug":"dozzer-colorpacker","status":"publish","type":"product","link":"https:\/\/rightstuff.eu\/fr\/produit\/dozzer-colorpacker\/","title":{"rendered":"Machine \u00e0 tatouer DOZZER ColorPacker"},"content":{"rendered":"<p>L'humanit\u00e9 a invent\u00e9 les tatouages il y a plusieurs si\u00e8cles. Les premiers ma\u00eetres de cet art ancien, mais unique, n'utilisaient que des peintures naturelles et des nuances de couleurs limit\u00e9es. Aujourd'hui, cet art, qui est aussi une activit\u00e9 commerciale et un passe-temps pour de nombreux artistes, est extr\u00eamement populaire. Gr\u00e2ce \u00e0 la modernit\u00e9 et \u00e0 la facilit\u00e9 d'utilisation de la technologie, les tatouages peuvent \u00eatre r\u00e9alis\u00e9s dans des conditions optimales. <a href=\"https:\/\/rightstuff.eu\/product-tag\/tattoo-supplies\/\">mat\u00e9riel d'utilisation<\/a> Gr\u00e2ce \u00e0 l'utilisation d'encre sp\u00e9ciale de toutes les teintes, le tatouage est devenu l'\u0153uvre d'art la plus attrayante qui soit. En voyant un homme dont le corps est couvert d'images permanentes fantastiques, tu dois savoir que le ma\u00eetre qui a cr\u00e9\u00e9 ce chef-d'\u0153uvre pourrait utiliser la machine \u00e0 tatouer DOZZER ColorPacker ou un appareil similaire.<\/p>\n<p>Avec cet appareil, un artiste peut facilement ombrer une image en choisissant les peintures des couleurs n\u00e9cessaires. Si tu t'entra\u00eenes \u00e0 r\u00e9aliser des tatouages color\u00e9s et \u00e0 utiliser des aiguilles de 7 M et plus, tu appr\u00e9cieras cet appareil qui p\u00e8se 210 grammes et poss\u00e8de des bobines de 26 mm \u00e0 dix spires.<\/p>","protected":false},"excerpt":{"rendered":"<p>Le cadre est usin\u00e9 \u00e0 partir d'une seule pi\u00e8ce de bronze.<br \/>\nBobines de haute qualit\u00e9 - 25 mm * 10 enveloppes<br \/>\nQuincaillerie en acier noirci<br \/>\nAiguilles pr\u00e9f\u00e9r\u00e9es 7m et PLUS<br \/>\nCourse longue<br \/>\nFonctionne \u00e0 95hz \u00e0 4,0 volts - non charg\u00e9<\/p>\n<p>Poids de la machine \u00e0 tatouer 210gr.<\/p>","protected":false},"featured_media":49303,"comment_status":"open","ping_status":"closed","template":"","meta":{"site-sidebar-layout":"","site-content-layout":"","ast-site-content-layout":"default","site-content-style":"default","site-sidebar-style":"default","ast-global-header-display":"","ast-banner-title-visibility":"","ast-main-header-display":"","ast-hfb-above-header-display":"","ast-hfb-below-header-display":"","ast-hfb-mobile-header-display":"","site-post-title":"","ast-breadcrumbs-content":"","ast-featured-img":"","footer-sml-layout":"","ast-disable-related-posts":"","theme-transparent-header-meta":"","adv-header-id-meta":"","stick-header-meta":"","header-above-stick-meta":"","header-main-stick-meta":"","header-below-stick-meta":"","astra-migrate-meta-layouts":"default","ast-page-background-enabled":"default","ast-page-background-meta":{"desktop":{"background-color":"var(--ast-global-color-4)","background-image":"","background-repeat":"repeat","background-position":"center center","background-size":"auto","background-attachment":"scroll","background-type":"","background-media":"","overlay-type":"","overlay-color":"","overlay-opacity":"","overlay-gradient":""},"tablet":{"background-color":"","background-image":"","background-repeat":"repeat","background-position":"center center","background-size":"auto","background-attachment":"scroll","background-type":"","background-media":"","overlay-type":"","overlay-color":"","overlay-opacity":"","overlay-gradient":""},"mobile":{"background-color":"","background-image":"","background-repeat":"repeat","background-position":"center center","background-size":"auto","background-attachment":"scroll","background-type":"","background-media":"","overlay-type":"","overlay-color":"","overlay-opacity":"","overlay-gradient":""}},"ast-content-background-meta":{"desktop":{"background-color":"var(--ast-global-color-5)","background-image":"","background-repeat":"repeat","background-position":"center center","background-size":"auto","background-attachment":"scroll","background-type":"","background-media":"","overlay-type":"","overlay-color":"","overlay-opacity":"","overlay-gradient":""},"tablet":{"background-color":"var(--ast-global-color-5)","background-image":"","background-repeat":"repeat","background-position":"center center","background-size":"auto","background-attachment":"scroll","background-type":"","background-media":"","overlay-type":"","overlay-color":"","overlay-opacity":"","overlay-gradient":""},"mobile":{"background-color":"var(--ast-global-color-5)","background-image":"","background-repeat":"repeat","background-position":"center center","background-size":"auto","background-attachment":"scroll","background-type":"","background-media":"","overlay-type":"","overlay-color":"","overlay-opacity":"","overlay-gradient":""}}},"product_brand":[],"product_cat":[32],"product_tag":[82,93,83,99,1801,87,91,95,72],"class_list":{"0":"post-1124","1":"product","2":"type-product","3":"status-publish","4":"has-post-thumbnail","6":"product_cat-dozzer","7":"product_tag-coil-tattoo-machines","8":"product_tag-custom-tattoo-guns","9":"product_tag-custom-tattoo-machines","10":"product_tag-handmade-tattoo-machines","11":"product_tag-machines-a-tatouer-les-bobines","12":"product_tag-professional-tattoo-machines","13":"product_tag-tattoo-equipment","14":"product_tag-tattoo-guns","15":"product_tag-tattoo-machine-coils","16":"pa_brand-rightstuff","17":"desktop-align-center","18":"tablet-align-left","19":"mobile-align-left","20":"ast-product-gallery-layout-horizontal-slider","21":"ast-product-tabs-layout-horizontal","23":"first","24":"instock","25":"sale","26":"taxable","27":"shipping-taxable","28":"purchasable","29":"product-type-simple"},"_links":{"self":[{"href":"https:\/\/rightstuff.eu\/fr\/wp-json\/wp\/v2\/product\/1124","targetHints":{"allow":["GET"]}}],"collection":[{"href":"https:\/\/rightstuff.eu\/fr\/wp-json\/wp\/v2\/product"}],"about":[{"href":"https:\/\/rightstuff.eu\/fr\/wp-json\/wp\/v2\/types\/product"}],"replies":[{"embeddable":true,"href":"https:\/\/rightstuff.eu\/fr\/wp-json\/wp\/v2\/comments?post=1124"}],"version-history":[{"count":0,"href":"https:\/\/rightstuff.eu\/fr\/wp-json\/wp\/v2\/product\/1124\/revisions"}],"wp:featuredmedia":[{"embeddable":true,"href":"https:\/\/rightstuff.eu\/fr\/wp-json\/wp\/v2\/media\/49303"}],"wp:attachment":[{"href":"https:\/\/rightstuff.eu\/fr\/wp-json\/wp\/v2\/media?parent=1124"}],"wp:term":[{"taxonomy":"product_brand","embeddable":true,"href":"https:\/\/rightstuff.eu\/fr\/wp-json\/wp\/v2\/product_brand?post=1124"},{"taxonomy":"product_cat","embeddable":true,"href":"https:\/\/rightstuff.eu\/fr\/wp-json\/wp\/v2\/product_cat?post=1124"},{"taxonomy":"product_tag","embeddable":true,"href":"https:\/\/rightstuff.eu\/fr\/wp-json\/wp\/v2\/product_tag?post=1124"}],"curies":[{"name":"wp","href":"https:\/\/api.w.org\/{rel}","templated":true}]}}