{"id":31051,"date":"2018-04-12T12:27:09","date_gmt":"2018-04-12T09:27:09","guid":{"rendered":"https:\/\/rightstuff.eu\/?page_id=31051"},"modified":"2018-06-26T10:09:58","modified_gmt":"2018-06-26T07:09:58","slug":"discounts","status":"publish","type":"page","link":"https:\/\/rightstuff.eu\/fr\/discounts\/","title":{"rendered":"R\u00e9ductions"},"content":{"rendered":"<p>Il arrive un moment o\u00f9 tout le monde commence \u00e0 penser \u00e0 \u00e9conomiser son budget, et nous comprenons tous qu'avec la hausse constante des prix, cette question est particuli\u00e8rement pertinente. Nous commen\u00e7ons alors \u00e0 consulter les listes de prix des magasins en ligne, \u00e0 la recherche de toutes sortes de ventes et de promotions pour les produits qui nous int\u00e9ressent.<\/p>\n<p>Sur notre site tu peux trouver beaucoup d'informations utiles sur les promotions et les ventes sur la machine \u00e0 tatouer de sa propre production et sur les fournitures pour le tatouage ! Nous te remercions d'\u00eatre devenu notre client et nous essaierons de faire tout ce qui est possible et impossible pour que tes achats soient rentables.<\/p>\n<p>En outre, nous avons publi\u00e9 un grand nombre d'articles utiles et instructifs sur le produit et diff\u00e9rents articles sur le th\u00e8me du tatouage.<\/p>\n<p>Toutes les remises et promotions sont constamment mises \u00e0 jour, regardez le site Rightstuff.eu et ne manquez pas vos avantages !<\/p>\n<p>L'acquisition d'un \u00e9quipement professionnel pour le tatouage permet d'assurer un confort maximal dans le processus de travail et de donner \u00e0 ses clients d'excellents r\u00e9sultats, conform\u00e9ment \u00e0 leurs souhaits.<\/p>","protected":false},"excerpt":{"rendered":"<p>There comes a time when everyone starts to think about saving the budget, and we all understand that at constantly rising prices this issue is especially relevant. Then we start looking at price lists in online stores, looking for all sorts of sales and promotions for the goods we are interested in. On our site [&hellip;]<\/p>\n","protected":false},"author":1,"featured_media":0,"parent":0,"menu_order":0,"comment_status":"closed","ping_status":"closed","template":"","meta":{"site-sidebar-layout":"default","site-content-layout":"","ast-site-content-layout":"default","site-content-style":"default","site-sidebar-style":"default","ast-global-header-display":"","ast-banner-title-visibility":"","ast-main-header-display":"","ast-hfb-above-header-display":"","ast-hfb-below-header-display":"","ast-hfb-mobile-header-display":"","site-post-title":"","ast-breadcrumbs-content":"","ast-featured-img":"","footer-sml-layout":"","ast-disable-related-posts":"","theme-transparent-header-meta":"","adv-header-id-meta":"","stick-header-meta":"","header-above-stick-meta":"","header-main-stick-meta":"","header-below-stick-meta":"","astra-migrate-meta-layouts":"default","ast-page-background-enabled":"default","ast-page-background-meta":{"desktop":{"background-color":"var(--ast-global-color-4)","background-image":"","background-repeat":"repeat","background-position":"center center","background-size":"auto","background-attachment":"scroll","background-type":"","background-media":"","overlay-type":"","overlay-color":"","overlay-opacity":"","overlay-gradient":""},"tablet":{"background-color":"","background-image":"","background-repeat":"repeat","background-position":"center center","background-size":"auto","background-attachment":"scroll","background-type":"","background-media":"","overlay-type":"","overlay-color":"","overlay-opacity":"","overlay-gradient":""},"mobile":{"background-color":"","background-image":"","background-repeat":"repeat","background-position":"center center","background-size":"auto","background-attachment":"scroll","background-type":"","background-media":"","overlay-type":"","overlay-color":"","overlay-opacity":"","overlay-gradient":""}},"ast-content-background-meta":{"desktop":{"background-color":"var(--ast-global-color-5)","background-image":"","background-repeat":"repeat","background-position":"center center","background-size":"auto","background-attachment":"scroll","background-type":"","background-media":"","overlay-type":"","overlay-color":"","overlay-opacity":"","overlay-gradient":""},"tablet":{"background-color":"var(--ast-global-color-5)","background-image":"","background-repeat":"repeat","background-position":"center center","background-size":"auto","background-attachment":"scroll","background-type":"","background-media":"","overlay-type":"","overlay-color":"","overlay-opacity":"","overlay-gradient":""},"mobile":{"background-color":"var(--ast-global-color-5)","background-image":"","background-repeat":"repeat","background-position":"center center","background-size":"auto","background-attachment":"scroll","background-type":"","background-media":"","overlay-type":"","overlay-color":"","overlay-opacity":"","overlay-gradient":""}},"footnotes":""},"class_list":["post-31051","page","type-page","status-publish","hentry"],"_links":{"self":[{"href":"https:\/\/rightstuff.eu\/fr\/wp-json\/wp\/v2\/pages\/31051","targetHints":{"allow":["GET"]}}],"collection":[{"href":"https:\/\/rightstuff.eu\/fr\/wp-json\/wp\/v2\/pages"}],"about":[{"href":"https:\/\/rightstuff.eu\/fr\/wp-json\/wp\/v2\/types\/page"}],"author":[{"embeddable":true,"href":"https:\/\/rightstuff.eu\/fr\/wp-json\/wp\/v2\/users\/1"}],"replies":[{"embeddable":true,"href":"https:\/\/rightstuff.eu\/fr\/wp-json\/wp\/v2\/comments?post=31051"}],"version-history":[{"count":0,"href":"https:\/\/rightstuff.eu\/fr\/wp-json\/wp\/v2\/pages\/31051\/revisions"}],"wp:attachment":[{"href":"https:\/\/rightstuff.eu\/fr\/wp-json\/wp\/v2\/media?parent=31051"}],"curies":[{"name":"wp","href":"https:\/\/api.w.org\/{rel}","templated":true}]}}