{"id":59115,"date":"2026-02-27T11:17:27","date_gmt":"2026-02-27T10:17:27","guid":{"rendered":"https:\/\/rightstuff.eu\/?post_type=product&#038;p=59115"},"modified":"2026-03-07T02:23:20","modified_gmt":"2026-03-07T01:23:20","slug":"wireless-tattoo-machine-revo-shot-blue","status":"publish","type":"product","link":"https:\/\/rightstuff.eu\/es\/producto\/wireless-tattoo-machine-revo-shot-blue\/","title":{"rendered":"M\u00e1quina de tatuar inal\u00e1mbrica REVO SHOT Azul"},"content":{"rendered":"","protected":false},"excerpt":{"rendered":"<p class=\"p1\"><b>M\u00e1quina de Tatuajes Inal\u00e1mbrica REVO SHOT<\/b><b><\/b><\/p>\n<p class=\"p3\">M\u00e1quina de tatuar inal\u00e1mbrica ultracompacta dise\u00f1ada para ofrecer la m\u00e1xima maniobrabilidad y precisi\u00f3n.<\/p>\n<p class=\"p3\">El bol\u00edgrafo inal\u00e1mbrico para tatuajes m\u00e1s corto y ligero con un <span class=\"s1\"><b>Bater\u00eda de 1600 mAh que proporciona hasta 5 horas de trabajo.<\/b><\/span><\/p>","protected":false},"featured_media":59040,"comment_status":"open","ping_status":"closed","template":"","meta":{"site-sidebar-layout":"default","site-content-layout":"default","ast-site-content-layout":"default","site-content-style":"default","site-sidebar-style":"default","ast-global-header-display":"","ast-banner-title-visibility":"","ast-main-header-display":"","ast-hfb-above-header-display":"","ast-hfb-below-header-display":"","ast-hfb-mobile-header-display":"","site-post-title":"","ast-breadcrumbs-content":"","ast-featured-img":"","footer-sml-layout":"","ast-disable-related-posts":"","theme-transparent-header-meta":"default","adv-header-id-meta":"","stick-header-meta":"default","header-above-stick-meta":"","header-main-stick-meta":"","header-below-stick-meta":"","astra-migrate-meta-layouts":"set","ast-page-background-enabled":"default","ast-page-background-meta":{"desktop":{"background-color":"var(--ast-global-color-4)","background-image":"","background-repeat":"repeat","background-position":"center center","background-size":"auto","background-attachment":"scroll","background-type":"","background-media":"","overlay-type":"","overlay-color":"","overlay-opacity":"","overlay-gradient":""},"tablet":{"background-color":"","background-image":"","background-repeat":"repeat","background-position":"center center","background-size":"auto","background-attachment":"scroll","background-type":"","background-media":"","overlay-type":"","overlay-color":"","overlay-opacity":"","overlay-gradient":""},"mobile":{"background-color":"","background-image":"","background-repeat":"repeat","background-position":"center center","background-size":"auto","background-attachment":"scroll","background-type":"","background-media":"","overlay-type":"","overlay-color":"","overlay-opacity":"","overlay-gradient":""}},"ast-content-background-meta":{"desktop":{"background-color":"var(--ast-global-color-5)","background-image":"","background-repeat":"repeat","background-position":"center center","background-size":"auto","background-attachment":"scroll","background-type":"","background-media":"","overlay-type":"","overlay-color":"","overlay-opacity":"","overlay-gradient":""},"tablet":{"background-color":"var(--ast-global-color-5)","background-image":"","background-repeat":"repeat","background-position":"center center","background-size":"auto","background-attachment":"scroll","background-type":"","background-media":"","overlay-type":"","overlay-color":"","overlay-opacity":"","overlay-gradient":""},"mobile":{"background-color":"var(--ast-global-color-5)","background-image":"","background-repeat":"repeat","background-position":"center center","background-size":"auto","background-attachment":"scroll","background-type":"","background-media":"","overlay-type":"","overlay-color":"","overlay-opacity":"","overlay-gradient":""}}},"product_brand":[],"product_cat":[1997,1803],"product_tag":[101,93,100,99,53,1798,50,87,2024,98,48,97,1792,71,91,95,52,41,51],"class_list":{"0":"post-59115","1":"product","2":"type-product","3":"status-publish","4":"has-post-thumbnail","6":"product_cat-wireless-tattoo-machines","7":"product_cat-pen-tattoo-machines","8":"product_tag-custom-rotary-machines","9":"product_tag-custom-tattoo-guns","10":"product_tag-handmade-rotary-tattoo-machines","11":"product_tag-handmade-tattoo-machines","12":"product_tag-hornet-tattoo-machine","13":"product_tag-maquinas-rotativas-de-tatuaje","14":"product_tag-pen-tattoo-machine","15":"product_tag-professional-tattoo-machines","16":"product_tag-revoshot","17":"product_tag-rotary-tattoo-guns","18":"product_tag-rotary-tattoo-machine","19":"product_tag-rotary-tattoo-pen","20":"product_tag-rotary-tattoomaschinen","21":"product_tag-tattoo-cartridges","22":"product_tag-tattoo-equipment","23":"product_tag-tattoo-guns","24":"product_tag-tattoo-machine-pen","25":"product_tag-tattoo-machines","26":"product_tag-tattoo-pen","27":"desktop-align-center","28":"tablet-align-left","29":"mobile-align-left","30":"ast-product-gallery-layout-horizontal-slider","31":"ast-product-single-variable","32":"ast-product-tabs-layout-horizontal","34":"first","35":"instock","36":"taxable","37":"shipping-taxable","38":"purchasable","39":"product-type-variable","40":"has-default-attributes"},"_links":{"self":[{"href":"https:\/\/rightstuff.eu\/es\/wp-json\/wp\/v2\/product\/59115","targetHints":{"allow":["GET"]}}],"collection":[{"href":"https:\/\/rightstuff.eu\/es\/wp-json\/wp\/v2\/product"}],"about":[{"href":"https:\/\/rightstuff.eu\/es\/wp-json\/wp\/v2\/types\/product"}],"replies":[{"embeddable":true,"href":"https:\/\/rightstuff.eu\/es\/wp-json\/wp\/v2\/comments?post=59115"}],"version-history":[{"count":0,"href":"https:\/\/rightstuff.eu\/es\/wp-json\/wp\/v2\/product\/59115\/revisions"}],"wp:featuredmedia":[{"embeddable":true,"href":"https:\/\/rightstuff.eu\/es\/wp-json\/wp\/v2\/media\/59040"}],"wp:attachment":[{"href":"https:\/\/rightstuff.eu\/es\/wp-json\/wp\/v2\/media?parent=59115"}],"wp:term":[{"taxonomy":"product_brand","embeddable":true,"href":"https:\/\/rightstuff.eu\/es\/wp-json\/wp\/v2\/product_brand?post=59115"},{"taxonomy":"product_cat","embeddable":true,"href":"https:\/\/rightstuff.eu\/es\/wp-json\/wp\/v2\/product_cat?post=59115"},{"taxonomy":"product_tag","embeddable":true,"href":"https:\/\/rightstuff.eu\/es\/wp-json\/wp\/v2\/product_tag?post=59115"}],"curies":[{"name":"wp","href":"https:\/\/api.w.org\/{rel}","templated":true}]}}