{"id":58465,"date":"2025-10-15T14:16:35","date_gmt":"2025-10-15T12:16:35","guid":{"rendered":"https:\/\/rightstuff.eu\/?post_type=product&#038;p=58465"},"modified":"2026-04-13T01:26:40","modified_gmt":"2026-04-12T23:26:40","slug":"wireless-tattoo-machine-revo-white","status":"publish","type":"product","link":"https:\/\/rightstuff.eu\/es\/producto\/wireless-tattoo-machine-revo-white\/","title":{"rendered":"M\u00e1quina de tatuajes inal\u00e1mbrica REVO White"},"content":{"rendered":"<div id=\"model-response-message-contentr_45e9a586cfd6033b\" class=\"markdown markdown-main-panel\" dir=\"ltr\">\n<h3 data-start=\"341\" data-end=\"386\"><strong data-start=\"345\" data-end=\"386\">REVO - La revoluci\u00f3n de los tatuajes inal\u00e1mbricos<\/strong><\/h3>\n<p data-start=\"390\" data-end=\"583\"><strong data-start=\"390\" data-end=\"424\">No es un bol\u00edgrafo inal\u00e1mbrico m\u00e1s.<\/strong> REVO White es la m\u00e1quina de tatuar m\u00e1s peque\u00f1a del mercado con una <strong data-start=\"482\" data-end=\"502\">Bater\u00eda de 2600 mAh<\/strong>entregando <strong data-start=\"515\" data-end=\"555\">hasta 12 horas de trabajo ininterrumpido<\/strong> en un cuerpo ultracompacto.<\/p>\n<p data-start=\"585\" data-end=\"915\">Lo que hace \u00fanico a REVO White es su <strong data-start=\"615\" data-end=\"677\">sistema de transmisi\u00f3n pendiente de patente con \"cesi\u00f3n\" mec\u00e1nica.<\/strong> A diferencia de los bol\u00edgrafos de accionamiento directo est\u00e1ndar, el sistema REVO minimiza la vibraci\u00f3n de la aguja, reduce el traumatismo cut\u00e1neo y proporciona una sensaci\u00f3n de respuesta natural. \u00bfEl resultado? <strong data-start=\"829\" data-end=\"913\">Contornos m\u00e1s n\u00edtidos, sombreados m\u00e1s suaves, sesiones m\u00e1s r\u00e1pidas y tatuajes que cicatrizan mejor.<\/strong><\/p>\n<hr data-start=\"917\" data-end=\"920\" \/>\n<h3 data-start=\"922\" data-end=\"946\">\u2705 <strong data-start=\"928\" data-end=\"946\">Principales ventajas<\/strong><\/h3>\n<ul data-start=\"947\" data-end=\"1337\">\n<li data-start=\"947\" data-end=\"1032\">\n<p data-start=\"949\" data-end=\"1032\"><strong data-start=\"949\" data-end=\"973\">Compacto pero potente<\/strong> - La m\u00e1quina m\u00e1s peque\u00f1a de su clase con una bater\u00eda de 2600 mAh.<\/p>\n<\/li>\n<li data-start=\"1033\" data-end=\"1128\">\n<p data-start=\"1035\" data-end=\"1128\"><strong data-start=\"1035\" data-end=\"1079\">Sistema de accionamiento patentado (no directo)<\/strong> - mec\u00e1nica para mayor precisi\u00f3n y control.<\/p>\n<\/li>\n<li data-start=\"1129\" data-end=\"1195\">\n<p data-start=\"1131\" data-end=\"1195\"><strong data-start=\"1131\" data-end=\"1149\">Suave con la piel<\/strong> - menos trauma = curaci\u00f3n m\u00e1s r\u00e1pida para los clientes.<\/p>\n<\/li>\n<li data-start=\"1196\" data-end=\"1259\">\n<p data-start=\"1198\" data-end=\"1259\"><strong data-start=\"1198\" data-end=\"1214\">Trabajar de forma m\u00e1s inteligente<\/strong> - ahorrar hasta 2 horas en sesiones de jornada completa.<\/p>\n<\/li>\n<li data-start=\"1260\" data-end=\"1337\">\n<p data-start=\"1262\" data-end=\"1337\"><strong data-start=\"1262\" data-end=\"1282\">Perfiles perfectos<\/strong> - de agujas 1RL a 14RS, siempre estables y n\u00edtidas.<\/p>\n<\/li>\n<\/ul>\n<hr data-start=\"1339\" data-end=\"1342\" \/>\n<h3 data-start=\"1344\" data-end=\"1379\">\ud83d\udd27 <strong data-start=\"1351\" data-end=\"1379\">Especificaciones t\u00e9cnicas<\/strong><\/h3>\n<ul data-start=\"1380\" data-end=\"1861\">\n<li data-start=\"1380\" data-end=\"1399\">\n<p data-start=\"1382\" data-end=\"1399\"><strong data-start=\"1382\" data-end=\"1391\">Agarre:<\/strong> 33 mm<\/p>\n<\/li>\n<li data-start=\"1400\" data-end=\"1424\">\n<p data-start=\"1402\" data-end=\"1424\"><strong data-start=\"1402\" data-end=\"1413\">Longitud:<\/strong> 112,5 mm<\/p>\n<\/li>\n<li data-start=\"1425\" data-end=\"1450\">\n<p data-start=\"1427\" data-end=\"1450\"><strong data-start=\"1427\" data-end=\"1440\">Di\u00e1metro:<\/strong> 29,5 mm<\/p>\n<\/li>\n<li data-start=\"1451\" data-end=\"1493\">\n<p data-start=\"1453\" data-end=\"1493\"><strong data-start=\"1453\" data-end=\"1465\">Bater\u00eda:<\/strong> 2600 mAh (hasta 12 horas)<\/p>\n<\/li>\n<li data-start=\"1494\" data-end=\"1548\">\n<p data-start=\"1496\" data-end=\"1548\"><strong data-start=\"1496\" data-end=\"1515\">Opciones de trazos:<\/strong> 3,2 \/ 3,5 \/ 3,8 \/ 4,2 \/ 4,7 mm<\/p>\n<\/li>\n<li data-start=\"1549\" data-end=\"1583\">\n<p data-start=\"1551\" data-end=\"1583\"><strong data-start=\"1551\" data-end=\"1568\">Profundidad de la aguja:<\/strong> hasta 4,5 mm<\/p>\n<\/li>\n<li data-start=\"1584\" data-end=\"1615\">\n<p data-start=\"1586\" data-end=\"1615\"><strong data-start=\"1586\" data-end=\"1602\">Velocidad del motor:<\/strong> 10.000 RPM<\/p>\n<\/li>\n<li data-start=\"1616\" data-end=\"1662\">\n<p data-start=\"1618\" data-end=\"1662\"><strong data-start=\"1618\" data-end=\"1636\">Rango de tensi\u00f3n:<\/strong> 3-7 V (rango preferido)<\/p>\n<\/li>\n<li data-start=\"1663\" data-end=\"1694\">\n<p data-start=\"1665\" data-end=\"1694\"><strong data-start=\"1665\" data-end=\"1683\">Material del cuerpo:<\/strong> Aluminio<\/p>\n<\/li>\n<li data-start=\"1695\" data-end=\"1752\">\n<p data-start=\"1697\" data-end=\"1752\"><strong data-start=\"1697\" data-end=\"1708\">Peso:<\/strong> 170 g (est\u00e1ndar) o 195 g (versi\u00f3n pesada)<\/p>\n<\/li>\n<li data-start=\"1753\" data-end=\"1804\">\n<p data-start=\"1755\" data-end=\"1804\"><strong data-start=\"1755\" data-end=\"1773\">Agarre opcional:<\/strong> Empu\u00f1adura de acero inoxidable (+65 g)<\/p>\n<\/li>\n<li data-start=\"1805\" data-end=\"1861\">\n<p data-start=\"1807\" data-end=\"1861\"><strong data-start=\"1807\" data-end=\"1835\">Compatibilidad de cartuchos:<\/strong> Todos los cartuchos est\u00e1ndar<\/p>\n<\/li>\n<\/ul>\n<hr data-start=\"1863\" data-end=\"1866\" \/>\n<h3 data-start=\"1868\" data-end=\"1896\">\ud83d\udee0\ufe0f <strong data-start=\"1876\" data-end=\"1896\">\u00bfPor qu\u00e9 elegir REVO?<\/strong><\/h3>\n<p data-start=\"1897\" data-end=\"2128\">Porque es <strong data-start=\"1910\" data-end=\"1953\">no es s\u00f3lo inal\u00e1mbrica: es REVOlucionaria.<\/strong><br data-start=\"1953\" data-end=\"1956\" \/>Gracias a su tama\u00f1o compacto, su bater\u00eda de larga duraci\u00f3n y su exclusivo sistema de transmisi\u00f3n, REVO White ofrece <strong data-start=\"2044\" data-end=\"2077\">precisi\u00f3n, comodidad y rapidez<\/strong>que ninguna otra m\u00e1quina de tatuar inal\u00e1mbrica puede igualar.<\/p>\n<hr data-start=\"2130\" data-end=\"2133\" \/>\n<p data-start=\"2135\" data-end=\"2205\">\ud83d\udc49 <strong data-start=\"2138\" data-end=\"2163\">Pida hoy mismo su REVO White<\/strong> y experimente el futuro del tatuaje.<\/p>\n<\/div>","protected":false},"excerpt":{"rendered":"<p class=\"p1\">El primer bol\u00edgrafo inal\u00e1mbrico con <strong>mec\u00e1nica dar<\/strong> - y el \u00fanico con dos modos mec\u00e1nicos.<\/p>\n<p class=\"p1\">Sensaci\u00f3n de bobina. Libertad de giro. Hasta 12 horas sin cable.<\/p>\n<p><span style=\"text-decoration: underline;\">Empu\u00f1adura de aluminio Agotado<\/span>.<\/p>","protected":false},"featured_media":58512,"comment_status":"open","ping_status":"closed","template":"","meta":{"site-sidebar-layout":"default","site-content-layout":"default","ast-site-content-layout":"default","site-content-style":"default","site-sidebar-style":"default","ast-global-header-display":"","ast-banner-title-visibility":"","ast-main-header-display":"","ast-hfb-above-header-display":"","ast-hfb-below-header-display":"","ast-hfb-mobile-header-display":"","site-post-title":"","ast-breadcrumbs-content":"","ast-featured-img":"","footer-sml-layout":"","ast-disable-related-posts":"","theme-transparent-header-meta":"default","adv-header-id-meta":"","stick-header-meta":"default","header-above-stick-meta":"","header-main-stick-meta":"","header-below-stick-meta":"","astra-migrate-meta-layouts":"set","ast-page-background-enabled":"default","ast-page-background-meta":{"desktop":{"background-color":"var(--ast-global-color-4)","background-image":"","background-repeat":"repeat","background-position":"center center","background-size":"auto","background-attachment":"scroll","background-type":"","background-media":"","overlay-type":"","overlay-color":"","overlay-opacity":"","overlay-gradient":""},"tablet":{"background-color":"","background-image":"","background-repeat":"repeat","background-position":"center center","background-size":"auto","background-attachment":"scroll","background-type":"","background-media":"","overlay-type":"","overlay-color":"","overlay-opacity":"","overlay-gradient":""},"mobile":{"background-color":"","background-image":"","background-repeat":"repeat","background-position":"center center","background-size":"auto","background-attachment":"scroll","background-type":"","background-media":"","overlay-type":"","overlay-color":"","overlay-opacity":"","overlay-gradient":""}},"ast-content-background-meta":{"desktop":{"background-color":"var(--ast-global-color-5)","background-image":"","background-repeat":"repeat","background-position":"center center","background-size":"auto","background-attachment":"scroll","background-type":"","background-media":"","overlay-type":"","overlay-color":"","overlay-opacity":"","overlay-gradient":""},"tablet":{"background-color":"var(--ast-global-color-5)","background-image":"","background-repeat":"repeat","background-position":"center center","background-size":"auto","background-attachment":"scroll","background-type":"","background-media":"","overlay-type":"","overlay-color":"","overlay-opacity":"","overlay-gradient":""},"mobile":{"background-color":"var(--ast-global-color-5)","background-image":"","background-repeat":"repeat","background-position":"center center","background-size":"auto","background-attachment":"scroll","background-type":"","background-media":"","overlay-type":"","overlay-color":"","overlay-opacity":"","overlay-gradient":""}}},"product_brand":[],"product_cat":[1997,1803,2029],"product_tag":[101,93,100,99,53,1798,50,87,2019,98,48,97,1792,71,91,95,52,41,51],"class_list":{"0":"post-58465","1":"product","2":"type-product","3":"status-publish","4":"has-post-thumbnail","6":"product_cat-wireless-tattoo-machines","7":"product_cat-pen-tattoo-machines","8":"product_cat-revo","9":"product_tag-custom-rotary-machines","10":"product_tag-custom-tattoo-guns","11":"product_tag-handmade-rotary-tattoo-machines","12":"product_tag-handmade-tattoo-machines","13":"product_tag-hornet-tattoo-machine","14":"product_tag-maquinas-rotativas-de-tatuaje","15":"product_tag-pen-tattoo-machine","16":"product_tag-professional-tattoo-machines","17":"product_tag-revoblk","18":"product_tag-rotary-tattoo-guns","19":"product_tag-rotary-tattoo-machine","20":"product_tag-rotary-tattoo-pen","21":"product_tag-rotary-tattoomaschinen","22":"product_tag-tattoo-cartridges","23":"product_tag-tattoo-equipment","24":"product_tag-tattoo-guns","25":"product_tag-tattoo-machine-pen","26":"product_tag-tattoo-machines","27":"product_tag-tattoo-pen","28":"desktop-align-center","29":"tablet-align-left","30":"mobile-align-left","31":"ast-product-gallery-layout-horizontal-slider","32":"ast-product-single-variable","33":"ast-product-tabs-layout-horizontal","35":"first","36":"instock","37":"taxable","38":"shipping-taxable","39":"purchasable","40":"product-type-variable","41":"has-default-attributes"},"_links":{"self":[{"href":"https:\/\/rightstuff.eu\/es\/wp-json\/wp\/v2\/product\/58465","targetHints":{"allow":["GET"]}}],"collection":[{"href":"https:\/\/rightstuff.eu\/es\/wp-json\/wp\/v2\/product"}],"about":[{"href":"https:\/\/rightstuff.eu\/es\/wp-json\/wp\/v2\/types\/product"}],"replies":[{"embeddable":true,"href":"https:\/\/rightstuff.eu\/es\/wp-json\/wp\/v2\/comments?post=58465"}],"version-history":[{"count":0,"href":"https:\/\/rightstuff.eu\/es\/wp-json\/wp\/v2\/product\/58465\/revisions"}],"wp:featuredmedia":[{"embeddable":true,"href":"https:\/\/rightstuff.eu\/es\/wp-json\/wp\/v2\/media\/58512"}],"wp:attachment":[{"href":"https:\/\/rightstuff.eu\/es\/wp-json\/wp\/v2\/media?parent=58465"}],"wp:term":[{"taxonomy":"product_brand","embeddable":true,"href":"https:\/\/rightstuff.eu\/es\/wp-json\/wp\/v2\/product_brand?post=58465"},{"taxonomy":"product_cat","embeddable":true,"href":"https:\/\/rightstuff.eu\/es\/wp-json\/wp\/v2\/product_cat?post=58465"},{"taxonomy":"product_tag","embeddable":true,"href":"https:\/\/rightstuff.eu\/es\/wp-json\/wp\/v2\/product_tag?post=58465"}],"curies":[{"name":"wp","href":"https:\/\/api.w.org\/{rel}","templated":true}]}}