{"id":57677,"date":"2025-04-29T19:03:02","date_gmt":"2025-04-29T17:03:02","guid":{"rendered":"https:\/\/rightstuff.eu\/?post_type=product&#038;p=57677"},"modified":"2025-12-04T13:11:03","modified_gmt":"2025-12-04T12:11:03","slug":"tondaus-skin-marker-sterile","status":"publish","type":"product","link":"https:\/\/rightstuff.eu\/es\/producto\/tondaus-skin-marker-sterile\/","title":{"rendered":"Tondaus Marcador Cut\u00e1neo Est\u00e9ril"},"content":{"rendered":"<p><span class=\"\">Los marcadores cut\u00e1neos quir\u00fargicos TONDAUS\u2122 est\u00e1n dise\u00f1ados para permitir al cirujano marcar f\u00e1cilmente las zonas seleccionadas antes o durante los procedimientos. Esto se consigue con una soluci\u00f3n de genciana violeta resistente a la abrasi\u00f3n, no t\u00f3xica y muy visible. La regla incluida en cada paquete permite una medici\u00f3n precisa (marcada en sistema m\u00e9trico y en pulgadas). Al mismo tiempo, es flexible y se adapta a todos los contornos corporales.<\/span><\/p>\n<h3>Caracter\u00edstica:<\/h3>\n<ul>\n<li>punta de doble cara: 0,5 mm y 1,0 mm,<\/li>\n<li>producto de secado r\u00e1pido,<\/li>\n<li>resistentes a los desinfectantes,<\/li>\n<li>violeta,<\/li>\n<li>regla incluida,<\/li>\n<li>escala adicional impresa en el marcador,<\/li>\n<li>est\u00e9ril,<\/li>\n<li>embalaje: papel-foil.<\/li>\n<\/ul>\n<p>El marcador cut\u00e1neo quir\u00fargico que ofrecemos es un producto que satisfar\u00e1 incluso los requisitos m\u00e1s exigentes. Facilitar\u00e1 enormemente el marcado de la piel, por ejemplo durante una intervenci\u00f3n quir\u00fargica. Puede utilizarse tanto en cirug\u00eda pl\u00e1stica como general, as\u00ed como en radiolog\u00eda, dermatolog\u00eda o laboratorios de rayos X.<\/p>\n<p>El producto est\u00e1 destinado exclusivamente a uso profesional.<\/p>","protected":false},"excerpt":{"rendered":"<ul>\n<li>punta de doble cara: 0,5 mm y 1,0 mm,<\/li>\n<li>producto de secado r\u00e1pido,<\/li>\n<li>resistentes a los desinfectantes,<\/li>\n<li>violeta,<\/li>\n<li>regla incluida,<\/li>\n<li>escala adicional impresa en el marcador,<\/li>\n<li>est\u00e9ril,<\/li>\n<li>embalaje: papel-foil.<\/li>\n<\/ul>","protected":false},"featured_media":57474,"comment_status":"open","ping_status":"closed","template":"","meta":{"site-sidebar-layout":"default","site-content-layout":"","ast-site-content-layout":"default","site-content-style":"default","site-sidebar-style":"default","ast-global-header-display":"","ast-banner-title-visibility":"","ast-main-header-display":"","ast-hfb-above-header-display":"","ast-hfb-below-header-display":"","ast-hfb-mobile-header-display":"","site-post-title":"","ast-breadcrumbs-content":"","ast-featured-img":"","footer-sml-layout":"","ast-disable-related-posts":"","theme-transparent-header-meta":"default","adv-header-id-meta":"","stick-header-meta":"default","header-above-stick-meta":"","header-main-stick-meta":"","header-below-stick-meta":"","astra-migrate-meta-layouts":"set","ast-page-background-enabled":"default","ast-page-background-meta":{"desktop":{"background-color":"var(--ast-global-color-4)","background-image":"","background-repeat":"repeat","background-position":"center center","background-size":"auto","background-attachment":"scroll","background-type":"","background-media":"","overlay-type":"","overlay-color":"","overlay-opacity":"","overlay-gradient":""},"tablet":{"background-color":"","background-image":"","background-repeat":"repeat","background-position":"center center","background-size":"auto","background-attachment":"scroll","background-type":"","background-media":"","overlay-type":"","overlay-color":"","overlay-opacity":"","overlay-gradient":""},"mobile":{"background-color":"","background-image":"","background-repeat":"repeat","background-position":"center center","background-size":"auto","background-attachment":"scroll","background-type":"","background-media":"","overlay-type":"","overlay-color":"","overlay-opacity":"","overlay-gradient":""}},"ast-content-background-meta":{"desktop":{"background-color":"var(--ast-global-color-5)","background-image":"","background-repeat":"repeat","background-position":"center center","background-size":"auto","background-attachment":"scroll","background-type":"","background-media":"","overlay-type":"","overlay-color":"","overlay-opacity":"","overlay-gradient":""},"tablet":{"background-color":"var(--ast-global-color-5)","background-image":"","background-repeat":"repeat","background-position":"center center","background-size":"auto","background-attachment":"scroll","background-type":"","background-media":"","overlay-type":"","overlay-color":"","overlay-opacity":"","overlay-gradient":""},"mobile":{"background-color":"var(--ast-global-color-5)","background-image":"","background-repeat":"repeat","background-position":"center center","background-size":"auto","background-attachment":"scroll","background-type":"","background-media":"","overlay-type":"","overlay-color":"","overlay-opacity":"","overlay-gradient":""}}},"product_brand":[],"product_cat":[1986,2003],"product_tag":[],"class_list":{"0":"post-57677","1":"product","2":"type-product","3":"status-publish","4":"has-post-thumbnail","6":"product_cat-transfer","7":"product_cat-studio-supplies","8":"desktop-align-center","9":"tablet-align-left","10":"mobile-align-left","11":"ast-product-gallery-layout-horizontal-slider","12":"ast-product-tabs-layout-horizontal","14":"first","15":"outofstock","16":"taxable","17":"shipping-taxable","18":"purchasable","19":"product-type-simple"},"_links":{"self":[{"href":"https:\/\/rightstuff.eu\/es\/wp-json\/wp\/v2\/product\/57677","targetHints":{"allow":["GET"]}}],"collection":[{"href":"https:\/\/rightstuff.eu\/es\/wp-json\/wp\/v2\/product"}],"about":[{"href":"https:\/\/rightstuff.eu\/es\/wp-json\/wp\/v2\/types\/product"}],"replies":[{"embeddable":true,"href":"https:\/\/rightstuff.eu\/es\/wp-json\/wp\/v2\/comments?post=57677"}],"version-history":[{"count":0,"href":"https:\/\/rightstuff.eu\/es\/wp-json\/wp\/v2\/product\/57677\/revisions"}],"wp:featuredmedia":[{"embeddable":true,"href":"https:\/\/rightstuff.eu\/es\/wp-json\/wp\/v2\/media\/57474"}],"wp:attachment":[{"href":"https:\/\/rightstuff.eu\/es\/wp-json\/wp\/v2\/media?parent=57677"}],"wp:term":[{"taxonomy":"product_brand","embeddable":true,"href":"https:\/\/rightstuff.eu\/es\/wp-json\/wp\/v2\/product_brand?post=57677"},{"taxonomy":"product_cat","embeddable":true,"href":"https:\/\/rightstuff.eu\/es\/wp-json\/wp\/v2\/product_cat?post=57677"},{"taxonomy":"product_tag","embeddable":true,"href":"https:\/\/rightstuff.eu\/es\/wp-json\/wp\/v2\/product_tag?post=57677"}],"curies":[{"name":"wp","href":"https:\/\/api.w.org\/{rel}","templated":true}]}}