{"id":57173,"date":"2025-02-07T15:56:58","date_gmt":"2025-02-07T14:56:58","guid":{"rendered":"https:\/\/rightstuff.eu\/?post_type=product&#038;p=57173"},"modified":"2025-02-09T01:31:07","modified_gmt":"2025-02-09T00:31:07","slug":"pen-tattoo-machine-hornet-bronze","status":"publish","type":"product","link":"https:\/\/rightstuff.eu\/es\/producto\/pen-tattoo-machine-hornet-bronze\/","title":{"rendered":"M\u00e1quina de tatuajes Hornet (Bronce)"},"content":{"rendered":"<p>**Presentaci\u00f3n del bol\u00edgrafo Hornet Bronze para tatuajes: tu compa\u00f1ero definitivo en el arte del tatuaje.**<\/p>\n<p>\u00bfEst\u00e1s preparado para elevar tu juego de tatuaje al siguiente nivel? No busques m\u00e1s all\u00e1 de la M\u00e1quina de Tatuaje Hornet Grey 32mm Grip Pen, una herramienta de vanguardia dise\u00f1ada para transformar tu visi\u00f3n art\u00edstica en dise\u00f1os asombrosos e intrincados.<\/p>\n<p>**Desata tu creatividad:**<\/p>\n<p>Fabricado con precisi\u00f3n e innovaci\u00f3n, el Hornet Bronze <a href=\"https:\/\/rightstuff.eu\/blog\/exploring-the-wireless-tattoo-machine\/\">M\u00e1quina de tatuar con bol\u00edgrafo<\/a> le permite dar vida a su imaginaci\u00f3n art\u00edstica. Tanto si eres un tatuador experimentado como un entusiasta en ciernes, esta m\u00e1quina garantiza un control perfecto y unas l\u00edneas impecables, lo que te permitir\u00e1 crear tatuajes que son aut\u00e9nticas obras de arte.<\/p>\n<p>**El confort se une al rendimiento:**<\/p>\n<p>Con una <a href=\"https:\/\/rightstuff.eu\/product\/cartridge-click-grip-32-mm\/\">Empu\u00f1adura ergon\u00f3mica de 32 mm<\/a>, La Hornet Pen Tattoo Machine garantiza horas de uso c\u00f3modo, permiti\u00e9ndole concentrarse en su trabajo sin molestias. Su dise\u00f1o ligero, combinado con un potente motor, ofrece un rendimiento constante, lo que resulta en un tatuaje suave y detallado.<\/p>\n<p>**Higiene y calidad aseguradas:**<\/p>\n<p>Entendemos la importancia de mantener altos est\u00e1ndares de higiene y calidad en el proceso de tatuaje. La Hornet Pen Tattoo Machine est\u00e1 meticulosamente dise\u00f1ada para cumplir estos est\u00e1ndares, garantizando la seguridad tanto del artista como del cliente. Su innovador sistema de cartuchos es f\u00e1cil de reemplazar y compatible con una amplia gama de cartuchos, proporcion\u00e1ndote la flexibilidad que necesitas.<\/p>\n<p>**Versatilidad redefinida:**<\/p>\n<p>Tanto si trabajas en detalles intrincados como en contornos atrevidos, la M\u00e1quina de Tatuaje Hornet Grey Pen ofrece una versatilidad sin igual. Con profundidades de aguja ajustables que van de 1 mm a 3,5 mm, tienes la libertad de experimentar con diferentes estilos y t\u00e9cnicas, logrando resultados que superan las expectativas.<\/p>\n<p>**Excelencia t\u00e9cnica<\/p>\n<p>La m\u00e1quina de tatuar Hornet Pen funciona a una impresionante velocidad de 8000 RPM, proporcion\u00e1ndote la velocidad y precisi\u00f3n necesarias para dise\u00f1os intrincados. Con un rango de voltaje de 4,5-13V, esta m\u00e1quina se adapta a tus preferencias, garantizando un rendimiento constante.<\/p>\n<p>Eleva tu experiencia de tatuaje con la m\u00e1quina de tatuaje Hornet Grey 32mm Grip Pen. Sum\u00e9rgete en un mundo de creatividad sin l\u00edmites, calidad sin concesiones y precisi\u00f3n inigualable. Tanto si eres un artista del tatuaje que busca la perfecci\u00f3n como un individuo creativo que se aventura en el mundo del tatuaje, esta m\u00e1quina es tu puerta de entrada a un arte extraordinario.<\/p>\n<p>Desbloquea hoy mismo el potencial de la Hornet Bronze Pen Tattoo Machine y deja tu huella en el mundo del tatuaje como nunca antes **Presentaci\u00f3n de la Hornet Bronze Pen Tattoo Machine: tu compa\u00f1era definitiva para el arte del tatuaje**.<\/p>\n<p>\u00bfEst\u00e1s preparado para elevar tu juego de tatuaje al siguiente nivel? No busques m\u00e1s all\u00e1 de la M\u00e1quina de Tatuaje Hornet Grey 32mm Grip Pen, una herramienta de vanguardia dise\u00f1ada para transformar tu visi\u00f3n art\u00edstica en dise\u00f1os asombrosos e intrincados.<\/p>\n<p>**Desata tu creatividad:**<\/p>\n<p>Fabricada con precisi\u00f3n e innovaci\u00f3n, la Hornet Bronze Pen Tattoo Machine le permite dar vida a su imaginaci\u00f3n art\u00edstica. Tanto si eres un artista del tatuaje experimentado como un entusiasta en ciernes, esta m\u00e1quina garantiza un control perfecto y l\u00edneas impecables, permiti\u00e9ndote crear tatuajes que son verdaderas obras de arte.<\/p>\n<p>**El confort se une al rendimiento:**<\/p>\n<p>Con una empu\u00f1adura ergon\u00f3mica de 32 mm, la Hornet Pen Tattoo Machine garantiza horas de uso c\u00f3modo, lo que le permite centrarse en su oficio sin molestias. Su dise\u00f1o ligero, combinado con un potente motor, ofrece un rendimiento constante, lo que resulta en un tatuaje suave y detallado.<\/p>\n<p>**Higiene y calidad aseguradas:**<\/p>\n<p>Entendemos la importancia de mantener altos est\u00e1ndares de higiene y calidad en el proceso de tatuaje. La Hornet Pen Tattoo Machine est\u00e1 meticulosamente dise\u00f1ada para cumplir estos est\u00e1ndares, garantizando la seguridad tanto del artista como del cliente. Su innovador sistema de cartuchos es f\u00e1cil de reemplazar y compatible con una amplia gama de cartuchos, proporcion\u00e1ndote la flexibilidad que necesitas.<\/p>\n<p>**Versatilidad redefinida:**<\/p>\n<p>Tanto si trabajas en detalles intrincados como en contornos atrevidos, la M\u00e1quina de Tatuaje Hornet Grey Pen ofrece una versatilidad sin igual. Con profundidades de aguja ajustables que van de 1 mm a 3,5 mm, tienes la libertad de experimentar con diferentes estilos y t\u00e9cnicas, logrando resultados que superan las expectativas.<\/p>\n<p>**Excelencia t\u00e9cnica<\/p>\n<p>La m\u00e1quina de tatuar Hornet Pen funciona a una impresionante velocidad de 8000 RPM, proporcion\u00e1ndote la velocidad y precisi\u00f3n necesarias para dise\u00f1os intrincados. Con un rango de voltaje de 4,5-13V, esta m\u00e1quina se adapta a tus preferencias, garantizando un rendimiento constante.<\/p>\n<p>Eleva tu experiencia de tatuaje con la m\u00e1quina de tatuaje Hornet Grey 32mm Grip Pen. Sum\u00e9rgete en un mundo de creatividad sin l\u00edmites, calidad sin concesiones y precisi\u00f3n inigualable. Tanto si eres un artista del tatuaje que busca la perfecci\u00f3n como un individuo creativo que se aventura en el mundo del tatuaje, esta m\u00e1quina es tu puerta de entrada a un arte extraordinario.<\/p>\n<p>Libera hoy mismo el potencial de la Hornet Bronze Pen Tattoo Machine y deja tu huella en el mundo de los tatuajes como nunca antes.<\/p>","protected":false},"excerpt":{"rendered":"<p>M\u00e1quina de tatuajes Hornet Bronze<br \/>\nEmpu\u00f1adura 28 mm<\/p>\n<p>M\u00e1quina de tatuaje Stift Hornet<\/p>\n<p>Compatible con todos los cartuchos est\u00e1ndar<\/p>\n<p>Carrera 3,2 mm<br \/>\nProfundidad de aguja variable hasta 4 mm<br \/>\n8000 RPM<br \/>\nTensi\u00f3n preferida 4,5-13 voltios<\/p>\n<p>Conexi\u00f3n RCA<br \/>\nCuerpo de aluminio<br \/>\nPeso 145 gr.<\/p>","protected":false},"featured_media":56856,"comment_status":"open","ping_status":"closed","template":"","meta":{"site-sidebar-layout":"default","site-content-layout":"default","ast-site-content-layout":"default","site-content-style":"default","site-sidebar-style":"default","ast-global-header-display":"","ast-banner-title-visibility":"","ast-main-header-display":"","ast-hfb-above-header-display":"","ast-hfb-below-header-display":"","ast-hfb-mobile-header-display":"","site-post-title":"","ast-breadcrumbs-content":"","ast-featured-img":"","footer-sml-layout":"","ast-disable-related-posts":"","theme-transparent-header-meta":"default","adv-header-id-meta":"","stick-header-meta":"default","header-above-stick-meta":"","header-main-stick-meta":"","header-below-stick-meta":"","astra-migrate-meta-layouts":"set","ast-page-background-enabled":"default","ast-page-background-meta":{"desktop":{"background-color":"var(--ast-global-color-4)","background-image":"","background-repeat":"repeat","background-position":"center center","background-size":"auto","background-attachment":"scroll","background-type":"","background-media":"","overlay-type":"","overlay-color":"","overlay-opacity":"","overlay-gradient":""},"tablet":{"background-color":"","background-image":"","background-repeat":"repeat","background-position":"center center","background-size":"auto","background-attachment":"scroll","background-type":"","background-media":"","overlay-type":"","overlay-color":"","overlay-opacity":"","overlay-gradient":""},"mobile":{"background-color":"","background-image":"","background-repeat":"repeat","background-position":"center center","background-size":"auto","background-attachment":"scroll","background-type":"","background-media":"","overlay-type":"","overlay-color":"","overlay-opacity":"","overlay-gradient":""}},"ast-content-background-meta":{"desktop":{"background-color":"var(--ast-global-color-5)","background-image":"","background-repeat":"repeat","background-position":"center center","background-size":"auto","background-attachment":"scroll","background-type":"","background-media":"","overlay-type":"","overlay-color":"","overlay-opacity":"","overlay-gradient":""},"tablet":{"background-color":"var(--ast-global-color-5)","background-image":"","background-repeat":"repeat","background-position":"center center","background-size":"auto","background-attachment":"scroll","background-type":"","background-media":"","overlay-type":"","overlay-color":"","overlay-opacity":"","overlay-gradient":""},"mobile":{"background-color":"var(--ast-global-color-5)","background-image":"","background-repeat":"repeat","background-position":"center center","background-size":"auto","background-attachment":"scroll","background-type":"","background-media":"","overlay-type":"","overlay-color":"","overlay-opacity":"","overlay-gradient":""}}},"product_brand":[],"product_cat":[1803],"product_tag":[101,93,100,99,53,1798,50,87,98,48,97,1792,71,91,95,52,41,51],"class_list":{"0":"post-57173","1":"product","2":"type-product","3":"status-publish","4":"has-post-thumbnail","6":"product_cat-pen-tattoo-machines","7":"product_tag-custom-rotary-machines","8":"product_tag-custom-tattoo-guns","9":"product_tag-handmade-rotary-tattoo-machines","10":"product_tag-handmade-tattoo-machines","11":"product_tag-hornet-tattoo-machine","12":"product_tag-maquinas-rotativas-de-tatuaje","13":"product_tag-pen-tattoo-machine","14":"product_tag-professional-tattoo-machines","15":"product_tag-rotary-tattoo-guns","16":"product_tag-rotary-tattoo-machine","17":"product_tag-rotary-tattoo-pen","18":"product_tag-rotary-tattoomaschinen","19":"product_tag-tattoo-cartridges","20":"product_tag-tattoo-equipment","21":"product_tag-tattoo-guns","22":"product_tag-tattoo-machine-pen","23":"product_tag-tattoo-machines","24":"product_tag-tattoo-pen","25":"desktop-align-center","26":"tablet-align-left","27":"mobile-align-left","28":"ast-product-gallery-layout-horizontal-slider","29":"ast-product-tabs-layout-horizontal","31":"first","32":"instock","33":"taxable","34":"shipping-taxable","35":"purchasable","36":"product-type-simple"},"_links":{"self":[{"href":"https:\/\/rightstuff.eu\/es\/wp-json\/wp\/v2\/product\/57173","targetHints":{"allow":["GET"]}}],"collection":[{"href":"https:\/\/rightstuff.eu\/es\/wp-json\/wp\/v2\/product"}],"about":[{"href":"https:\/\/rightstuff.eu\/es\/wp-json\/wp\/v2\/types\/product"}],"replies":[{"embeddable":true,"href":"https:\/\/rightstuff.eu\/es\/wp-json\/wp\/v2\/comments?post=57173"}],"version-history":[{"count":0,"href":"https:\/\/rightstuff.eu\/es\/wp-json\/wp\/v2\/product\/57173\/revisions"}],"wp:featuredmedia":[{"embeddable":true,"href":"https:\/\/rightstuff.eu\/es\/wp-json\/wp\/v2\/media\/56856"}],"wp:attachment":[{"href":"https:\/\/rightstuff.eu\/es\/wp-json\/wp\/v2\/media?parent=57173"}],"wp:term":[{"taxonomy":"product_brand","embeddable":true,"href":"https:\/\/rightstuff.eu\/es\/wp-json\/wp\/v2\/product_brand?post=57173"},{"taxonomy":"product_cat","embeddable":true,"href":"https:\/\/rightstuff.eu\/es\/wp-json\/wp\/v2\/product_cat?post=57173"},{"taxonomy":"product_tag","embeddable":true,"href":"https:\/\/rightstuff.eu\/es\/wp-json\/wp\/v2\/product_tag?post=57173"}],"curies":[{"name":"wp","href":"https:\/\/api.w.org\/{rel}","templated":true}]}}