{"id":56489,"date":"2024-12-12T18:02:27","date_gmt":"2024-12-12T17:02:27","guid":{"rendered":"https:\/\/rightstuff.eu\/?post_type=product&#038;p=56489"},"modified":"2025-05-03T18:19:23","modified_gmt":"2025-05-03T16:19:23","slug":"shim-rotary-tattoo-machine-pink","status":"publish","type":"product","link":"https:\/\/rightstuff.eu\/es\/producto\/shim-rotary-tattoo-machine-pink\/","title":{"rendered":"Shim - M\u00e1quina rotativa de tatuajes Rosa"},"content":{"rendered":"<p>Si est\u00e1 buscando una m\u00e1quina de tatuaje rotativa personalizada, no busque m\u00e1s. Nuestra m\u00e1quina Shim est\u00e1 hecha a mano con el m\u00e1ximo cuidado y precisi\u00f3n. Est\u00e1 dise\u00f1ada para tatuadores experimentados que exigen el mejor rendimiento y calidad. Esta es una de las mejores <a href=\"https:\/\/rightstuff.eu\/cartridges\/magnum-cartridges\/magnum-cartridge-19m-030\/\">tatuaje de cartucho<\/a> La m\u00e1quina funciona suavemente y sin problemas, por lo que es ideal para cualquier aplicaci\u00f3n de tatuaje.<\/p>","protected":false},"excerpt":{"rendered":"<p><a href=\"https:\/\/rightstuff.eu\/blog\/review-shim-rotary-tattoo-machine-by-rightstuff\/\">M\u00e1quina rotativa de tatuar<\/a><\/p>\n<p>3,0 \/ 3,5 \/ 3,8 \/ 4,5 mm de carrera<br \/>\n10000 RPM<br \/>\nTensi\u00f3n preferida 5-10 voltios<br \/>\nIncluye 4 barras de \u00e9mbolo de diferente rigidez<\/p>\n<p>Agujas recomendadas: Hasta 15 Liner, HASTA 23 Mag<br \/>\nCuerpo de aluminio<br \/>\nMotor alem\u00e1n de alta calidad<br \/>\nPeso 53 gr.<br \/>\nS\u00f3lo RCA<\/p>","protected":false},"featured_media":56580,"comment_status":"open","ping_status":"closed","template":"","meta":{"site-sidebar-layout":"default","site-content-layout":"default","ast-site-content-layout":"default","site-content-style":"default","site-sidebar-style":"default","ast-global-header-display":"","ast-banner-title-visibility":"","ast-main-header-display":"","ast-hfb-above-header-display":"","ast-hfb-below-header-display":"","ast-hfb-mobile-header-display":"","site-post-title":"","ast-breadcrumbs-content":"","ast-featured-img":"","footer-sml-layout":"","ast-disable-related-posts":"","theme-transparent-header-meta":"default","adv-header-id-meta":"","stick-header-meta":"default","header-above-stick-meta":"","header-main-stick-meta":"","header-below-stick-meta":"","astra-migrate-meta-layouts":"set","ast-page-background-enabled":"default","ast-page-background-meta":{"desktop":{"background-color":"var(--ast-global-color-4)","background-image":"","background-repeat":"repeat","background-position":"center center","background-size":"auto","background-attachment":"scroll","background-type":"","background-media":"","overlay-type":"","overlay-color":"","overlay-opacity":"","overlay-gradient":""},"tablet":{"background-color":"","background-image":"","background-repeat":"repeat","background-position":"center center","background-size":"auto","background-attachment":"scroll","background-type":"","background-media":"","overlay-type":"","overlay-color":"","overlay-opacity":"","overlay-gradient":""},"mobile":{"background-color":"","background-image":"","background-repeat":"repeat","background-position":"center center","background-size":"auto","background-attachment":"scroll","background-type":"","background-media":"","overlay-type":"","overlay-color":"","overlay-opacity":"","overlay-gradient":""}},"ast-content-background-meta":{"desktop":{"background-color":"var(--ast-global-color-5)","background-image":"","background-repeat":"repeat","background-position":"center center","background-size":"auto","background-attachment":"scroll","background-type":"","background-media":"","overlay-type":"","overlay-color":"","overlay-opacity":"","overlay-gradient":""},"tablet":{"background-color":"var(--ast-global-color-5)","background-image":"","background-repeat":"repeat","background-position":"center center","background-size":"auto","background-attachment":"scroll","background-type":"","background-media":"","overlay-type":"","overlay-color":"","overlay-opacity":"","overlay-gradient":""},"mobile":{"background-color":"var(--ast-global-color-5)","background-image":"","background-repeat":"repeat","background-position":"center center","background-size":"auto","background-attachment":"scroll","background-type":"","background-media":"","overlay-type":"","overlay-color":"","overlay-opacity":"","overlay-gradient":""}}},"product_brand":[],"product_cat":[31],"product_tag":[1804,101,93,83,100,99,87,98,48,1806,97,1792,91,95,72,41],"class_list":{"0":"post-56489","1":"product","2":"type-product","3":"status-publish","4":"has-post-thumbnail","6":"product_cat-shim","7":"product_tag-beginner-tattoo-kits","8":"product_tag-custom-rotary-machines","9":"product_tag-custom-tattoo-guns","10":"product_tag-custom-tattoo-machines","11":"product_tag-handmade-rotary-tattoo-machines","12":"product_tag-handmade-tattoo-machines","13":"product_tag-professional-tattoo-machines","14":"product_tag-rotary-tattoo-guns","15":"product_tag-rotary-tattoo-machine","16":"product_tag-rotary-tattoo-machines","17":"product_tag-rotary-tattoo-pen","18":"product_tag-rotary-tattoomaschinen","19":"product_tag-tattoo-equipment","20":"product_tag-tattoo-guns","21":"product_tag-tattoo-machine-coils","22":"product_tag-tattoo-machines","23":"desktop-align-center","24":"tablet-align-left","25":"mobile-align-left","26":"ast-product-gallery-layout-horizontal-slider","27":"ast-product-single-variable","28":"ast-product-tabs-layout-horizontal","30":"first","31":"instock","32":"taxable","33":"shipping-taxable","34":"purchasable","35":"product-type-variable"},"_links":{"self":[{"href":"https:\/\/rightstuff.eu\/es\/wp-json\/wp\/v2\/product\/56489","targetHints":{"allow":["GET"]}}],"collection":[{"href":"https:\/\/rightstuff.eu\/es\/wp-json\/wp\/v2\/product"}],"about":[{"href":"https:\/\/rightstuff.eu\/es\/wp-json\/wp\/v2\/types\/product"}],"replies":[{"embeddable":true,"href":"https:\/\/rightstuff.eu\/es\/wp-json\/wp\/v2\/comments?post=56489"}],"version-history":[{"count":0,"href":"https:\/\/rightstuff.eu\/es\/wp-json\/wp\/v2\/product\/56489\/revisions"}],"wp:featuredmedia":[{"embeddable":true,"href":"https:\/\/rightstuff.eu\/es\/wp-json\/wp\/v2\/media\/56580"}],"wp:attachment":[{"href":"https:\/\/rightstuff.eu\/es\/wp-json\/wp\/v2\/media?parent=56489"}],"wp:term":[{"taxonomy":"product_brand","embeddable":true,"href":"https:\/\/rightstuff.eu\/es\/wp-json\/wp\/v2\/product_brand?post=56489"},{"taxonomy":"product_cat","embeddable":true,"href":"https:\/\/rightstuff.eu\/es\/wp-json\/wp\/v2\/product_cat?post=56489"},{"taxonomy":"product_tag","embeddable":true,"href":"https:\/\/rightstuff.eu\/es\/wp-json\/wp\/v2\/product_tag?post=56489"}],"curies":[{"name":"wp","href":"https:\/\/api.w.org\/{rel}","templated":true}]}}