{"id":56174,"date":"2024-11-15T23:09:17","date_gmt":"2024-11-15T22:09:17","guid":{"rendered":"https:\/\/rightstuff.eu\/?post_type=product&#038;p=56174"},"modified":"2026-02-23T12:42:07","modified_gmt":"2026-02-23T11:42:07","slug":"eclipse-ink-black","status":"publish","type":"product","link":"https:\/\/rightstuff.eu\/es\/producto\/eclipse-ink-black\/","title":{"rendered":"Eclipse Black - Tinta para tatuajes"},"content":{"rendered":"<p><strong>Eclipse<\/strong> es una tinta negra para tatuajes que cumple plenamente las \u00faltimas normas REACH de la UE.<\/p>\n<p>Fabricada en la UE con el pigmento negro de mayor pureza, la tinta para tatuajes Eclipse presenta una viscosidad fina a la vez que proporciona un negro intenso y profundo. Esto la hace ideal para delinear, sombrear y rellenar grandes \u00e1reas s\u00f3lidas. Tambi\u00e9n se diluye muy bien para crear grises suaves, perfectos para todo tipo de trabajos de realismo.<\/p>\n<p>Desarrollada en colaboraci\u00f3n con experimentados artistas del tatuaje y qu\u00edmicos cualificados, la tinta Eclipse es vers\u00e1til, apta para veganos, hipoalerg\u00e9nica y est\u00e9ril, lo que garantiza el pleno cumplimiento de las \u00faltimas normativas REACH de la UE.<\/p>\n<p><strong>Caracter\u00edsticas principales:<\/strong><br \/>\n- Volumen: 260 ml o 150 ml<br \/>\n- Cumple la normativa REACH de la UE<br \/>\n- Pigmento negro intenso de gran pureza<br \/>\n- Ideal para forrar, sombrear y rellenar s\u00f3lidos<br \/>\n- Se diluye bien para obtener grises suaves y lisos<br \/>\n- Apto para veganos<br \/>\n- Hipoalerg\u00e9nico<br \/>\n- Est\u00e9ril<\/p>","protected":false},"excerpt":{"rendered":"<p>- Volumen: 150 ml \/ 260 ml<br \/>\n- Cumple la normativa REACH de la UE<br \/>\n- Pigmento negro intenso de gran pureza<br \/>\n- Ideal para forrar, sombrear y rellenar s\u00f3lidos<br \/>\n- Se diluye bien para obtener grises suaves y lisos<br \/>\n- Apto para veganos<br \/>\n- Hipoalerg\u00e9nico<br \/>\n- Est\u00e9ril<\/p>","protected":false},"featured_media":56543,"comment_status":"closed","ping_status":"closed","template":"","meta":{"site-sidebar-layout":"default","site-content-layout":"","ast-site-content-layout":"default","site-content-style":"default","site-sidebar-style":"default","ast-global-header-display":"","ast-banner-title-visibility":"","ast-main-header-display":"","ast-hfb-above-header-display":"","ast-hfb-below-header-display":"","ast-hfb-mobile-header-display":"","site-post-title":"","ast-breadcrumbs-content":"","ast-featured-img":"","footer-sml-layout":"","ast-disable-related-posts":"","theme-transparent-header-meta":"default","adv-header-id-meta":"","stick-header-meta":"default","header-above-stick-meta":"","header-main-stick-meta":"","header-below-stick-meta":"","astra-migrate-meta-layouts":"set","ast-page-background-enabled":"default","ast-page-background-meta":{"desktop":{"background-color":"var(--ast-global-color-4)","background-image":"","background-repeat":"repeat","background-position":"center center","background-size":"auto","background-attachment":"scroll","background-type":"","background-media":"","overlay-type":"","overlay-color":"","overlay-opacity":"","overlay-gradient":""},"tablet":{"background-color":"","background-image":"","background-repeat":"repeat","background-position":"center center","background-size":"auto","background-attachment":"scroll","background-type":"","background-media":"","overlay-type":"","overlay-color":"","overlay-opacity":"","overlay-gradient":""},"mobile":{"background-color":"","background-image":"","background-repeat":"repeat","background-position":"center center","background-size":"auto","background-attachment":"scroll","background-type":"","background-media":"","overlay-type":"","overlay-color":"","overlay-opacity":"","overlay-gradient":""}},"ast-content-background-meta":{"desktop":{"background-color":"var(--ast-global-color-5)","background-image":"","background-repeat":"repeat","background-position":"center center","background-size":"auto","background-attachment":"scroll","background-type":"","background-media":"","overlay-type":"","overlay-color":"","overlay-opacity":"","overlay-gradient":""},"tablet":{"background-color":"var(--ast-global-color-5)","background-image":"","background-repeat":"repeat","background-position":"center center","background-size":"auto","background-attachment":"scroll","background-type":"","background-media":"","overlay-type":"","overlay-color":"","overlay-opacity":"","overlay-gradient":""},"mobile":{"background-color":"var(--ast-global-color-5)","background-image":"","background-repeat":"repeat","background-position":"center center","background-size":"auto","background-attachment":"scroll","background-type":"","background-media":"","overlay-type":"","overlay-color":"","overlay-opacity":"","overlay-gradient":""}}},"product_brand":[],"product_cat":[1956,1964],"product_tag":[1955,1954],"class_list":{"0":"post-56174","1":"product","2":"type-product","3":"status-publish","4":"has-post-thumbnail","6":"product_cat-inks","7":"product_cat-black-white-inks","8":"product_tag-eclipse","9":"product_tag-ink","10":"desktop-align-center","11":"tablet-align-left","12":"mobile-align-left","13":"ast-product-gallery-layout-horizontal-slider","14":"ast-product-gallery-with-no-image","15":"ast-product-single-variable","16":"ast-product-tabs-layout-horizontal","18":"first","19":"instock","20":"taxable","21":"shipping-taxable","22":"purchasable","23":"product-type-variable"},"_links":{"self":[{"href":"https:\/\/rightstuff.eu\/es\/wp-json\/wp\/v2\/product\/56174","targetHints":{"allow":["GET"]}}],"collection":[{"href":"https:\/\/rightstuff.eu\/es\/wp-json\/wp\/v2\/product"}],"about":[{"href":"https:\/\/rightstuff.eu\/es\/wp-json\/wp\/v2\/types\/product"}],"replies":[{"embeddable":true,"href":"https:\/\/rightstuff.eu\/es\/wp-json\/wp\/v2\/comments?post=56174"}],"version-history":[{"count":0,"href":"https:\/\/rightstuff.eu\/es\/wp-json\/wp\/v2\/product\/56174\/revisions"}],"wp:featuredmedia":[{"embeddable":true,"href":"https:\/\/rightstuff.eu\/es\/wp-json\/wp\/v2\/media\/56543"}],"wp:attachment":[{"href":"https:\/\/rightstuff.eu\/es\/wp-json\/wp\/v2\/media?parent=56174"}],"wp:term":[{"taxonomy":"product_brand","embeddable":true,"href":"https:\/\/rightstuff.eu\/es\/wp-json\/wp\/v2\/product_brand?post=56174"},{"taxonomy":"product_cat","embeddable":true,"href":"https:\/\/rightstuff.eu\/es\/wp-json\/wp\/v2\/product_cat?post=56174"},{"taxonomy":"product_tag","embeddable":true,"href":"https:\/\/rightstuff.eu\/es\/wp-json\/wp\/v2\/product_tag?post=56174"}],"curies":[{"name":"wp","href":"https:\/\/api.w.org\/{rel}","templated":true}]}}