{"id":56122,"date":"2024-09-27T00:59:01","date_gmt":"2024-09-26T22:59:01","guid":{"rendered":"https:\/\/rightstuff.eu\/?post_type=product&#038;p=56122"},"modified":"2025-07-15T14:29:49","modified_gmt":"2025-07-15T12:29:49","slug":"minidozzer-trueliner-rs-x-stm","status":"publish","type":"product","link":"https:\/\/rightstuff.eu\/es\/producto\/minidozzer-trueliner-rs-x-stm\/","title":{"rendered":"miniDOZZER TrueLiner RS x STM"},"content":{"rendered":"<p>Los artistas, que acaban de dar sus primeros t\u00edmidos pasos en un negocio que se llama tatuaje, suelen cometer el mayor de los errores. Empiezan a ahorrar en el equipo, e incluso intentan sustituir los aparatos fabricados comercialmente por las unidades fabricadas por ellos mismos. Deseando ayudar a cada maestro, que trabaja con pinturas de la piel, la tienda Right Stuff les ofrece pedir una miniDOZZER TrueLiner Tattoo Machine barata. A diferencia de los dispositivos ligeros no profesionales muy baratos, esta unidad muestra una vida \u00fatil m\u00e1s larga y la mejor calidad en la creaci\u00f3n de l\u00edneas uniformes e im\u00e1genes claras sin borrones.<\/p>\n<p>Este art\u00edculo con bobinas de 26 mm y 9 vueltas, cuyo armaz\u00f3n est\u00e1 creado a partir de bronce patinado, tiene un peso de 220 gramos. Al principio puede parecerte un poco pesado. Sin embargo, este aparato est\u00e1 dise\u00f1ado s\u00f3lo para tu comodidad, por lo que pronto disfrutar\u00e1s de la m\u00e1quina. Al crear un contorno de tatuaje para un cliente, no sentir\u00e1s ninguna vibraci\u00f3n o s\u00f3lo una sacudida muy ligera. Utiliza agujas de 7 -14 Rl con este delineador; hazlo funcionar a una frecuencia de 140 Hz y un voltaje de 6,5 V.<\/p>","protected":false},"excerpt":{"rendered":"<p>El bastidor est\u00e1 mecanizado a partir de una sola pieza de lat\u00f3n<\/p>\n<p>Carved and engraved by Sancez \u2013 STM Tattoo Machine<\/p>\n<p>Carving may differ from the one shown on the photo<br \/>\nHigh quality custom coils \u2013 26 mm * 8 wraps<br \/>\nHerrajes de acero<br \/>\nAgujas preferidas 7-14rl<br \/>\nCarrera larga<br \/>\nRuns 130hz at 6,5 volt -unloaded<\/p>\n<p>Peso de la m\u00e1quina de tatuar 200 gr.<\/p>","protected":false},"featured_media":57051,"comment_status":"open","ping_status":"closed","template":"","meta":{"site-sidebar-layout":"default","site-content-layout":"","ast-site-content-layout":"default","site-content-style":"default","site-sidebar-style":"default","ast-global-header-display":"","ast-banner-title-visibility":"","ast-main-header-display":"","ast-hfb-above-header-display":"","ast-hfb-below-header-display":"","ast-hfb-mobile-header-display":"","site-post-title":"","ast-breadcrumbs-content":"","ast-featured-img":"","footer-sml-layout":"","ast-disable-related-posts":"","theme-transparent-header-meta":"default","adv-header-id-meta":"","stick-header-meta":"default","header-above-stick-meta":"","header-main-stick-meta":"","header-below-stick-meta":"","astra-migrate-meta-layouts":"set","ast-page-background-enabled":"default","ast-page-background-meta":{"desktop":{"background-color":"var(--ast-global-color-4)","background-image":"","background-repeat":"repeat","background-position":"center center","background-size":"auto","background-attachment":"scroll","background-type":"","background-media":"","overlay-type":"","overlay-color":"","overlay-opacity":"","overlay-gradient":""},"tablet":{"background-color":"","background-image":"","background-repeat":"repeat","background-position":"center center","background-size":"auto","background-attachment":"scroll","background-type":"","background-media":"","overlay-type":"","overlay-color":"","overlay-opacity":"","overlay-gradient":""},"mobile":{"background-color":"","background-image":"","background-repeat":"repeat","background-position":"center center","background-size":"auto","background-attachment":"scroll","background-type":"","background-media":"","overlay-type":"","overlay-color":"","overlay-opacity":"","overlay-gradient":""}},"ast-content-background-meta":{"desktop":{"background-color":"var(--ast-global-color-5)","background-image":"","background-repeat":"repeat","background-position":"center center","background-size":"auto","background-attachment":"scroll","background-type":"","background-media":"","overlay-type":"","overlay-color":"","overlay-opacity":"","overlay-gradient":""},"tablet":{"background-color":"var(--ast-global-color-5)","background-image":"","background-repeat":"repeat","background-position":"center center","background-size":"auto","background-attachment":"scroll","background-type":"","background-media":"","overlay-type":"","overlay-color":"","overlay-opacity":"","overlay-gradient":""},"mobile":{"background-color":"var(--ast-global-color-5)","background-image":"","background-repeat":"repeat","background-position":"center center","background-size":"auto","background-attachment":"scroll","background-type":"","background-media":"","overlay-type":"","overlay-color":"","overlay-opacity":"","overlay-gradient":""}}},"product_brand":[],"product_cat":[32],"product_tag":[82,93,83,99,1801,87,91,95,72],"class_list":{"0":"post-56122","1":"product","2":"type-product","3":"status-publish","4":"has-post-thumbnail","6":"product_cat-dozzer","7":"product_tag-coil-tattoo-machines","8":"product_tag-custom-tattoo-guns","9":"product_tag-custom-tattoo-machines","10":"product_tag-handmade-tattoo-machines","11":"product_tag-machines-a-tatouer-les-bobines","12":"product_tag-professional-tattoo-machines","13":"product_tag-tattoo-equipment","14":"product_tag-tattoo-guns","15":"product_tag-tattoo-machine-coils","16":"desktop-align-center","17":"tablet-align-left","18":"mobile-align-left","19":"ast-product-gallery-layout-horizontal-slider","20":"ast-product-tabs-layout-horizontal","22":"first","23":"outofstock","24":"taxable","25":"shipping-taxable","26":"purchasable","27":"product-type-simple"},"_links":{"self":[{"href":"https:\/\/rightstuff.eu\/es\/wp-json\/wp\/v2\/product\/56122","targetHints":{"allow":["GET"]}}],"collection":[{"href":"https:\/\/rightstuff.eu\/es\/wp-json\/wp\/v2\/product"}],"about":[{"href":"https:\/\/rightstuff.eu\/es\/wp-json\/wp\/v2\/types\/product"}],"replies":[{"embeddable":true,"href":"https:\/\/rightstuff.eu\/es\/wp-json\/wp\/v2\/comments?post=56122"}],"version-history":[{"count":0,"href":"https:\/\/rightstuff.eu\/es\/wp-json\/wp\/v2\/product\/56122\/revisions"}],"wp:featuredmedia":[{"embeddable":true,"href":"https:\/\/rightstuff.eu\/es\/wp-json\/wp\/v2\/media\/57051"}],"wp:attachment":[{"href":"https:\/\/rightstuff.eu\/es\/wp-json\/wp\/v2\/media?parent=56122"}],"wp:term":[{"taxonomy":"product_brand","embeddable":true,"href":"https:\/\/rightstuff.eu\/es\/wp-json\/wp\/v2\/product_brand?post=56122"},{"taxonomy":"product_cat","embeddable":true,"href":"https:\/\/rightstuff.eu\/es\/wp-json\/wp\/v2\/product_cat?post=56122"},{"taxonomy":"product_tag","embeddable":true,"href":"https:\/\/rightstuff.eu\/es\/wp-json\/wp\/v2\/product_tag?post=56122"}],"curies":[{"name":"wp","href":"https:\/\/api.w.org\/{rel}","templated":true}]}}