{"id":55885,"date":"2024-03-27T17:07:44","date_gmt":"2024-03-27T16:07:44","guid":{"rendered":"https:\/\/rightstuff.eu\/?post_type=product&#038;p=55885"},"modified":"2024-08-06T00:38:18","modified_gmt":"2024-08-05T22:38:18","slug":"round-liner-cartridge-1rl-020","status":"publish","type":"product","link":"https:\/\/rightstuff.eu\/es\/producto\/round-liner-cartridge-1rl-020\/","title":{"rendered":"Cartucho liner redondo 1RL -0,20"},"content":{"rendered":"<p>Hoy en d\u00eda, el inter\u00e9s del p\u00fablico por los tatuajes y los artistas que trabajan en esta \u00e1rea del arte (especialmente los que se exhiben) es cada vez mayor. Una consecuencia importante de todo esto es la aparici\u00f3n de nuevos g\u00e9neros de tatuaje e interesantes experimentos en este campo, por ejemplo, el trabajo negro, el arte del tatuaje, cuando algunas partes del cuerpo se pintan totalmente de negro. Si hace veinte a\u00f1os los tatuadores ten\u00edan que aprender muchos estilos diferentes para demostrar sus habilidades, hoy resulta que no es obligatorio. El n\u00famero de artistas del tatuaje que hacen marketing con su propia identidad y su propio estilo \u00fanico sigue aumentando. Todos ellos trabajan con agujas de 1 RL, las que utilizan los maestros del tatuaje para crear l\u00edneas s\u00f3lidas muy finas. Por ejemplo, los profesionales utilizan estas agujas cuando realizan un maquillaje permanente. Se trata de una aguja \u00fanica, muy afilada (1,5 mm) y muy fina (0,35 mm).<\/p>","protected":false},"excerpt":{"rendered":"<p>Conicidad larga<\/p>\n<p>Microtexturizado<\/p>\n<p>Agujas de 0,20 mm<\/p>\n<p>20 unidades\/paquete<\/p>","protected":false},"featured_media":32008,"comment_status":"open","ping_status":"closed","template":"","meta":{"site-sidebar-layout":"default","site-content-layout":"default","ast-site-content-layout":"default","site-content-style":"default","site-sidebar-style":"default","ast-global-header-display":"","ast-banner-title-visibility":"","ast-main-header-display":"","ast-hfb-above-header-display":"","ast-hfb-below-header-display":"","ast-hfb-mobile-header-display":"","site-post-title":"","ast-breadcrumbs-content":"","ast-featured-img":"","footer-sml-layout":"","ast-disable-related-posts":"","theme-transparent-header-meta":"default","adv-header-id-meta":"","stick-header-meta":"default","header-above-stick-meta":"","header-main-stick-meta":"","header-below-stick-meta":"","astra-migrate-meta-layouts":"set","ast-page-background-enabled":"default","ast-page-background-meta":{"desktop":{"background-color":"var(--ast-global-color-4)","background-image":"","background-repeat":"repeat","background-position":"center center","background-size":"auto","background-attachment":"scroll","background-type":"","background-media":"","overlay-type":"","overlay-color":"","overlay-opacity":"","overlay-gradient":""},"tablet":{"background-color":"","background-image":"","background-repeat":"repeat","background-position":"center center","background-size":"auto","background-attachment":"scroll","background-type":"","background-media":"","overlay-type":"","overlay-color":"","overlay-opacity":"","overlay-gradient":""},"mobile":{"background-color":"","background-image":"","background-repeat":"repeat","background-position":"center center","background-size":"auto","background-attachment":"scroll","background-type":"","background-media":"","overlay-type":"","overlay-color":"","overlay-opacity":"","overlay-gradient":""}},"ast-content-background-meta":{"desktop":{"background-color":"var(--ast-global-color-5)","background-image":"","background-repeat":"repeat","background-position":"center center","background-size":"auto","background-attachment":"scroll","background-type":"","background-media":"","overlay-type":"","overlay-color":"","overlay-opacity":"","overlay-gradient":""},"tablet":{"background-color":"var(--ast-global-color-5)","background-image":"","background-repeat":"repeat","background-position":"center center","background-size":"auto","background-attachment":"scroll","background-type":"","background-media":"","overlay-type":"","overlay-color":"","overlay-opacity":"","overlay-gradient":""},"mobile":{"background-color":"var(--ast-global-color-5)","background-image":"","background-repeat":"repeat","background-position":"center center","background-size":"auto","background-attachment":"scroll","background-type":"","background-media":"","overlay-type":"","overlay-color":"","overlay-opacity":"","overlay-gradient":""}}},"product_brand":[],"product_cat":[224],"product_tag":[81,308,306,310,309,307,102,71,91,92,1793],"class_list":{"0":"post-55885","1":"product","2":"type-product","3":"status-publish","4":"has-post-thumbnail","6":"product_cat-round-liner-cartridges","7":"product_tag-cartridge-tattoo-needles","8":"product_tag-disposable-tattoo-cartridge","9":"product_tag-needle-cartridge","10":"product_tag-premium-cartridge","11":"product_tag-premium-needle-cartridge","12":"product_tag-rightstripes","13":"product_tag-rotary-tattoo-needles","14":"product_tag-tattoo-cartridges","15":"product_tag-tattoo-equipment","16":"product_tag-tattoo-machines-parts","17":"product_tag-tattoonadeln-cartridges","18":"pa_brand-rightstuff","19":"pa_quantity-5-pcs","20":"pa_quantity-box-of-20","21":"desktop-align-center","22":"tablet-align-left","23":"mobile-align-left","24":"ast-product-gallery-layout-horizontal-slider","25":"ast-product-gallery-with-no-image","26":"ast-product-single-variable","27":"ast-product-tabs-layout-horizontal","29":"first","30":"instock","31":"sale","32":"taxable","33":"shipping-taxable","34":"purchasable","35":"product-type-variable"},"_links":{"self":[{"href":"https:\/\/rightstuff.eu\/es\/wp-json\/wp\/v2\/product\/55885","targetHints":{"allow":["GET"]}}],"collection":[{"href":"https:\/\/rightstuff.eu\/es\/wp-json\/wp\/v2\/product"}],"about":[{"href":"https:\/\/rightstuff.eu\/es\/wp-json\/wp\/v2\/types\/product"}],"replies":[{"embeddable":true,"href":"https:\/\/rightstuff.eu\/es\/wp-json\/wp\/v2\/comments?post=55885"}],"version-history":[{"count":0,"href":"https:\/\/rightstuff.eu\/es\/wp-json\/wp\/v2\/product\/55885\/revisions"}],"wp:featuredmedia":[{"embeddable":true,"href":"https:\/\/rightstuff.eu\/es\/wp-json\/wp\/v2\/media\/32008"}],"wp:attachment":[{"href":"https:\/\/rightstuff.eu\/es\/wp-json\/wp\/v2\/media?parent=55885"}],"wp:term":[{"taxonomy":"product_brand","embeddable":true,"href":"https:\/\/rightstuff.eu\/es\/wp-json\/wp\/v2\/product_brand?post=55885"},{"taxonomy":"product_cat","embeddable":true,"href":"https:\/\/rightstuff.eu\/es\/wp-json\/wp\/v2\/product_cat?post=55885"},{"taxonomy":"product_tag","embeddable":true,"href":"https:\/\/rightstuff.eu\/es\/wp-json\/wp\/v2\/product_tag?post=55885"}],"curies":[{"name":"wp","href":"https:\/\/api.w.org\/{rel}","templated":true}]}}