{"id":55640,"date":"2023-11-25T13:54:09","date_gmt":"2023-11-25T12:54:09","guid":{"rendered":"https:\/\/rightstuff.eu\/?post_type=product&#038;p=55640"},"modified":"2026-02-09T02:34:42","modified_gmt":"2026-02-09T01:34:42","slug":"rotary-hybrid-rotary-cross-cldgr","status":"publish","type":"product","link":"https:\/\/rightstuff.eu\/es\/producto\/rotary-hybrid-rotary-cross-cldgr\/","title":{"rendered":"Rotativo h\u00edbrido rotativo - CROSS CLDGR"},"content":{"rendered":"<p>M\u00e1quina de Tatuaje Rotativa Cross con conexi\u00f3n RCA. La m\u00e1quina de tatuar CROSS 3.8 CLDGR es una m\u00e1quina fiable con un acabado excelente. La m\u00e1quina est\u00e1 fabricada en aluminio y tiene un peso de 70gr. La rotativa h\u00edbrida CROSS 3.8 CLDGR funciona con una velocidad de hasta 8500 RPM y el voltaje \u00f3ptimo es de 5-8 voltios. La carrera de la m\u00e1quina es de 3,8 mm. La m\u00e1quina de tatuar h\u00edbrida CROSS 3.8 CLDGR es una de las mejores m\u00e1quinas para profesionales. La m\u00e1quina est\u00e1 equipada con un muelle de alta calidad y un rodamiento de alta calidad para una mayor duraci\u00f3n.  La m\u00e1quina de tatuar h\u00edbrida CROSS 3.8 CLDGR es una m\u00e1quina de tatuar de alta calidad y ha sido dise\u00f1ada pensando en el tatuador profesional.<\/p>","protected":false},"excerpt":{"rendered":"<h3>M\u00e1quina de tatuar h\u00edbrida CROSS<\/h3>\n<p>3,8 mm \/ 4,5 carreras<br \/>\n10 000 RPM<br \/>\nPreferred voltage 4.5-7 volts, works up to 9 volts<\/p>\n<p>Recomendado <a href=\"http:\/\/rs-tattoo.pl\">Agujas<\/a>: Hasta 14 Liner, HASTA 48 Mag<\/p>\n<p>Preferible trabajar con cartuchos<\/p>\n<p>NOTA: la fuente de alimentaci\u00f3n debe tener la funci\u00f3n \u201cjump start\u201d para arrancar la m\u00e1quina con el cartucho.<\/p>\n<p><a href=\"https:\/\/rightstuff.eu\/tattoo-machines\/power-supply\/rca-clip-cord-blk\/\">Conexi\u00f3n RCA<\/a><br \/>\nCuerpo de aluminio<br \/>\nPeso 70 gr.<\/p>","protected":false},"featured_media":57554,"comment_status":"open","ping_status":"closed","template":"","meta":{"site-sidebar-layout":"default","site-content-layout":"default","ast-site-content-layout":"default","site-content-style":"default","site-sidebar-style":"default","ast-global-header-display":"","ast-banner-title-visibility":"","ast-main-header-display":"","ast-hfb-above-header-display":"","ast-hfb-below-header-display":"","ast-hfb-mobile-header-display":"","site-post-title":"","ast-breadcrumbs-content":"","ast-featured-img":"","footer-sml-layout":"","ast-disable-related-posts":"","theme-transparent-header-meta":"default","adv-header-id-meta":"","stick-header-meta":"default","header-above-stick-meta":"","header-main-stick-meta":"","header-below-stick-meta":"","astra-migrate-meta-layouts":"set","ast-page-background-enabled":"default","ast-page-background-meta":{"desktop":{"background-color":"var(--ast-global-color-4)","background-image":"","background-repeat":"repeat","background-position":"center center","background-size":"auto","background-attachment":"scroll","background-type":"","background-media":"","overlay-type":"","overlay-color":"","overlay-opacity":"","overlay-gradient":""},"tablet":{"background-color":"","background-image":"","background-repeat":"repeat","background-position":"center center","background-size":"auto","background-attachment":"scroll","background-type":"","background-media":"","overlay-type":"","overlay-color":"","overlay-opacity":"","overlay-gradient":""},"mobile":{"background-color":"","background-image":"","background-repeat":"repeat","background-position":"center center","background-size":"auto","background-attachment":"scroll","background-type":"","background-media":"","overlay-type":"","overlay-color":"","overlay-opacity":"","overlay-gradient":""}},"ast-content-background-meta":{"desktop":{"background-color":"var(--ast-global-color-5)","background-image":"","background-repeat":"repeat","background-position":"center center","background-size":"auto","background-attachment":"scroll","background-type":"","background-media":"","overlay-type":"","overlay-color":"","overlay-opacity":"","overlay-gradient":""},"tablet":{"background-color":"var(--ast-global-color-5)","background-image":"","background-repeat":"repeat","background-position":"center center","background-size":"auto","background-attachment":"scroll","background-type":"","background-media":"","overlay-type":"","overlay-color":"","overlay-opacity":"","overlay-gradient":""},"mobile":{"background-color":"var(--ast-global-color-5)","background-image":"","background-repeat":"repeat","background-position":"center center","background-size":"auto","background-attachment":"scroll","background-type":"","background-media":"","overlay-type":"","overlay-color":"","overlay-opacity":"","overlay-gradient":""}}},"product_brand":[],"product_cat":[1993],"product_tag":[101,93,83,100,99,1798,87,98,48,1806,97,1792,91,95,23],"class_list":{"0":"post-55640","1":"product","2":"type-product","3":"status-publish","4":"has-post-thumbnail","6":"product_cat-cross","7":"product_tag-custom-rotary-machines","8":"product_tag-custom-tattoo-guns","9":"product_tag-custom-tattoo-machines","10":"product_tag-handmade-rotary-tattoo-machines","11":"product_tag-handmade-tattoo-machines","12":"product_tag-maquinas-rotativas-de-tatuaje","13":"product_tag-professional-tattoo-machines","14":"product_tag-rotary-tattoo-guns","15":"product_tag-rotary-tattoo-machine","16":"product_tag-rotary-tattoo-machines","17":"product_tag-rotary-tattoo-pen","18":"product_tag-rotary-tattoomaschinen","19":"product_tag-tattoo-equipment","20":"product_tag-tattoo-guns","21":"product_tag-tattoo-machine","22":"desktop-align-center","23":"tablet-align-left","24":"mobile-align-left","25":"ast-product-gallery-layout-horizontal-slider","26":"ast-product-single-variable","27":"ast-product-tabs-layout-horizontal","29":"first","30":"instock","31":"taxable","32":"shipping-taxable","33":"purchasable","34":"product-type-variable"},"_links":{"self":[{"href":"https:\/\/rightstuff.eu\/es\/wp-json\/wp\/v2\/product\/55640","targetHints":{"allow":["GET"]}}],"collection":[{"href":"https:\/\/rightstuff.eu\/es\/wp-json\/wp\/v2\/product"}],"about":[{"href":"https:\/\/rightstuff.eu\/es\/wp-json\/wp\/v2\/types\/product"}],"replies":[{"embeddable":true,"href":"https:\/\/rightstuff.eu\/es\/wp-json\/wp\/v2\/comments?post=55640"}],"version-history":[{"count":0,"href":"https:\/\/rightstuff.eu\/es\/wp-json\/wp\/v2\/product\/55640\/revisions"}],"wp:featuredmedia":[{"embeddable":true,"href":"https:\/\/rightstuff.eu\/es\/wp-json\/wp\/v2\/media\/57554"}],"wp:attachment":[{"href":"https:\/\/rightstuff.eu\/es\/wp-json\/wp\/v2\/media?parent=55640"}],"wp:term":[{"taxonomy":"product_brand","embeddable":true,"href":"https:\/\/rightstuff.eu\/es\/wp-json\/wp\/v2\/product_brand?post=55640"},{"taxonomy":"product_cat","embeddable":true,"href":"https:\/\/rightstuff.eu\/es\/wp-json\/wp\/v2\/product_cat?post=55640"},{"taxonomy":"product_tag","embeddable":true,"href":"https:\/\/rightstuff.eu\/es\/wp-json\/wp\/v2\/product_tag?post=55640"}],"curies":[{"name":"wp","href":"https:\/\/api.w.org\/{rel}","templated":true}]}}