{"id":55566,"date":"2023-11-19T19:25:55","date_gmt":"2023-11-19T18:25:55","guid":{"rendered":"https:\/\/rightstuff.eu\/?post_type=product&#038;p=55566"},"modified":"2026-03-31T10:46:10","modified_gmt":"2026-03-31T08:46:10","slug":"rightstuff-one-pink-candy","status":"publish","type":"product","link":"https:\/\/rightstuff.eu\/es\/producto\/rightstuff-one-pink-candy\/","title":{"rendered":"RightStuff ONE - Caramelo rosa"},"content":{"rendered":"<p>Presentamos la m\u00e1quina de tatuar de bobina \u00fanica RightStuff One Pink Candy: una armoniosa fusi\u00f3n de artesan\u00eda tradicional y dise\u00f1o moderno, hecha a medida para los artistas profesionales del tatuaje que valoran tanto el rendimiento como la est\u00e9tica. Meticulosamente fabricada, esta m\u00e1quina encarna la esencia de la marca RightStuff, ofreciendo una precisi\u00f3n fiable con un toque de estilo.<\/p>\n<p>Caracter\u00edsticas principales:<\/p>\n<p>1. **La RightStuff One Pink Candy Single Coil Tattoo Machine est\u00e1 meticulosamente dise\u00f1ada, combinando la precisi\u00f3n de un sistema de bobina \u00fanica con la artesan\u00eda que define el legado de RightStuff. Esta m\u00e1quina es un testimonio del arte que se esconde detr\u00e1s de cada trazo.<\/p>\n<p>2. **Rendimiento centrado:** Dise\u00f1ada para delinear y sombrear, esta m\u00e1quina ofrece un rendimiento centrado, que permite a los artistas crear dise\u00f1os intrincados con una precisi\u00f3n inigualable. El sistema de bobina \u00fanica garantiza una experiencia de tatuaje consistente y controlada.<\/p>\n<p>3. **Funcionamiento suave:** La potente bobina personalizada garantiza un funcionamiento suave y eficaz. Esta caracter\u00edstica no s\u00f3lo mejora la concentraci\u00f3n del artista, sino que tambi\u00e9n proporciona una atm\u00f3sfera serena en el estudio, contribuyendo a una experiencia confortable tanto para el artista como para el cliente.<\/p>\n<p>4. **Compacta y ligera:** La RightStuff One Pink Candy es compacta y ligera, lo que garantiza un agarre c\u00f3modo y minimiza la fatiga de la mano durante sesiones prolongadas. Su dise\u00f1o ergon\u00f3mico permite a los artistas mantener un control \u00f3ptimo sobre su oficio.<\/p>\n<p>5. **Est\u00e9tica chic:** M\u00e1s all\u00e1 de su funcionalidad, la m\u00e1quina destaca por su color Pink Candy, que a\u00f1ade un toque de estilo chic al conjunto de herramientas del artista. El dise\u00f1o visualmente atractivo refleja el compromiso de RightStuff de combinar a la perfecci\u00f3n la est\u00e9tica con el rendimiento.<\/p>\n<p>6. **Compatibilidad vers\u00e1til:** Compatible tanto con agujas cl\u00e1sicas como con cartuchos de agujas, la RightStuff One Pink Candy ofrece a los artistas versatilidad en su selecci\u00f3n de herramientas, permiti\u00e9ndoles elegir los instrumentos perfectos para su visi\u00f3n art\u00edstica.<\/p>\n<p>Tanto si eres un profesional experimentado como un artista emergente, la m\u00e1quina de tatuar RightStuff One Pink Candy Single Coil es una compa\u00f1era fiable y elegante para crear tatuajes cautivadores. Eleva tu arte con la sinergia perfecta de artesan\u00eda tradicional y dise\u00f1o contempor\u00e1neo. Conf\u00eda en RightStuff para una experiencia de tatuaje excepcional con una sola bobina.<\/p>","protected":false},"excerpt":{"rendered":"<h4>M\u00e1quina de tatuar de bobina simple<\/h4>\n<p>&nbsp;<\/p>\n<p>El bastidor est\u00e1 mecanizado a partir de un tocho de aluminio aeron\u00e1utico 7075<\/p>\n<p>Acabado del bastidor con recubrimiento de polvo.<\/p>\n<p>Bobina personalizada de alta calidad<\/p>\n<p>Herrajes de acero con acabado de zinc negro<\/p>\n<p>Funciona con todos los tama\u00f1os de aguja 3 - 14RL A 5,5-9 voltios<\/p>\n<p>Carrera 3,8 mm<\/p>\n<p>Funciona a unos 135hz a 6,5 voltios -sin carga<\/p>\n<p>Peso de la m\u00e1quina de tatuar 130gr.<\/p>","protected":false},"featured_media":57980,"comment_status":"open","ping_status":"closed","template":"","meta":{"site-sidebar-layout":"default","site-content-layout":"default","ast-site-content-layout":"default","site-content-style":"default","site-sidebar-style":"default","ast-global-header-display":"","ast-banner-title-visibility":"","ast-main-header-display":"","ast-hfb-above-header-display":"","ast-hfb-below-header-display":"","ast-hfb-mobile-header-display":"","site-post-title":"","ast-breadcrumbs-content":"","ast-featured-img":"","footer-sml-layout":"","ast-disable-related-posts":"","theme-transparent-header-meta":"default","adv-header-id-meta":"","stick-header-meta":"default","header-above-stick-meta":"","header-main-stick-meta":"","header-below-stick-meta":"","astra-migrate-meta-layouts":"set","ast-page-background-enabled":"default","ast-page-background-meta":{"desktop":{"background-color":"var(--ast-global-color-4)","background-image":"","background-repeat":"repeat","background-position":"center center","background-size":"auto","background-attachment":"scroll","background-type":"","background-media":"","overlay-type":"","overlay-color":"","overlay-opacity":"","overlay-gradient":""},"tablet":{"background-color":"","background-image":"","background-repeat":"repeat","background-position":"center center","background-size":"auto","background-attachment":"scroll","background-type":"","background-media":"","overlay-type":"","overlay-color":"","overlay-opacity":"","overlay-gradient":""},"mobile":{"background-color":"","background-image":"","background-repeat":"repeat","background-position":"center center","background-size":"auto","background-attachment":"scroll","background-type":"","background-media":"","overlay-type":"","overlay-color":"","overlay-opacity":"","overlay-gradient":""}},"ast-content-background-meta":{"desktop":{"background-color":"var(--ast-global-color-5)","background-image":"","background-repeat":"repeat","background-position":"center center","background-size":"auto","background-attachment":"scroll","background-type":"","background-media":"","overlay-type":"","overlay-color":"","overlay-opacity":"","overlay-gradient":""},"tablet":{"background-color":"var(--ast-global-color-5)","background-image":"","background-repeat":"repeat","background-position":"center center","background-size":"auto","background-attachment":"scroll","background-type":"","background-media":"","overlay-type":"","overlay-color":"","overlay-opacity":"","overlay-gradient":""},"mobile":{"background-color":"var(--ast-global-color-5)","background-image":"","background-repeat":"repeat","background-position":"center center","background-size":"auto","background-attachment":"scroll","background-type":"","background-media":"","overlay-type":"","overlay-color":"","overlay-opacity":"","overlay-gradient":""}}},"product_brand":[],"product_cat":[1942],"product_tag":[82,93,83,99,1801,87,91,95,72],"class_list":{"0":"post-55566","1":"product","2":"type-product","3":"status-publish","4":"has-post-thumbnail","6":"product_cat-rightstuff-one","7":"product_tag-coil-tattoo-machines","8":"product_tag-custom-tattoo-guns","9":"product_tag-custom-tattoo-machines","10":"product_tag-handmade-tattoo-machines","11":"product_tag-machines-a-tatouer-les-bobines","12":"product_tag-professional-tattoo-machines","13":"product_tag-tattoo-equipment","14":"product_tag-tattoo-guns","15":"product_tag-tattoo-machine-coils","16":"pa_brand-rightstuff","17":"desktop-align-center","18":"tablet-align-left","19":"mobile-align-left","20":"ast-product-gallery-layout-horizontal-slider","21":"ast-product-tabs-layout-horizontal","23":"first","24":"outofstock","25":"taxable","26":"shipping-taxable","27":"purchasable","28":"product-type-simple"},"_links":{"self":[{"href":"https:\/\/rightstuff.eu\/es\/wp-json\/wp\/v2\/product\/55566","targetHints":{"allow":["GET"]}}],"collection":[{"href":"https:\/\/rightstuff.eu\/es\/wp-json\/wp\/v2\/product"}],"about":[{"href":"https:\/\/rightstuff.eu\/es\/wp-json\/wp\/v2\/types\/product"}],"replies":[{"embeddable":true,"href":"https:\/\/rightstuff.eu\/es\/wp-json\/wp\/v2\/comments?post=55566"}],"version-history":[{"count":0,"href":"https:\/\/rightstuff.eu\/es\/wp-json\/wp\/v2\/product\/55566\/revisions"}],"wp:featuredmedia":[{"embeddable":true,"href":"https:\/\/rightstuff.eu\/es\/wp-json\/wp\/v2\/media\/57980"}],"wp:attachment":[{"href":"https:\/\/rightstuff.eu\/es\/wp-json\/wp\/v2\/media?parent=55566"}],"wp:term":[{"taxonomy":"product_brand","embeddable":true,"href":"https:\/\/rightstuff.eu\/es\/wp-json\/wp\/v2\/product_brand?post=55566"},{"taxonomy":"product_cat","embeddable":true,"href":"https:\/\/rightstuff.eu\/es\/wp-json\/wp\/v2\/product_cat?post=55566"},{"taxonomy":"product_tag","embeddable":true,"href":"https:\/\/rightstuff.eu\/es\/wp-json\/wp\/v2\/product_tag?post=55566"}],"curies":[{"name":"wp","href":"https:\/\/api.w.org\/{rel}","templated":true}]}}