{"id":55404,"date":"2023-09-28T19:53:19","date_gmt":"2023-09-28T17:53:19","guid":{"rendered":"https:\/\/rightstuff.eu\/?post_type=product&#038;p=55404"},"modified":"2025-12-20T15:54:19","modified_gmt":"2025-12-20T14:54:19","slug":"rotary-tattoo-machine-keg-variable-orng","status":"publish","type":"product","link":"https:\/\/rightstuff.eu\/es\/producto\/rotary-tattoo-machine-keg-variable-orng\/","title":{"rendered":"Tatuadora rotativa - KEG Variable (Naranja)"},"content":{"rendered":"<p>Una m\u00e1quina de tatuar rotativa de transmisi\u00f3n directa personalizada absolutamente impresionante, obra de un conocido dise\u00f1ador underground. Cuando sali\u00f3 a la venta, este instrumento se convirti\u00f3 r\u00e1pidamente en una leyenda entre los artistas del tatuaje. La m\u00e1quina fue construida por profesionales para profesionales, lo que significa que requiere un alto nivel de sensibilidad por parte de su usuario para trabajar con tatuajes finamente detallados.<\/p>\n<p>Su armaz\u00f3n est\u00e1 construido con aluminio de alta calidad, lo que lo hace significativamente m\u00e1s ligero que los modelos fabricados con una sola pieza de acero, y pesa s\u00f3lo 140 gramos, lo que lo hace ideal para un uso prolongado.<\/p>\n<p>Tiene un recorrido variable de 1 mm a 5 mm y puede utilizarse como Liner, Sombreador o Empaquetador de Color. El aparato tiene un motor hecho a medida, exclusivo de serie, que funciona a 6-13 voltios y 8000 RPM.<\/p>","protected":false},"excerpt":{"rendered":"<h3>M\u00e1quina de tatuar rotativa de accionamiento directo<\/h3>\n<p>Carrera variable de 1 mm a 5 mm<br \/>\n8000 RPM<br \/>\nTensi\u00f3n preferida 6-13 voltios<\/p>\n<p>Agujas recomendadas: Hasta 18 Liner, HASTA 39 Mag<\/p>\n<p>Cable de pinza + Conexi\u00f3n RCA<br \/>\nCuerpo de aluminio<br \/>\nPeso 140 gr.<\/p>","protected":false},"featured_media":56880,"comment_status":"open","ping_status":"closed","template":"","meta":{"site-sidebar-layout":"default","site-content-layout":"default","ast-site-content-layout":"default","site-content-style":"default","site-sidebar-style":"default","ast-global-header-display":"","ast-banner-title-visibility":"","ast-main-header-display":"","ast-hfb-above-header-display":"","ast-hfb-below-header-display":"","ast-hfb-mobile-header-display":"","site-post-title":"","ast-breadcrumbs-content":"","ast-featured-img":"","footer-sml-layout":"","ast-disable-related-posts":"","theme-transparent-header-meta":"default","adv-header-id-meta":"","stick-header-meta":"default","header-above-stick-meta":"","header-main-stick-meta":"","header-below-stick-meta":"","astra-migrate-meta-layouts":"set","ast-page-background-enabled":"default","ast-page-background-meta":{"desktop":{"background-color":"var(--ast-global-color-4)","background-image":"","background-repeat":"repeat","background-position":"center center","background-size":"auto","background-attachment":"scroll","background-type":"","background-media":"","overlay-type":"","overlay-color":"","overlay-opacity":"","overlay-gradient":""},"tablet":{"background-color":"","background-image":"","background-repeat":"repeat","background-position":"center center","background-size":"auto","background-attachment":"scroll","background-type":"","background-media":"","overlay-type":"","overlay-color":"","overlay-opacity":"","overlay-gradient":""},"mobile":{"background-color":"","background-image":"","background-repeat":"repeat","background-position":"center center","background-size":"auto","background-attachment":"scroll","background-type":"","background-media":"","overlay-type":"","overlay-color":"","overlay-opacity":"","overlay-gradient":""}},"ast-content-background-meta":{"desktop":{"background-color":"var(--ast-global-color-5)","background-image":"","background-repeat":"repeat","background-position":"center center","background-size":"auto","background-attachment":"scroll","background-type":"","background-media":"","overlay-type":"","overlay-color":"","overlay-opacity":"","overlay-gradient":""},"tablet":{"background-color":"var(--ast-global-color-5)","background-image":"","background-repeat":"repeat","background-position":"center center","background-size":"auto","background-attachment":"scroll","background-type":"","background-media":"","overlay-type":"","overlay-color":"","overlay-opacity":"","overlay-gradient":""},"mobile":{"background-color":"var(--ast-global-color-5)","background-image":"","background-repeat":"repeat","background-position":"center center","background-size":"auto","background-attachment":"scroll","background-type":"","background-media":"","overlay-type":"","overlay-color":"","overlay-opacity":"","overlay-gradient":""}}},"product_brand":[],"product_cat":[1995],"product_tag":[101,93,83,74,100,99,87,98,48,1806,97,1792,91,95,23,72],"class_list":{"0":"post-55404","1":"product","2":"type-product","3":"status-publish","4":"has-post-thumbnail","6":"product_cat-variable","7":"product_tag-custom-rotary-machines","8":"product_tag-custom-tattoo-guns","9":"product_tag-custom-tattoo-machines","10":"product_tag-direct-drive-tattoo-machine","11":"product_tag-handmade-rotary-tattoo-machines","12":"product_tag-handmade-tattoo-machines","13":"product_tag-professional-tattoo-machines","14":"product_tag-rotary-tattoo-guns","15":"product_tag-rotary-tattoo-machine","16":"product_tag-rotary-tattoo-machines","17":"product_tag-rotary-tattoo-pen","18":"product_tag-rotary-tattoomaschinen","19":"product_tag-tattoo-equipment","20":"product_tag-tattoo-guns","21":"product_tag-tattoo-machine","22":"product_tag-tattoo-machine-coils","23":"pa_brand-rightstuff","24":"desktop-align-center","25":"tablet-align-left","26":"mobile-align-left","27":"ast-product-gallery-layout-horizontal-slider","28":"ast-product-tabs-layout-horizontal","30":"first","31":"instock","32":"taxable","33":"shipping-taxable","34":"purchasable","35":"product-type-simple"},"_links":{"self":[{"href":"https:\/\/rightstuff.eu\/es\/wp-json\/wp\/v2\/product\/55404","targetHints":{"allow":["GET"]}}],"collection":[{"href":"https:\/\/rightstuff.eu\/es\/wp-json\/wp\/v2\/product"}],"about":[{"href":"https:\/\/rightstuff.eu\/es\/wp-json\/wp\/v2\/types\/product"}],"replies":[{"embeddable":true,"href":"https:\/\/rightstuff.eu\/es\/wp-json\/wp\/v2\/comments?post=55404"}],"version-history":[{"count":0,"href":"https:\/\/rightstuff.eu\/es\/wp-json\/wp\/v2\/product\/55404\/revisions"}],"wp:featuredmedia":[{"embeddable":true,"href":"https:\/\/rightstuff.eu\/es\/wp-json\/wp\/v2\/media\/56880"}],"wp:attachment":[{"href":"https:\/\/rightstuff.eu\/es\/wp-json\/wp\/v2\/media?parent=55404"}],"wp:term":[{"taxonomy":"product_brand","embeddable":true,"href":"https:\/\/rightstuff.eu\/es\/wp-json\/wp\/v2\/product_brand?post=55404"},{"taxonomy":"product_cat","embeddable":true,"href":"https:\/\/rightstuff.eu\/es\/wp-json\/wp\/v2\/product_cat?post=55404"},{"taxonomy":"product_tag","embeddable":true,"href":"https:\/\/rightstuff.eu\/es\/wp-json\/wp\/v2\/product_tag?post=55404"}],"curies":[{"name":"wp","href":"https:\/\/api.w.org\/{rel}","templated":true}]}}