{"id":55325,"date":"2023-08-10T00:36:36","date_gmt":"2023-08-09T22:36:36","guid":{"rendered":"https:\/\/rightstuff.eu\/?post_type=product&#038;p=55325"},"modified":"2023-11-08T15:20:22","modified_gmt":"2023-11-08T14:20:22","slug":"pen-tattoo-machine-hornet-grn","status":"publish","type":"product","link":"https:\/\/rightstuff.eu\/es\/producto\/pen-tattoo-machine-hornet-grn\/","title":{"rendered":"M\u00e1quina de tatuaje con bol\u00edgrafo Hornet GRN"},"content":{"rendered":"<p>El tatuaje cuenta con un legado ancestral, que se remonta a siglos atr\u00e1s. En tiempos pasados, estos adornos de la piel ten\u00edan intenciones espec\u00edficas. La gente cre\u00eda que los tatuajes pod\u00edan alejar enfermedades o muertes imprevistas, as\u00ed como infundir miedo a los adversarios y cautivar los corazones de los seres queridos. En el pasado, este arte consist\u00eda en hacer una incisi\u00f3n en la piel e introducir debajo pigmentos especializados, un procedimiento tristemente c\u00e9lebre por su naturaleza insoportable.<\/p>\n<p>Hoy en d\u00eda, el \u00e1mbito del tatuaje ha evolucionado sustancialmente. Los profesionales modernos son capaces de realizar tatuajes similares al maquillaje permanente, evitando molestias a los clientes. Utilizando herramientas avanzadas como la m\u00e1quina de tatuar con bol\u00edgrafo de aluminio Hornet (Verde Francotirador), los artistas pueden crear sin esfuerzo l\u00edneas precisas y dise\u00f1os intrincados. Estimado tanto para la aplicaci\u00f3n de maquillaje como para el arte del tatuaje, este aparato especializado cumple rigurosamente las normas de higiene y calidad. En particular, permite al artista trazar l\u00edneas meticulosas de forma constante, manteniendo su excelencia de rendimiento durante m\u00e1s de cuatro o cinco a\u00f1os.<\/p>\n<p>La sustituci\u00f3n del cartucho del aparato resulta un proceso sencillo, ya que este dispositivo admite una amplia gama de cartuchos compatibles. Con un peso de s\u00f3lo 145 gramos, este aparato funciona a una formidable velocidad de 8000 RPM, y requiere un voltaje de 4,5-13 V. Adem\u00e1s, la profundidad de penetraci\u00f3n de la aguja va de 1 a 3,5 mm, lo que facilita una expresi\u00f3n creativa vers\u00e1til.<\/p>","protected":false},"excerpt":{"rendered":"<p>M\u00e1quina de tatuar bol\u00edgrafos Hornet<br \/>\nEmpu\u00f1adura 28 mm<\/p>\n<p>Compatible con todos los cartuchos est\u00e1ndar<\/p>\n<p>Carrera 3,2 mm<br \/>\nProfundidad de aguja variable hasta 4 mm<br \/>\n8000 RPM<br \/>\nTensi\u00f3n preferida 4,5-13 voltios<\/p>\n<p>Conexi\u00f3n RCA<br \/>\nCuerpo de aluminio<br \/>\nPeso 145 gr.<\/p>","protected":false},"featured_media":55322,"comment_status":"open","ping_status":"closed","template":"","meta":{"site-sidebar-layout":"default","site-content-layout":"default","ast-site-content-layout":"default","site-content-style":"default","site-sidebar-style":"default","ast-global-header-display":"","ast-banner-title-visibility":"","ast-main-header-display":"","ast-hfb-above-header-display":"","ast-hfb-below-header-display":"","ast-hfb-mobile-header-display":"","site-post-title":"","ast-breadcrumbs-content":"","ast-featured-img":"","footer-sml-layout":"","ast-disable-related-posts":"","theme-transparent-header-meta":"default","adv-header-id-meta":"","stick-header-meta":"default","header-above-stick-meta":"","header-main-stick-meta":"","header-below-stick-meta":"","astra-migrate-meta-layouts":"set","ast-page-background-enabled":"default","ast-page-background-meta":{"desktop":{"background-color":"var(--ast-global-color-4)","background-image":"","background-repeat":"repeat","background-position":"center center","background-size":"auto","background-attachment":"scroll","background-type":"","background-media":"","overlay-type":"","overlay-color":"","overlay-opacity":"","overlay-gradient":""},"tablet":{"background-color":"","background-image":"","background-repeat":"repeat","background-position":"center center","background-size":"auto","background-attachment":"scroll","background-type":"","background-media":"","overlay-type":"","overlay-color":"","overlay-opacity":"","overlay-gradient":""},"mobile":{"background-color":"","background-image":"","background-repeat":"repeat","background-position":"center center","background-size":"auto","background-attachment":"scroll","background-type":"","background-media":"","overlay-type":"","overlay-color":"","overlay-opacity":"","overlay-gradient":""}},"ast-content-background-meta":{"desktop":{"background-color":"var(--ast-global-color-5)","background-image":"","background-repeat":"repeat","background-position":"center center","background-size":"auto","background-attachment":"scroll","background-type":"","background-media":"","overlay-type":"","overlay-color":"","overlay-opacity":"","overlay-gradient":""},"tablet":{"background-color":"var(--ast-global-color-5)","background-image":"","background-repeat":"repeat","background-position":"center center","background-size":"auto","background-attachment":"scroll","background-type":"","background-media":"","overlay-type":"","overlay-color":"","overlay-opacity":"","overlay-gradient":""},"mobile":{"background-color":"var(--ast-global-color-5)","background-image":"","background-repeat":"repeat","background-position":"center center","background-size":"auto","background-attachment":"scroll","background-type":"","background-media":"","overlay-type":"","overlay-color":"","overlay-opacity":"","overlay-gradient":""}}},"product_brand":[],"product_cat":[1803],"product_tag":[101,93,100,99,53,1798,50,87,98,48,97,1792,71,91,95,52,41,51],"class_list":{"0":"post-55325","1":"product","2":"type-product","3":"status-publish","4":"has-post-thumbnail","6":"product_cat-pen-tattoo-machines","7":"product_tag-custom-rotary-machines","8":"product_tag-custom-tattoo-guns","9":"product_tag-handmade-rotary-tattoo-machines","10":"product_tag-handmade-tattoo-machines","11":"product_tag-hornet-tattoo-machine","12":"product_tag-maquinas-rotativas-de-tatuaje","13":"product_tag-pen-tattoo-machine","14":"product_tag-professional-tattoo-machines","15":"product_tag-rotary-tattoo-guns","16":"product_tag-rotary-tattoo-machine","17":"product_tag-rotary-tattoo-pen","18":"product_tag-rotary-tattoomaschinen","19":"product_tag-tattoo-cartridges","20":"product_tag-tattoo-equipment","21":"product_tag-tattoo-guns","22":"product_tag-tattoo-machine-pen","23":"product_tag-tattoo-machines","24":"product_tag-tattoo-pen","25":"pa_brand-rightstuff","26":"desktop-align-center","27":"tablet-align-left","28":"mobile-align-left","29":"ast-product-gallery-layout-horizontal-slider","30":"ast-product-gallery-with-no-image","31":"ast-product-tabs-layout-horizontal","33":"first","34":"instock","35":"taxable","36":"shipping-taxable","37":"purchasable","38":"product-type-simple"},"_links":{"self":[{"href":"https:\/\/rightstuff.eu\/es\/wp-json\/wp\/v2\/product\/55325","targetHints":{"allow":["GET"]}}],"collection":[{"href":"https:\/\/rightstuff.eu\/es\/wp-json\/wp\/v2\/product"}],"about":[{"href":"https:\/\/rightstuff.eu\/es\/wp-json\/wp\/v2\/types\/product"}],"replies":[{"embeddable":true,"href":"https:\/\/rightstuff.eu\/es\/wp-json\/wp\/v2\/comments?post=55325"}],"version-history":[{"count":0,"href":"https:\/\/rightstuff.eu\/es\/wp-json\/wp\/v2\/product\/55325\/revisions"}],"wp:featuredmedia":[{"embeddable":true,"href":"https:\/\/rightstuff.eu\/es\/wp-json\/wp\/v2\/media\/55322"}],"wp:attachment":[{"href":"https:\/\/rightstuff.eu\/es\/wp-json\/wp\/v2\/media?parent=55325"}],"wp:term":[{"taxonomy":"product_brand","embeddable":true,"href":"https:\/\/rightstuff.eu\/es\/wp-json\/wp\/v2\/product_brand?post=55325"},{"taxonomy":"product_cat","embeddable":true,"href":"https:\/\/rightstuff.eu\/es\/wp-json\/wp\/v2\/product_cat?post=55325"},{"taxonomy":"product_tag","embeddable":true,"href":"https:\/\/rightstuff.eu\/es\/wp-json\/wp\/v2\/product_tag?post=55325"}],"curies":[{"name":"wp","href":"https:\/\/api.w.org\/{rel}","templated":true}]}}