{"id":553,"date":"2013-12-06T03:00:00","date_gmt":"2013-12-06T00:00:00","guid":{"rendered":"https:\/\/rightstuff.eu\/shop\/uncategorized\/bone-blck-liner\/"},"modified":"2025-01-22T01:37:14","modified_gmt":"2025-01-22T00:37:14","slug":"bone-blck-liner","status":"publish","type":"product","link":"https:\/\/rightstuff.eu\/es\/producto\/bone-blck-liner\/","title":{"rendered":"M\u00e1quina de Tatuaje de Liner BONE BLCK"},"content":{"rendered":"<p>Conseguir equipos de alta calidad para tatuar es la \u00fanica forma de elegir a la hora de empezar a crear tatuajes con estilo y ganar dinero en este negocio. Ning\u00fan artista puede trabajar sin un liner profesional. El tornillo de contacto de este dispositivo con un \u00e1ngulo de 30 grados est\u00e1 notablemente m\u00e1s atr\u00e1s en la m\u00e1quina, por lo que un especialista en tatuajes lo reconocer\u00e1 f\u00e1cilmente entre el <a href=\"https:\/\/rightstuff.eu\/product-tag\/tattoo-supplies\/\">otros equipos para tatuar<\/a>. El hueco que se ve entre el tornillo de contacto y el muelle delantero del art\u00edculo es menor que el hueco de un sombreador cl\u00e1sico. Con la M\u00e1quina de Tatuaje de L\u00edneas BONE BLCK, un maestro crea f\u00e1cilmente l\u00edneas exactas y dibuja el contorno de un tatuaje.<\/p>\n<p>El bastidor de este dispositivo unitario de acero, su \"esqueleto\", sujeta perfectamente todos los detalles dejando que la m\u00e1quina funcione sin dificultades. El bastidor tambi\u00e9n conduce r\u00e1pidamente la corriente el\u00e9ctrica producida por la fuente de alimentaci\u00f3n del aparato. Esta camisa de 160 Hz funciona con una tensi\u00f3n de 6, 6 V. Tiene bobinas de 26 mil\u00edmetros y 8 vueltas y utiliza agujas de 3 - 7 Rl. El peso total de este aparato profesional es de 180 gramos.<\/p>","protected":false},"excerpt":{"rendered":"<p>El bastidor est\u00e1 mecanizado a partir de una sola pieza de acero<\/p>\n<p>Bobinas de alta calidad - 26 mm * 8 vueltas<\/p>\n<p>Herrajes de acero ennegrecido<\/p>\n<p>Agujas preferidas 3-7RL<\/p>\n<p>Trazo medio<\/p>\n<p>Funciona a 160hz a 6,6 voltios -sin carga<\/p>\n<p>Peso de la m\u00e1quina de tatuar 180gr.<\/p>","protected":false},"featured_media":49291,"comment_status":"open","ping_status":"closed","template":"","meta":{"site-sidebar-layout":"default","site-content-layout":"","ast-site-content-layout":"default","site-content-style":"default","site-sidebar-style":"default","ast-global-header-display":"","ast-banner-title-visibility":"","ast-main-header-display":"","ast-hfb-above-header-display":"","ast-hfb-below-header-display":"","ast-hfb-mobile-header-display":"","site-post-title":"","ast-breadcrumbs-content":"","ast-featured-img":"","footer-sml-layout":"","ast-disable-related-posts":"","theme-transparent-header-meta":"default","adv-header-id-meta":"","stick-header-meta":"default","header-above-stick-meta":"","header-main-stick-meta":"","header-below-stick-meta":"","astra-migrate-meta-layouts":"set","ast-page-background-enabled":"default","ast-page-background-meta":{"desktop":{"background-color":"var(--ast-global-color-4)","background-image":"","background-repeat":"repeat","background-position":"center center","background-size":"auto","background-attachment":"scroll","background-type":"","background-media":"","overlay-type":"","overlay-color":"","overlay-opacity":"","overlay-gradient":""},"tablet":{"background-color":"","background-image":"","background-repeat":"repeat","background-position":"center center","background-size":"auto","background-attachment":"scroll","background-type":"","background-media":"","overlay-type":"","overlay-color":"","overlay-opacity":"","overlay-gradient":""},"mobile":{"background-color":"","background-image":"","background-repeat":"repeat","background-position":"center center","background-size":"auto","background-attachment":"scroll","background-type":"","background-media":"","overlay-type":"","overlay-color":"","overlay-opacity":"","overlay-gradient":""}},"ast-content-background-meta":{"desktop":{"background-color":"var(--ast-global-color-5)","background-image":"","background-repeat":"repeat","background-position":"center center","background-size":"auto","background-attachment":"scroll","background-type":"","background-media":"","overlay-type":"","overlay-color":"","overlay-opacity":"","overlay-gradient":""},"tablet":{"background-color":"var(--ast-global-color-5)","background-image":"","background-repeat":"repeat","background-position":"center center","background-size":"auto","background-attachment":"scroll","background-type":"","background-media":"","overlay-type":"","overlay-color":"","overlay-opacity":"","overlay-gradient":""},"mobile":{"background-color":"var(--ast-global-color-5)","background-image":"","background-repeat":"repeat","background-position":"center center","background-size":"auto","background-attachment":"scroll","background-type":"","background-media":"","overlay-type":"","overlay-color":"","overlay-opacity":"","overlay-gradient":""}}},"product_brand":[],"product_cat":[21],"product_tag":[82,93,83,99,43,1800,87,1791,91,95,23,72,41],"class_list":{"0":"post-553","1":"product","2":"type-product","3":"status-publish","4":"has-post-thumbnail","6":"product_cat-bone","7":"product_tag-coil-tattoo-machines","8":"product_tag-custom-tattoo-guns","9":"product_tag-custom-tattoo-machines","10":"product_tag-handmade-tattoo-machines","11":"product_tag-liner-tattoo-machine","12":"product_tag-macchinetta-per-tatuaggio-a-bobina","13":"product_tag-professional-tattoo-machines","14":"product_tag-spulen-tattoomaschinen","15":"product_tag-tattoo-equipment","16":"product_tag-tattoo-guns","17":"product_tag-tattoo-machine","18":"product_tag-tattoo-machine-coils","19":"product_tag-tattoo-machines","20":"pa_brand-rightstuff","21":"desktop-align-center","22":"tablet-align-left","23":"mobile-align-left","24":"ast-product-gallery-layout-horizontal-slider","25":"ast-product-tabs-layout-horizontal","27":"first","28":"outofstock","29":"sale","30":"taxable","31":"shipping-taxable","32":"purchasable","33":"product-type-simple"},"_links":{"self":[{"href":"https:\/\/rightstuff.eu\/es\/wp-json\/wp\/v2\/product\/553","targetHints":{"allow":["GET"]}}],"collection":[{"href":"https:\/\/rightstuff.eu\/es\/wp-json\/wp\/v2\/product"}],"about":[{"href":"https:\/\/rightstuff.eu\/es\/wp-json\/wp\/v2\/types\/product"}],"replies":[{"embeddable":true,"href":"https:\/\/rightstuff.eu\/es\/wp-json\/wp\/v2\/comments?post=553"}],"version-history":[{"count":0,"href":"https:\/\/rightstuff.eu\/es\/wp-json\/wp\/v2\/product\/553\/revisions"}],"wp:featuredmedia":[{"embeddable":true,"href":"https:\/\/rightstuff.eu\/es\/wp-json\/wp\/v2\/media\/49291"}],"wp:attachment":[{"href":"https:\/\/rightstuff.eu\/es\/wp-json\/wp\/v2\/media?parent=553"}],"wp:term":[{"taxonomy":"product_brand","embeddable":true,"href":"https:\/\/rightstuff.eu\/es\/wp-json\/wp\/v2\/product_brand?post=553"},{"taxonomy":"product_cat","embeddable":true,"href":"https:\/\/rightstuff.eu\/es\/wp-json\/wp\/v2\/product_cat?post=553"},{"taxonomy":"product_tag","embeddable":true,"href":"https:\/\/rightstuff.eu\/es\/wp-json\/wp\/v2\/product_tag?post=553"}],"curies":[{"name":"wp","href":"https:\/\/api.w.org\/{rel}","templated":true}]}}