{"id":55125,"date":"2023-06-19T01:23:19","date_gmt":"2023-06-18T23:23:19","guid":{"rendered":"https:\/\/rightstuff.eu\/?post_type=product&#038;p=55125"},"modified":"2026-04-05T22:17:33","modified_gmt":"2026-04-05T20:17:33","slug":"rightstuff-one-smk","status":"publish","type":"product","link":"https:\/\/rightstuff.eu\/es\/producto\/rightstuff-one-smk\/","title":{"rendered":"RightStuff ONE - Humo"},"content":{"rendered":"<p>Presentamos la RightStuff ONE - RAW Single Coil Tattoo Machine, el ep\u00edtome de la precisi\u00f3n y la potencia. Esta excepcional m\u00e1quina est\u00e1 meticulosamente dise\u00f1ada para tatuadores profesionales que s\u00f3lo exigen lo mejor.<\/p>\n<p>Equipada con una robusta bobina simple, la RightStuff ONE - SMK\/BLK ofrece una precisi\u00f3n y consistencia inigualables. Su elegante y cautivador color Smoke Grey a\u00f1ade un toque de sofisticaci\u00f3n a tu estudio de tatuaje, convirti\u00e9ndose en una audaz declaraci\u00f3n de intenciones.<\/p>\n<p>Fabricada pensando en la durabilidad, esta m\u00e1quina de tatuar est\u00e1 hecha para soportar las exigencias del uso continuo. Su dise\u00f1o ligero y ergon\u00f3mico garantiza un manejo c\u00f3modo, permiti\u00e9ndote crear impresionantes dise\u00f1os de tatuajes con notable facilidad.<\/p>\n<p>La RightStuff ONE - RAW es una m\u00e1quina vers\u00e1til adecuada para una amplia gama de t\u00e9cnicas de tatuaje. Desde el delineado preciso hasta el sombreado suave y el empaquetado de colores vibrantes, esta m\u00e1quina ofrece resultados extraordinarios en todo momento. Ajusta el recorrido de la aguja para conseguir la personalizaci\u00f3n perfecta para cada cliente y dise\u00f1o.<\/p>\n<p>Eleva tu arte del tatuaje con la m\u00e1quina de tatuaje de bobina \u00fanica RightStuff ONE - RAW. Experimenta el pin\u00e1culo del rendimiento, la fiabilidad y el estilo, y deja una impresi\u00f3n duradera con tus excepcionales tatuajes.<\/p>","protected":false},"excerpt":{"rendered":"<h4>M\u00e1quina de tatuar de bobina simple<\/h4>\n<p>&nbsp;<\/p>\n<p>El bastidor est\u00e1 mecanizado a partir de una sola pieza de aluminio aeron\u00e1utico 7075<\/p>\n<p>Acabado del bastidor con recubrimiento de polvo.<\/p>\n<p>Bobina personalizada de alta calidad<\/p>\n<p>Herrajes de acero con acabado de zinc negro<\/p>\n<p>Funciona con todos los tama\u00f1os de aguja 3 - 14RL A 5,5-9 voltios<\/p>\n<p>Carrera 3,8 mm<\/p>\n<p>Funciona a unos 135hz a 6,5 voltios -sin carga<\/p>\n<p>Peso de la m\u00e1quina de tatuar 130gr.<\/p>","protected":false},"featured_media":56982,"comment_status":"open","ping_status":"closed","template":"","meta":{"site-sidebar-layout":"default","site-content-layout":"default","ast-site-content-layout":"default","site-content-style":"default","site-sidebar-style":"default","ast-global-header-display":"","ast-banner-title-visibility":"","ast-main-header-display":"","ast-hfb-above-header-display":"","ast-hfb-below-header-display":"","ast-hfb-mobile-header-display":"","site-post-title":"","ast-breadcrumbs-content":"","ast-featured-img":"","footer-sml-layout":"","ast-disable-related-posts":"","theme-transparent-header-meta":"default","adv-header-id-meta":"","stick-header-meta":"default","header-above-stick-meta":"","header-main-stick-meta":"","header-below-stick-meta":"","astra-migrate-meta-layouts":"set","ast-page-background-enabled":"default","ast-page-background-meta":{"desktop":{"background-color":"var(--ast-global-color-4)","background-image":"","background-repeat":"repeat","background-position":"center center","background-size":"auto","background-attachment":"scroll","background-type":"","background-media":"","overlay-type":"","overlay-color":"","overlay-opacity":"","overlay-gradient":""},"tablet":{"background-color":"","background-image":"","background-repeat":"repeat","background-position":"center center","background-size":"auto","background-attachment":"scroll","background-type":"","background-media":"","overlay-type":"","overlay-color":"","overlay-opacity":"","overlay-gradient":""},"mobile":{"background-color":"","background-image":"","background-repeat":"repeat","background-position":"center center","background-size":"auto","background-attachment":"scroll","background-type":"","background-media":"","overlay-type":"","overlay-color":"","overlay-opacity":"","overlay-gradient":""}},"ast-content-background-meta":{"desktop":{"background-color":"var(--ast-global-color-5)","background-image":"","background-repeat":"repeat","background-position":"center center","background-size":"auto","background-attachment":"scroll","background-type":"","background-media":"","overlay-type":"","overlay-color":"","overlay-opacity":"","overlay-gradient":""},"tablet":{"background-color":"var(--ast-global-color-5)","background-image":"","background-repeat":"repeat","background-position":"center center","background-size":"auto","background-attachment":"scroll","background-type":"","background-media":"","overlay-type":"","overlay-color":"","overlay-opacity":"","overlay-gradient":""},"mobile":{"background-color":"var(--ast-global-color-5)","background-image":"","background-repeat":"repeat","background-position":"center center","background-size":"auto","background-attachment":"scroll","background-type":"","background-media":"","overlay-type":"","overlay-color":"","overlay-opacity":"","overlay-gradient":""}}},"product_brand":[],"product_cat":[1942],"product_tag":[82,93,83,99,1801,87,91,95,72],"class_list":{"0":"post-55125","1":"product","2":"type-product","3":"status-publish","4":"has-post-thumbnail","6":"product_cat-rightstuff-one","7":"product_tag-coil-tattoo-machines","8":"product_tag-custom-tattoo-guns","9":"product_tag-custom-tattoo-machines","10":"product_tag-handmade-tattoo-machines","11":"product_tag-machines-a-tatouer-les-bobines","12":"product_tag-professional-tattoo-machines","13":"product_tag-tattoo-equipment","14":"product_tag-tattoo-guns","15":"product_tag-tattoo-machine-coils","16":"desktop-align-center","17":"tablet-align-left","18":"mobile-align-left","19":"ast-product-gallery-layout-horizontal-slider","20":"ast-product-single-variable","21":"ast-product-tabs-layout-horizontal","23":"first","24":"outofstock","25":"taxable","26":"shipping-taxable","27":"purchasable","28":"product-type-variable"},"_links":{"self":[{"href":"https:\/\/rightstuff.eu\/es\/wp-json\/wp\/v2\/product\/55125","targetHints":{"allow":["GET"]}}],"collection":[{"href":"https:\/\/rightstuff.eu\/es\/wp-json\/wp\/v2\/product"}],"about":[{"href":"https:\/\/rightstuff.eu\/es\/wp-json\/wp\/v2\/types\/product"}],"replies":[{"embeddable":true,"href":"https:\/\/rightstuff.eu\/es\/wp-json\/wp\/v2\/comments?post=55125"}],"version-history":[{"count":0,"href":"https:\/\/rightstuff.eu\/es\/wp-json\/wp\/v2\/product\/55125\/revisions"}],"wp:featuredmedia":[{"embeddable":true,"href":"https:\/\/rightstuff.eu\/es\/wp-json\/wp\/v2\/media\/56982"}],"wp:attachment":[{"href":"https:\/\/rightstuff.eu\/es\/wp-json\/wp\/v2\/media?parent=55125"}],"wp:term":[{"taxonomy":"product_brand","embeddable":true,"href":"https:\/\/rightstuff.eu\/es\/wp-json\/wp\/v2\/product_brand?post=55125"},{"taxonomy":"product_cat","embeddable":true,"href":"https:\/\/rightstuff.eu\/es\/wp-json\/wp\/v2\/product_cat?post=55125"},{"taxonomy":"product_tag","embeddable":true,"href":"https:\/\/rightstuff.eu\/es\/wp-json\/wp\/v2\/product_tag?post=55125"}],"curies":[{"name":"wp","href":"https:\/\/api.w.org\/{rel}","templated":true}]}}