{"id":55110,"date":"2023-06-19T00:52:28","date_gmt":"2023-06-18T22:52:28","guid":{"rendered":"https:\/\/rightstuff.eu\/?post_type=product&#038;p=55110"},"modified":"2025-01-22T01:27:09","modified_gmt":"2025-01-22T00:27:09","slug":"minidozzer-trueliner-alu-swmp","status":"publish","type":"product","link":"https:\/\/rightstuff.eu\/es\/producto\/minidozzer-trueliner-alu-swmp\/","title":{"rendered":"miniDOZZER TrueLiner ALU SWMP"},"content":{"rendered":"<p>Los artistas experimentados, que trabajan en el mundo del tatuaje desde hace muchos a\u00f1os, disfrutar\u00e1n con este miniDOZZER TrueLiner ALU de aluminio ligero (150gr) <a href=\"https:\/\/rightstuff.eu\/blog\/rotary-tattoo-machine-vs-coil-one\/\">M\u00e1quina de tatuaje de bobina<\/a>. Este material contempor\u00e1neo es realmente una soluci\u00f3n sin compromisos para un profesional. El aparato crear\u00e1 uniformemente cualquier l\u00ednea en una pasada, pero le gustan las manos experimentadas y disciplinadas. No conoce los problemas cuando se trabaja con agujas de 7 -14 Rl.<\/p>\n<p>. La m\u00e1quina de trazo largo para crear pinturas sobre la piel est\u00e1 creada para trabajar sobre todo con piel fina y delicada. Cuando una joven pide a un maestro que le haga un determinado tatuaje, y la imagen tiene muchos detalles y l\u00edneas, el artista utilizar\u00e1 sin duda esta herramienta. Este delineador se presenta en un marco robusto pero ligero. Sus bobinas de 26 mm de la mejor calidad tienen nueve vueltas.<\/p>\n<p>Compra este True Liner en Right Stuff y tendr\u00e1s la unidad puesta a punto y lista para usar. Sin embargo, como cualquier otro <a href=\"http:\/\/mazzay.by\" target=\"_blank\" rel=\"noopener\">m\u00e1quina de tatuar<\/a>, la herramienta puede requerir un ajuste m\u00e1s fino. El aparato funciona con una frecuencia de 140 Hz y una tensi\u00f3n de 6,5 V cuando est\u00e1 descargado.<\/p>","protected":false},"excerpt":{"rendered":"<h3>M\u00e1quina de tatuaje de bobina<\/h3>\n<p>El bastidor est\u00e1 mecanizado a partir de una sola pieza de aluminio aeron\u00e1utico 7075<\/p>\n<p>Recubrimiento en polvo \"Verde pantano\" (color automezclado)<\/p>\n<p>Bobinas de alta calidad - 26 mm * 9 vueltas<br \/>\nHerrajes de acero<br \/>\nAgujas preferidas 7-14rl<br \/>\nCarrera larga<br \/>\nFunciona a 140hz a 6,6 voltios -sin carga<\/p>\n<p>Peso de la m\u00e1quina de tatuar 150gr.<\/p>","protected":false},"featured_media":57036,"comment_status":"open","ping_status":"closed","template":"","meta":{"site-sidebar-layout":"default","site-content-layout":"default","ast-site-content-layout":"default","site-content-style":"default","site-sidebar-style":"default","ast-global-header-display":"","ast-banner-title-visibility":"","ast-main-header-display":"","ast-hfb-above-header-display":"","ast-hfb-below-header-display":"","ast-hfb-mobile-header-display":"","site-post-title":"","ast-breadcrumbs-content":"","ast-featured-img":"","footer-sml-layout":"","ast-disable-related-posts":"","theme-transparent-header-meta":"default","adv-header-id-meta":"","stick-header-meta":"default","header-above-stick-meta":"","header-main-stick-meta":"","header-below-stick-meta":"","astra-migrate-meta-layouts":"set","ast-page-background-enabled":"default","ast-page-background-meta":{"desktop":{"background-color":"var(--ast-global-color-4)","background-image":"","background-repeat":"repeat","background-position":"center center","background-size":"auto","background-attachment":"scroll","background-type":"","background-media":"","overlay-type":"","overlay-color":"","overlay-opacity":"","overlay-gradient":""},"tablet":{"background-color":"","background-image":"","background-repeat":"repeat","background-position":"center center","background-size":"auto","background-attachment":"scroll","background-type":"","background-media":"","overlay-type":"","overlay-color":"","overlay-opacity":"","overlay-gradient":""},"mobile":{"background-color":"","background-image":"","background-repeat":"repeat","background-position":"center center","background-size":"auto","background-attachment":"scroll","background-type":"","background-media":"","overlay-type":"","overlay-color":"","overlay-opacity":"","overlay-gradient":""}},"ast-content-background-meta":{"desktop":{"background-color":"var(--ast-global-color-5)","background-image":"","background-repeat":"repeat","background-position":"center center","background-size":"auto","background-attachment":"scroll","background-type":"","background-media":"","overlay-type":"","overlay-color":"","overlay-opacity":"","overlay-gradient":""},"tablet":{"background-color":"var(--ast-global-color-5)","background-image":"","background-repeat":"repeat","background-position":"center center","background-size":"auto","background-attachment":"scroll","background-type":"","background-media":"","overlay-type":"","overlay-color":"","overlay-opacity":"","overlay-gradient":""},"mobile":{"background-color":"var(--ast-global-color-5)","background-image":"","background-repeat":"repeat","background-position":"center center","background-size":"auto","background-attachment":"scroll","background-type":"","background-media":"","overlay-type":"","overlay-color":"","overlay-opacity":"","overlay-gradient":""}}},"product_brand":[],"product_cat":[32],"product_tag":[82,93,83,99,1801,87,91,95,72],"class_list":{"0":"post-55110","1":"product","2":"type-product","3":"status-publish","4":"has-post-thumbnail","6":"product_cat-dozzer","7":"product_tag-coil-tattoo-machines","8":"product_tag-custom-tattoo-guns","9":"product_tag-custom-tattoo-machines","10":"product_tag-handmade-tattoo-machines","11":"product_tag-machines-a-tatouer-les-bobines","12":"product_tag-professional-tattoo-machines","13":"product_tag-tattoo-equipment","14":"product_tag-tattoo-guns","15":"product_tag-tattoo-machine-coils","16":"pa_brand-rightstuff","17":"desktop-align-center","18":"tablet-align-left","19":"mobile-align-left","20":"ast-product-gallery-layout-horizontal-slider","21":"ast-product-tabs-layout-horizontal","23":"first","24":"instock","25":"taxable","26":"shipping-taxable","27":"purchasable","28":"product-type-simple"},"_links":{"self":[{"href":"https:\/\/rightstuff.eu\/es\/wp-json\/wp\/v2\/product\/55110","targetHints":{"allow":["GET"]}}],"collection":[{"href":"https:\/\/rightstuff.eu\/es\/wp-json\/wp\/v2\/product"}],"about":[{"href":"https:\/\/rightstuff.eu\/es\/wp-json\/wp\/v2\/types\/product"}],"replies":[{"embeddable":true,"href":"https:\/\/rightstuff.eu\/es\/wp-json\/wp\/v2\/comments?post=55110"}],"version-history":[{"count":0,"href":"https:\/\/rightstuff.eu\/es\/wp-json\/wp\/v2\/product\/55110\/revisions"}],"wp:featuredmedia":[{"embeddable":true,"href":"https:\/\/rightstuff.eu\/es\/wp-json\/wp\/v2\/media\/57036"}],"wp:attachment":[{"href":"https:\/\/rightstuff.eu\/es\/wp-json\/wp\/v2\/media?parent=55110"}],"wp:term":[{"taxonomy":"product_brand","embeddable":true,"href":"https:\/\/rightstuff.eu\/es\/wp-json\/wp\/v2\/product_brand?post=55110"},{"taxonomy":"product_cat","embeddable":true,"href":"https:\/\/rightstuff.eu\/es\/wp-json\/wp\/v2\/product_cat?post=55110"},{"taxonomy":"product_tag","embeddable":true,"href":"https:\/\/rightstuff.eu\/es\/wp-json\/wp\/v2\/product_tag?post=55110"}],"curies":[{"name":"wp","href":"https:\/\/api.w.org\/{rel}","templated":true}]}}