{"id":55066,"date":"2023-05-16T21:08:24","date_gmt":"2023-05-16T19:08:24","guid":{"rendered":"https:\/\/rightstuff.eu\/?post_type=product&#038;p=55066"},"modified":"2026-01-26T21:26:54","modified_gmt":"2026-01-26T20:26:54","slug":"rightstuff-one-blk","status":"publish","type":"product","link":"https:\/\/rightstuff.eu\/es\/producto\/rightstuff-one-blk\/","title":{"rendered":"RightStuff ONE - BLK"},"content":{"rendered":"<p>Presentamos la m\u00e1quina de tatuar RightStuff ONE - BLK Single Coil, una obra maestra de precisi\u00f3n y rendimiento. Dise\u00f1ada para tatuadores profesionales, esta excepcional m\u00e1quina combina tecnolog\u00eda punta con un dise\u00f1o elegante.<\/p>\n<p>Equipada con una potente bobina simple, la RightStuff ONE - BLK ofrece una precisi\u00f3n y consistencia inigualables. Su elegante y sofisticado color negro desprende elegancia y estilo, a\u00f1adiendo un toque de refinamiento a tu estudio de tatuaje.<\/p>\n<p>Fabricada para soportar los rigores del uso diario, esta m\u00e1quina de tatuar presume de una construcci\u00f3n duradera que garantiza un rendimiento duradero. Su dise\u00f1o ligero reduce la fatiga, permiti\u00e9ndote trabajar sin esfuerzo y crear intrincados dise\u00f1os de tatuaje con facilidad.<\/p>\n<p>Tanto si est\u00e1s delineando, sombreando o empaquetando color, la RightStuff ONE - BLK es tu herramienta definitiva Con longitud de trazo ajustable.<\/p>","protected":false},"excerpt":{"rendered":"<h4>M\u00e1quina de tatuar de bobina simple<\/h4>\n<p>&nbsp;<\/p>\n<p>El bastidor est\u00e1 mecanizado a partir de una sola pieza de aluminio aeron\u00e1utico 7075<\/p>\n<p>Acabado negro.<\/p>\n<p>Bobina personalizada de alta calidad, puedes elegir envoltura de bobina transparente o no transparente<\/p>\n<p>Herrajes de acero con acabado de zinc negro<\/p>\n<p>Funciona con todos los tama\u00f1os de aguja 3 - 14RL A 5,5-9 voltios<\/p>\n<p>Carrera 3,8 mm<\/p>\n<p>Funciona a unos 135hz a 6,5 voltios -sin carga<\/p>\n<p>Peso de la m\u00e1quina de tatuar 130gr.<\/p>","protected":false},"featured_media":58879,"comment_status":"open","ping_status":"closed","template":"","meta":{"site-sidebar-layout":"default","site-content-layout":"default","ast-site-content-layout":"default","site-content-style":"default","site-sidebar-style":"default","ast-global-header-display":"","ast-banner-title-visibility":"","ast-main-header-display":"","ast-hfb-above-header-display":"","ast-hfb-below-header-display":"","ast-hfb-mobile-header-display":"","site-post-title":"","ast-breadcrumbs-content":"","ast-featured-img":"","footer-sml-layout":"","ast-disable-related-posts":"","theme-transparent-header-meta":"default","adv-header-id-meta":"","stick-header-meta":"default","header-above-stick-meta":"","header-main-stick-meta":"","header-below-stick-meta":"","astra-migrate-meta-layouts":"set","ast-page-background-enabled":"default","ast-page-background-meta":{"desktop":{"background-color":"var(--ast-global-color-4)","background-image":"","background-repeat":"repeat","background-position":"center center","background-size":"auto","background-attachment":"scroll","background-type":"","background-media":"","overlay-type":"","overlay-color":"","overlay-opacity":"","overlay-gradient":""},"tablet":{"background-color":"","background-image":"","background-repeat":"repeat","background-position":"center center","background-size":"auto","background-attachment":"scroll","background-type":"","background-media":"","overlay-type":"","overlay-color":"","overlay-opacity":"","overlay-gradient":""},"mobile":{"background-color":"","background-image":"","background-repeat":"repeat","background-position":"center center","background-size":"auto","background-attachment":"scroll","background-type":"","background-media":"","overlay-type":"","overlay-color":"","overlay-opacity":"","overlay-gradient":""}},"ast-content-background-meta":{"desktop":{"background-color":"var(--ast-global-color-5)","background-image":"","background-repeat":"repeat","background-position":"center center","background-size":"auto","background-attachment":"scroll","background-type":"","background-media":"","overlay-type":"","overlay-color":"","overlay-opacity":"","overlay-gradient":""},"tablet":{"background-color":"var(--ast-global-color-5)","background-image":"","background-repeat":"repeat","background-position":"center center","background-size":"auto","background-attachment":"scroll","background-type":"","background-media":"","overlay-type":"","overlay-color":"","overlay-opacity":"","overlay-gradient":""},"mobile":{"background-color":"var(--ast-global-color-5)","background-image":"","background-repeat":"repeat","background-position":"center center","background-size":"auto","background-attachment":"scroll","background-type":"","background-media":"","overlay-type":"","overlay-color":"","overlay-opacity":"","overlay-gradient":""}}},"product_brand":[],"product_cat":[1942],"product_tag":[82,93,83,99,1801,87,91,95,72],"class_list":{"0":"post-55066","1":"product","2":"type-product","3":"status-publish","4":"has-post-thumbnail","6":"product_cat-rightstuff-one","7":"product_tag-coil-tattoo-machines","8":"product_tag-custom-tattoo-guns","9":"product_tag-custom-tattoo-machines","10":"product_tag-handmade-tattoo-machines","11":"product_tag-machines-a-tatouer-les-bobines","12":"product_tag-professional-tattoo-machines","13":"product_tag-tattoo-equipment","14":"product_tag-tattoo-guns","15":"product_tag-tattoo-machine-coils","16":"pa_brand-rightstuff","17":"desktop-align-center","18":"tablet-align-left","19":"mobile-align-left","20":"ast-product-gallery-layout-horizontal-slider","21":"ast-product-tabs-layout-horizontal","23":"first","24":"instock","25":"taxable","26":"shipping-taxable","27":"purchasable","28":"product-type-simple"},"_links":{"self":[{"href":"https:\/\/rightstuff.eu\/es\/wp-json\/wp\/v2\/product\/55066","targetHints":{"allow":["GET"]}}],"collection":[{"href":"https:\/\/rightstuff.eu\/es\/wp-json\/wp\/v2\/product"}],"about":[{"href":"https:\/\/rightstuff.eu\/es\/wp-json\/wp\/v2\/types\/product"}],"replies":[{"embeddable":true,"href":"https:\/\/rightstuff.eu\/es\/wp-json\/wp\/v2\/comments?post=55066"}],"version-history":[{"count":0,"href":"https:\/\/rightstuff.eu\/es\/wp-json\/wp\/v2\/product\/55066\/revisions"}],"wp:featuredmedia":[{"embeddable":true,"href":"https:\/\/rightstuff.eu\/es\/wp-json\/wp\/v2\/media\/58879"}],"wp:attachment":[{"href":"https:\/\/rightstuff.eu\/es\/wp-json\/wp\/v2\/media?parent=55066"}],"wp:term":[{"taxonomy":"product_brand","embeddable":true,"href":"https:\/\/rightstuff.eu\/es\/wp-json\/wp\/v2\/product_brand?post=55066"},{"taxonomy":"product_cat","embeddable":true,"href":"https:\/\/rightstuff.eu\/es\/wp-json\/wp\/v2\/product_cat?post=55066"},{"taxonomy":"product_tag","embeddable":true,"href":"https:\/\/rightstuff.eu\/es\/wp-json\/wp\/v2\/product_tag?post=55066"}],"curies":[{"name":"wp","href":"https:\/\/api.w.org\/{rel}","templated":true}]}}