{"id":55055,"date":"2023-05-16T19:30:16","date_gmt":"2023-05-16T17:30:16","guid":{"rendered":"https:\/\/rightstuff.eu\/?post_type=product&#038;p=55055"},"modified":"2026-03-31T10:45:49","modified_gmt":"2026-03-31T08:45:49","slug":"rightstuff-one-wht","status":"publish","type":"product","link":"https:\/\/rightstuff.eu\/es\/producto\/rightstuff-one-wht\/","title":{"rendered":"RightStuff ONE - WHT"},"content":{"rendered":"<p>Presentamos la m\u00e1quina de tatuar de bobina \u00fanica RightStuff ONE en color BLANCO. Esta m\u00e1quina de tatuar de primera calidad combina una artesan\u00eda excepcional con un rendimiento de primera, dise\u00f1ada para satisfacer las necesidades de los tatuadores profesionales.<\/p>\n<p>La RightStuff ONE incorpora una potente bobina \u00fanica que proporciona resultados de tatuaje consistentes y precisos. Su color blanco a\u00f1ade un toque de elegancia y estilo a tu estaci\u00f3n de trabajo de tatuaje. Fabricada con meticulosa atenci\u00f3n al detalle, esta m\u00e1quina ofrece un equilibrio y control \u00f3ptimos, garantizando un manejo c\u00f3modo durante largas sesiones de tatuaje.<\/p>\n<p>Construida para soportar las exigencias del uso diario, la RightStuff ONE est\u00e1 fabricada con materiales duraderos que garantizan su longevidad. Su dise\u00f1o ligero reduce la fatiga de la mano y permite una maniobrabilidad suave, permiti\u00e9ndote crear intrincados dise\u00f1os de tatuajes con facilidad.<\/p>\n<p>Gracias a su dise\u00f1o vers\u00e1til, esta m\u00e1quina de tatuar de bobina \u00fanica se adapta a varios estilos de tatuaje, como delineado, sombreado y empaquetado de color. La carrera ajustable permite una personalizaci\u00f3n precisa, capacit\u00e1ndote para lograr los resultados deseados para cada cliente.<\/p>\n<p>Mejora tu arsenal de tatuaje con la m\u00e1quina de tatuaje de bobina \u00fanica RightStuff ONE en WHiTe, la mezcla perfecta de rendimiento, estilo y fiabilidad. Eleva tu arte y haz tatuajes excepcionales que dejen una impresi\u00f3n duradera.<\/p>","protected":false},"excerpt":{"rendered":"<h4>M\u00e1quina de tatuar de bobina simple<\/h4>\n<p>&nbsp;<\/p>\n<p>El bastidor est\u00e1 mecanizado a partir de una sola pieza de aluminio aeron\u00e1utico 7075<\/p>\n<p>Acabado del armaz\u00f3n con pintura en polvo blanca.<\/p>\n<p>Bobina personalizada de alta calidad <span class=\"Apple-converted-space\">\u00a0<\/span><\/p>\n<p>Herrajes de acero con acabado de zinc negro<\/p>\n<p>Funciona con todos los tama\u00f1os de aguja 3 - 14RL A 5,5-9 voltios<\/p>\n<p>Carrera 3,8 mm<\/p>\n<p>Funciona a unos 125 Hz a 6,5 voltios -sin carga<\/p>\n<p>Peso de la m\u00e1quina de tatuar 130gr.<\/p>","protected":false},"featured_media":55062,"comment_status":"open","ping_status":"closed","template":"","meta":{"site-sidebar-layout":"default","site-content-layout":"default","ast-site-content-layout":"default","site-content-style":"default","site-sidebar-style":"default","ast-global-header-display":"","ast-banner-title-visibility":"","ast-main-header-display":"","ast-hfb-above-header-display":"","ast-hfb-below-header-display":"","ast-hfb-mobile-header-display":"","site-post-title":"","ast-breadcrumbs-content":"","ast-featured-img":"","footer-sml-layout":"","ast-disable-related-posts":"","theme-transparent-header-meta":"default","adv-header-id-meta":"","stick-header-meta":"default","header-above-stick-meta":"","header-main-stick-meta":"","header-below-stick-meta":"","astra-migrate-meta-layouts":"set","ast-page-background-enabled":"default","ast-page-background-meta":{"desktop":{"background-color":"var(--ast-global-color-4)","background-image":"","background-repeat":"repeat","background-position":"center center","background-size":"auto","background-attachment":"scroll","background-type":"","background-media":"","overlay-type":"","overlay-color":"","overlay-opacity":"","overlay-gradient":""},"tablet":{"background-color":"","background-image":"","background-repeat":"repeat","background-position":"center center","background-size":"auto","background-attachment":"scroll","background-type":"","background-media":"","overlay-type":"","overlay-color":"","overlay-opacity":"","overlay-gradient":""},"mobile":{"background-color":"","background-image":"","background-repeat":"repeat","background-position":"center center","background-size":"auto","background-attachment":"scroll","background-type":"","background-media":"","overlay-type":"","overlay-color":"","overlay-opacity":"","overlay-gradient":""}},"ast-content-background-meta":{"desktop":{"background-color":"var(--ast-global-color-5)","background-image":"","background-repeat":"repeat","background-position":"center center","background-size":"auto","background-attachment":"scroll","background-type":"","background-media":"","overlay-type":"","overlay-color":"","overlay-opacity":"","overlay-gradient":""},"tablet":{"background-color":"var(--ast-global-color-5)","background-image":"","background-repeat":"repeat","background-position":"center center","background-size":"auto","background-attachment":"scroll","background-type":"","background-media":"","overlay-type":"","overlay-color":"","overlay-opacity":"","overlay-gradient":""},"mobile":{"background-color":"var(--ast-global-color-5)","background-image":"","background-repeat":"repeat","background-position":"center center","background-size":"auto","background-attachment":"scroll","background-type":"","background-media":"","overlay-type":"","overlay-color":"","overlay-opacity":"","overlay-gradient":""}}},"product_brand":[],"product_cat":[1942],"product_tag":[82,93,83,99,1801,87,91,95,72],"class_list":{"0":"post-55055","1":"product","2":"type-product","3":"status-publish","4":"has-post-thumbnail","6":"product_cat-rightstuff-one","7":"product_tag-coil-tattoo-machines","8":"product_tag-custom-tattoo-guns","9":"product_tag-custom-tattoo-machines","10":"product_tag-handmade-tattoo-machines","11":"product_tag-machines-a-tatouer-les-bobines","12":"product_tag-professional-tattoo-machines","13":"product_tag-tattoo-equipment","14":"product_tag-tattoo-guns","15":"product_tag-tattoo-machine-coils","16":"pa_brand-rightstuff","17":"desktop-align-center","18":"tablet-align-left","19":"mobile-align-left","20":"ast-product-gallery-layout-horizontal-slider","21":"ast-product-gallery-with-no-image","22":"ast-product-tabs-layout-horizontal","24":"first","25":"outofstock","26":"taxable","27":"shipping-taxable","28":"purchasable","29":"product-type-simple"},"_links":{"self":[{"href":"https:\/\/rightstuff.eu\/es\/wp-json\/wp\/v2\/product\/55055","targetHints":{"allow":["GET"]}}],"collection":[{"href":"https:\/\/rightstuff.eu\/es\/wp-json\/wp\/v2\/product"}],"about":[{"href":"https:\/\/rightstuff.eu\/es\/wp-json\/wp\/v2\/types\/product"}],"replies":[{"embeddable":true,"href":"https:\/\/rightstuff.eu\/es\/wp-json\/wp\/v2\/comments?post=55055"}],"version-history":[{"count":0,"href":"https:\/\/rightstuff.eu\/es\/wp-json\/wp\/v2\/product\/55055\/revisions"}],"wp:featuredmedia":[{"embeddable":true,"href":"https:\/\/rightstuff.eu\/es\/wp-json\/wp\/v2\/media\/55062"}],"wp:attachment":[{"href":"https:\/\/rightstuff.eu\/es\/wp-json\/wp\/v2\/media?parent=55055"}],"wp:term":[{"taxonomy":"product_brand","embeddable":true,"href":"https:\/\/rightstuff.eu\/es\/wp-json\/wp\/v2\/product_brand?post=55055"},{"taxonomy":"product_cat","embeddable":true,"href":"https:\/\/rightstuff.eu\/es\/wp-json\/wp\/v2\/product_cat?post=55055"},{"taxonomy":"product_tag","embeddable":true,"href":"https:\/\/rightstuff.eu\/es\/wp-json\/wp\/v2\/product_tag?post=55055"}],"curies":[{"name":"wp","href":"https:\/\/api.w.org\/{rel}","templated":true}]}}