{"id":549,"date":"2013-12-01T20:06:00","date_gmt":"2013-12-01T17:06:00","guid":{"rendered":"https:\/\/rightstuff.eu\/shop\/uncategorized\/14rs\/"},"modified":"2025-01-22T01:37:15","modified_gmt":"2025-01-22T00:37:15","slug":"14rs","status":"publish","type":"product","link":"https:\/\/rightstuff.eu\/es\/producto\/14rs\/","title":{"rendered":"Aguja de sombreado redonda 14RS"},"content":{"rendered":"<p>En el pasado, el tatuaje ten\u00eda algunas propiedades m\u00e1gicas, significaba el estatus del propietario, su pertenencia a una tribu o estamento concreto. Hoy en d\u00eda, suele indicar la pertenencia a cualquier subcultura (g\u00f3tica, rockera, criminal, etc.). Los tatuajes art\u00edsticos pueden ser de color, monocromos e incluso blancos, \u00e9tnicos y de fantas\u00eda; pueden representar animales y signos m\u00edsticos, contener retratos de personas y enunciados filos\u00f3ficos. El resultado de la imagen en la piel depende de la voluntad del cliente y del arte del maestro. Los propios clientes suelen ofrecer ideas y temas de tatuajes. Por ejemplo, una persona puede acudir a un sal\u00f3n de tatuajes y pedir que le hagan en el hombro el nombre de su chica decorado con un coraz\u00f3n. Quiz\u00e1 dentro de un a\u00f1o se enamore de otra y quiera deshacerse del dibujo. Entonces el maestro \"cerrar\u00e1\" este tatuaje con uno nuevo, sombreando la antigua imagen con agujas 14RS. En este caso, son preferibles el negro y los colores oscuros para tatuar. Luego, sombreando una nueva imagen, el maestro ocultar\u00e1 el tatuaje antiguo. Los verdaderos maestros lo hacen con tanta profesionalidad que nadie adivina que hay otro tatuaje oculto bajo la capa de colores. Ni que decir tiene que las agujas de 14RS deben ser est\u00e9riles, y se pueden esterilizar f\u00e1cilmente despu\u00e9s de que un maestro termine su trabajo.o sombrear en color, negros y grises.<\/p>","protected":false},"excerpt":{"rendered":"<p>50 unidades\/paquete<\/p>","protected":false},"featured_media":28768,"comment_status":"open","ping_status":"closed","template":"","meta":{"site-sidebar-layout":"","site-content-layout":"","ast-site-content-layout":"default","site-content-style":"default","site-sidebar-style":"default","ast-global-header-display":"","ast-banner-title-visibility":"","ast-main-header-display":"","ast-hfb-above-header-display":"","ast-hfb-below-header-display":"","ast-hfb-mobile-header-display":"","site-post-title":"","ast-breadcrumbs-content":"","ast-featured-img":"","footer-sml-layout":"","ast-disable-related-posts":"","theme-transparent-header-meta":"","adv-header-id-meta":"","stick-header-meta":"","header-above-stick-meta":"","header-main-stick-meta":"","header-below-stick-meta":"","astra-migrate-meta-layouts":"default","ast-page-background-enabled":"default","ast-page-background-meta":{"desktop":{"background-color":"var(--ast-global-color-4)","background-image":"","background-repeat":"repeat","background-position":"center center","background-size":"auto","background-attachment":"scroll","background-type":"","background-media":"","overlay-type":"","overlay-color":"","overlay-opacity":"","overlay-gradient":""},"tablet":{"background-color":"","background-image":"","background-repeat":"repeat","background-position":"center center","background-size":"auto","background-attachment":"scroll","background-type":"","background-media":"","overlay-type":"","overlay-color":"","overlay-opacity":"","overlay-gradient":""},"mobile":{"background-color":"","background-image":"","background-repeat":"repeat","background-position":"center center","background-size":"auto","background-attachment":"scroll","background-type":"","background-media":"","overlay-type":"","overlay-color":"","overlay-opacity":"","overlay-gradient":""}},"ast-content-background-meta":{"desktop":{"background-color":"var(--ast-global-color-5)","background-image":"","background-repeat":"repeat","background-position":"center center","background-size":"auto","background-attachment":"scroll","background-type":"","background-media":"","overlay-type":"","overlay-color":"","overlay-opacity":"","overlay-gradient":""},"tablet":{"background-color":"var(--ast-global-color-5)","background-image":"","background-repeat":"repeat","background-position":"center center","background-size":"auto","background-attachment":"scroll","background-type":"","background-media":"","overlay-type":"","overlay-color":"","overlay-opacity":"","overlay-gradient":""},"mobile":{"background-color":"var(--ast-global-color-5)","background-image":"","background-repeat":"repeat","background-position":"center center","background-size":"auto","background-attachment":"scroll","background-type":"","background-media":"","overlay-type":"","overlay-color":"","overlay-opacity":"","overlay-gradient":""}}},"product_brand":[],"product_cat":[30],"product_tag":[81,88,102,91,92,94],"class_list":{"0":"post-549","1":"product","2":"type-product","3":"status-publish","4":"has-post-thumbnail","6":"product_cat-round-shader","7":"product_tag-cartridge-tattoo-needles","8":"product_tag-professional-tattoo-kit","9":"product_tag-rotary-tattoo-needles","10":"product_tag-tattoo-equipment","11":"product_tag-tattoo-machines-parts","12":"product_tag-tattoo-sets","13":"pa_brand-rightstuff","14":"desktop-align-center","15":"tablet-align-left","16":"mobile-align-left","17":"ast-product-gallery-layout-horizontal-slider","18":"ast-product-gallery-with-no-image","19":"ast-product-tabs-layout-horizontal","21":"first","22":"outofstock","23":"taxable","24":"shipping-taxable","25":"purchasable","26":"product-type-simple"},"_links":{"self":[{"href":"https:\/\/rightstuff.eu\/es\/wp-json\/wp\/v2\/product\/549","targetHints":{"allow":["GET"]}}],"collection":[{"href":"https:\/\/rightstuff.eu\/es\/wp-json\/wp\/v2\/product"}],"about":[{"href":"https:\/\/rightstuff.eu\/es\/wp-json\/wp\/v2\/types\/product"}],"replies":[{"embeddable":true,"href":"https:\/\/rightstuff.eu\/es\/wp-json\/wp\/v2\/comments?post=549"}],"version-history":[{"count":0,"href":"https:\/\/rightstuff.eu\/es\/wp-json\/wp\/v2\/product\/549\/revisions"}],"wp:featuredmedia":[{"embeddable":true,"href":"https:\/\/rightstuff.eu\/es\/wp-json\/wp\/v2\/media\/28768"}],"wp:attachment":[{"href":"https:\/\/rightstuff.eu\/es\/wp-json\/wp\/v2\/media?parent=549"}],"wp:term":[{"taxonomy":"product_brand","embeddable":true,"href":"https:\/\/rightstuff.eu\/es\/wp-json\/wp\/v2\/product_brand?post=549"},{"taxonomy":"product_cat","embeddable":true,"href":"https:\/\/rightstuff.eu\/es\/wp-json\/wp\/v2\/product_cat?post=549"},{"taxonomy":"product_tag","embeddable":true,"href":"https:\/\/rightstuff.eu\/es\/wp-json\/wp\/v2\/product_tag?post=549"}],"curies":[{"name":"wp","href":"https:\/\/api.w.org\/{rel}","templated":true}]}}