{"id":542,"date":"2013-12-01T19:57:00","date_gmt":"2013-12-01T16:57:00","guid":{"rendered":"https:\/\/rightstuff.eu\/shop\/uncategorized\/15rm\/"},"modified":"2025-01-22T01:37:16","modified_gmt":"2025-01-22T00:37:16","slug":"15rm","status":"publish","type":"product","link":"https:\/\/rightstuff.eu\/es\/producto\/15rm\/","title":{"rendered":"Aguja redonda Magnum 15RM"},"content":{"rendered":"<p>Los tatuajes contempor\u00e1neos se realizan en varios estilos: fantas\u00eda, polinesio, ruso, oriental, japon\u00e9s. El arte de dibujar tatuajes japoneses est\u00e1 hoy en la cima de su popularidad. Por regla general, cada una de las tramas conlleva un significado determinado, oculto en los s\u00edmbolos. Uno de los temas m\u00e1s populares es el drag\u00f3n en diversas composiciones. El significado de esta imagen suele estar relacionado con la sabidur\u00eda, la fuerza y la confianza en uno mismo. Adem\u00e1s, las im\u00e1genes de peces se consideran un s\u00edmbolo de valent\u00eda, los tigres - con intrepidez. Adem\u00e1s, el estilo japon\u00e9s suele ser elegido por las mujeres que piden a un maestro del tatuaje la creaci\u00f3n de un tatuaje de flores de sakura, crisantemos, peon\u00edas. El estilo japon\u00e9s puede adivinarse por algunos de sus rasgos m\u00e1s llamativos: los tatuajes son bastante extensos y se realizan de una forma determinada que recuerda a un kimono. Est\u00e1n presentes muchos tonos y l\u00edneas. Crean una gran composici\u00f3n formada por muchos minitatuajes dentro de los l\u00edmites de un gran tatuaje. Por lo tanto, un artista del tatuaje trabaja en un tatuaje japon\u00e9s varios d\u00edas, utilizando para su trabajo agujas Magnum 15RM que dan el mejor resultado en la realizaci\u00f3n r\u00e1pida de l\u00edneas largas en grandes zonas de la piel. Las agujas Magnum 15RM vienen esterilizadas, y se pueden esterilizar f\u00e1cilmente despu\u00e9s del trabajo. As\u00ed, cuando un cliente acude a su maestro para hacerse un tatuaje, el artista puede utilizar las mismas agujas de alta calidad.<\/p>","protected":false},"excerpt":{"rendered":"<p>50 unidades\/paquete<\/p>","protected":false},"featured_media":28765,"comment_status":"open","ping_status":"closed","template":"","meta":{"site-sidebar-layout":"","site-content-layout":"","ast-site-content-layout":"default","site-content-style":"default","site-sidebar-style":"default","ast-global-header-display":"","ast-banner-title-visibility":"","ast-main-header-display":"","ast-hfb-above-header-display":"","ast-hfb-below-header-display":"","ast-hfb-mobile-header-display":"","site-post-title":"","ast-breadcrumbs-content":"","ast-featured-img":"","footer-sml-layout":"","ast-disable-related-posts":"","theme-transparent-header-meta":"","adv-header-id-meta":"","stick-header-meta":"","header-above-stick-meta":"","header-main-stick-meta":"","header-below-stick-meta":"","astra-migrate-meta-layouts":"default","ast-page-background-enabled":"default","ast-page-background-meta":{"desktop":{"background-color":"var(--ast-global-color-4)","background-image":"","background-repeat":"repeat","background-position":"center center","background-size":"auto","background-attachment":"scroll","background-type":"","background-media":"","overlay-type":"","overlay-color":"","overlay-opacity":"","overlay-gradient":""},"tablet":{"background-color":"","background-image":"","background-repeat":"repeat","background-position":"center center","background-size":"auto","background-attachment":"scroll","background-type":"","background-media":"","overlay-type":"","overlay-color":"","overlay-opacity":"","overlay-gradient":""},"mobile":{"background-color":"","background-image":"","background-repeat":"repeat","background-position":"center center","background-size":"auto","background-attachment":"scroll","background-type":"","background-media":"","overlay-type":"","overlay-color":"","overlay-opacity":"","overlay-gradient":""}},"ast-content-background-meta":{"desktop":{"background-color":"var(--ast-global-color-5)","background-image":"","background-repeat":"repeat","background-position":"center center","background-size":"auto","background-attachment":"scroll","background-type":"","background-media":"","overlay-type":"","overlay-color":"","overlay-opacity":"","overlay-gradient":""},"tablet":{"background-color":"var(--ast-global-color-5)","background-image":"","background-repeat":"repeat","background-position":"center center","background-size":"auto","background-attachment":"scroll","background-type":"","background-media":"","overlay-type":"","overlay-color":"","overlay-opacity":"","overlay-gradient":""},"mobile":{"background-color":"var(--ast-global-color-5)","background-image":"","background-repeat":"repeat","background-position":"center center","background-size":"auto","background-attachment":"scroll","background-type":"","background-media":"","overlay-type":"","overlay-color":"","overlay-opacity":"","overlay-gradient":""}}},"product_brand":[],"product_cat":[29],"product_tag":[81,85,102,91,92],"class_list":{"0":"post-542","1":"product","2":"type-product","3":"status-publish","4":"has-post-thumbnail","6":"product_cat-rm","7":"product_tag-cartridge-tattoo-needles","8":"product_tag-magnum-tattoo-needles","9":"product_tag-rotary-tattoo-needles","10":"product_tag-tattoo-equipment","11":"product_tag-tattoo-machines-parts","12":"pa_brand-rightstuff","13":"desktop-align-center","14":"tablet-align-left","15":"mobile-align-left","16":"ast-product-gallery-layout-horizontal-slider","17":"ast-product-gallery-with-no-image","18":"ast-product-tabs-layout-horizontal","20":"first","21":"outofstock","22":"taxable","23":"shipping-taxable","24":"purchasable","25":"product-type-simple"},"_links":{"self":[{"href":"https:\/\/rightstuff.eu\/es\/wp-json\/wp\/v2\/product\/542","targetHints":{"allow":["GET"]}}],"collection":[{"href":"https:\/\/rightstuff.eu\/es\/wp-json\/wp\/v2\/product"}],"about":[{"href":"https:\/\/rightstuff.eu\/es\/wp-json\/wp\/v2\/types\/product"}],"replies":[{"embeddable":true,"href":"https:\/\/rightstuff.eu\/es\/wp-json\/wp\/v2\/comments?post=542"}],"version-history":[{"count":0,"href":"https:\/\/rightstuff.eu\/es\/wp-json\/wp\/v2\/product\/542\/revisions"}],"wp:featuredmedia":[{"embeddable":true,"href":"https:\/\/rightstuff.eu\/es\/wp-json\/wp\/v2\/media\/28765"}],"wp:attachment":[{"href":"https:\/\/rightstuff.eu\/es\/wp-json\/wp\/v2\/media?parent=542"}],"wp:term":[{"taxonomy":"product_brand","embeddable":true,"href":"https:\/\/rightstuff.eu\/es\/wp-json\/wp\/v2\/product_brand?post=542"},{"taxonomy":"product_cat","embeddable":true,"href":"https:\/\/rightstuff.eu\/es\/wp-json\/wp\/v2\/product_cat?post=542"},{"taxonomy":"product_tag","embeddable":true,"href":"https:\/\/rightstuff.eu\/es\/wp-json\/wp\/v2\/product_tag?post=542"}],"curies":[{"name":"wp","href":"https:\/\/api.w.org\/{rel}","templated":true}]}}