{"id":540,"date":"2013-12-01T19:55:00","date_gmt":"2013-12-01T16:55:00","guid":{"rendered":"https:\/\/rightstuff.eu\/shop\/uncategorized\/11rm\/"},"modified":"2025-01-22T01:37:16","modified_gmt":"2025-01-22T00:37:16","slug":"11rm","status":"publish","type":"product","link":"https:\/\/rightstuff.eu\/es\/producto\/11rm\/","title":{"rendered":"Aguja redonda Magnum 11RM"},"content":{"rendered":"<p>El arte de crear tatuajes est\u00e1 evolucionando, por lo que cada d\u00eda aparecen nuevas obras de profesionales del tatuaje, sorprendentes por su complejidad y, al mismo tiempo, por su profundo significado y el asombroso detalle de sus dibujos. Por ejemplo, el estilo de tatuaje Fantas\u00eda presupone la gran profesionalidad del <a href=\"https:\/\/rs-tattoo.by\" target=\"_blank\" rel=\"noopener\">tatuador<\/a>porque un artista no s\u00f3lo debe representar el boceto elegido, sino tambi\u00e9n comprender la estructura misma del cuadro, ser capaz de aconsejar el lugar adecuado para un tatuaje.<\/p>\n<p>Tradicionalmente, las personas que conocen bien el arte del tatuaje ofrecen a sus clientes hacerse una imagen en el hombro o la mu\u00f1eca. Si hace siglos las im\u00e1genes de distintos seres m\u00edsticos de la antig\u00fcedad adornaban los cuerpos de los sacerdotes y otras personas importantes, hoy cualquier hombre o mujer puede acudir a un sal\u00f3n de tatuajes y pedir a un maestro que le haga una extra\u00f1a imagen en la piel con un significado oculto.<\/p>\n<p>El estilo de fantas\u00eda llama la atenci\u00f3n: la combinaci\u00f3n de interesantes l\u00edneas argumentales con una interpretaci\u00f3n de alta calidad da un resultado sorprendente.<\/p>\n<p>Adem\u00e1s, cuando un maestro utiliza la aguja Round Magnum 11RM <a href=\"https:\/\/rightstuff.eu\/blog\/note-these-things-when-buying-tattoo-equipment-supplies\/\">agujas profesionales para tatuajes<\/a> (tambi\u00e9n de 0,35 mm de di\u00e1metro), el tatuaje se convierte en una imagen extremadamente realista - \u00a1estas agujas proporcionan un sombreado perfecto y la realizaci\u00f3n de contornos densos!<\/p>","protected":false},"excerpt":{"rendered":"<h4>Aguja Magnum redonda<\/h4>\n<p>50 unidades\/paquete<\/p>","protected":false},"featured_media":1189,"comment_status":"open","ping_status":"closed","template":"","meta":{"site-sidebar-layout":"","site-content-layout":"","ast-site-content-layout":"default","site-content-style":"default","site-sidebar-style":"default","ast-global-header-display":"","ast-banner-title-visibility":"","ast-main-header-display":"","ast-hfb-above-header-display":"","ast-hfb-below-header-display":"","ast-hfb-mobile-header-display":"","site-post-title":"","ast-breadcrumbs-content":"","ast-featured-img":"","footer-sml-layout":"","ast-disable-related-posts":"","theme-transparent-header-meta":"","adv-header-id-meta":"","stick-header-meta":"","header-above-stick-meta":"","header-main-stick-meta":"","header-below-stick-meta":"","astra-migrate-meta-layouts":"default","ast-page-background-enabled":"default","ast-page-background-meta":{"desktop":{"background-color":"var(--ast-global-color-4)","background-image":"","background-repeat":"repeat","background-position":"center center","background-size":"auto","background-attachment":"scroll","background-type":"","background-media":"","overlay-type":"","overlay-color":"","overlay-opacity":"","overlay-gradient":""},"tablet":{"background-color":"","background-image":"","background-repeat":"repeat","background-position":"center center","background-size":"auto","background-attachment":"scroll","background-type":"","background-media":"","overlay-type":"","overlay-color":"","overlay-opacity":"","overlay-gradient":""},"mobile":{"background-color":"","background-image":"","background-repeat":"repeat","background-position":"center center","background-size":"auto","background-attachment":"scroll","background-type":"","background-media":"","overlay-type":"","overlay-color":"","overlay-opacity":"","overlay-gradient":""}},"ast-content-background-meta":{"desktop":{"background-color":"var(--ast-global-color-5)","background-image":"","background-repeat":"repeat","background-position":"center center","background-size":"auto","background-attachment":"scroll","background-type":"","background-media":"","overlay-type":"","overlay-color":"","overlay-opacity":"","overlay-gradient":""},"tablet":{"background-color":"var(--ast-global-color-5)","background-image":"","background-repeat":"repeat","background-position":"center center","background-size":"auto","background-attachment":"scroll","background-type":"","background-media":"","overlay-type":"","overlay-color":"","overlay-opacity":"","overlay-gradient":""},"mobile":{"background-color":"var(--ast-global-color-5)","background-image":"","background-repeat":"repeat","background-position":"center center","background-size":"auto","background-attachment":"scroll","background-type":"","background-media":"","overlay-type":"","overlay-color":"","overlay-opacity":"","overlay-gradient":""}}},"product_brand":[],"product_cat":[29],"product_tag":[81,85,88,102,1807,91,70,92,94],"class_list":{"0":"post-540","1":"product","2":"type-product","3":"status-publish","4":"has-post-thumbnail","6":"product_cat-rm","7":"product_tag-cartridge-tattoo-needles","8":"product_tag-magnum-tattoo-needles","9":"product_tag-professional-tattoo-kit","10":"product_tag-rotary-tattoo-needles","11":"product_tag-tattoo-beginner-box","12":"product_tag-tattoo-equipment","13":"product_tag-tattoo-kits","14":"product_tag-tattoo-machines-parts","15":"product_tag-tattoo-sets","16":"pa_brand-rightstuff","17":"desktop-align-center","18":"tablet-align-left","19":"mobile-align-left","20":"ast-product-gallery-layout-horizontal-slider","21":"ast-product-gallery-with-no-image","22":"ast-product-tabs-layout-horizontal","24":"first","25":"outofstock","26":"taxable","27":"shipping-taxable","28":"purchasable","29":"product-type-simple"},"_links":{"self":[{"href":"https:\/\/rightstuff.eu\/es\/wp-json\/wp\/v2\/product\/540","targetHints":{"allow":["GET"]}}],"collection":[{"href":"https:\/\/rightstuff.eu\/es\/wp-json\/wp\/v2\/product"}],"about":[{"href":"https:\/\/rightstuff.eu\/es\/wp-json\/wp\/v2\/types\/product"}],"replies":[{"embeddable":true,"href":"https:\/\/rightstuff.eu\/es\/wp-json\/wp\/v2\/comments?post=540"}],"version-history":[{"count":0,"href":"https:\/\/rightstuff.eu\/es\/wp-json\/wp\/v2\/product\/540\/revisions"}],"wp:featuredmedia":[{"embeddable":true,"href":"https:\/\/rightstuff.eu\/es\/wp-json\/wp\/v2\/media\/1189"}],"wp:attachment":[{"href":"https:\/\/rightstuff.eu\/es\/wp-json\/wp\/v2\/media?parent=540"}],"wp:term":[{"taxonomy":"product_brand","embeddable":true,"href":"https:\/\/rightstuff.eu\/es\/wp-json\/wp\/v2\/product_brand?post=540"},{"taxonomy":"product_cat","embeddable":true,"href":"https:\/\/rightstuff.eu\/es\/wp-json\/wp\/v2\/product_cat?post=540"},{"taxonomy":"product_tag","embeddable":true,"href":"https:\/\/rightstuff.eu\/es\/wp-json\/wp\/v2\/product_tag?post=540"}],"curies":[{"name":"wp","href":"https:\/\/api.w.org\/{rel}","templated":true}]}}