{"id":516,"date":"2013-11-23T19:51:00","date_gmt":"2013-11-23T16:51:00","guid":{"rendered":"https:\/\/rightstuff.eu\/shop\/uncategorized\/14rl\/"},"modified":"2025-01-22T01:37:19","modified_gmt":"2025-01-22T00:37:19","slug":"14rl","status":"publish","type":"product","link":"https:\/\/rightstuff.eu\/es\/producto\/14rl\/","title":{"rendered":"Aguja de camisa redonda 14RL"},"content":{"rendered":"<p>Hoy en d\u00eda, el tatuaje cambia de lugar en la cultura moderna y pasa de ser un arte de la \"subcultura\" a un arte real para un p\u00fablico m\u00e1s amplio, una obra de arte dibujada a menudo por artistas y dise\u00f1adores de ropa. El tatuaje ha adquirido m\u00e1s importancia en la cultura moderna. Por ejemplo, en comparaci\u00f3n con principios del siglo pasado, la relaci\u00f3n entre el tatuaje y la moda se vuelve bidireccional: el tatuaje y su lenguaje visual afectan a la moda y el dise\u00f1o actuales y viceversa. Hoy los tatuajes se convierten en un fen\u00f3meno igual de una cultura m\u00e1s amplia, que incluye lo mismo la moda, el graffiti, el dise\u00f1o, etc. El dise\u00f1o de los tatuajes puede analizarse en el contexto de las preferencias estil\u00edsticas de una \u00e9poca, un lugar o un determinado contingente de personas. Los artistas contempor\u00e1neos que trabajan individualmente o en salones de tatuaje, siempre necesitan realizar contornos s\u00f3lidos, al crear sus im\u00e1genes de la piel. El mejor material para realizar este trabajo son las agujas 14RL. Estas agujas Liner Round est\u00e1n hechas para trabajos finos y contornos claros y finos. Su di\u00e1metro de 0,35 mm y su afilado de 1,5 mm hacen que el procedimiento de tatuaje sea indoloro.<\/p>","protected":false},"excerpt":{"rendered":"<p>50 unidades\/paquete<\/p>","protected":false},"featured_media":28753,"comment_status":"open","ping_status":"closed","template":"","meta":{"site-sidebar-layout":"","site-content-layout":"","ast-site-content-layout":"default","site-content-style":"default","site-sidebar-style":"default","ast-global-header-display":"","ast-banner-title-visibility":"","ast-main-header-display":"","ast-hfb-above-header-display":"","ast-hfb-below-header-display":"","ast-hfb-mobile-header-display":"","site-post-title":"","ast-breadcrumbs-content":"","ast-featured-img":"","footer-sml-layout":"","ast-disable-related-posts":"","theme-transparent-header-meta":"","adv-header-id-meta":"","stick-header-meta":"","header-above-stick-meta":"","header-main-stick-meta":"","header-below-stick-meta":"","astra-migrate-meta-layouts":"default","ast-page-background-enabled":"default","ast-page-background-meta":{"desktop":{"background-color":"var(--ast-global-color-4)","background-image":"","background-repeat":"repeat","background-position":"center center","background-size":"auto","background-attachment":"scroll","background-type":"","background-media":"","overlay-type":"","overlay-color":"","overlay-opacity":"","overlay-gradient":""},"tablet":{"background-color":"","background-image":"","background-repeat":"repeat","background-position":"center center","background-size":"auto","background-attachment":"scroll","background-type":"","background-media":"","overlay-type":"","overlay-color":"","overlay-opacity":"","overlay-gradient":""},"mobile":{"background-color":"","background-image":"","background-repeat":"repeat","background-position":"center center","background-size":"auto","background-attachment":"scroll","background-type":"","background-media":"","overlay-type":"","overlay-color":"","overlay-opacity":"","overlay-gradient":""}},"ast-content-background-meta":{"desktop":{"background-color":"var(--ast-global-color-5)","background-image":"","background-repeat":"repeat","background-position":"center center","background-size":"auto","background-attachment":"scroll","background-type":"","background-media":"","overlay-type":"","overlay-color":"","overlay-opacity":"","overlay-gradient":""},"tablet":{"background-color":"var(--ast-global-color-5)","background-image":"","background-repeat":"repeat","background-position":"center center","background-size":"auto","background-attachment":"scroll","background-type":"","background-media":"","overlay-type":"","overlay-color":"","overlay-opacity":"","overlay-gradient":""},"mobile":{"background-color":"var(--ast-global-color-5)","background-image":"","background-repeat":"repeat","background-position":"center center","background-size":"auto","background-attachment":"scroll","background-type":"","background-media":"","overlay-type":"","overlay-color":"","overlay-opacity":"","overlay-gradient":""}}},"product_brand":[],"product_cat":[25],"product_tag":[81,102,91,92],"class_list":{"0":"post-516","1":"product","2":"type-product","3":"status-publish","4":"has-post-thumbnail","6":"product_cat-round-liner","7":"product_tag-cartridge-tattoo-needles","8":"product_tag-rotary-tattoo-needles","9":"product_tag-tattoo-equipment","10":"product_tag-tattoo-machines-parts","11":"pa_brand-rightstuff","12":"desktop-align-center","13":"tablet-align-left","14":"mobile-align-left","15":"ast-product-gallery-layout-horizontal-slider","16":"ast-product-gallery-with-no-image","17":"ast-product-tabs-layout-horizontal","19":"first","20":"outofstock","21":"taxable","22":"shipping-taxable","23":"purchasable","24":"product-type-simple"},"_links":{"self":[{"href":"https:\/\/rightstuff.eu\/es\/wp-json\/wp\/v2\/product\/516","targetHints":{"allow":["GET"]}}],"collection":[{"href":"https:\/\/rightstuff.eu\/es\/wp-json\/wp\/v2\/product"}],"about":[{"href":"https:\/\/rightstuff.eu\/es\/wp-json\/wp\/v2\/types\/product"}],"replies":[{"embeddable":true,"href":"https:\/\/rightstuff.eu\/es\/wp-json\/wp\/v2\/comments?post=516"}],"version-history":[{"count":0,"href":"https:\/\/rightstuff.eu\/es\/wp-json\/wp\/v2\/product\/516\/revisions"}],"wp:featuredmedia":[{"embeddable":true,"href":"https:\/\/rightstuff.eu\/es\/wp-json\/wp\/v2\/media\/28753"}],"wp:attachment":[{"href":"https:\/\/rightstuff.eu\/es\/wp-json\/wp\/v2\/media?parent=516"}],"wp:term":[{"taxonomy":"product_brand","embeddable":true,"href":"https:\/\/rightstuff.eu\/es\/wp-json\/wp\/v2\/product_brand?post=516"},{"taxonomy":"product_cat","embeddable":true,"href":"https:\/\/rightstuff.eu\/es\/wp-json\/wp\/v2\/product_cat?post=516"},{"taxonomy":"product_tag","embeddable":true,"href":"https:\/\/rightstuff.eu\/es\/wp-json\/wp\/v2\/product_tag?post=516"}],"curies":[{"name":"wp","href":"https:\/\/api.w.org\/{rel}","templated":true}]}}