{"id":515,"date":"2013-11-23T22:50:00","date_gmt":"2013-11-23T19:50:00","guid":{"rendered":"https:\/\/rightstuff.eu\/shop\/uncategorized\/13rl\/"},"modified":"2025-01-22T01:37:18","modified_gmt":"2025-01-22T00:37:18","slug":"13rl","status":"publish","type":"product","link":"https:\/\/rightstuff.eu\/es\/producto\/13rl\/","title":{"rendered":"Aguja de camisa redonda 13RL"},"content":{"rendered":"<p>En el mundo occidental, el tatuaje tiene una larga relaci\u00f3n con el arte. En 1897, el peri\u00f3dico londinense \u201dStand Magazine\u201d mencionaba a Inglaterra, Jap\u00f3n y Estados Unidos como centros del tatuaje art\u00edstico. Hace cien a\u00f1os, reyes, condes y el resto de la aristocracia brit\u00e1nica eleg\u00edan los tatuajes m\u00e1s complejos desde el punto de vista visual y tecnol\u00f3gico. En otras palabras, ya a principios del siglo pasado se analizaban los tatuajes como arte. En los a\u00f1os 70, en Am\u00e9rica, se produjo un \u201cboom\u201d del florecimiento del tatuaje, sin embargo, los artistas que se dedicaban a los tatuajes no ten\u00edan formaci\u00f3n art\u00edstica. Durante los casi 150 a\u00f1os de historia del tatuaje en el mundo occidental, los tatuajes se relacionaban sobre todo con criminales, marineros y ni\u00f1as andantes. Mientras tanto, el tatuaje contempor\u00e1neo es un arte, y los artistas que trabajan en \u00e9l, son profesionales que estudiaron en escuelas especiales de Arte. Saben que las im\u00e1genes cut\u00e1neas de alta calidad s\u00f3lo pueden hacerse con <a href=\"https:\/\/rightstuff.eu\/product-tag\/tattoo-supplies\/\">el mejor equipamiento<\/a>. Un tatuaje puede crearse con varias agujas. Por ejemplo, cuando un maestro, trabaja en las l\u00edneas s\u00f3lidas de una imagen, puede utilizar 13 agujas RL. Fabricadas en acero inoxidable, estas agujas de 0,35 de di\u00e1metro est\u00e1n perfectamente acabadas y afiladas (afilado de 1,5 mm). El trabajo del maestro se hace m\u00e1s r\u00e1pido y f\u00e1cil.<\/p>","protected":false},"excerpt":{"rendered":"<p>50 unidades\/paquete<\/p>","protected":false},"featured_media":28752,"comment_status":"open","ping_status":"closed","template":"","meta":{"site-sidebar-layout":"","site-content-layout":"","ast-site-content-layout":"default","site-content-style":"default","site-sidebar-style":"default","ast-global-header-display":"","ast-banner-title-visibility":"","ast-main-header-display":"","ast-hfb-above-header-display":"","ast-hfb-below-header-display":"","ast-hfb-mobile-header-display":"","site-post-title":"","ast-breadcrumbs-content":"","ast-featured-img":"","footer-sml-layout":"","ast-disable-related-posts":"","theme-transparent-header-meta":"","adv-header-id-meta":"","stick-header-meta":"","header-above-stick-meta":"","header-main-stick-meta":"","header-below-stick-meta":"","astra-migrate-meta-layouts":"default","ast-page-background-enabled":"default","ast-page-background-meta":{"desktop":{"background-color":"var(--ast-global-color-4)","background-image":"","background-repeat":"repeat","background-position":"center center","background-size":"auto","background-attachment":"scroll","background-type":"","background-media":"","overlay-type":"","overlay-color":"","overlay-opacity":"","overlay-gradient":""},"tablet":{"background-color":"","background-image":"","background-repeat":"repeat","background-position":"center center","background-size":"auto","background-attachment":"scroll","background-type":"","background-media":"","overlay-type":"","overlay-color":"","overlay-opacity":"","overlay-gradient":""},"mobile":{"background-color":"","background-image":"","background-repeat":"repeat","background-position":"center center","background-size":"auto","background-attachment":"scroll","background-type":"","background-media":"","overlay-type":"","overlay-color":"","overlay-opacity":"","overlay-gradient":""}},"ast-content-background-meta":{"desktop":{"background-color":"var(--ast-global-color-5)","background-image":"","background-repeat":"repeat","background-position":"center center","background-size":"auto","background-attachment":"scroll","background-type":"","background-media":"","overlay-type":"","overlay-color":"","overlay-opacity":"","overlay-gradient":""},"tablet":{"background-color":"var(--ast-global-color-5)","background-image":"","background-repeat":"repeat","background-position":"center center","background-size":"auto","background-attachment":"scroll","background-type":"","background-media":"","overlay-type":"","overlay-color":"","overlay-opacity":"","overlay-gradient":""},"mobile":{"background-color":"var(--ast-global-color-5)","background-image":"","background-repeat":"repeat","background-position":"center center","background-size":"auto","background-attachment":"scroll","background-type":"","background-media":"","overlay-type":"","overlay-color":"","overlay-opacity":"","overlay-gradient":""}}},"product_brand":[],"product_cat":[25],"product_tag":[81,102,91,92],"class_list":{"0":"post-515","1":"product","2":"type-product","3":"status-publish","4":"has-post-thumbnail","6":"product_cat-round-liner","7":"product_tag-cartridge-tattoo-needles","8":"product_tag-rotary-tattoo-needles","9":"product_tag-tattoo-equipment","10":"product_tag-tattoo-machines-parts","11":"pa_brand-rightstuff","12":"desktop-align-center","13":"tablet-align-left","14":"mobile-align-left","15":"ast-product-gallery-layout-horizontal-slider","16":"ast-product-gallery-with-no-image","17":"ast-product-tabs-layout-horizontal","19":"first","20":"outofstock","21":"taxable","22":"shipping-taxable","23":"purchasable","24":"product-type-simple"},"_links":{"self":[{"href":"https:\/\/rightstuff.eu\/es\/wp-json\/wp\/v2\/product\/515","targetHints":{"allow":["GET"]}}],"collection":[{"href":"https:\/\/rightstuff.eu\/es\/wp-json\/wp\/v2\/product"}],"about":[{"href":"https:\/\/rightstuff.eu\/es\/wp-json\/wp\/v2\/types\/product"}],"replies":[{"embeddable":true,"href":"https:\/\/rightstuff.eu\/es\/wp-json\/wp\/v2\/comments?post=515"}],"version-history":[{"count":0,"href":"https:\/\/rightstuff.eu\/es\/wp-json\/wp\/v2\/product\/515\/revisions"}],"wp:featuredmedia":[{"embeddable":true,"href":"https:\/\/rightstuff.eu\/es\/wp-json\/wp\/v2\/media\/28752"}],"wp:attachment":[{"href":"https:\/\/rightstuff.eu\/es\/wp-json\/wp\/v2\/media?parent=515"}],"wp:term":[{"taxonomy":"product_brand","embeddable":true,"href":"https:\/\/rightstuff.eu\/es\/wp-json\/wp\/v2\/product_brand?post=515"},{"taxonomy":"product_cat","embeddable":true,"href":"https:\/\/rightstuff.eu\/es\/wp-json\/wp\/v2\/product_cat?post=515"},{"taxonomy":"product_tag","embeddable":true,"href":"https:\/\/rightstuff.eu\/es\/wp-json\/wp\/v2\/product_tag?post=515"}],"curies":[{"name":"wp","href":"https:\/\/api.w.org\/{rel}","templated":true}]}}