{"id":513,"date":"2013-11-23T19:00:00","date_gmt":"2013-11-23T16:00:00","guid":{"rendered":"https:\/\/rightstuff.eu\/shop\/uncategorized\/9rl\/"},"modified":"2025-01-22T01:37:19","modified_gmt":"2025-01-22T00:37:19","slug":"9rl","status":"publish","type":"product","link":"https:\/\/rightstuff.eu\/es\/producto\/9rl\/","title":{"rendered":"Aguja de camisa redonda 9RL"},"content":{"rendered":"<p>El tatuaje es un arte de comunicaci\u00f3n y comprensi\u00f3n de las personas y de darles im\u00e1genes en la piel que pueden mejorar su estado de \u00e1nimo y aportar mucho positivo a su vida. Las mujeres y los hombres, que s\u00f3lo desean crear algo muy bello y significativo en su cuerpo, acuden a un maestro del tatuaje para pedirle ayuda en la elecci\u00f3n de una imagen que se crear\u00e1 posteriormente en su piel.<\/p>\n<p>Los verdaderos profesionales del tatuaje son grandes psic\u00f3logos: nunca ofrecer\u00e1n a una joven que cubra todo su cuerpo con tatuajes que asusten, y, naturalmente, disuadir\u00e1n a una persona de tatuarse algunos lemas agresivos que m\u00e1s tarde puedan traerle demasiados problemas.<\/p>\n<p>El tatuador, que ve a un cliente con muchos tatuajes, puede ofrecerle a\u00f1adir alguna imagen original a su \"colecci\u00f3n\". Normalmente, para crear algunas im\u00e1genes de fantas\u00eda, trabaja con la aguja de liner redonda 9RL (0,30-0,35 mm I de di\u00e1metro). Al penetrar en la piel, estas agujas dejan tinta bajo ella, y -paso a paso- crean una l\u00ednea gruesa y s\u00f3lida que forma una imagen original.<\/p>","protected":false},"excerpt":{"rendered":"<p>50 unidades\/paquete<\/p>","protected":false},"featured_media":28750,"comment_status":"open","ping_status":"closed","template":"","meta":{"site-sidebar-layout":"","site-content-layout":"","ast-site-content-layout":"default","site-content-style":"default","site-sidebar-style":"default","ast-global-header-display":"","ast-banner-title-visibility":"","ast-main-header-display":"","ast-hfb-above-header-display":"","ast-hfb-below-header-display":"","ast-hfb-mobile-header-display":"","site-post-title":"","ast-breadcrumbs-content":"","ast-featured-img":"","footer-sml-layout":"","ast-disable-related-posts":"","theme-transparent-header-meta":"","adv-header-id-meta":"","stick-header-meta":"","header-above-stick-meta":"","header-main-stick-meta":"","header-below-stick-meta":"","astra-migrate-meta-layouts":"default","ast-page-background-enabled":"default","ast-page-background-meta":{"desktop":{"background-color":"var(--ast-global-color-4)","background-image":"","background-repeat":"repeat","background-position":"center center","background-size":"auto","background-attachment":"scroll","background-type":"","background-media":"","overlay-type":"","overlay-color":"","overlay-opacity":"","overlay-gradient":""},"tablet":{"background-color":"","background-image":"","background-repeat":"repeat","background-position":"center center","background-size":"auto","background-attachment":"scroll","background-type":"","background-media":"","overlay-type":"","overlay-color":"","overlay-opacity":"","overlay-gradient":""},"mobile":{"background-color":"","background-image":"","background-repeat":"repeat","background-position":"center center","background-size":"auto","background-attachment":"scroll","background-type":"","background-media":"","overlay-type":"","overlay-color":"","overlay-opacity":"","overlay-gradient":""}},"ast-content-background-meta":{"desktop":{"background-color":"var(--ast-global-color-5)","background-image":"","background-repeat":"repeat","background-position":"center center","background-size":"auto","background-attachment":"scroll","background-type":"","background-media":"","overlay-type":"","overlay-color":"","overlay-opacity":"","overlay-gradient":""},"tablet":{"background-color":"var(--ast-global-color-5)","background-image":"","background-repeat":"repeat","background-position":"center center","background-size":"auto","background-attachment":"scroll","background-type":"","background-media":"","overlay-type":"","overlay-color":"","overlay-opacity":"","overlay-gradient":""},"mobile":{"background-color":"var(--ast-global-color-5)","background-image":"","background-repeat":"repeat","background-position":"center center","background-size":"auto","background-attachment":"scroll","background-type":"","background-media":"","overlay-type":"","overlay-color":"","overlay-opacity":"","overlay-gradient":""}}},"product_brand":[],"product_cat":[25],"product_tag":[81,102,91,92],"class_list":{"0":"post-513","1":"product","2":"type-product","3":"status-publish","4":"has-post-thumbnail","6":"product_cat-round-liner","7":"product_tag-cartridge-tattoo-needles","8":"product_tag-rotary-tattoo-needles","9":"product_tag-tattoo-equipment","10":"product_tag-tattoo-machines-parts","11":"pa_brand-rightstuff","12":"desktop-align-center","13":"tablet-align-left","14":"mobile-align-left","15":"ast-product-gallery-layout-horizontal-slider","16":"ast-product-gallery-with-no-image","17":"ast-product-tabs-layout-horizontal","19":"first","20":"outofstock","21":"taxable","22":"shipping-taxable","23":"purchasable","24":"product-type-simple"},"_links":{"self":[{"href":"https:\/\/rightstuff.eu\/es\/wp-json\/wp\/v2\/product\/513","targetHints":{"allow":["GET"]}}],"collection":[{"href":"https:\/\/rightstuff.eu\/es\/wp-json\/wp\/v2\/product"}],"about":[{"href":"https:\/\/rightstuff.eu\/es\/wp-json\/wp\/v2\/types\/product"}],"replies":[{"embeddable":true,"href":"https:\/\/rightstuff.eu\/es\/wp-json\/wp\/v2\/comments?post=513"}],"version-history":[{"count":0,"href":"https:\/\/rightstuff.eu\/es\/wp-json\/wp\/v2\/product\/513\/revisions"}],"wp:featuredmedia":[{"embeddable":true,"href":"https:\/\/rightstuff.eu\/es\/wp-json\/wp\/v2\/media\/28750"}],"wp:attachment":[{"href":"https:\/\/rightstuff.eu\/es\/wp-json\/wp\/v2\/media?parent=513"}],"wp:term":[{"taxonomy":"product_brand","embeddable":true,"href":"https:\/\/rightstuff.eu\/es\/wp-json\/wp\/v2\/product_brand?post=513"},{"taxonomy":"product_cat","embeddable":true,"href":"https:\/\/rightstuff.eu\/es\/wp-json\/wp\/v2\/product_cat?post=513"},{"taxonomy":"product_tag","embeddable":true,"href":"https:\/\/rightstuff.eu\/es\/wp-json\/wp\/v2\/product_tag?post=513"}],"curies":[{"name":"wp","href":"https:\/\/api.w.org\/{rel}","templated":true}]}}