{"id":511,"date":"2013-11-23T22:40:00","date_gmt":"2013-11-23T20:40:00","guid":{"rendered":"https:\/\/rightstuff.eu\/shop\/uncategorized\/5rl\/"},"modified":"2025-01-22T01:37:18","modified_gmt":"2025-01-22T00:37:18","slug":"5rl","status":"publish","type":"product","link":"https:\/\/rightstuff.eu\/es\/producto\/5rl\/","title":{"rendered":"Aguja de camisa redonda 5RL"},"content":{"rendered":"<p>El tatuaje contempor\u00e1neo actual comparte formal y visualmente la definici\u00f3n de \"artesan\u00eda\" y \"arte\". Sin embargo, ciertamente difiere demasiado de lo que estamos acostumbrados a entender por la palabra ARTE. Por regla general, no puedes comprar ni vender un tatuaje, una vez hecho para ti, como puedes hacer con las pinturas habituales.<\/p>\n<p>Mientras tanto, puedes sentir casi f\u00edsicamente c\u00f3mo un tatuaje ha cambiado tu vida. Naturalmente, si la imagen de tu piel tiene alg\u00fan significado secreto, puedes inspirarte en que te ayudar\u00e1 a hacer frente al mal y a las travesuras. Curioso, pero funciona. Los artistas del tatuaje, que llevan a\u00f1os trabajando en este negocio, conocen a muchos clientes que consiguieron cambiar su vida despu\u00e9s de hacerse un tatuaje \"con significado\".<\/p>\n<p>Ciertamente, estos tatuajes \"\u00fatiles\" s\u00f3lo pueden crearse cuando <a href=\"https:\/\/rightstuff.eu\/product-tag\/tattoo-supplies\/\">equipo profesional<\/a>se utilizan agujas de buena calidad.<\/p>\n<p>Las agujas de liner redondas 5RL de acero inoxidable que tienen 0,35 mm de di\u00e1metro, deben estar presentes en el estudio de cualquier artista del tatuaje o guardarse en su armario cuando el tipo trabaja en casa. Estas agujas de tatuaje, fabricadas para realizar l\u00edneas de longitud media, pueden encargarse online en cualquier momento que te convenga.<\/p>","protected":false},"excerpt":{"rendered":"<p>50 unidades\/paquete<\/p>","protected":false},"featured_media":1177,"comment_status":"open","ping_status":"closed","template":"","meta":{"site-sidebar-layout":"","site-content-layout":"","ast-site-content-layout":"default","site-content-style":"default","site-sidebar-style":"default","ast-global-header-display":"","ast-banner-title-visibility":"","ast-main-header-display":"","ast-hfb-above-header-display":"","ast-hfb-below-header-display":"","ast-hfb-mobile-header-display":"","site-post-title":"","ast-breadcrumbs-content":"","ast-featured-img":"","footer-sml-layout":"","ast-disable-related-posts":"","theme-transparent-header-meta":"","adv-header-id-meta":"","stick-header-meta":"","header-above-stick-meta":"","header-main-stick-meta":"","header-below-stick-meta":"","astra-migrate-meta-layouts":"default","ast-page-background-enabled":"default","ast-page-background-meta":{"desktop":{"background-color":"var(--ast-global-color-4)","background-image":"","background-repeat":"repeat","background-position":"center center","background-size":"auto","background-attachment":"scroll","background-type":"","background-media":"","overlay-type":"","overlay-color":"","overlay-opacity":"","overlay-gradient":""},"tablet":{"background-color":"","background-image":"","background-repeat":"repeat","background-position":"center center","background-size":"auto","background-attachment":"scroll","background-type":"","background-media":"","overlay-type":"","overlay-color":"","overlay-opacity":"","overlay-gradient":""},"mobile":{"background-color":"","background-image":"","background-repeat":"repeat","background-position":"center center","background-size":"auto","background-attachment":"scroll","background-type":"","background-media":"","overlay-type":"","overlay-color":"","overlay-opacity":"","overlay-gradient":""}},"ast-content-background-meta":{"desktop":{"background-color":"var(--ast-global-color-5)","background-image":"","background-repeat":"repeat","background-position":"center center","background-size":"auto","background-attachment":"scroll","background-type":"","background-media":"","overlay-type":"","overlay-color":"","overlay-opacity":"","overlay-gradient":""},"tablet":{"background-color":"var(--ast-global-color-5)","background-image":"","background-repeat":"repeat","background-position":"center center","background-size":"auto","background-attachment":"scroll","background-type":"","background-media":"","overlay-type":"","overlay-color":"","overlay-opacity":"","overlay-gradient":""},"mobile":{"background-color":"var(--ast-global-color-5)","background-image":"","background-repeat":"repeat","background-position":"center center","background-size":"auto","background-attachment":"scroll","background-type":"","background-media":"","overlay-type":"","overlay-color":"","overlay-opacity":"","overlay-gradient":""}}},"product_brand":[],"product_cat":[25],"product_tag":[81,102,91,92],"class_list":{"0":"post-511","1":"product","2":"type-product","3":"status-publish","4":"has-post-thumbnail","6":"product_cat-round-liner","7":"product_tag-cartridge-tattoo-needles","8":"product_tag-rotary-tattoo-needles","9":"product_tag-tattoo-equipment","10":"product_tag-tattoo-machines-parts","11":"pa_brand-rightstuff","12":"desktop-align-center","13":"tablet-align-left","14":"mobile-align-left","15":"ast-product-gallery-layout-horizontal-slider","16":"ast-product-gallery-with-no-image","17":"ast-product-tabs-layout-horizontal","19":"first","20":"outofstock","21":"taxable","22":"shipping-taxable","23":"purchasable","24":"product-type-simple"},"_links":{"self":[{"href":"https:\/\/rightstuff.eu\/es\/wp-json\/wp\/v2\/product\/511","targetHints":{"allow":["GET"]}}],"collection":[{"href":"https:\/\/rightstuff.eu\/es\/wp-json\/wp\/v2\/product"}],"about":[{"href":"https:\/\/rightstuff.eu\/es\/wp-json\/wp\/v2\/types\/product"}],"replies":[{"embeddable":true,"href":"https:\/\/rightstuff.eu\/es\/wp-json\/wp\/v2\/comments?post=511"}],"version-history":[{"count":0,"href":"https:\/\/rightstuff.eu\/es\/wp-json\/wp\/v2\/product\/511\/revisions"}],"wp:featuredmedia":[{"embeddable":true,"href":"https:\/\/rightstuff.eu\/es\/wp-json\/wp\/v2\/media\/1177"}],"wp:attachment":[{"href":"https:\/\/rightstuff.eu\/es\/wp-json\/wp\/v2\/media?parent=511"}],"wp:term":[{"taxonomy":"product_brand","embeddable":true,"href":"https:\/\/rightstuff.eu\/es\/wp-json\/wp\/v2\/product_brand?post=511"},{"taxonomy":"product_cat","embeddable":true,"href":"https:\/\/rightstuff.eu\/es\/wp-json\/wp\/v2\/product_cat?post=511"},{"taxonomy":"product_tag","embeddable":true,"href":"https:\/\/rightstuff.eu\/es\/wp-json\/wp\/v2\/product_tag?post=511"}],"curies":[{"name":"wp","href":"https:\/\/api.w.org\/{rel}","templated":true}]}}