{"id":49427,"date":"2020-05-25T19:37:35","date_gmt":"2020-05-25T16:37:35","guid":{"rendered":"https:\/\/rightstuff.eu\/?post_type=product&#038;p=49427"},"modified":"2025-01-22T01:32:15","modified_gmt":"2025-01-22T00:32:15","slug":"pen-tattoo-machine-finer-28mm-grip-gold","status":"publish","type":"product","link":"https:\/\/rightstuff.eu\/es\/producto\/pen-tattoo-machine-finer-28mm-grip-gold\/","title":{"rendered":"Bol\u00edgrafo m\u00e1quina de tatuar Finer -28mm grip (Oro)"},"content":{"rendered":"<p dir=\"auto\" data-pm-slice=\"1 1 []\">Finer es la m\u00e1quina de tatuar con bol\u00edgrafo perfecta para quienes se dedican al maquillaje permanente -PMU. Es una m\u00e1quina de tatuar elegante y con estilo que tiene el tama\u00f1o y el peso ideales para cualquier usuario. Tiene una empu\u00f1adura para un agarre c\u00f3modo y ocho vatios de potencia para un movimiento r\u00e1pido de la aguja. La longitud de trazo de 3,2 mm te ayudar\u00e1 a conseguir resultados \u00f3ptimos con tus creaciones de maquillaje. La longitud de profundidad de la aguja se puede ajustar hasta 4 mm<\/p>","protected":false},"excerpt":{"rendered":"<p>M\u00e1quina de tatuaje con bol\u00edgrafo Finer Gold<\/p>\n<p>M\u00e1quina PMU<\/p>\n<p>Longitud 120 mm, di\u00e1metro 21 mm<br \/>\nEmpu\u00f1adura 28mm<\/p>\n<p>Compatible con todos los cartuchos est\u00e1ndar<\/p>\n<p>te recomendamos que utilices nuestro <a href=\"https:\/\/rightstuff.eu\/tattoo-cartridges\/\">Cartuchos RightStripes<\/a><\/p>\n<p>Carrera 3,2 mm<\/p>\n<p>Motor sin n\u00facleo de 8w de alta eficiencia<br \/>\nHasta 4 mm de profundidad de aguja<br \/>\n10000 RPM<br \/>\nTensi\u00f3n preferida 4,5-12 voltios<\/p>\n<p>Conexi\u00f3n RCA<br \/>\nCuerpo de aluminio<br \/>\nPeso 86 gr.<\/p>","protected":false},"featured_media":0,"comment_status":"open","ping_status":"closed","template":"","meta":{"site-sidebar-layout":"default","site-content-layout":"default","ast-site-content-layout":"default","site-content-style":"default","site-sidebar-style":"default","ast-global-header-display":"","ast-banner-title-visibility":"","ast-main-header-display":"","ast-hfb-above-header-display":"","ast-hfb-below-header-display":"","ast-hfb-mobile-header-display":"","site-post-title":"","ast-breadcrumbs-content":"","ast-featured-img":"","footer-sml-layout":"","ast-disable-related-posts":"","theme-transparent-header-meta":"default","adv-header-id-meta":"","stick-header-meta":"default","header-above-stick-meta":"","header-main-stick-meta":"","header-below-stick-meta":"","astra-migrate-meta-layouts":"set","ast-page-background-enabled":"default","ast-page-background-meta":{"desktop":{"background-color":"var(--ast-global-color-4)","background-image":"","background-repeat":"repeat","background-position":"center center","background-size":"auto","background-attachment":"scroll","background-type":"","background-media":"","overlay-type":"","overlay-color":"","overlay-opacity":"","overlay-gradient":""},"tablet":{"background-color":"","background-image":"","background-repeat":"repeat","background-position":"center center","background-size":"auto","background-attachment":"scroll","background-type":"","background-media":"","overlay-type":"","overlay-color":"","overlay-opacity":"","overlay-gradient":""},"mobile":{"background-color":"","background-image":"","background-repeat":"repeat","background-position":"center center","background-size":"auto","background-attachment":"scroll","background-type":"","background-media":"","overlay-type":"","overlay-color":"","overlay-opacity":"","overlay-gradient":""}},"ast-content-background-meta":{"desktop":{"background-color":"var(--ast-global-color-5)","background-image":"","background-repeat":"repeat","background-position":"center center","background-size":"auto","background-attachment":"scroll","background-type":"","background-media":"","overlay-type":"","overlay-color":"","overlay-opacity":"","overlay-gradient":""},"tablet":{"background-color":"var(--ast-global-color-5)","background-image":"","background-repeat":"repeat","background-position":"center center","background-size":"auto","background-attachment":"scroll","background-type":"","background-media":"","overlay-type":"","overlay-color":"","overlay-opacity":"","overlay-gradient":""},"mobile":{"background-color":"var(--ast-global-color-5)","background-image":"","background-repeat":"repeat","background-position":"center center","background-size":"auto","background-attachment":"scroll","background-type":"","background-media":"","overlay-type":"","overlay-color":"","overlay-opacity":"","overlay-gradient":""}}},"product_brand":[],"product_cat":[1803],"product_tag":[101,93,100,99,53,1799,50,87,98,48,97,1792,71,91,95,52,41,51],"class_list":{"0":"post-49427","1":"product","2":"type-product","3":"status-publish","5":"product_cat-pen-tattoo-machines","6":"product_tag-custom-rotary-machines","7":"product_tag-custom-tattoo-guns","8":"product_tag-handmade-rotary-tattoo-machines","9":"product_tag-handmade-tattoo-machines","10":"product_tag-hornet-tattoo-machine","11":"product_tag-macchinette-rotative-per-tatuaggi","12":"product_tag-pen-tattoo-machine","13":"product_tag-professional-tattoo-machines","14":"product_tag-rotary-tattoo-guns","15":"product_tag-rotary-tattoo-machine","16":"product_tag-rotary-tattoo-pen","17":"product_tag-rotary-tattoomaschinen","18":"product_tag-tattoo-cartridges","19":"product_tag-tattoo-equipment","20":"product_tag-tattoo-guns","21":"product_tag-tattoo-machine-pen","22":"product_tag-tattoo-machines","23":"product_tag-tattoo-pen","24":"pa_brand-rightstuff","25":"desktop-align-center","26":"tablet-align-left","27":"mobile-align-left","28":"ast-product-gallery-layout-horizontal-slider","29":"ast-product-gallery-with-no-image","30":"ast-product-tabs-layout-horizontal","32":"first","33":"outofstock","34":"purchasable","35":"product-type-simple"},"_links":{"self":[{"href":"https:\/\/rightstuff.eu\/es\/wp-json\/wp\/v2\/product\/49427","targetHints":{"allow":["GET"]}}],"collection":[{"href":"https:\/\/rightstuff.eu\/es\/wp-json\/wp\/v2\/product"}],"about":[{"href":"https:\/\/rightstuff.eu\/es\/wp-json\/wp\/v2\/types\/product"}],"replies":[{"embeddable":true,"href":"https:\/\/rightstuff.eu\/es\/wp-json\/wp\/v2\/comments?post=49427"}],"version-history":[{"count":0,"href":"https:\/\/rightstuff.eu\/es\/wp-json\/wp\/v2\/product\/49427\/revisions"}],"wp:attachment":[{"href":"https:\/\/rightstuff.eu\/es\/wp-json\/wp\/v2\/media?parent=49427"}],"wp:term":[{"taxonomy":"product_brand","embeddable":true,"href":"https:\/\/rightstuff.eu\/es\/wp-json\/wp\/v2\/product_brand?post=49427"},{"taxonomy":"product_cat","embeddable":true,"href":"https:\/\/rightstuff.eu\/es\/wp-json\/wp\/v2\/product_cat?post=49427"},{"taxonomy":"product_tag","embeddable":true,"href":"https:\/\/rightstuff.eu\/es\/wp-json\/wp\/v2\/product_tag?post=49427"}],"curies":[{"name":"wp","href":"https:\/\/api.w.org\/{rel}","templated":true}]}}