{"id":31892,"date":"2019-04-17T22:23:47","date_gmt":"2019-04-17T20:23:47","guid":{"rendered":"https:\/\/rightstuff.eu\/?post_type=product&#038;p=31892"},"modified":"2025-01-22T01:32:24","modified_gmt":"2025-01-22T00:32:24","slug":"round-liner-cartridge-3rl-025","status":"publish","type":"product","link":"https:\/\/rightstuff.eu\/es\/producto\/round-liner-cartridge-3rl-025\/","title":{"rendered":"Cartucho liner redondo 3RL -0,25"},"content":{"rendered":"<p>Los cartuchos de agujas de tatuaje 3RL son de acero inoxidable 316L y est\u00e1n preesterilizados con gas EO. El cartucho de agujas de tatuaje es una parte integral de la m\u00e1quina de tatuar. Las agujas c\u00f3nicas largas, microtexturizadas y de 0,25 mm facilitan el tatuaje de varias zonas. Las 20 unidades\/paquete garantizan un suministro suficiente para tu pr\u00f3ximo tatuaje.<\/p>","protected":false},"excerpt":{"rendered":"<p>Conicidad larga<\/p>\n<p>Microtexturizado<\/p>\n<p>Agujas de 0,25 mm<\/p>\n<p>20 unidades\/paquete<\/p>","protected":false},"featured_media":32008,"comment_status":"open","ping_status":"closed","template":"","meta":{"site-sidebar-layout":"","site-content-layout":"","ast-site-content-layout":"default","site-content-style":"default","site-sidebar-style":"default","ast-global-header-display":"","ast-banner-title-visibility":"","ast-main-header-display":"","ast-hfb-above-header-display":"","ast-hfb-below-header-display":"","ast-hfb-mobile-header-display":"","site-post-title":"","ast-breadcrumbs-content":"","ast-featured-img":"","footer-sml-layout":"","ast-disable-related-posts":"","theme-transparent-header-meta":"","adv-header-id-meta":"","stick-header-meta":"","header-above-stick-meta":"","header-main-stick-meta":"","header-below-stick-meta":"","astra-migrate-meta-layouts":"default","ast-page-background-enabled":"default","ast-page-background-meta":{"desktop":{"background-color":"var(--ast-global-color-4)","background-image":"","background-repeat":"repeat","background-position":"center center","background-size":"auto","background-attachment":"scroll","background-type":"","background-media":"","overlay-type":"","overlay-color":"","overlay-opacity":"","overlay-gradient":""},"tablet":{"background-color":"","background-image":"","background-repeat":"repeat","background-position":"center center","background-size":"auto","background-attachment":"scroll","background-type":"","background-media":"","overlay-type":"","overlay-color":"","overlay-opacity":"","overlay-gradient":""},"mobile":{"background-color":"","background-image":"","background-repeat":"repeat","background-position":"center center","background-size":"auto","background-attachment":"scroll","background-type":"","background-media":"","overlay-type":"","overlay-color":"","overlay-opacity":"","overlay-gradient":""}},"ast-content-background-meta":{"desktop":{"background-color":"var(--ast-global-color-5)","background-image":"","background-repeat":"repeat","background-position":"center center","background-size":"auto","background-attachment":"scroll","background-type":"","background-media":"","overlay-type":"","overlay-color":"","overlay-opacity":"","overlay-gradient":""},"tablet":{"background-color":"var(--ast-global-color-5)","background-image":"","background-repeat":"repeat","background-position":"center center","background-size":"auto","background-attachment":"scroll","background-type":"","background-media":"","overlay-type":"","overlay-color":"","overlay-opacity":"","overlay-gradient":""},"mobile":{"background-color":"var(--ast-global-color-5)","background-image":"","background-repeat":"repeat","background-position":"center center","background-size":"auto","background-attachment":"scroll","background-type":"","background-media":"","overlay-type":"","overlay-color":"","overlay-opacity":"","overlay-gradient":""}}},"product_brand":[],"product_cat":[224],"product_tag":[81,308,306,310,309,307,102,71,91,92,1793],"class_list":{"0":"post-31892","1":"product","2":"type-product","3":"status-publish","4":"has-post-thumbnail","6":"product_cat-round-liner-cartridges","7":"product_tag-cartridge-tattoo-needles","8":"product_tag-disposable-tattoo-cartridge","9":"product_tag-needle-cartridge","10":"product_tag-premium-cartridge","11":"product_tag-premium-needle-cartridge","12":"product_tag-rightstripes","13":"product_tag-rotary-tattoo-needles","14":"product_tag-tattoo-cartridges","15":"product_tag-tattoo-equipment","16":"product_tag-tattoo-machines-parts","17":"product_tag-tattoonadeln-cartridges","18":"pa_brand-rightstuff","19":"pa_quantity-5-pcs","20":"pa_quantity-box-of-20","21":"desktop-align-center","22":"tablet-align-left","23":"mobile-align-left","24":"ast-product-gallery-layout-horizontal-slider","25":"ast-product-gallery-with-no-image","26":"ast-product-single-variable","27":"ast-product-tabs-layout-horizontal","29":"first","30":"instock","31":"taxable","32":"shipping-taxable","33":"purchasable","34":"product-type-variable"},"_links":{"self":[{"href":"https:\/\/rightstuff.eu\/es\/wp-json\/wp\/v2\/product\/31892","targetHints":{"allow":["GET"]}}],"collection":[{"href":"https:\/\/rightstuff.eu\/es\/wp-json\/wp\/v2\/product"}],"about":[{"href":"https:\/\/rightstuff.eu\/es\/wp-json\/wp\/v2\/types\/product"}],"replies":[{"embeddable":true,"href":"https:\/\/rightstuff.eu\/es\/wp-json\/wp\/v2\/comments?post=31892"}],"version-history":[{"count":0,"href":"https:\/\/rightstuff.eu\/es\/wp-json\/wp\/v2\/product\/31892\/revisions"}],"wp:featuredmedia":[{"embeddable":true,"href":"https:\/\/rightstuff.eu\/es\/wp-json\/wp\/v2\/media\/32008"}],"wp:attachment":[{"href":"https:\/\/rightstuff.eu\/es\/wp-json\/wp\/v2\/media?parent=31892"}],"wp:term":[{"taxonomy":"product_brand","embeddable":true,"href":"https:\/\/rightstuff.eu\/es\/wp-json\/wp\/v2\/product_brand?post=31892"},{"taxonomy":"product_cat","embeddable":true,"href":"https:\/\/rightstuff.eu\/es\/wp-json\/wp\/v2\/product_cat?post=31892"},{"taxonomy":"product_tag","embeddable":true,"href":"https:\/\/rightstuff.eu\/es\/wp-json\/wp\/v2\/product_tag?post=31892"}],"curies":[{"name":"wp","href":"https:\/\/api.w.org\/{rel}","templated":true}]}}