{"id":31234,"date":"2018-06-07T17:57:25","date_gmt":"2018-06-07T14:57:25","guid":{"rendered":"https:\/\/rightstuff.eu\/?post_type=product&#038;p=31234"},"modified":"2026-03-20T15:29:27","modified_gmt":"2026-03-20T14:29:27","slug":"cartridge-click-grip-25-mm","status":"publish","type":"product","link":"https:\/\/rightstuff.eu\/es\/producto\/cartridge-click-grip-25-mm\/","title":{"rendered":"Cartucho Click Grip 25 mm"},"content":{"rendered":"<p>El Agarre de Cartucho Ajustable RightStuff es un agarre para tatuajes de alta calidad, dise\u00f1ado con precisi\u00f3n y fabricado en acero y aluminio. Ofrece una profundidad de aguja ajustable de 1 mm a 5 mm, lo que te permite personalizar el agarre para obtener el m\u00e1ximo control y precisi\u00f3n. Esta empu\u00f1adura est\u00e1 dise\u00f1ada para adaptarse a todos los cartuchos est\u00e1ndar y es autoclavable hasta 138\u00b0 Celsius. Con un peso de 64 gramos y un di\u00e1metro de 25 mm, este agarre proporciona una sensaci\u00f3n segura y c\u00f3moda que te ayudar\u00e1 a conseguir el m\u00e1ximo nivel de detalle en tu trabajo.<\/p>","protected":false},"excerpt":{"rendered":"<p>Empu\u00f1adura de cartucho ajustable.<br \/>\nDe acero y aluminio.<br \/>\nProfundidad de la aguja del cartucho ajustable.<br \/>\nDi\u00e1metro -25 mm<br \/>\nPeso - 64 gramos<\/p>\n<p>Autoclavable hasta t-138 Celsio<\/p>\n<p>Barra motriz de 90 mm incluida<\/p>","protected":false},"featured_media":31235,"comment_status":"open","ping_status":"closed","template":"","meta":{"site-sidebar-layout":"default","site-content-layout":"","ast-site-content-layout":"default","site-content-style":"default","site-sidebar-style":"default","ast-global-header-display":"","ast-banner-title-visibility":"","ast-main-header-display":"","ast-hfb-above-header-display":"","ast-hfb-below-header-display":"","ast-hfb-mobile-header-display":"","site-post-title":"","ast-breadcrumbs-content":"","ast-featured-img":"","footer-sml-layout":"","ast-disable-related-posts":"","theme-transparent-header-meta":"default","adv-header-id-meta":"","stick-header-meta":"default","header-above-stick-meta":"","header-main-stick-meta":"","header-below-stick-meta":"","astra-migrate-meta-layouts":"set","ast-page-background-enabled":"default","ast-page-background-meta":{"desktop":{"background-color":"var(--ast-global-color-4)","background-image":"","background-repeat":"repeat","background-position":"center center","background-size":"auto","background-attachment":"scroll","background-type":"","background-media":"","overlay-type":"","overlay-color":"","overlay-opacity":"","overlay-gradient":""},"tablet":{"background-color":"","background-image":"","background-repeat":"repeat","background-position":"center center","background-size":"auto","background-attachment":"scroll","background-type":"","background-media":"","overlay-type":"","overlay-color":"","overlay-opacity":"","overlay-gradient":""},"mobile":{"background-color":"","background-image":"","background-repeat":"repeat","background-position":"center center","background-size":"auto","background-attachment":"scroll","background-type":"","background-media":"","overlay-type":"","overlay-color":"","overlay-opacity":"","overlay-gradient":""}},"ast-content-background-meta":{"desktop":{"background-color":"var(--ast-global-color-5)","background-image":"","background-repeat":"repeat","background-position":"center center","background-size":"auto","background-attachment":"scroll","background-type":"","background-media":"","overlay-type":"","overlay-color":"","overlay-opacity":"","overlay-gradient":""},"tablet":{"background-color":"var(--ast-global-color-5)","background-image":"","background-repeat":"repeat","background-position":"center center","background-size":"auto","background-attachment":"scroll","background-type":"","background-media":"","overlay-type":"","overlay-color":"","overlay-opacity":"","overlay-gradient":""},"mobile":{"background-color":"var(--ast-global-color-5)","background-image":"","background-repeat":"repeat","background-position":"center center","background-size":"auto","background-attachment":"scroll","background-type":"","background-media":"","overlay-type":"","overlay-color":"","overlay-opacity":"","overlay-gradient":""}}},"product_brand":[],"product_cat":[106,2011],"product_tag":[1804,109,107,110,108],"class_list":{"0":"post-31234","1":"product","2":"type-product","3":"status-publish","4":"has-post-thumbnail","6":"product_cat-cartridge-grips","7":"product_cat-cartridge-grips-cartridges","8":"product_tag-beginner-tattoo-kits","9":"product_tag-cartridge-grip","10":"product_tag-grip","11":"product_tag-tattoo-cartridge-grip","12":"product_tag-tattoo-grip","13":"pa_brand-rightstuff","14":"desktop-align-center","15":"tablet-align-left","16":"mobile-align-left","17":"ast-product-gallery-layout-horizontal-slider","18":"ast-product-gallery-with-no-image","19":"ast-product-tabs-layout-horizontal","21":"first","22":"instock","23":"taxable","24":"shipping-taxable","25":"purchasable","26":"product-type-simple"},"_links":{"self":[{"href":"https:\/\/rightstuff.eu\/es\/wp-json\/wp\/v2\/product\/31234","targetHints":{"allow":["GET"]}}],"collection":[{"href":"https:\/\/rightstuff.eu\/es\/wp-json\/wp\/v2\/product"}],"about":[{"href":"https:\/\/rightstuff.eu\/es\/wp-json\/wp\/v2\/types\/product"}],"replies":[{"embeddable":true,"href":"https:\/\/rightstuff.eu\/es\/wp-json\/wp\/v2\/comments?post=31234"}],"version-history":[{"count":0,"href":"https:\/\/rightstuff.eu\/es\/wp-json\/wp\/v2\/product\/31234\/revisions"}],"wp:featuredmedia":[{"embeddable":true,"href":"https:\/\/rightstuff.eu\/es\/wp-json\/wp\/v2\/media\/31235"}],"wp:attachment":[{"href":"https:\/\/rightstuff.eu\/es\/wp-json\/wp\/v2\/media?parent=31234"}],"wp:term":[{"taxonomy":"product_brand","embeddable":true,"href":"https:\/\/rightstuff.eu\/es\/wp-json\/wp\/v2\/product_brand?post=31234"},{"taxonomy":"product_cat","embeddable":true,"href":"https:\/\/rightstuff.eu\/es\/wp-json\/wp\/v2\/product_cat?post=31234"},{"taxonomy":"product_tag","embeddable":true,"href":"https:\/\/rightstuff.eu\/es\/wp-json\/wp\/v2\/product_tag?post=31234"}],"curies":[{"name":"wp","href":"https:\/\/api.w.org\/{rel}","templated":true}]}}