{"id":31014,"date":"2018-03-22T20:10:28","date_gmt":"2018-03-22T17:10:28","guid":{"rendered":"https:\/\/rightstuff.eu\/?post_type=product&#038;p=31014"},"modified":"2025-07-26T14:54:34","modified_gmt":"2025-07-26T12:54:34","slug":"minidozzer-fastliner-alu-blck-red","status":"publish","type":"product","link":"https:\/\/rightstuff.eu\/es\/producto\/minidozzer-fastliner-alu-blck-red\/","title":{"rendered":"miniDOZZER FastLiner ALU BLCK\/RED"},"content":{"rendered":"<p>&nbsp;<\/p>\n<p>Los profesionales, que trabajan en tiendas de tatuajes populares, a menudo se re\u00fanen con muchos clientes al d\u00eda, trabajando entre 8 y 10 horas. Para crear im\u00e1genes de la piel, utilizan equipos especiales: aparatos para l\u00edneas y sombras. Por eso, debido a la vibraci\u00f3n procedente de estas m\u00e1quinas, sienten cierto cansancio y tensi\u00f3n en las manos. Trabajando con la m\u00e1quina de tatuar miniDOZZER FastLiner ALU, nunca tendr\u00e1s estas sensaciones desagradables e incluso dolorosas. El material del armaz\u00f3n de la unidad es aluminio aeron\u00e1utico 7075, por lo que el peso del aparato es de s\u00f3lo 145 gramos. Comparado con los liners fabricados para los mismos fines (crear l\u00edneas uniformes en la piel del cliente), este art\u00edculo es muy ligero y c\u00f3modo. Incluso trabajando con \u00e9l durante 8 horas, no sentir\u00e1s ninguna sensaci\u00f3n molesta.<\/p>\n<p>El art\u00edculo funciona con agujas de 3 -9 Rl. Realizando golpes medios, funciona muy r\u00e1pido a una frecuencia de 160 Hz y un voltaje de 6, 6 V. Esta pezonera compacta de 26 mil\u00edmetros y 9 vueltas de bobina es la herramienta perfecta para los profesionales. Sin embargo, la <a href=\"https:\/\/rightstuff.eu\/blog\/a-tattoo-artists-must-haves\/\">principiantes<\/a> aprender\u00e1s f\u00e1cilmente todos los detalles del trabajo con el material.<\/p>","protected":false},"excerpt":{"rendered":"<p>El bastidor est\u00e1 mecanizado a partir de una sola pieza de aluminio aeron\u00e1utico 7075<br \/>\nBobinas de alta calidad - 26 mm * 8 vueltas<br \/>\nHerrajes de acero pavonado<br \/>\nAgujas preferidas 3-9RL<br \/>\nTrazo medio<br \/>\nFunciona a 160hz a 6,6 voltios -sin carga<\/p>\n<p>Peso de la m\u00e1quina de tatuar 145gr.<\/p>","protected":false},"featured_media":57985,"comment_status":"open","ping_status":"closed","template":"","meta":{"site-sidebar-layout":"default","site-content-layout":"","ast-site-content-layout":"default","site-content-style":"default","site-sidebar-style":"default","ast-global-header-display":"","ast-banner-title-visibility":"","ast-main-header-display":"","ast-hfb-above-header-display":"","ast-hfb-below-header-display":"","ast-hfb-mobile-header-display":"","site-post-title":"","ast-breadcrumbs-content":"","ast-featured-img":"","footer-sml-layout":"","ast-disable-related-posts":"","theme-transparent-header-meta":"default","adv-header-id-meta":"","stick-header-meta":"default","header-above-stick-meta":"","header-main-stick-meta":"","header-below-stick-meta":"","astra-migrate-meta-layouts":"set","ast-page-background-enabled":"default","ast-page-background-meta":{"desktop":{"background-color":"var(--ast-global-color-4)","background-image":"","background-repeat":"repeat","background-position":"center center","background-size":"auto","background-attachment":"scroll","background-type":"","background-media":"","overlay-type":"","overlay-color":"","overlay-opacity":"","overlay-gradient":""},"tablet":{"background-color":"","background-image":"","background-repeat":"repeat","background-position":"center center","background-size":"auto","background-attachment":"scroll","background-type":"","background-media":"","overlay-type":"","overlay-color":"","overlay-opacity":"","overlay-gradient":""},"mobile":{"background-color":"","background-image":"","background-repeat":"repeat","background-position":"center center","background-size":"auto","background-attachment":"scroll","background-type":"","background-media":"","overlay-type":"","overlay-color":"","overlay-opacity":"","overlay-gradient":""}},"ast-content-background-meta":{"desktop":{"background-color":"var(--ast-global-color-5)","background-image":"","background-repeat":"repeat","background-position":"center center","background-size":"auto","background-attachment":"scroll","background-type":"","background-media":"","overlay-type":"","overlay-color":"","overlay-opacity":"","overlay-gradient":""},"tablet":{"background-color":"var(--ast-global-color-5)","background-image":"","background-repeat":"repeat","background-position":"center center","background-size":"auto","background-attachment":"scroll","background-type":"","background-media":"","overlay-type":"","overlay-color":"","overlay-opacity":"","overlay-gradient":""},"mobile":{"background-color":"var(--ast-global-color-5)","background-image":"","background-repeat":"repeat","background-position":"center center","background-size":"auto","background-attachment":"scroll","background-type":"","background-media":"","overlay-type":"","overlay-color":"","overlay-opacity":"","overlay-gradient":""}}},"product_brand":[],"product_cat":[32],"product_tag":[82,93,83,99,1801,87,91,95,72],"class_list":{"0":"post-31014","1":"product","2":"type-product","3":"status-publish","4":"has-post-thumbnail","6":"product_cat-dozzer","7":"product_tag-coil-tattoo-machines","8":"product_tag-custom-tattoo-guns","9":"product_tag-custom-tattoo-machines","10":"product_tag-handmade-tattoo-machines","11":"product_tag-machines-a-tatouer-les-bobines","12":"product_tag-professional-tattoo-machines","13":"product_tag-tattoo-equipment","14":"product_tag-tattoo-guns","15":"product_tag-tattoo-machine-coils","16":"pa_brand-rightstuff","17":"desktop-align-center","18":"tablet-align-left","19":"mobile-align-left","20":"ast-product-gallery-layout-horizontal-slider","21":"ast-product-tabs-layout-horizontal","23":"first","24":"instock","25":"taxable","26":"shipping-taxable","27":"purchasable","28":"product-type-simple"},"_links":{"self":[{"href":"https:\/\/rightstuff.eu\/es\/wp-json\/wp\/v2\/product\/31014","targetHints":{"allow":["GET"]}}],"collection":[{"href":"https:\/\/rightstuff.eu\/es\/wp-json\/wp\/v2\/product"}],"about":[{"href":"https:\/\/rightstuff.eu\/es\/wp-json\/wp\/v2\/types\/product"}],"replies":[{"embeddable":true,"href":"https:\/\/rightstuff.eu\/es\/wp-json\/wp\/v2\/comments?post=31014"}],"version-history":[{"count":0,"href":"https:\/\/rightstuff.eu\/es\/wp-json\/wp\/v2\/product\/31014\/revisions"}],"wp:featuredmedia":[{"embeddable":true,"href":"https:\/\/rightstuff.eu\/es\/wp-json\/wp\/v2\/media\/57985"}],"wp:attachment":[{"href":"https:\/\/rightstuff.eu\/es\/wp-json\/wp\/v2\/media?parent=31014"}],"wp:term":[{"taxonomy":"product_brand","embeddable":true,"href":"https:\/\/rightstuff.eu\/es\/wp-json\/wp\/v2\/product_brand?post=31014"},{"taxonomy":"product_cat","embeddable":true,"href":"https:\/\/rightstuff.eu\/es\/wp-json\/wp\/v2\/product_cat?post=31014"},{"taxonomy":"product_tag","embeddable":true,"href":"https:\/\/rightstuff.eu\/es\/wp-json\/wp\/v2\/product_tag?post=31014"}],"curies":[{"name":"wp","href":"https:\/\/api.w.org\/{rel}","templated":true}]}}