{"id":30099,"date":"2017-06-13T12:56:48","date_gmt":"2017-06-13T09:56:48","guid":{"rendered":"https:\/\/rightstuff.eu\/?post_type=product&#038;p=30099"},"modified":"2025-04-26T16:34:24","modified_gmt":"2025-04-26T14:34:24","slug":"hornet-tattoo-machine-grip-28mm-gold","status":"publish","type":"product","link":"https:\/\/rightstuff.eu\/es\/producto\/hornet-tattoo-machine-grip-28mm-gold\/","title":{"rendered":"Empu\u00f1adura Hornet 28mm - Oro"},"content":{"rendered":"<p>La empu\u00f1adura Hornet para m\u00e1quina de tatuar de 28 mm dorada tiene un cuerpo estampado para un agarre m\u00e1s c\u00f3modo y seguro de la m\u00e1quina de tatuar, <a href=\"https:\/\/rightstuff.eu\/tag\/wireless-tattoo-machine\/\">m\u00e1quina de tatuar inal\u00e1mbrica<\/a>. El dise\u00f1o ergon\u00f3mico de la pieza representa la sensaci\u00f3n de mayor comodidad y control al dibujar un dise\u00f1o de tatuaje. Incluso el artista del tatuaje m\u00e1s meticuloso apreciar\u00e1 enormemente la m\u00e1xima precisi\u00f3n y control que garantiza la empu\u00f1adura dorada de 28 mm para m\u00e1quinas de tatuar. Consigue una ahora en la reputada tienda Right Stuff, creada especialmente para artistas del tatuaje con talento, ya sean profesionales o inexpertos.<\/p>","protected":false},"excerpt":{"rendered":"<p>Empu\u00f1adura de aluminio para Bol\u00edgrafo Hornet giratorio<\/p>","protected":false},"featured_media":49251,"comment_status":"open","ping_status":"closed","template":"","meta":{"site-sidebar-layout":"default","site-content-layout":"default","ast-site-content-layout":"default","site-content-style":"default","site-sidebar-style":"default","ast-global-header-display":"","ast-banner-title-visibility":"","ast-main-header-display":"","ast-hfb-above-header-display":"","ast-hfb-below-header-display":"","ast-hfb-mobile-header-display":"","site-post-title":"","ast-breadcrumbs-content":"","ast-featured-img":"","footer-sml-layout":"","ast-disable-related-posts":"","theme-transparent-header-meta":"default","adv-header-id-meta":"","stick-header-meta":"default","header-above-stick-meta":"","header-main-stick-meta":"","header-below-stick-meta":"","astra-migrate-meta-layouts":"set","ast-page-background-enabled":"default","ast-page-background-meta":{"desktop":{"background-color":"var(--ast-global-color-4)","background-image":"","background-repeat":"repeat","background-position":"center center","background-size":"auto","background-attachment":"scroll","background-type":"","background-media":"","overlay-type":"","overlay-color":"","overlay-opacity":"","overlay-gradient":""},"tablet":{"background-color":"","background-image":"","background-repeat":"repeat","background-position":"center center","background-size":"auto","background-attachment":"scroll","background-type":"","background-media":"","overlay-type":"","overlay-color":"","overlay-opacity":"","overlay-gradient":""},"mobile":{"background-color":"","background-image":"","background-repeat":"repeat","background-position":"center center","background-size":"auto","background-attachment":"scroll","background-type":"","background-media":"","overlay-type":"","overlay-color":"","overlay-opacity":"","overlay-gradient":""}},"ast-content-background-meta":{"desktop":{"background-color":"var(--ast-global-color-5)","background-image":"","background-repeat":"repeat","background-position":"center center","background-size":"auto","background-attachment":"scroll","background-type":"","background-media":"","overlay-type":"","overlay-color":"","overlay-opacity":"","overlay-gradient":""},"tablet":{"background-color":"var(--ast-global-color-5)","background-image":"","background-repeat":"repeat","background-position":"center center","background-size":"auto","background-attachment":"scroll","background-type":"","background-media":"","overlay-type":"","overlay-color":"","overlay-opacity":"","overlay-gradient":""},"mobile":{"background-color":"var(--ast-global-color-5)","background-image":"","background-repeat":"repeat","background-position":"center center","background-size":"auto","background-attachment":"scroll","background-type":"","background-media":"","overlay-type":"","overlay-color":"","overlay-opacity":"","overlay-gradient":""}}},"product_brand":[],"product_cat":[1803],"product_tag":[97,1792,1950],"class_list":{"0":"post-30099","1":"product","2":"type-product","3":"status-publish","4":"has-post-thumbnail","6":"product_cat-pen-tattoo-machines","7":"product_tag-rotary-tattoo-pen","8":"product_tag-rotary-tattoomaschinen","9":"product_tag-wireless-tattoo-machine","10":"pa_brand-rightstuff","11":"desktop-align-center","12":"tablet-align-left","13":"mobile-align-left","14":"ast-product-gallery-layout-horizontal-slider","15":"ast-product-tabs-layout-horizontal","17":"first","18":"instock","19":"taxable","20":"shipping-taxable","21":"purchasable","22":"product-type-simple"},"_links":{"self":[{"href":"https:\/\/rightstuff.eu\/es\/wp-json\/wp\/v2\/product\/30099","targetHints":{"allow":["GET"]}}],"collection":[{"href":"https:\/\/rightstuff.eu\/es\/wp-json\/wp\/v2\/product"}],"about":[{"href":"https:\/\/rightstuff.eu\/es\/wp-json\/wp\/v2\/types\/product"}],"replies":[{"embeddable":true,"href":"https:\/\/rightstuff.eu\/es\/wp-json\/wp\/v2\/comments?post=30099"}],"version-history":[{"count":0,"href":"https:\/\/rightstuff.eu\/es\/wp-json\/wp\/v2\/product\/30099\/revisions"}],"wp:featuredmedia":[{"embeddable":true,"href":"https:\/\/rightstuff.eu\/es\/wp-json\/wp\/v2\/media\/49251"}],"wp:attachment":[{"href":"https:\/\/rightstuff.eu\/es\/wp-json\/wp\/v2\/media?parent=30099"}],"wp:term":[{"taxonomy":"product_brand","embeddable":true,"href":"https:\/\/rightstuff.eu\/es\/wp-json\/wp\/v2\/product_brand?post=30099"},{"taxonomy":"product_cat","embeddable":true,"href":"https:\/\/rightstuff.eu\/es\/wp-json\/wp\/v2\/product_cat?post=30099"},{"taxonomy":"product_tag","embeddable":true,"href":"https:\/\/rightstuff.eu\/es\/wp-json\/wp\/v2\/product_tag?post=30099"}],"curies":[{"name":"wp","href":"https:\/\/api.w.org\/{rel}","templated":true}]}}