{"id":29838,"date":"2017-04-18T13:41:39","date_gmt":"2017-04-18T13:41:39","guid":{"rendered":"https:\/\/rightstuff.eu\/?post_type=product&#038;p=29838"},"modified":"2025-01-22T01:37:07","modified_gmt":"2025-01-22T00:37:07","slug":"lucky-trueliner-rs-vb-collab-10","status":"publish","type":"product","link":"https:\/\/rightstuff.eu\/es\/producto\/lucky-trueliner-rs-vb-collab-10\/","title":{"rendered":"M\u00e1quina de Tatuajes LUCKY TrueLiner RS-VB Collab 10"},"content":{"rendered":"<p>La m\u00e1quina de tatuaje TrueLiner RS-VB Collab 10 de LUCKY es un dispositivo profesional para crear l\u00edneas claras y precisas. La unidad fue dise\u00f1ada por un famoso maestro del tatuaje, que vive y trabaja en Mosc\u00fa. Esta persona ha creado su taller \u00fanico para inventar y fabricar cosas especiales para todos los artistas, la creaci\u00f3n de tatuajes. Durante el per\u00edodo de diez a\u00f1os, cerca de 800 m\u00e1quinas personalizadas \u00fanicas y m\u00e1s de un millar de dispositivos de serie para pinturas de la piel se produjeron all\u00ed. Real Stuff ofrece a cada uno, que desea ordenar esta herramienta prominente para tatuajes un precio especial para ello.<\/p>\n<p>Este potente forro de acero tiene un impacto correcto y agudo al final de la amplitud (use agujas de 9-18 Rl) y cierta inercia del percutor, por lo que la herramienta profesional hace contornos uniformes muy r\u00e1pido. El maestro, que va a trabajar con \u00e9l, debe recordar acerca de la tensi\u00f3n necesaria (6, 6 V para un dispositivo sin carga) y 130 Hz de frecuencia. Con un peso de 200 gramos, la m\u00e1quina se apoya en la mano de forma absolutamente c\u00f3moda. En ella se utilizan bobinas de 26 mm y 9 vueltas.<\/p>","protected":false},"excerpt":{"rendered":"<p>Design by VladBlad all hardware and tunings RightStuff<br \/>\nLimited series of 10 machines, each machine one of a kind<br \/>\nM\u00e1quina de tatuar power liner<br \/>\nThe frame is machined from a single piece of\u00a0Steel<br \/>\nBobinas de alta calidad - 26 mm * 9 vueltas<br \/>\nPreffered needles 9-18rl<br \/>\nCarrera larga<br \/>\nRuns 130hz at 6,6 volt -unloaded<\/p>\n<p>Peso de la m\u00e1quina de tatuar 200gr.<\/p>","protected":false},"featured_media":0,"comment_status":"open","ping_status":"closed","template":"","meta":{"site-sidebar-layout":"","site-content-layout":"","ast-site-content-layout":"default","site-content-style":"default","site-sidebar-style":"default","ast-global-header-display":"","ast-banner-title-visibility":"","ast-main-header-display":"","ast-hfb-above-header-display":"","ast-hfb-below-header-display":"","ast-hfb-mobile-header-display":"","site-post-title":"","ast-breadcrumbs-content":"","ast-featured-img":"","footer-sml-layout":"","ast-disable-related-posts":"","theme-transparent-header-meta":"","adv-header-id-meta":"","stick-header-meta":"","header-above-stick-meta":"","header-main-stick-meta":"","header-below-stick-meta":"","astra-migrate-meta-layouts":"default","ast-page-background-enabled":"default","ast-page-background-meta":{"desktop":{"background-color":"var(--ast-global-color-4)","background-image":"","background-repeat":"repeat","background-position":"center center","background-size":"auto","background-attachment":"scroll","background-type":"","background-media":"","overlay-type":"","overlay-color":"","overlay-opacity":"","overlay-gradient":""},"tablet":{"background-color":"","background-image":"","background-repeat":"repeat","background-position":"center center","background-size":"auto","background-attachment":"scroll","background-type":"","background-media":"","overlay-type":"","overlay-color":"","overlay-opacity":"","overlay-gradient":""},"mobile":{"background-color":"","background-image":"","background-repeat":"repeat","background-position":"center center","background-size":"auto","background-attachment":"scroll","background-type":"","background-media":"","overlay-type":"","overlay-color":"","overlay-opacity":"","overlay-gradient":""}},"ast-content-background-meta":{"desktop":{"background-color":"var(--ast-global-color-5)","background-image":"","background-repeat":"repeat","background-position":"center center","background-size":"auto","background-attachment":"scroll","background-type":"","background-media":"","overlay-type":"","overlay-color":"","overlay-opacity":"","overlay-gradient":""},"tablet":{"background-color":"var(--ast-global-color-5)","background-image":"","background-repeat":"repeat","background-position":"center center","background-size":"auto","background-attachment":"scroll","background-type":"","background-media":"","overlay-type":"","overlay-color":"","overlay-opacity":"","overlay-gradient":""},"mobile":{"background-color":"var(--ast-global-color-5)","background-image":"","background-repeat":"repeat","background-position":"center center","background-size":"auto","background-attachment":"scroll","background-type":"","background-media":"","overlay-type":"","overlay-color":"","overlay-opacity":"","overlay-gradient":""}}},"product_brand":[],"product_cat":[8],"product_tag":[93,83,99,1802,87,91,95,72],"class_list":{"0":"post-29838","1":"product","2":"type-product","3":"status-publish","5":"product_cat-lucky","6":"product_tag-custom-tattoo-guns","7":"product_tag-custom-tattoo-machines","8":"product_tag-handmade-tattoo-machines","9":"product_tag-maquinas-de-tatuaje-de-bobina","10":"product_tag-professional-tattoo-machines","11":"product_tag-tattoo-equipment","12":"product_tag-tattoo-guns","13":"product_tag-tattoo-machine-coils","14":"pa_brand-rightstuff","15":"desktop-align-center","16":"tablet-align-left","17":"mobile-align-left","18":"ast-product-gallery-layout-horizontal-slider","19":"ast-product-tabs-layout-horizontal","21":"first","22":"outofstock","23":"taxable","24":"shipping-taxable","25":"purchasable","26":"product-type-simple"},"_links":{"self":[{"href":"https:\/\/rightstuff.eu\/es\/wp-json\/wp\/v2\/product\/29838","targetHints":{"allow":["GET"]}}],"collection":[{"href":"https:\/\/rightstuff.eu\/es\/wp-json\/wp\/v2\/product"}],"about":[{"href":"https:\/\/rightstuff.eu\/es\/wp-json\/wp\/v2\/types\/product"}],"replies":[{"embeddable":true,"href":"https:\/\/rightstuff.eu\/es\/wp-json\/wp\/v2\/comments?post=29838"}],"version-history":[{"count":0,"href":"https:\/\/rightstuff.eu\/es\/wp-json\/wp\/v2\/product\/29838\/revisions"}],"wp:attachment":[{"href":"https:\/\/rightstuff.eu\/es\/wp-json\/wp\/v2\/media?parent=29838"}],"wp:term":[{"taxonomy":"product_brand","embeddable":true,"href":"https:\/\/rightstuff.eu\/es\/wp-json\/wp\/v2\/product_brand?post=29838"},{"taxonomy":"product_cat","embeddable":true,"href":"https:\/\/rightstuff.eu\/es\/wp-json\/wp\/v2\/product_cat?post=29838"},{"taxonomy":"product_tag","embeddable":true,"href":"https:\/\/rightstuff.eu\/es\/wp-json\/wp\/v2\/product_tag?post=29838"}],"curies":[{"name":"wp","href":"https:\/\/api.w.org\/{rel}","templated":true}]}}