{"id":29836,"date":"2017-04-18T13:39:04","date_gmt":"2017-04-18T13:39:04","guid":{"rendered":"https:\/\/rightstuff.eu\/?post_type=product&#038;p=29836"},"modified":"2025-01-22T01:37:08","modified_gmt":"2025-01-22T00:37:08","slug":"lucky-trueliner-rs-vb-collab-8","status":"publish","type":"product","link":"https:\/\/rightstuff.eu\/es\/producto\/lucky-trueliner-rs-vb-collab-8\/","title":{"rendered":"M\u00e1quina de Tatuajes LUCKY TrueLiner RS-VB Collab 8"},"content":{"rendered":"<p>Hace a\u00f1os, el tatuaje sol\u00eda ser s\u00f3lo cosa de hombres. Hoy en d\u00eda, cuando las damas a menudo abren su negocio e incluso alcanzan los mayores resultados mostrando un verdadero \u00e9xito, algunas mujeres eligen la profesi\u00f3n de un maestro del tatuaje. Ninguna mujer con estilo, propietaria de un sal\u00f3n de tatuajes o que trabaje individualmente, creando prominentes im\u00e1genes en la piel se negar\u00e1 a esta bonita m\u00e1quina de tatuar rosa LUCKY TrueLiner RS-VB Collab 8 con el tema \"Hello Kitty\". Sin embargo, a pesar del dise\u00f1o fr\u00edvolo de este material, se trata de una verdadera herramienta para un profesional del tatuaje. Trabajando con 8 -18 agujas, puede crear l\u00edneas claras e im\u00e1genes incluso en zonas problem\u00e1ticas de la piel con celulitis. Las mujeres, que se convierten en clientes de un sal\u00f3n de tatuajes, disfrutan pint\u00e1ndose la piel, cuando un maestro trabaja con esta bonita herramienta.<\/p>\n<p>Este trazador de l\u00edneas r\u00e1pido de largo recorrido funciona a una frecuencia de 130 Hz y un voltaje \"cl\u00e1sico\" de 6, 6 V. Pesa 200 gramos y utiliza bobinas originales de 26 mm con 9 vueltas. El bastidor, recubierto de pintura en polvo de poli\u00e9ster qu\u00edmicamente resistente, est\u00e1 protegido contra la corrosi\u00f3n.<\/p>","protected":false},"excerpt":{"rendered":"<p>Design by VladBlad all hardware and tunings RightStuff<br \/>\nLimited series of 10 machines, each machine one of a kind<br \/>\nM\u00e1quina de tatuar power liner<br \/>\nThe frame is machined from a single piece of\u00a0Steel<br \/>\nBobinas de alta calidad - 26 mm * 9 vueltas<br \/>\nPreffered needles 9-18rl<br \/>\nCarrera larga<br \/>\nRuns 130hz at 6,6 volt -unloaded<\/p>\n<p>Peso de la m\u00e1quina de tatuar 200gr.<\/p>","protected":false},"featured_media":0,"comment_status":"open","ping_status":"closed","template":"","meta":{"site-sidebar-layout":"","site-content-layout":"","ast-site-content-layout":"default","site-content-style":"default","site-sidebar-style":"default","ast-global-header-display":"","ast-banner-title-visibility":"","ast-main-header-display":"","ast-hfb-above-header-display":"","ast-hfb-below-header-display":"","ast-hfb-mobile-header-display":"","site-post-title":"","ast-breadcrumbs-content":"","ast-featured-img":"","footer-sml-layout":"","ast-disable-related-posts":"","theme-transparent-header-meta":"","adv-header-id-meta":"","stick-header-meta":"","header-above-stick-meta":"","header-main-stick-meta":"","header-below-stick-meta":"","astra-migrate-meta-layouts":"default","ast-page-background-enabled":"default","ast-page-background-meta":{"desktop":{"background-color":"var(--ast-global-color-4)","background-image":"","background-repeat":"repeat","background-position":"center center","background-size":"auto","background-attachment":"scroll","background-type":"","background-media":"","overlay-type":"","overlay-color":"","overlay-opacity":"","overlay-gradient":""},"tablet":{"background-color":"","background-image":"","background-repeat":"repeat","background-position":"center center","background-size":"auto","background-attachment":"scroll","background-type":"","background-media":"","overlay-type":"","overlay-color":"","overlay-opacity":"","overlay-gradient":""},"mobile":{"background-color":"","background-image":"","background-repeat":"repeat","background-position":"center center","background-size":"auto","background-attachment":"scroll","background-type":"","background-media":"","overlay-type":"","overlay-color":"","overlay-opacity":"","overlay-gradient":""}},"ast-content-background-meta":{"desktop":{"background-color":"var(--ast-global-color-5)","background-image":"","background-repeat":"repeat","background-position":"center center","background-size":"auto","background-attachment":"scroll","background-type":"","background-media":"","overlay-type":"","overlay-color":"","overlay-opacity":"","overlay-gradient":""},"tablet":{"background-color":"var(--ast-global-color-5)","background-image":"","background-repeat":"repeat","background-position":"center center","background-size":"auto","background-attachment":"scroll","background-type":"","background-media":"","overlay-type":"","overlay-color":"","overlay-opacity":"","overlay-gradient":""},"mobile":{"background-color":"var(--ast-global-color-5)","background-image":"","background-repeat":"repeat","background-position":"center center","background-size":"auto","background-attachment":"scroll","background-type":"","background-media":"","overlay-type":"","overlay-color":"","overlay-opacity":"","overlay-gradient":""}}},"product_brand":[],"product_cat":[8],"product_tag":[93,83,99,1802,87,91,95,72],"class_list":{"0":"post-29836","1":"product","2":"type-product","3":"status-publish","5":"product_cat-lucky","6":"product_tag-custom-tattoo-guns","7":"product_tag-custom-tattoo-machines","8":"product_tag-handmade-tattoo-machines","9":"product_tag-maquinas-de-tatuaje-de-bobina","10":"product_tag-professional-tattoo-machines","11":"product_tag-tattoo-equipment","12":"product_tag-tattoo-guns","13":"product_tag-tattoo-machine-coils","14":"pa_brand-rightstuff","15":"desktop-align-center","16":"tablet-align-left","17":"mobile-align-left","18":"ast-product-gallery-layout-horizontal-slider","19":"ast-product-tabs-layout-horizontal","21":"first","22":"outofstock","23":"taxable","24":"shipping-taxable","25":"purchasable","26":"product-type-simple"},"_links":{"self":[{"href":"https:\/\/rightstuff.eu\/es\/wp-json\/wp\/v2\/product\/29836","targetHints":{"allow":["GET"]}}],"collection":[{"href":"https:\/\/rightstuff.eu\/es\/wp-json\/wp\/v2\/product"}],"about":[{"href":"https:\/\/rightstuff.eu\/es\/wp-json\/wp\/v2\/types\/product"}],"replies":[{"embeddable":true,"href":"https:\/\/rightstuff.eu\/es\/wp-json\/wp\/v2\/comments?post=29836"}],"version-history":[{"count":0,"href":"https:\/\/rightstuff.eu\/es\/wp-json\/wp\/v2\/product\/29836\/revisions"}],"wp:attachment":[{"href":"https:\/\/rightstuff.eu\/es\/wp-json\/wp\/v2\/media?parent=29836"}],"wp:term":[{"taxonomy":"product_brand","embeddable":true,"href":"https:\/\/rightstuff.eu\/es\/wp-json\/wp\/v2\/product_brand?post=29836"},{"taxonomy":"product_cat","embeddable":true,"href":"https:\/\/rightstuff.eu\/es\/wp-json\/wp\/v2\/product_cat?post=29836"},{"taxonomy":"product_tag","embeddable":true,"href":"https:\/\/rightstuff.eu\/es\/wp-json\/wp\/v2\/product_tag?post=29836"}],"curies":[{"name":"wp","href":"https:\/\/api.w.org\/{rel}","templated":true}]}}