{"id":29835,"date":"2017-04-18T13:35:51","date_gmt":"2017-04-18T13:35:51","guid":{"rendered":"https:\/\/rightstuff.eu\/?post_type=product&#038;p=29835"},"modified":"2025-01-22T01:37:08","modified_gmt":"2025-01-22T00:37:08","slug":"lucky-trueliner-rs-vb-collab-7","status":"publish","type":"product","link":"https:\/\/rightstuff.eu\/es\/producto\/lucky-trueliner-rs-vb-collab-7\/","title":{"rendered":"M\u00e1quina de Tatuajes LUCKY TrueLiner RS-VB Collab 7"},"content":{"rendered":"<p>La gente lleva miles de a\u00f1os haci\u00e9ndose tatuajes. Sin embargo, la actitud ante este arte ha cambiado. Hoy son menos los que consideran una imagen coloreada como un s\u00edmbolo m\u00edstico con un significado especial. Mientras tanto, otra pregunta interesa cada vez m\u00e1s a los clientes potenciales de los salones de tatuaje. Preguntan si tatuarse es un proceso doloroso y si la pintura de la piel coincidir\u00e1 con la imagen encargada. Teniendo en cuenta varios factores, los artistas modernos nos convencen: un tatuaje hecho con una herramienta de calidad es un proceso indoloro, que a veces dura menos de 2 horas. Por ejemplo, acudir a un maestro para hacerse una imagen en un hombro o un peque\u00f1o tatuaje en una mu\u00f1eca, puede mencionar - un especialista trabaja con la m\u00e1quina de tatuaje LUCKY TrueLiner RS-VB Collab 7.<\/p>\n<p>Este potente forro de acero de largo recorrido es bueno para crear im\u00e1genes en caderas y tobillos. Al trabajar con agujas de 9 -18, la herramienta no produce impactos dolorosos. Funciona r\u00e1pido, a 130 Hz de frecuencia y 6, 6 V de tensi\u00f3n. La m\u00e1quina moderna que pesa 200 g, tiene bobinas \"cl\u00e1sicas\" de 26 mm con 9 vueltas.<\/p>","protected":false},"excerpt":{"rendered":"<p>Design by VladBlad all hardware and tunings RightStuff<br \/>\nLimited series of 10 machines, each machine one of a kind<br \/>\nM\u00e1quina de tatuar power liner<br \/>\nThe frame is machined from a single piece of\u00a0Steel<br \/>\nBobinas de alta calidad - 26 mm * 9 vueltas<br \/>\nPreffered needles 9-18rl<br \/>\nCarrera larga<br \/>\nRuns 130hz at 6,6 volt -unloaded<\/p>\n<p>Peso de la m\u00e1quina de tatuar 200gr.<\/p>","protected":false},"featured_media":0,"comment_status":"open","ping_status":"closed","template":"","meta":{"site-sidebar-layout":"","site-content-layout":"","ast-site-content-layout":"default","site-content-style":"default","site-sidebar-style":"default","ast-global-header-display":"","ast-banner-title-visibility":"","ast-main-header-display":"","ast-hfb-above-header-display":"","ast-hfb-below-header-display":"","ast-hfb-mobile-header-display":"","site-post-title":"","ast-breadcrumbs-content":"","ast-featured-img":"","footer-sml-layout":"","ast-disable-related-posts":"","theme-transparent-header-meta":"","adv-header-id-meta":"","stick-header-meta":"","header-above-stick-meta":"","header-main-stick-meta":"","header-below-stick-meta":"","astra-migrate-meta-layouts":"default","ast-page-background-enabled":"default","ast-page-background-meta":{"desktop":{"background-color":"var(--ast-global-color-4)","background-image":"","background-repeat":"repeat","background-position":"center center","background-size":"auto","background-attachment":"scroll","background-type":"","background-media":"","overlay-type":"","overlay-color":"","overlay-opacity":"","overlay-gradient":""},"tablet":{"background-color":"","background-image":"","background-repeat":"repeat","background-position":"center center","background-size":"auto","background-attachment":"scroll","background-type":"","background-media":"","overlay-type":"","overlay-color":"","overlay-opacity":"","overlay-gradient":""},"mobile":{"background-color":"","background-image":"","background-repeat":"repeat","background-position":"center center","background-size":"auto","background-attachment":"scroll","background-type":"","background-media":"","overlay-type":"","overlay-color":"","overlay-opacity":"","overlay-gradient":""}},"ast-content-background-meta":{"desktop":{"background-color":"var(--ast-global-color-5)","background-image":"","background-repeat":"repeat","background-position":"center center","background-size":"auto","background-attachment":"scroll","background-type":"","background-media":"","overlay-type":"","overlay-color":"","overlay-opacity":"","overlay-gradient":""},"tablet":{"background-color":"var(--ast-global-color-5)","background-image":"","background-repeat":"repeat","background-position":"center center","background-size":"auto","background-attachment":"scroll","background-type":"","background-media":"","overlay-type":"","overlay-color":"","overlay-opacity":"","overlay-gradient":""},"mobile":{"background-color":"var(--ast-global-color-5)","background-image":"","background-repeat":"repeat","background-position":"center center","background-size":"auto","background-attachment":"scroll","background-type":"","background-media":"","overlay-type":"","overlay-color":"","overlay-opacity":"","overlay-gradient":""}}},"product_brand":[],"product_cat":[8],"product_tag":[93,83,99,1802,87,91,95,72],"class_list":{"0":"post-29835","1":"product","2":"type-product","3":"status-publish","5":"product_cat-lucky","6":"product_tag-custom-tattoo-guns","7":"product_tag-custom-tattoo-machines","8":"product_tag-handmade-tattoo-machines","9":"product_tag-maquinas-de-tatuaje-de-bobina","10":"product_tag-professional-tattoo-machines","11":"product_tag-tattoo-equipment","12":"product_tag-tattoo-guns","13":"product_tag-tattoo-machine-coils","14":"pa_brand-rightstuff","15":"desktop-align-center","16":"tablet-align-left","17":"mobile-align-left","18":"ast-product-gallery-layout-horizontal-slider","19":"ast-product-tabs-layout-horizontal","21":"first","22":"outofstock","23":"taxable","24":"shipping-taxable","25":"purchasable","26":"product-type-simple"},"_links":{"self":[{"href":"https:\/\/rightstuff.eu\/es\/wp-json\/wp\/v2\/product\/29835","targetHints":{"allow":["GET"]}}],"collection":[{"href":"https:\/\/rightstuff.eu\/es\/wp-json\/wp\/v2\/product"}],"about":[{"href":"https:\/\/rightstuff.eu\/es\/wp-json\/wp\/v2\/types\/product"}],"replies":[{"embeddable":true,"href":"https:\/\/rightstuff.eu\/es\/wp-json\/wp\/v2\/comments?post=29835"}],"version-history":[{"count":0,"href":"https:\/\/rightstuff.eu\/es\/wp-json\/wp\/v2\/product\/29835\/revisions"}],"wp:attachment":[{"href":"https:\/\/rightstuff.eu\/es\/wp-json\/wp\/v2\/media?parent=29835"}],"wp:term":[{"taxonomy":"product_brand","embeddable":true,"href":"https:\/\/rightstuff.eu\/es\/wp-json\/wp\/v2\/product_brand?post=29835"},{"taxonomy":"product_cat","embeddable":true,"href":"https:\/\/rightstuff.eu\/es\/wp-json\/wp\/v2\/product_cat?post=29835"},{"taxonomy":"product_tag","embeddable":true,"href":"https:\/\/rightstuff.eu\/es\/wp-json\/wp\/v2\/product_tag?post=29835"}],"curies":[{"name":"wp","href":"https:\/\/api.w.org\/{rel}","templated":true}]}}