{"id":29834,"date":"2017-04-18T13:29:47","date_gmt":"2017-04-18T13:29:47","guid":{"rendered":"https:\/\/rightstuff.eu\/?post_type=product&#038;p=29834"},"modified":"2025-01-22T01:37:08","modified_gmt":"2025-01-22T00:37:08","slug":"lucky-trueliner-rs-vb-collab-6","status":"publish","type":"product","link":"https:\/\/rightstuff.eu\/es\/producto\/lucky-trueliner-rs-vb-collab-6\/","title":{"rendered":"M\u00e1quina de Tatuajes LUCKY TrueLiner RS-VB Collab 6"},"content":{"rendered":"<p>Los artistas contempor\u00e1neos ofrecen a sus clientes un aut\u00e9ntico \"oc\u00e9ano\" de tatuajes: desde una diminuta mariposa en el hombro hasta un enorme retrato a color de un famoso en el pecho. Jerogl\u00edficos ex\u00f3ticos, brazaletes, signos m\u00e1gicos y adornos: hoy en d\u00eda, los salones de tatuaje ofrecen a los visitantes todas las posibilidades de elegir lo que necesiten. Sin embargo, tomando un gran inter\u00e9s en un tatuaje, nunca olvides lo que la imagen podr\u00eda cambiar sus formas en unos pocos a\u00f1os. Con el tiempo la piel pierde su elasticidad y la imagen se distorsiona. Por supuesto, las tecnolog\u00edas modernas permiten a los especialistas corregirla e incluso eliminar tales dibujos. Para evitar consecuencias desagradables encargue siempre un tatuaje a un profesional que trabaje con equipos de alta calidad.<\/p>\n<p>La m\u00e1quina de tatuaje de trazo largo LUCKY TrueLiner RS-VB Collab 6 es el dispositivo universal que crea im\u00e1genes absolutamente claras y no borrosas. Trabajando con 9 -18 agujas Rl, puede hacer f\u00e1cilmente una pintura en el \u00e1rea de la piel grande. Trabajando a 6, 6 V, la unidad funciona a 130 Hz. La m\u00e1quina pesa 200 gramos y tiene bobinas de 26 mm con 9 vueltas.<\/p>","protected":false},"excerpt":{"rendered":"<p>Design by VladBlad all hardware and tunings RightStuff<br \/>\nLimited series of 10 machines, each machine one of a kind<br \/>\nM\u00e1quina de tatuar power liner<br \/>\nThe frame is machined from a single piece of\u00a0Steel<br \/>\nBobinas de alta calidad - 26 mm * 9 vueltas<br \/>\nPreffered needles 9-18rl<br \/>\nCarrera larga<br \/>\nRuns 130hz at 6,6 volt -unloaded<\/p>\n<p>Peso de la m\u00e1quina de tatuar 200gr.<\/p>","protected":false},"featured_media":0,"comment_status":"open","ping_status":"closed","template":"","meta":{"site-sidebar-layout":"","site-content-layout":"","ast-site-content-layout":"default","site-content-style":"default","site-sidebar-style":"default","ast-global-header-display":"","ast-banner-title-visibility":"","ast-main-header-display":"","ast-hfb-above-header-display":"","ast-hfb-below-header-display":"","ast-hfb-mobile-header-display":"","site-post-title":"","ast-breadcrumbs-content":"","ast-featured-img":"","footer-sml-layout":"","ast-disable-related-posts":"","theme-transparent-header-meta":"","adv-header-id-meta":"","stick-header-meta":"","header-above-stick-meta":"","header-main-stick-meta":"","header-below-stick-meta":"","astra-migrate-meta-layouts":"default","ast-page-background-enabled":"default","ast-page-background-meta":{"desktop":{"background-color":"var(--ast-global-color-4)","background-image":"","background-repeat":"repeat","background-position":"center center","background-size":"auto","background-attachment":"scroll","background-type":"","background-media":"","overlay-type":"","overlay-color":"","overlay-opacity":"","overlay-gradient":""},"tablet":{"background-color":"","background-image":"","background-repeat":"repeat","background-position":"center center","background-size":"auto","background-attachment":"scroll","background-type":"","background-media":"","overlay-type":"","overlay-color":"","overlay-opacity":"","overlay-gradient":""},"mobile":{"background-color":"","background-image":"","background-repeat":"repeat","background-position":"center center","background-size":"auto","background-attachment":"scroll","background-type":"","background-media":"","overlay-type":"","overlay-color":"","overlay-opacity":"","overlay-gradient":""}},"ast-content-background-meta":{"desktop":{"background-color":"var(--ast-global-color-5)","background-image":"","background-repeat":"repeat","background-position":"center center","background-size":"auto","background-attachment":"scroll","background-type":"","background-media":"","overlay-type":"","overlay-color":"","overlay-opacity":"","overlay-gradient":""},"tablet":{"background-color":"var(--ast-global-color-5)","background-image":"","background-repeat":"repeat","background-position":"center center","background-size":"auto","background-attachment":"scroll","background-type":"","background-media":"","overlay-type":"","overlay-color":"","overlay-opacity":"","overlay-gradient":""},"mobile":{"background-color":"var(--ast-global-color-5)","background-image":"","background-repeat":"repeat","background-position":"center center","background-size":"auto","background-attachment":"scroll","background-type":"","background-media":"","overlay-type":"","overlay-color":"","overlay-opacity":"","overlay-gradient":""}}},"product_brand":[],"product_cat":[8],"product_tag":[93,83,99,1802,87,91,95,72],"class_list":{"0":"post-29834","1":"product","2":"type-product","3":"status-publish","5":"product_cat-lucky","6":"product_tag-custom-tattoo-guns","7":"product_tag-custom-tattoo-machines","8":"product_tag-handmade-tattoo-machines","9":"product_tag-maquinas-de-tatuaje-de-bobina","10":"product_tag-professional-tattoo-machines","11":"product_tag-tattoo-equipment","12":"product_tag-tattoo-guns","13":"product_tag-tattoo-machine-coils","14":"pa_brand-rightstuff","15":"desktop-align-center","16":"tablet-align-left","17":"mobile-align-left","18":"ast-product-gallery-layout-horizontal-slider","19":"ast-product-tabs-layout-horizontal","21":"first","22":"outofstock","23":"taxable","24":"shipping-taxable","25":"purchasable","26":"product-type-simple"},"_links":{"self":[{"href":"https:\/\/rightstuff.eu\/es\/wp-json\/wp\/v2\/product\/29834","targetHints":{"allow":["GET"]}}],"collection":[{"href":"https:\/\/rightstuff.eu\/es\/wp-json\/wp\/v2\/product"}],"about":[{"href":"https:\/\/rightstuff.eu\/es\/wp-json\/wp\/v2\/types\/product"}],"replies":[{"embeddable":true,"href":"https:\/\/rightstuff.eu\/es\/wp-json\/wp\/v2\/comments?post=29834"}],"version-history":[{"count":0,"href":"https:\/\/rightstuff.eu\/es\/wp-json\/wp\/v2\/product\/29834\/revisions"}],"wp:attachment":[{"href":"https:\/\/rightstuff.eu\/es\/wp-json\/wp\/v2\/media?parent=29834"}],"wp:term":[{"taxonomy":"product_brand","embeddable":true,"href":"https:\/\/rightstuff.eu\/es\/wp-json\/wp\/v2\/product_brand?post=29834"},{"taxonomy":"product_cat","embeddable":true,"href":"https:\/\/rightstuff.eu\/es\/wp-json\/wp\/v2\/product_cat?post=29834"},{"taxonomy":"product_tag","embeddable":true,"href":"https:\/\/rightstuff.eu\/es\/wp-json\/wp\/v2\/product_tag?post=29834"}],"curies":[{"name":"wp","href":"https:\/\/api.w.org\/{rel}","templated":true}]}}