{"id":29832,"date":"2017-04-18T13:24:17","date_gmt":"2017-04-18T13:24:17","guid":{"rendered":"https:\/\/rightstuff.eu\/?post_type=product&#038;p=29832"},"modified":"2025-01-22T01:37:08","modified_gmt":"2025-01-22T00:37:08","slug":"lucky-trueliner-rs-vb-collab-4","status":"publish","type":"product","link":"https:\/\/rightstuff.eu\/es\/producto\/lucky-trueliner-rs-vb-collab-4\/","title":{"rendered":"M\u00e1quina de Tatuajes LUCKY TrueLiner RS-VB Collab 4"},"content":{"rendered":"<p>La m\u00e1quina de tatuar LUCKY TrueLiner RS-VB Collab 4 es un aparato de acero perfecto para l\u00edneas precisas, trabajando con agujas de 9 - 18 Rl. Esta unidad proporciona un contorno ideal. Debido a las m\u00ednimas vibraciones la m\u00e1quina es f\u00e1cil de controlar. Puede trabajar a velocidad super r\u00e1pida, r\u00e1pida y media. Es indispensable si un artista necesita crear pelo en la imagen o cilios en el retrato de una persona. Hace f\u00e1cilmente peque\u00f1as pecas en la cara de un retratado y crea l\u00edneas claras en un lugar tan complejo y suave como detr\u00e1s de la oreja. Incluso los aficionados a las m\u00e1quinas de tatuar rotativas compran esta True Liner de trazo largo para obtener grandes contornos. Muy a menudo este modelo es utilizado por realistas para elementos de contorno en sus trabajos. La frecuencia (130 Hz) y la inercia est\u00e1n calculadas de forma que dejen m\u00e1s pigmento. Como consecuencia, el aparato deja menos agujeros. El cliente obtiene un tatuaje de mayor calidad con una lesi\u00f3n menor y una r\u00e1pida cicatrizaci\u00f3n de su piel. El aparato pesa 200 gramos y tiene bobinas de 9 vueltas de 26 mm. Su voltaje es de 6, 6 V.<\/p>","protected":false},"excerpt":{"rendered":"<p>Design by VladBlad all hardware and tunings RightStuff<br \/>\nLimited series of 10 machines, each machine one of a kind<br \/>\nM\u00e1quina de tatuar power liner<br \/>\nThe frame is machined from a single piece of\u00a0Steel<br \/>\nBobinas de alta calidad - 26 mm * 9 vueltas<br \/>\nPreffered needles 9-18rl<br \/>\nCarrera larga<br \/>\nRuns 130hz at 6,6 volt -unloaded<\/p>\n<p>Peso de la m\u00e1quina de tatuar 200gr.<\/p>","protected":false},"featured_media":0,"comment_status":"open","ping_status":"closed","template":"","meta":{"site-sidebar-layout":"","site-content-layout":"","ast-site-content-layout":"default","site-content-style":"default","site-sidebar-style":"default","ast-global-header-display":"","ast-banner-title-visibility":"","ast-main-header-display":"","ast-hfb-above-header-display":"","ast-hfb-below-header-display":"","ast-hfb-mobile-header-display":"","site-post-title":"","ast-breadcrumbs-content":"","ast-featured-img":"","footer-sml-layout":"","ast-disable-related-posts":"","theme-transparent-header-meta":"","adv-header-id-meta":"","stick-header-meta":"","header-above-stick-meta":"","header-main-stick-meta":"","header-below-stick-meta":"","astra-migrate-meta-layouts":"default","ast-page-background-enabled":"default","ast-page-background-meta":{"desktop":{"background-color":"var(--ast-global-color-4)","background-image":"","background-repeat":"repeat","background-position":"center center","background-size":"auto","background-attachment":"scroll","background-type":"","background-media":"","overlay-type":"","overlay-color":"","overlay-opacity":"","overlay-gradient":""},"tablet":{"background-color":"","background-image":"","background-repeat":"repeat","background-position":"center center","background-size":"auto","background-attachment":"scroll","background-type":"","background-media":"","overlay-type":"","overlay-color":"","overlay-opacity":"","overlay-gradient":""},"mobile":{"background-color":"","background-image":"","background-repeat":"repeat","background-position":"center center","background-size":"auto","background-attachment":"scroll","background-type":"","background-media":"","overlay-type":"","overlay-color":"","overlay-opacity":"","overlay-gradient":""}},"ast-content-background-meta":{"desktop":{"background-color":"var(--ast-global-color-5)","background-image":"","background-repeat":"repeat","background-position":"center center","background-size":"auto","background-attachment":"scroll","background-type":"","background-media":"","overlay-type":"","overlay-color":"","overlay-opacity":"","overlay-gradient":""},"tablet":{"background-color":"var(--ast-global-color-5)","background-image":"","background-repeat":"repeat","background-position":"center center","background-size":"auto","background-attachment":"scroll","background-type":"","background-media":"","overlay-type":"","overlay-color":"","overlay-opacity":"","overlay-gradient":""},"mobile":{"background-color":"var(--ast-global-color-5)","background-image":"","background-repeat":"repeat","background-position":"center center","background-size":"auto","background-attachment":"scroll","background-type":"","background-media":"","overlay-type":"","overlay-color":"","overlay-opacity":"","overlay-gradient":""}}},"product_brand":[],"product_cat":[8],"product_tag":[93,83,99,1802,87,91,95,72],"class_list":{"0":"post-29832","1":"product","2":"type-product","3":"status-publish","5":"product_cat-lucky","6":"product_tag-custom-tattoo-guns","7":"product_tag-custom-tattoo-machines","8":"product_tag-handmade-tattoo-machines","9":"product_tag-maquinas-de-tatuaje-de-bobina","10":"product_tag-professional-tattoo-machines","11":"product_tag-tattoo-equipment","12":"product_tag-tattoo-guns","13":"product_tag-tattoo-machine-coils","14":"pa_brand-rightstuff","15":"desktop-align-center","16":"tablet-align-left","17":"mobile-align-left","18":"ast-product-gallery-layout-horizontal-slider","19":"ast-product-tabs-layout-horizontal","21":"first","22":"outofstock","23":"taxable","24":"shipping-taxable","25":"purchasable","26":"product-type-simple"},"_links":{"self":[{"href":"https:\/\/rightstuff.eu\/es\/wp-json\/wp\/v2\/product\/29832","targetHints":{"allow":["GET"]}}],"collection":[{"href":"https:\/\/rightstuff.eu\/es\/wp-json\/wp\/v2\/product"}],"about":[{"href":"https:\/\/rightstuff.eu\/es\/wp-json\/wp\/v2\/types\/product"}],"replies":[{"embeddable":true,"href":"https:\/\/rightstuff.eu\/es\/wp-json\/wp\/v2\/comments?post=29832"}],"version-history":[{"count":0,"href":"https:\/\/rightstuff.eu\/es\/wp-json\/wp\/v2\/product\/29832\/revisions"}],"wp:attachment":[{"href":"https:\/\/rightstuff.eu\/es\/wp-json\/wp\/v2\/media?parent=29832"}],"wp:term":[{"taxonomy":"product_brand","embeddable":true,"href":"https:\/\/rightstuff.eu\/es\/wp-json\/wp\/v2\/product_brand?post=29832"},{"taxonomy":"product_cat","embeddable":true,"href":"https:\/\/rightstuff.eu\/es\/wp-json\/wp\/v2\/product_cat?post=29832"},{"taxonomy":"product_tag","embeddable":true,"href":"https:\/\/rightstuff.eu\/es\/wp-json\/wp\/v2\/product_tag?post=29832"}],"curies":[{"name":"wp","href":"https:\/\/api.w.org\/{rel}","templated":true}]}}