{"id":29713,"date":"2017-03-07T15:54:40","date_gmt":"2017-03-07T14:54:40","guid":{"rendered":"https:\/\/rightstuff.eu\/?post_type=product&#038;p=29713"},"modified":"2025-01-22T01:37:09","modified_gmt":"2025-01-22T00:37:09","slug":"tattoo-power-supply-rs-power","status":"publish","type":"product","link":"https:\/\/rightstuff.eu\/es\/producto\/tattoo-power-supply-rs-power\/","title":{"rendered":"Fuente de alimentaci\u00f3n -RS Power"},"content":{"rendered":"<h4>La fuente de alimentaci\u00f3n para tatuajes RS Power v.3 es la elecci\u00f3n perfecta para cualquier artista profesional del tatuaje. Esta fuente de alimentaci\u00f3n est\u00e1 dise\u00f1ada para proporcionar una potencia fiable y constante a tu m\u00e1quina de tatuar, permiti\u00e9ndote trabajar con precisi\u00f3n y exactitud. La RS Power v.3 cuenta con una pantalla digital que te permite ajustar f\u00e1cilmente los valores de voltaje y corriente para adaptarlos a tus necesidades. Tambi\u00e9n tiene un interruptor de pedal para facilitar el control y un cable de pinza para conectarlo f\u00e1cilmente a tu m\u00e1quina de tatuar. La RS Power v.3 est\u00e1 fabricada con materiales duraderos y est\u00e1 dise\u00f1ada para durar a\u00f1os. Tambi\u00e9n es ligera y compacta, lo que facilita su transporte y almacenamiento. Con su rendimiento fiable y sus funciones f\u00e1ciles de usar, la RS Power v.3 es la elecci\u00f3n perfecta para cualquier tatuador profesional.<\/h4>","protected":false},"excerpt":{"rendered":"<h2><\/h2>\n<p><strong>RS Potencia -v.3<\/strong><\/p>\n<p><strong>Pantalla digital<\/strong> - \"voltios\"<\/p>\n<p>2 -Preajustes<\/p>\n<p>2 -Modos del interruptor de pie<\/p>\n<p>De acero y aluminio<\/p>\n<p>Base magn\u00e9tica<\/p>\n<p>Rango de trabajo: 1,8-19 voltios, 4,5 amperios de corriente de pico, 3 amperios continuos<\/p>\n<p>Peso: 315gr<\/p>\n<p>Tama\u00f1o (sin adaptador) 66*66*63mm<\/p>\n<p>Adaptador de corriente (enchufe UE) incluido.<\/p>\n<p>Garant\u00eda: 2 a\u00f1os el suministro, 1 a\u00f1o el adaptador<\/p>","protected":false},"featured_media":50393,"comment_status":"open","ping_status":"closed","template":"","meta":{"site-sidebar-layout":"default","site-content-layout":"default","ast-site-content-layout":"default","site-content-style":"default","site-sidebar-style":"default","ast-global-header-display":"","ast-banner-title-visibility":"","ast-main-header-display":"","ast-hfb-above-header-display":"","ast-hfb-below-header-display":"","ast-hfb-mobile-header-display":"","site-post-title":"","ast-breadcrumbs-content":"","ast-featured-img":"","footer-sml-layout":"","ast-disable-related-posts":"","theme-transparent-header-meta":"default","adv-header-id-meta":"","stick-header-meta":"default","header-above-stick-meta":"","header-main-stick-meta":"","header-below-stick-meta":"","astra-migrate-meta-layouts":"set","ast-page-background-enabled":"default","ast-page-background-meta":{"desktop":{"background-color":"var(--ast-global-color-4)","background-image":"","background-repeat":"repeat","background-position":"center center","background-size":"auto","background-attachment":"scroll","background-type":"","background-media":"","overlay-type":"","overlay-color":"","overlay-opacity":"","overlay-gradient":""},"tablet":{"background-color":"","background-image":"","background-repeat":"repeat","background-position":"center center","background-size":"auto","background-attachment":"scroll","background-type":"","background-media":"","overlay-type":"","overlay-color":"","overlay-opacity":"","overlay-gradient":""},"mobile":{"background-color":"","background-image":"","background-repeat":"repeat","background-position":"center center","background-size":"auto","background-attachment":"scroll","background-type":"","background-media":"","overlay-type":"","overlay-color":"","overlay-opacity":"","overlay-gradient":""}},"ast-content-background-meta":{"desktop":{"background-color":"var(--ast-global-color-5)","background-image":"","background-repeat":"repeat","background-position":"center center","background-size":"auto","background-attachment":"scroll","background-type":"","background-media":"","overlay-type":"","overlay-color":"","overlay-opacity":"","overlay-gradient":""},"tablet":{"background-color":"var(--ast-global-color-5)","background-image":"","background-repeat":"repeat","background-position":"center center","background-size":"auto","background-attachment":"scroll","background-type":"","background-media":"","overlay-type":"","overlay-color":"","overlay-opacity":"","overlay-gradient":""},"mobile":{"background-color":"var(--ast-global-color-5)","background-image":"","background-repeat":"repeat","background-position":"center center","background-size":"auto","background-attachment":"scroll","background-type":"","background-media":"","overlay-type":"","overlay-color":"","overlay-opacity":"","overlay-gradient":""}}},"product_brand":[],"product_cat":[54],"product_tag":[55,88,90,91,70,57,92,56,94,69],"class_list":{"0":"post-29713","1":"product","2":"type-product","3":"status-publish","4":"has-post-thumbnail","6":"product_cat-power-supply","7":"product_tag-power-supply","8":"product_tag-professional-tattoo-kit","9":"product_tag-tattoo-accessories","10":"product_tag-tattoo-equipment","11":"product_tag-tattoo-kits","12":"product_tag-tattoo-power-supply","13":"product_tag-tattoo-machines-parts","14":"product_tag-tattoo-power","15":"product_tag-tattoo-sets","16":"product_tag-tattoo-supplies","17":"pa_brand-rightstuff","18":"desktop-align-center","19":"tablet-align-left","20":"mobile-align-left","21":"ast-product-gallery-layout-horizontal-slider","22":"ast-product-tabs-layout-horizontal","24":"first","25":"outofstock","26":"taxable","27":"shipping-taxable","28":"purchasable","29":"product-type-simple"},"_links":{"self":[{"href":"https:\/\/rightstuff.eu\/es\/wp-json\/wp\/v2\/product\/29713","targetHints":{"allow":["GET"]}}],"collection":[{"href":"https:\/\/rightstuff.eu\/es\/wp-json\/wp\/v2\/product"}],"about":[{"href":"https:\/\/rightstuff.eu\/es\/wp-json\/wp\/v2\/types\/product"}],"replies":[{"embeddable":true,"href":"https:\/\/rightstuff.eu\/es\/wp-json\/wp\/v2\/comments?post=29713"}],"version-history":[{"count":0,"href":"https:\/\/rightstuff.eu\/es\/wp-json\/wp\/v2\/product\/29713\/revisions"}],"wp:featuredmedia":[{"embeddable":true,"href":"https:\/\/rightstuff.eu\/es\/wp-json\/wp\/v2\/media\/50393"}],"wp:attachment":[{"href":"https:\/\/rightstuff.eu\/es\/wp-json\/wp\/v2\/media?parent=29713"}],"wp:term":[{"taxonomy":"product_brand","embeddable":true,"href":"https:\/\/rightstuff.eu\/es\/wp-json\/wp\/v2\/product_brand?post=29713"},{"taxonomy":"product_cat","embeddable":true,"href":"https:\/\/rightstuff.eu\/es\/wp-json\/wp\/v2\/product_cat?post=29713"},{"taxonomy":"product_tag","embeddable":true,"href":"https:\/\/rightstuff.eu\/es\/wp-json\/wp\/v2\/product_tag?post=29713"}],"curies":[{"name":"wp","href":"https:\/\/api.w.org\/{rel}","templated":true}]}}