{"id":29647,"date":"2017-02-03T08:04:19","date_gmt":"2017-02-03T05:04:19","guid":{"rendered":"https:\/\/rightstuff.eu\/shop\/tattoo_machines\/rotary_tattoo_machines\/rotary-tattoo-machine-keg-variable-gold\/"},"modified":"2025-12-20T15:54:07","modified_gmt":"2025-12-20T14:54:07","slug":"direct-drive-rotary-tattoo-machine","status":"publish","type":"product","link":"https:\/\/rightstuff.eu\/es\/producto\/direct-drive-rotary-tattoo-machine\/","title":{"rendered":"M\u00e1quina rotativa de tatuar - KEG Variable (Oro)"},"content":{"rendered":"<p>Una costumbre realmente hermosa <a href=\"https:\/\/rightstuff.eu\/blog\/tattoo-machine-is-another-story\/\">m\u00e1quina rotativa de tatuar de accionamiento directo<\/a>\u00a0por un famoso dise\u00f1ador underground. Tras su lanzamiento, este aparato se convirti\u00f3 instant\u00e1neamente en una leyenda en la comunidad de artistas del tatuaje. La m\u00e1quina fue dise\u00f1ada por profesionales para profesionales, lo que significa que requiere un gran nivel de sensibilidad por parte de su usuario para trabajar con tatuajes de gran detalle.<\/p>\n<p>Su armaz\u00f3n est\u00e1 fabricado con una pieza de aluminio de primera calidad, lo que lo hace mucho m\u00e1s ligero que los fabricados con una sola pieza de acero, y pesa s\u00f3lo 140 gramos, lo que lo hace perfecto para trabajar muchas horas.<\/p>\n<p>Admite un recorrido variable de 1 mm a 5 mm, lo que facilita su uso como Liner, Shader o Color Packer. El dispositivo tiene un motor hecho a medida, exclusivo para su serie, que funciona a 6-13 Voltios con 8000 RPM y Direct Drive, lo que lo convierte en una bestia entre los motores de otras m\u00e1quinas de tatuar.<\/p>\n<p>Inventada por el inventor alem\u00e1n Manfred Kohrs en 1978, la m\u00e1quina rotativa es una herramienta avanzada utilizada por muchos artistas del tatuaje. Aunque hace unos a\u00f1os era menos popular en la industria general, \u00faltimamente su demanda supera todas las expectativas. La raz\u00f3n es su comodidad y facilidad de uso.<\/p>\n<p>Una m\u00e1quina rotativa funciona con un motor que gira en movimiento vertical. La barra de la aguja est\u00e1 conectada con el motor que mueve la aguja hacia arriba y hacia abajo. Las rotativas son m\u00e1s consistentes que las m\u00e1quinas de tatuar de bobina. Esto se debe a que no requieren ning\u00fan ajuste, un procedimiento en el que el artista tiene que ajustar la forma y profundidad de la aguja y suministrar voltaje de alimentaci\u00f3n.<\/p>\n<p>Una m\u00e1quina rotativa es menos personalizable y los artistas profesionales suelen quejarse de ello. Tambi\u00e9n requiere conocimientos y habilidad adecuados. Las rotativas tambi\u00e9n se esterilizan en autoclave y tienen un alto nivel de desinfectante. De hecho, los artistas prefieren utilizar la m\u00e1quina de tatuar rotativa por este motivo.<\/p>\n<p>Una m\u00e1quina rotativa es menos popular que una m\u00e1quina de tatuar tradicional y tiene muchas menos personalizaciones y opciones. Esto puede ser considerado como una caracter\u00edstica adversa por los profesionales. Sin embargo, es realmente una gran herramienta para los principiantes.<\/p>\n<p>Una de las mejores caracter\u00edsticas de una m\u00e1quina de tatuar rotativa es que no hace ning\u00fan ruido. Esto es realmente una caracter\u00edstica positiva para el <a href=\"https:\/\/facebook.com\/rghtstuff\" target=\"_blank\" rel=\"noopener\">m\u00e1quina de tatuar<\/a>. El zumbido que emite la m\u00e1quina de bobina es bastante fuerte e irritante para muchos artistas y clientes. De hecho, como el tatuaje lleva una cantidad de tiempo considerable, el ruido de la m\u00e1quina de tatuar es bastante molesto, sobre todo para los clientes que no est\u00e1n acostumbrados a un sonido tan largo y mon\u00f3tono.<\/p>\n<p>Mientras que una m\u00e1quina de bobina vibra mientras trabaja, una m\u00e1quina rotativa no se mueve demasiado. Son bastante suaves de sujetar y utilizar, ya que no vibran. Demasiada vibraci\u00f3n suele causar problemas en las manos y mu\u00f1ecas de los artistas. Algunos artistas se quejan de haber perdido sensibilidad y sentir irritaci\u00f3n en las mu\u00f1ecas y las manos. Aunque la queja es m\u00e1s apta para las m\u00e1quinas de tatuar de bobina, pero no para las rotativas.<\/p>\n<p>Las m\u00e1quinas rotativas son mucho m\u00e1s ligeras que una pesada m\u00e1quina de tatuar de bobina. Sin embargo, algunos consideran que el peso de la m\u00e1quina de bobina ofrece un mayor control a los artistas sobre la m\u00e1quina y les permite trabajar con mayor precisi\u00f3n.<\/p>\n<p>Esta es una parte importante de la m\u00e1quina rotativa. Necesitas una gran pericia y conocimientos para utilizar una m\u00e1quina rotativa. Como es ligera, tienes que tener cuidado de que no se te resbale de la mano.<\/p>\n<p>La velocidad es un aspecto importante cuando se trata de una m\u00e1quina rotativa. Como es ligera, tendr\u00e1s que tener mucho cuidado mientras trabajas. Y recuerda que el tatuaje es una obra de arte precisa. Un peque\u00f1o error puede arruinar todo el aspecto y los clientes pueden quedar insatisfechos.<\/p>\n<p>Especialmente en este mercado competitivo en el que el tatuaje se ha convertido en una moda entre la generaci\u00f3n joven, no puedes esperar atraer clientes e ingresos con cr\u00edticas negativas y malas valoraciones. Aunque existen algunos eliminadores de tatuajes disponibles en el mercado que puedes utilizar para borrar los errores, no puedes deshacer la mala experiencia de los clientes.<\/p>","protected":false},"excerpt":{"rendered":"<h3>M\u00e1quina de tatuar rotativa de accionamiento directo<\/h3>\n<p>Carrera variable de 1 mm a 5 mm<br \/>\n8000 RPM<br \/>\nTensi\u00f3n preferida 6-13 voltios<\/p>\n<p>Agujas recomendadas: Hasta 18 Liner, HASTA 39 Mag<\/p>\n<p>Cable de pinza + Conexi\u00f3n RCA<br \/>\nCuerpo de aluminio<br \/>\nPeso 140 gr.<\/p>","protected":false},"featured_media":49275,"comment_status":"open","ping_status":"closed","template":"","meta":{"site-sidebar-layout":"default","site-content-layout":"","ast-site-content-layout":"default","site-content-style":"default","site-sidebar-style":"default","ast-global-header-display":"","ast-banner-title-visibility":"","ast-main-header-display":"","ast-hfb-above-header-display":"","ast-hfb-below-header-display":"","ast-hfb-mobile-header-display":"","site-post-title":"","ast-breadcrumbs-content":"","ast-featured-img":"","footer-sml-layout":"","ast-disable-related-posts":"","theme-transparent-header-meta":"default","adv-header-id-meta":"","stick-header-meta":"default","header-above-stick-meta":"","header-main-stick-meta":"","header-below-stick-meta":"","astra-migrate-meta-layouts":"set","ast-page-background-enabled":"default","ast-page-background-meta":{"desktop":{"background-color":"var(--ast-global-color-4)","background-image":"","background-repeat":"repeat","background-position":"center center","background-size":"auto","background-attachment":"scroll","background-type":"","background-media":"","overlay-type":"","overlay-color":"","overlay-opacity":"","overlay-gradient":""},"tablet":{"background-color":"","background-image":"","background-repeat":"repeat","background-position":"center center","background-size":"auto","background-attachment":"scroll","background-type":"","background-media":"","overlay-type":"","overlay-color":"","overlay-opacity":"","overlay-gradient":""},"mobile":{"background-color":"","background-image":"","background-repeat":"repeat","background-position":"center center","background-size":"auto","background-attachment":"scroll","background-type":"","background-media":"","overlay-type":"","overlay-color":"","overlay-opacity":"","overlay-gradient":""}},"ast-content-background-meta":{"desktop":{"background-color":"var(--ast-global-color-5)","background-image":"","background-repeat":"repeat","background-position":"center center","background-size":"auto","background-attachment":"scroll","background-type":"","background-media":"","overlay-type":"","overlay-color":"","overlay-opacity":"","overlay-gradient":""},"tablet":{"background-color":"var(--ast-global-color-5)","background-image":"","background-repeat":"repeat","background-position":"center center","background-size":"auto","background-attachment":"scroll","background-type":"","background-media":"","overlay-type":"","overlay-color":"","overlay-opacity":"","overlay-gradient":""},"mobile":{"background-color":"var(--ast-global-color-5)","background-image":"","background-repeat":"repeat","background-position":"center center","background-size":"auto","background-attachment":"scroll","background-type":"","background-media":"","overlay-type":"","overlay-color":"","overlay-opacity":"","overlay-gradient":""}}},"product_brand":[],"product_cat":[1995],"product_tag":[101,93,83,74,100,99,87,98,48,1806,97,1792,91,95,23,72],"class_list":{"0":"post-29647","1":"product","2":"type-product","3":"status-publish","4":"has-post-thumbnail","6":"product_cat-variable","7":"product_tag-custom-rotary-machines","8":"product_tag-custom-tattoo-guns","9":"product_tag-custom-tattoo-machines","10":"product_tag-direct-drive-tattoo-machine","11":"product_tag-handmade-rotary-tattoo-machines","12":"product_tag-handmade-tattoo-machines","13":"product_tag-professional-tattoo-machines","14":"product_tag-rotary-tattoo-guns","15":"product_tag-rotary-tattoo-machine","16":"product_tag-rotary-tattoo-machines","17":"product_tag-rotary-tattoo-pen","18":"product_tag-rotary-tattoomaschinen","19":"product_tag-tattoo-equipment","20":"product_tag-tattoo-guns","21":"product_tag-tattoo-machine","22":"product_tag-tattoo-machine-coils","23":"pa_brand-rightstuff","24":"desktop-align-center","25":"tablet-align-left","26":"mobile-align-left","27":"ast-product-gallery-layout-horizontal-slider","28":"ast-product-tabs-layout-horizontal","30":"first","31":"instock","32":"sale","33":"taxable","34":"shipping-taxable","35":"purchasable","36":"product-type-simple"},"_links":{"self":[{"href":"https:\/\/rightstuff.eu\/es\/wp-json\/wp\/v2\/product\/29647","targetHints":{"allow":["GET"]}}],"collection":[{"href":"https:\/\/rightstuff.eu\/es\/wp-json\/wp\/v2\/product"}],"about":[{"href":"https:\/\/rightstuff.eu\/es\/wp-json\/wp\/v2\/types\/product"}],"replies":[{"embeddable":true,"href":"https:\/\/rightstuff.eu\/es\/wp-json\/wp\/v2\/comments?post=29647"}],"version-history":[{"count":0,"href":"https:\/\/rightstuff.eu\/es\/wp-json\/wp\/v2\/product\/29647\/revisions"}],"wp:featuredmedia":[{"embeddable":true,"href":"https:\/\/rightstuff.eu\/es\/wp-json\/wp\/v2\/media\/49275"}],"wp:attachment":[{"href":"https:\/\/rightstuff.eu\/es\/wp-json\/wp\/v2\/media?parent=29647"}],"wp:term":[{"taxonomy":"product_brand","embeddable":true,"href":"https:\/\/rightstuff.eu\/es\/wp-json\/wp\/v2\/product_brand?post=29647"},{"taxonomy":"product_cat","embeddable":true,"href":"https:\/\/rightstuff.eu\/es\/wp-json\/wp\/v2\/product_cat?post=29647"},{"taxonomy":"product_tag","embeddable":true,"href":"https:\/\/rightstuff.eu\/es\/wp-json\/wp\/v2\/product_tag?post=29647"}],"curies":[{"name":"wp","href":"https:\/\/api.w.org\/{rel}","templated":true}]}}