{"id":29608,"date":"2017-01-25T16:41:03","date_gmt":"2017-01-25T15:41:03","guid":{"rendered":"https:\/\/rightstuff.eu\/shop\/tattoo_machines\/rotary_tattoo_machines\/pen-tattoo-machine-hornet-black\/"},"modified":"2025-01-22T01:37:10","modified_gmt":"2025-01-22T00:37:10","slug":"tattoo-pen-machine-horn-blk","status":"publish","type":"product","link":"https:\/\/rightstuff.eu\/es\/producto\/tattoo-pen-machine-horn-blk\/","title":{"rendered":"M\u00e1quina de tatuar bol\u00edgrafo Hornet (Negro)"},"content":{"rendered":"<h2>m\u00e1quina de tatuar con bol\u00edgrafo<\/h2>\n<p>Artistas tatuadores que suelen trabajar con clientes que encargan pinturas corporales y <a href=\"https:\/\/rightstuff.eu\/blog\/tattoo-drawing-body\/\">maquillaje permanente<\/a> te gustar\u00e1 esta m\u00e1quina de tatuar bol\u00edgrafo Hornet de aluminio negro. El dise\u00f1o del dispositivo se asemeja realmente a una m\u00e1quina de estilo bol\u00edgrafo grueso y macizo. As\u00ed, para realizar su trabajo, el maestro debe tenerla en la mano como quien sostiene un bol\u00edgrafo y funciona perfectamente.<\/p>\n<p>La unidad tiene la misma potencia que un aparato tradicional para crear pinturas sobre la piel, trabajando a un voltaje de 4, 5 -13 V, pero es tan vers\u00e1til como un rotulador cl\u00e1sico. Alguien reconocer\u00e1 un rotulador en esta m\u00e1quina, pero un profesional te lo dir\u00e1: es la m\u00e1quina c\u00f3moda y ligera (145 gramos) que hace incluso l\u00edneas y sombras precisas de las zonas de la piel.<\/p>\n<p>Funciona con todos los cartuchos fabricados para m\u00e1quinas de este tipo. La velocidad de su motor, 8000 RPM, es lo suficientemente importante como para crear l\u00edneas permanentes, sombreando la imagen r\u00e1pidamente y sin dolor. La m\u00e1quina de rotulador funciona mejor como sombreador. Los principiantes deber\u00edan hacer mejor con ella pinturas de piel m\u00e1s peque\u00f1as. Los profesionales pueden crear tatuajes m\u00e1s grandes.<\/p>","protected":false},"excerpt":{"rendered":"<h3>M\u00e1quina de tatuajes Hornet<\/h3>\n<p>Compatible con todos los cartuchos est\u00e1ndar<\/p>\n<p>Carrera 3,2 mm<br \/>\nProfundidad de aguja variable hasta 4 mm<br \/>\n8000 RPM<br \/>\nTensi\u00f3n preferida 4,5-13 voltios<\/p>\n<p>Conexi\u00f3n RCA<br \/>\nCuerpo de aluminio<br \/>\nPeso 145 gr.<\/p>","protected":false},"featured_media":56851,"comment_status":"open","ping_status":"closed","template":"","meta":{"site-sidebar-layout":"default","site-content-layout":"default","ast-site-content-layout":"default","site-content-style":"default","site-sidebar-style":"default","ast-global-header-display":"","ast-banner-title-visibility":"","ast-main-header-display":"","ast-hfb-above-header-display":"","ast-hfb-below-header-display":"","ast-hfb-mobile-header-display":"","site-post-title":"","ast-breadcrumbs-content":"","ast-featured-img":"","footer-sml-layout":"","ast-disable-related-posts":"","theme-transparent-header-meta":"default","adv-header-id-meta":"","stick-header-meta":"default","header-above-stick-meta":"","header-main-stick-meta":"","header-below-stick-meta":"","astra-migrate-meta-layouts":"set","ast-page-background-enabled":"default","ast-page-background-meta":{"desktop":{"background-color":"var(--ast-global-color-4)","background-image":"","background-repeat":"repeat","background-position":"center center","background-size":"auto","background-attachment":"scroll","background-type":"","background-media":"","overlay-type":"","overlay-color":"","overlay-opacity":"","overlay-gradient":""},"tablet":{"background-color":"","background-image":"","background-repeat":"repeat","background-position":"center center","background-size":"auto","background-attachment":"scroll","background-type":"","background-media":"","overlay-type":"","overlay-color":"","overlay-opacity":"","overlay-gradient":""},"mobile":{"background-color":"","background-image":"","background-repeat":"repeat","background-position":"center center","background-size":"auto","background-attachment":"scroll","background-type":"","background-media":"","overlay-type":"","overlay-color":"","overlay-opacity":"","overlay-gradient":""}},"ast-content-background-meta":{"desktop":{"background-color":"var(--ast-global-color-5)","background-image":"","background-repeat":"repeat","background-position":"center center","background-size":"auto","background-attachment":"scroll","background-type":"","background-media":"","overlay-type":"","overlay-color":"","overlay-opacity":"","overlay-gradient":""},"tablet":{"background-color":"var(--ast-global-color-5)","background-image":"","background-repeat":"repeat","background-position":"center center","background-size":"auto","background-attachment":"scroll","background-type":"","background-media":"","overlay-type":"","overlay-color":"","overlay-opacity":"","overlay-gradient":""},"mobile":{"background-color":"var(--ast-global-color-5)","background-image":"","background-repeat":"repeat","background-position":"center center","background-size":"auto","background-attachment":"scroll","background-type":"","background-media":"","overlay-type":"","overlay-color":"","overlay-opacity":"","overlay-gradient":""}}},"product_brand":[],"product_cat":[1803],"product_tag":[101,93,100,99,53,1799,50,87,98,48,97,1792,71,91,95,52,41,51],"class_list":{"0":"post-29608","1":"product","2":"type-product","3":"status-publish","4":"has-post-thumbnail","6":"product_cat-pen-tattoo-machines","7":"product_tag-custom-rotary-machines","8":"product_tag-custom-tattoo-guns","9":"product_tag-handmade-rotary-tattoo-machines","10":"product_tag-handmade-tattoo-machines","11":"product_tag-hornet-tattoo-machine","12":"product_tag-macchinette-rotative-per-tatuaggi","13":"product_tag-pen-tattoo-machine","14":"product_tag-professional-tattoo-machines","15":"product_tag-rotary-tattoo-guns","16":"product_tag-rotary-tattoo-machine","17":"product_tag-rotary-tattoo-pen","18":"product_tag-rotary-tattoomaschinen","19":"product_tag-tattoo-cartridges","20":"product_tag-tattoo-equipment","21":"product_tag-tattoo-guns","22":"product_tag-tattoo-machine-pen","23":"product_tag-tattoo-machines","24":"product_tag-tattoo-pen","25":"desktop-align-center","26":"tablet-align-left","27":"mobile-align-left","28":"ast-product-gallery-layout-horizontal-slider","29":"ast-product-single-variable","30":"ast-product-tabs-layout-horizontal","32":"first","33":"instock","34":"sale","35":"taxable","36":"shipping-taxable","37":"purchasable","38":"product-type-variable"},"_links":{"self":[{"href":"https:\/\/rightstuff.eu\/es\/wp-json\/wp\/v2\/product\/29608","targetHints":{"allow":["GET"]}}],"collection":[{"href":"https:\/\/rightstuff.eu\/es\/wp-json\/wp\/v2\/product"}],"about":[{"href":"https:\/\/rightstuff.eu\/es\/wp-json\/wp\/v2\/types\/product"}],"replies":[{"embeddable":true,"href":"https:\/\/rightstuff.eu\/es\/wp-json\/wp\/v2\/comments?post=29608"}],"version-history":[{"count":0,"href":"https:\/\/rightstuff.eu\/es\/wp-json\/wp\/v2\/product\/29608\/revisions"}],"wp:featuredmedia":[{"embeddable":true,"href":"https:\/\/rightstuff.eu\/es\/wp-json\/wp\/v2\/media\/56851"}],"wp:attachment":[{"href":"https:\/\/rightstuff.eu\/es\/wp-json\/wp\/v2\/media?parent=29608"}],"wp:term":[{"taxonomy":"product_brand","embeddable":true,"href":"https:\/\/rightstuff.eu\/es\/wp-json\/wp\/v2\/product_brand?post=29608"},{"taxonomy":"product_cat","embeddable":true,"href":"https:\/\/rightstuff.eu\/es\/wp-json\/wp\/v2\/product_cat?post=29608"},{"taxonomy":"product_tag","embeddable":true,"href":"https:\/\/rightstuff.eu\/es\/wp-json\/wp\/v2\/product_tag?post=29608"}],"curies":[{"name":"wp","href":"https:\/\/api.w.org\/{rel}","templated":true}]}}