{"id":29382,"date":"2016-09-16T10:52:16","date_gmt":"2016-09-16T10:52:16","guid":{"rendered":"https:\/\/rightstuff.eu\/shop\/tattoo_machines\/lucky\/lucky-lefty-shader\/"},"modified":"2025-01-22T01:37:10","modified_gmt":"2025-01-22T00:37:10","slug":"lucky-lefty-shader","status":"publish","type":"product","link":"https:\/\/rightstuff.eu\/es\/producto\/lucky-lefty-shader\/","title":{"rendered":"M\u00e1quina de Tatuaje Shader LUCKY LEFTY"},"content":{"rendered":"<p>La m\u00e1quina de tatuar es un aparato perfecto, que hace obras maestras en manos del artista. Las fabrican personas con una larga experiencia en el campo de los tatuajes. Hoy en d\u00eda se puede observar una gran variedad de estos aparatos. La m\u00e1quina de tatuar Lucky Lefty Shader es un modelo exclusivo creado especialmente para zurdos. El trazo de la aguja es una herramienta suave y potente para una inyecci\u00f3n f\u00e1cil y fiable de pintura gris bajo la piel.<br \/>\nFuncionan a muy bajo voltaje y, en general, nunca se sobrecalientan. Esta m\u00e1quina de tatuar est\u00e1 ajustada y probada con una potencia \u00f3ptima, tambi\u00e9n utilizamos un perno de plata para ajustar el contacto y conseguir la mejor conductividad. ... Esta m\u00e1quina es conocida por su alta. Tambi\u00e9n es muy pr\u00e1ctica, ya que se puede utilizar para otros colores, as\u00ed como para un conjunto mayor de agujas. Est\u00e1 fabricada con un bastidor compacto, fiable y equilibrado. Su peso es de s\u00f3lo 200gr. Los zurdos pueden disfrutar de sus prestaciones de alta calidad.<\/p>","protected":false},"excerpt":{"rendered":"<p>M\u00e1quina de tatuar para <strong>zurdos<\/strong>.<\/p>\n<p>El bastidor est\u00e1 mecanizado a partir de una sola pieza de acero<br \/>\nBobinas de alta calidad - 25 mm * 10 vueltas<br \/>\nHerrajes de acero ennegrecido<br \/>\nAgujas preferidas 7-23m<br \/>\nCarrera larga<br \/>\nFunciona a 105hz a 6,6 voltios -sin carga<\/p>\n<p>Peso de la m\u00e1quina de tatuar 200gr.<\/p>","protected":false},"featured_media":0,"comment_status":"open","ping_status":"closed","template":"","meta":{"site-sidebar-layout":"","site-content-layout":"","ast-site-content-layout":"default","site-content-style":"default","site-sidebar-style":"default","ast-global-header-display":"","ast-banner-title-visibility":"","ast-main-header-display":"","ast-hfb-above-header-display":"","ast-hfb-below-header-display":"","ast-hfb-mobile-header-display":"","site-post-title":"","ast-breadcrumbs-content":"","ast-featured-img":"","footer-sml-layout":"","ast-disable-related-posts":"","theme-transparent-header-meta":"","adv-header-id-meta":"","stick-header-meta":"","header-above-stick-meta":"","header-main-stick-meta":"","header-below-stick-meta":"","astra-migrate-meta-layouts":"default","ast-page-background-enabled":"default","ast-page-background-meta":{"desktop":{"background-color":"var(--ast-global-color-4)","background-image":"","background-repeat":"repeat","background-position":"center center","background-size":"auto","background-attachment":"scroll","background-type":"","background-media":"","overlay-type":"","overlay-color":"","overlay-opacity":"","overlay-gradient":""},"tablet":{"background-color":"","background-image":"","background-repeat":"repeat","background-position":"center center","background-size":"auto","background-attachment":"scroll","background-type":"","background-media":"","overlay-type":"","overlay-color":"","overlay-opacity":"","overlay-gradient":""},"mobile":{"background-color":"","background-image":"","background-repeat":"repeat","background-position":"center center","background-size":"auto","background-attachment":"scroll","background-type":"","background-media":"","overlay-type":"","overlay-color":"","overlay-opacity":"","overlay-gradient":""}},"ast-content-background-meta":{"desktop":{"background-color":"var(--ast-global-color-5)","background-image":"","background-repeat":"repeat","background-position":"center center","background-size":"auto","background-attachment":"scroll","background-type":"","background-media":"","overlay-type":"","overlay-color":"","overlay-opacity":"","overlay-gradient":""},"tablet":{"background-color":"var(--ast-global-color-5)","background-image":"","background-repeat":"repeat","background-position":"center center","background-size":"auto","background-attachment":"scroll","background-type":"","background-media":"","overlay-type":"","overlay-color":"","overlay-opacity":"","overlay-gradient":""},"mobile":{"background-color":"var(--ast-global-color-5)","background-image":"","background-repeat":"repeat","background-position":"center center","background-size":"auto","background-attachment":"scroll","background-type":"","background-media":"","overlay-type":"","overlay-color":"","overlay-opacity":"","overlay-gradient":""}}},"product_brand":[],"product_cat":[8],"product_tag":[82,93,83,99,84,1802,87,45,89,91,95,23,72,41,96],"class_list":{"0":"post-29382","1":"product","2":"type-product","3":"status-publish","5":"product_cat-lucky","6":"product_tag-coil-tattoo-machines","7":"product_tag-custom-tattoo-guns","8":"product_tag-custom-tattoo-machines","9":"product_tag-handmade-tattoo-machines","10":"product_tag-left-handed-machines","11":"product_tag-maquinas-de-tatuaje-de-bobina","12":"product_tag-professional-tattoo-machines","13":"product_tag-shader-tattoo-machine","14":"product_tag-shader-tattoo-machines","15":"product_tag-tattoo-equipment","16":"product_tag-tattoo-guns","17":"product_tag-tattoo-machine","18":"product_tag-tattoo-machine-coils","19":"product_tag-tattoo-machines","20":"product_tag-tattoo-shading-guns","21":"pa_brand-rightstuff","22":"desktop-align-center","23":"tablet-align-left","24":"mobile-align-left","25":"ast-product-gallery-layout-horizontal-slider","26":"ast-product-tabs-layout-horizontal","28":"first","29":"outofstock","30":"sale","31":"taxable","32":"shipping-taxable","33":"purchasable","34":"product-type-simple"},"_links":{"self":[{"href":"https:\/\/rightstuff.eu\/es\/wp-json\/wp\/v2\/product\/29382","targetHints":{"allow":["GET"]}}],"collection":[{"href":"https:\/\/rightstuff.eu\/es\/wp-json\/wp\/v2\/product"}],"about":[{"href":"https:\/\/rightstuff.eu\/es\/wp-json\/wp\/v2\/types\/product"}],"replies":[{"embeddable":true,"href":"https:\/\/rightstuff.eu\/es\/wp-json\/wp\/v2\/comments?post=29382"}],"version-history":[{"count":0,"href":"https:\/\/rightstuff.eu\/es\/wp-json\/wp\/v2\/product\/29382\/revisions"}],"wp:attachment":[{"href":"https:\/\/rightstuff.eu\/es\/wp-json\/wp\/v2\/media?parent=29382"}],"wp:term":[{"taxonomy":"product_brand","embeddable":true,"href":"https:\/\/rightstuff.eu\/es\/wp-json\/wp\/v2\/product_brand?post=29382"},{"taxonomy":"product_cat","embeddable":true,"href":"https:\/\/rightstuff.eu\/es\/wp-json\/wp\/v2\/product_cat?post=29382"},{"taxonomy":"product_tag","embeddable":true,"href":"https:\/\/rightstuff.eu\/es\/wp-json\/wp\/v2\/product_tag?post=29382"}],"curies":[{"name":"wp","href":"https:\/\/api.w.org\/{rel}","templated":true}]}}