{"id":29314,"date":"2016-08-08T14:18:10","date_gmt":"2016-08-08T14:18:10","guid":{"rendered":"https:\/\/rightstuff.eu\/shop\/tattoo_machines\/bone\/bone-liner-chrome\/"},"modified":"2025-01-22T01:37:10","modified_gmt":"2025-01-22T00:37:10","slug":"bone-liner-chrome","status":"publish","type":"product","link":"https:\/\/rightstuff.eu\/es\/producto\/bone-liner-chrome\/","title":{"rendered":"M\u00e1quina de Tatuaje BONE Liner Chrome"},"content":{"rendered":"<p>BONE Liner Chrome Tattoo Machine es una excelente herramienta de acero que realiza l\u00edneas y contornos uniformes. Tiempos, cuando el tatuaje era un proceso doloroso, ya han pasado - hoy en d\u00eda cualquier individuo, que deseen obtener una imagen agradable hecha por la tinta especial no se sentir\u00e1 emociones odiosas.<\/p>\n<p>El principio fundamental de su trabajo es un golpe breve y potente y un retorno r\u00e1pido. La aguja penetra r\u00e1pidamente bajo la piel, de modo que la pintura no se extiende mucho bajo la piel, y el artista hace un boceto fino. Al realizar el contorno del tatuaje con este delineador, mantenga la m\u00e1quina en posici\u00f3n vertical. Tire siempre de la piel tatuada. No fuerce la mano cuando trabaje con el liner, o su brazo se cansar\u00e1 de trabajar r\u00e1pidamente. Dirija la m\u00e1quina de tatuar hacia delante - esto es inevitable para obtener un boceto claro y perfecto del tatuaje.<\/p>\n<p>El art\u00edculo pesa 180 gramos - es lo suficientemente ligero como para no sentir ninguna molestia al usarlo durante horas. Viene con 25 mil\u00edmetros 8 bobinas de envoltura de la mejor calidad. El voltaje de la m\u00e1quina es de 6, 6 V - la unidad funciona a 160 Hz.<\/p>","protected":false},"excerpt":{"rendered":"<p>El bastidor est\u00e1 mecanizado a partir de una sola pieza de acero<\/p>\n<p>Bobinas de alta calidad - 25 mm * 8 vueltas<\/p>\n<p>Herrajes de acero ennegrecido<\/p>\n<p>Agujas preferidas 3-7RL<\/p>\n<p>Trazo medio<\/p>\n<p>Funciona a 160hz a 6,6 voltios -sin carga<\/p>\n<p>Peso de la m\u00e1quina de tatuar 180gr.<\/p>","protected":false},"featured_media":0,"comment_status":"open","ping_status":"closed","template":"","meta":{"site-sidebar-layout":"","site-content-layout":"","ast-site-content-layout":"default","site-content-style":"default","site-sidebar-style":"default","ast-global-header-display":"","ast-banner-title-visibility":"","ast-main-header-display":"","ast-hfb-above-header-display":"","ast-hfb-below-header-display":"","ast-hfb-mobile-header-display":"","site-post-title":"","ast-breadcrumbs-content":"","ast-featured-img":"","footer-sml-layout":"","ast-disable-related-posts":"","theme-transparent-header-meta":"","adv-header-id-meta":"","stick-header-meta":"","header-above-stick-meta":"","header-main-stick-meta":"","header-below-stick-meta":"","astra-migrate-meta-layouts":"default","ast-page-background-enabled":"default","ast-page-background-meta":{"desktop":{"background-color":"var(--ast-global-color-4)","background-image":"","background-repeat":"repeat","background-position":"center center","background-size":"auto","background-attachment":"scroll","background-type":"","background-media":"","overlay-type":"","overlay-color":"","overlay-opacity":"","overlay-gradient":""},"tablet":{"background-color":"","background-image":"","background-repeat":"repeat","background-position":"center center","background-size":"auto","background-attachment":"scroll","background-type":"","background-media":"","overlay-type":"","overlay-color":"","overlay-opacity":"","overlay-gradient":""},"mobile":{"background-color":"","background-image":"","background-repeat":"repeat","background-position":"center center","background-size":"auto","background-attachment":"scroll","background-type":"","background-media":"","overlay-type":"","overlay-color":"","overlay-opacity":"","overlay-gradient":""}},"ast-content-background-meta":{"desktop":{"background-color":"var(--ast-global-color-5)","background-image":"","background-repeat":"repeat","background-position":"center center","background-size":"auto","background-attachment":"scroll","background-type":"","background-media":"","overlay-type":"","overlay-color":"","overlay-opacity":"","overlay-gradient":""},"tablet":{"background-color":"var(--ast-global-color-5)","background-image":"","background-repeat":"repeat","background-position":"center center","background-size":"auto","background-attachment":"scroll","background-type":"","background-media":"","overlay-type":"","overlay-color":"","overlay-opacity":"","overlay-gradient":""},"mobile":{"background-color":"var(--ast-global-color-5)","background-image":"","background-repeat":"repeat","background-position":"center center","background-size":"auto","background-attachment":"scroll","background-type":"","background-media":"","overlay-type":"","overlay-color":"","overlay-opacity":"","overlay-gradient":""}}},"product_brand":[],"product_cat":[21],"product_tag":[82,93,83,46,99,43,1800,87,1791,91,95,72],"class_list":{"0":"post-29314","1":"product","2":"type-product","3":"status-publish","5":"product_cat-bone","6":"product_tag-coil-tattoo-machines","7":"product_tag-custom-tattoo-guns","8":"product_tag-custom-tattoo-machines","9":"product_tag-fastliner","10":"product_tag-handmade-tattoo-machines","11":"product_tag-liner-tattoo-machine","12":"product_tag-macchinetta-per-tatuaggio-a-bobina","13":"product_tag-professional-tattoo-machines","14":"product_tag-spulen-tattoomaschinen","15":"product_tag-tattoo-equipment","16":"product_tag-tattoo-guns","17":"product_tag-tattoo-machine-coils","18":"pa_brand-rightstuff","19":"desktop-align-center","20":"tablet-align-left","21":"mobile-align-left","22":"ast-product-gallery-layout-horizontal-slider","23":"ast-product-tabs-layout-horizontal","25":"first","26":"outofstock","27":"sale","28":"taxable","29":"shipping-taxable","30":"purchasable","31":"product-type-simple"},"_links":{"self":[{"href":"https:\/\/rightstuff.eu\/es\/wp-json\/wp\/v2\/product\/29314","targetHints":{"allow":["GET"]}}],"collection":[{"href":"https:\/\/rightstuff.eu\/es\/wp-json\/wp\/v2\/product"}],"about":[{"href":"https:\/\/rightstuff.eu\/es\/wp-json\/wp\/v2\/types\/product"}],"replies":[{"embeddable":true,"href":"https:\/\/rightstuff.eu\/es\/wp-json\/wp\/v2\/comments?post=29314"}],"version-history":[{"count":0,"href":"https:\/\/rightstuff.eu\/es\/wp-json\/wp\/v2\/product\/29314\/revisions"}],"wp:attachment":[{"href":"https:\/\/rightstuff.eu\/es\/wp-json\/wp\/v2\/media?parent=29314"}],"wp:term":[{"taxonomy":"product_brand","embeddable":true,"href":"https:\/\/rightstuff.eu\/es\/wp-json\/wp\/v2\/product_brand?post=29314"},{"taxonomy":"product_cat","embeddable":true,"href":"https:\/\/rightstuff.eu\/es\/wp-json\/wp\/v2\/product_cat?post=29314"},{"taxonomy":"product_tag","embeddable":true,"href":"https:\/\/rightstuff.eu\/es\/wp-json\/wp\/v2\/product_tag?post=29314"}],"curies":[{"name":"wp","href":"https:\/\/api.w.org\/{rel}","templated":true}]}}