{"id":29284,"date":"2016-08-03T13:08:15","date_gmt":"2016-08-03T10:08:15","guid":{"rendered":"https:\/\/rightstuff.eu\/shop\/tattoo_machines\/rotary_tattoo_machines\/keg-rotary-tattoo-machine-variable-blue\/"},"modified":"2025-01-22T01:37:10","modified_gmt":"2025-01-22T00:37:10","slug":"keg-rotary-tattoo-machine-variable-blue","status":"publish","type":"product","link":"https:\/\/rightstuff.eu\/es\/producto\/keg-rotary-tattoo-machine-variable-blue\/","title":{"rendered":"M\u00e1quina de Tatuaje Rotativa -KEG Variable (Azul)"},"content":{"rendered":"<p>Para crear un tatuaje, un maestro utiliza una m\u00e1quina rotativa o de inducci\u00f3n. El ejemplo m\u00e1s sencillo de unidad rotativa es un aparato hecho por uno mismo para pintar la piel, fabricado con un bol\u00edgrafo y un peque\u00f1o motor. Right Stuff ofrece a los profesionales propietarios de sus salones de tatuaje o artistas, tener ciertas ideas sobre un negocio de tatuajes rentable este azul <a href=\"https:\/\/rightstuff.eu\/blog\/best-rotary-tattoo-machines\/\">m\u00e1quina rotativa de tatuar<\/a> - Variable KEG.<\/p>\n<p>Es el dispositivo de trabajo m\u00e1s sencillo: esta m\u00e1quina es una unidad eficaz para dibujar el contorno de un tatuaje. Con ella, el maestro conseguir\u00e1 f\u00e1cilmente una gran precisi\u00f3n en el trazado de las l\u00edneas del tatuaje. La m\u00e1quina rotativa mejora las caracter\u00edsticas de calidad de las im\u00e1genes aplicadas. Debido a la r\u00e1pida velocidad del movimiento de la aguja, el nivel de sensaciones dolorosas disminuye y el cliente se siente relajado. Este modelo casi no vibra cuando funciona - el artista no se siente cansado al crear una pintura sobre la piel.<\/p>\n<p>Este modelo azul de aluminio pesa s\u00f3lo 140 gramos. El recorrido de la m\u00e1quina var\u00eda de 1 a 5 mil\u00edmetros. El aparato funciona a una velocidad de 8000 RPM y un voltaje de 6 -13 V.<\/p>","protected":false},"excerpt":{"rendered":"<p>M\u00e1quina rotativa de tatuar<\/p>\n<p>Accionamiento directo<\/p>\n<p>Carrera variable de 1 mm a 5 mm<br \/>\n8000 RPM<br \/>\nTensi\u00f3n preferida 6-13 voltios<\/p>\n<p>Agujas recomendadas: Hasta 18 Liner, HASTA 39 Mag<\/p>\n<p>Cable de pinza + Conexi\u00f3n RCA<br \/>\nCuerpo de aluminio<br \/>\nPeso 140 gr.<\/p>","protected":false},"featured_media":56877,"comment_status":"open","ping_status":"closed","template":"","meta":{"site-sidebar-layout":"default","site-content-layout":"","ast-site-content-layout":"default","site-content-style":"default","site-sidebar-style":"default","ast-global-header-display":"","ast-banner-title-visibility":"","ast-main-header-display":"","ast-hfb-above-header-display":"","ast-hfb-below-header-display":"","ast-hfb-mobile-header-display":"","site-post-title":"","ast-breadcrumbs-content":"","ast-featured-img":"","footer-sml-layout":"","ast-disable-related-posts":"","theme-transparent-header-meta":"default","adv-header-id-meta":"","stick-header-meta":"default","header-above-stick-meta":"","header-main-stick-meta":"","header-below-stick-meta":"","astra-migrate-meta-layouts":"set","ast-page-background-enabled":"default","ast-page-background-meta":{"desktop":{"background-color":"var(--ast-global-color-4)","background-image":"","background-repeat":"repeat","background-position":"center center","background-size":"auto","background-attachment":"scroll","background-type":"","background-media":"","overlay-type":"","overlay-color":"","overlay-opacity":"","overlay-gradient":""},"tablet":{"background-color":"","background-image":"","background-repeat":"repeat","background-position":"center center","background-size":"auto","background-attachment":"scroll","background-type":"","background-media":"","overlay-type":"","overlay-color":"","overlay-opacity":"","overlay-gradient":""},"mobile":{"background-color":"","background-image":"","background-repeat":"repeat","background-position":"center center","background-size":"auto","background-attachment":"scroll","background-type":"","background-media":"","overlay-type":"","overlay-color":"","overlay-opacity":"","overlay-gradient":""}},"ast-content-background-meta":{"desktop":{"background-color":"var(--ast-global-color-5)","background-image":"","background-repeat":"repeat","background-position":"center center","background-size":"auto","background-attachment":"scroll","background-type":"","background-media":"","overlay-type":"","overlay-color":"","overlay-opacity":"","overlay-gradient":""},"tablet":{"background-color":"var(--ast-global-color-5)","background-image":"","background-repeat":"repeat","background-position":"center center","background-size":"auto","background-attachment":"scroll","background-type":"","background-media":"","overlay-type":"","overlay-color":"","overlay-opacity":"","overlay-gradient":""},"mobile":{"background-color":"var(--ast-global-color-5)","background-image":"","background-repeat":"repeat","background-position":"center center","background-size":"auto","background-attachment":"scroll","background-type":"","background-media":"","overlay-type":"","overlay-color":"","overlay-opacity":"","overlay-gradient":""}}},"product_brand":[],"product_cat":[1995],"product_tag":[101,93,83,74,100,99,87,98,48,97,1792,91,95,23,72],"class_list":{"0":"post-29284","1":"product","2":"type-product","3":"status-publish","4":"has-post-thumbnail","6":"product_cat-variable","7":"product_tag-custom-rotary-machines","8":"product_tag-custom-tattoo-guns","9":"product_tag-custom-tattoo-machines","10":"product_tag-direct-drive-tattoo-machine","11":"product_tag-handmade-rotary-tattoo-machines","12":"product_tag-handmade-tattoo-machines","13":"product_tag-professional-tattoo-machines","14":"product_tag-rotary-tattoo-guns","15":"product_tag-rotary-tattoo-machine","16":"product_tag-rotary-tattoo-pen","17":"product_tag-rotary-tattoomaschinen","18":"product_tag-tattoo-equipment","19":"product_tag-tattoo-guns","20":"product_tag-tattoo-machine","21":"product_tag-tattoo-machine-coils","22":"pa_brand-rightstuff","23":"desktop-align-center","24":"tablet-align-left","25":"mobile-align-left","26":"ast-product-gallery-layout-horizontal-slider","27":"ast-product-tabs-layout-horizontal","29":"first","30":"instock","31":"sale","32":"taxable","33":"shipping-taxable","34":"purchasable","35":"product-type-simple"},"_links":{"self":[{"href":"https:\/\/rightstuff.eu\/es\/wp-json\/wp\/v2\/product\/29284","targetHints":{"allow":["GET"]}}],"collection":[{"href":"https:\/\/rightstuff.eu\/es\/wp-json\/wp\/v2\/product"}],"about":[{"href":"https:\/\/rightstuff.eu\/es\/wp-json\/wp\/v2\/types\/product"}],"replies":[{"embeddable":true,"href":"https:\/\/rightstuff.eu\/es\/wp-json\/wp\/v2\/comments?post=29284"}],"version-history":[{"count":0,"href":"https:\/\/rightstuff.eu\/es\/wp-json\/wp\/v2\/product\/29284\/revisions"}],"wp:featuredmedia":[{"embeddable":true,"href":"https:\/\/rightstuff.eu\/es\/wp-json\/wp\/v2\/media\/56877"}],"wp:attachment":[{"href":"https:\/\/rightstuff.eu\/es\/wp-json\/wp\/v2\/media?parent=29284"}],"wp:term":[{"taxonomy":"product_brand","embeddable":true,"href":"https:\/\/rightstuff.eu\/es\/wp-json\/wp\/v2\/product_brand?post=29284"},{"taxonomy":"product_cat","embeddable":true,"href":"https:\/\/rightstuff.eu\/es\/wp-json\/wp\/v2\/product_cat?post=29284"},{"taxonomy":"product_tag","embeddable":true,"href":"https:\/\/rightstuff.eu\/es\/wp-json\/wp\/v2\/product_tag?post=29284"}],"curies":[{"name":"wp","href":"https:\/\/api.w.org\/{rel}","templated":true}]}}