{"id":29103,"date":"2016-05-17T14:49:42","date_gmt":"2016-05-17T12:49:42","guid":{"rendered":"https:\/\/rightstuff.eu\/shop\/tattoo_machines\/rotary_tattoo_machines\/keg-rotary-tattoo-machine-variable-gold\/"},"modified":"2025-08-01T13:02:16","modified_gmt":"2025-08-01T11:02:16","slug":"pen-tattoo-machine-hornet-gold","status":"publish","type":"product","link":"https:\/\/rightstuff.eu\/es\/producto\/pen-tattoo-machine-hornet-gold\/","title":{"rendered":"M\u00e1quina de tatuajes con bol\u00edgrafo Hornet (Oro)"},"content":{"rendered":"<p>El tatuaje es un arte antiguo. Hace siglos, las pinturas de la piel ten\u00edan sus fines especiales: la gente cre\u00eda que un tatuaje pod\u00eda protegerles de las enfermedades o de una muerte repentina, ayudarles a asustar a los enemigos y atraer a las personas queridas. Al hacer un tatuaje los antiguos maestros cortaban la piel e inyectaban bajo ella pinturas especiales. Todo el proceso era muy doloroso.<\/p>\n<p>Hoy en d\u00eda, un profesional puede incluso hacer un tatuaje de maquillaje constante: el cliente nunca tendr\u00e1 sensaciones desagradables. Utilizando aluminio especial <a href=\"https:\/\/rightstuff.eu\/blog\/to-clean-a-tattoo-machine\/\">M\u00e1quina de tatuar con bol\u00edgrafo<\/a> Hornet (Oro) puede hacer f\u00e1cilmente l\u00edneas uniformes y tatuajes diminutos. Este aparato profesional para maquillaje y tatuaje cumple todos los requisitos de higiene y calidad. Permite a un maestro producir l\u00edneas precisas: el bol\u00edgrafo funcionar\u00e1 perfectamente durante m\u00e1s de cuatro-cinco a\u00f1os.<\/p>\n<p>Sustituir el cartucho de la unidad es un proceso sencillo, ya que casi todos los cartuchos convenientes son compatibles con este aparato. El aparato, que pesa 145 gramos, funciona a una velocidad de 8000 RPM con un voltaje de 4,5-13 V. La profundidad de la aguja var\u00eda de 1 a 3,5 mm.<\/p>","protected":false},"excerpt":{"rendered":"<p>M\u00e1quina de tatuar bol\u00edgrafos Hornet<\/p>\n<h5>Tattoo maschine stift Hornet<\/h5>\n<p>Compatible con todos los cartuchos est\u00e1ndar<\/p>\n<p>Carrera 3,2 mm<br \/>\nProfundidad de aguja variable hasta 4 mm<br \/>\n8000 RPM<br \/>\nTensi\u00f3n preferida 4,5-13 voltios<\/p>\n<p>Conexi\u00f3n RCA<br \/>\nCuerpo de aluminio<br \/>\nPeso 145 gr.<\/p>","protected":false},"featured_media":56859,"comment_status":"open","ping_status":"closed","template":"","meta":{"site-sidebar-layout":"default","site-content-layout":"default","ast-site-content-layout":"default","site-content-style":"default","site-sidebar-style":"default","ast-global-header-display":"","ast-banner-title-visibility":"","ast-main-header-display":"","ast-hfb-above-header-display":"","ast-hfb-below-header-display":"","ast-hfb-mobile-header-display":"","site-post-title":"","ast-breadcrumbs-content":"","ast-featured-img":"","footer-sml-layout":"","ast-disable-related-posts":"","theme-transparent-header-meta":"default","adv-header-id-meta":"","stick-header-meta":"default","header-above-stick-meta":"","header-main-stick-meta":"","header-below-stick-meta":"","astra-migrate-meta-layouts":"set","ast-page-background-enabled":"default","ast-page-background-meta":{"desktop":{"background-color":"var(--ast-global-color-4)","background-image":"","background-repeat":"repeat","background-position":"center center","background-size":"auto","background-attachment":"scroll","background-type":"","background-media":"","overlay-type":"","overlay-color":"","overlay-opacity":"","overlay-gradient":""},"tablet":{"background-color":"","background-image":"","background-repeat":"repeat","background-position":"center center","background-size":"auto","background-attachment":"scroll","background-type":"","background-media":"","overlay-type":"","overlay-color":"","overlay-opacity":"","overlay-gradient":""},"mobile":{"background-color":"","background-image":"","background-repeat":"repeat","background-position":"center center","background-size":"auto","background-attachment":"scroll","background-type":"","background-media":"","overlay-type":"","overlay-color":"","overlay-opacity":"","overlay-gradient":""}},"ast-content-background-meta":{"desktop":{"background-color":"var(--ast-global-color-5)","background-image":"","background-repeat":"repeat","background-position":"center center","background-size":"auto","background-attachment":"scroll","background-type":"","background-media":"","overlay-type":"","overlay-color":"","overlay-opacity":"","overlay-gradient":""},"tablet":{"background-color":"var(--ast-global-color-5)","background-image":"","background-repeat":"repeat","background-position":"center center","background-size":"auto","background-attachment":"scroll","background-type":"","background-media":"","overlay-type":"","overlay-color":"","overlay-opacity":"","overlay-gradient":""},"mobile":{"background-color":"var(--ast-global-color-5)","background-image":"","background-repeat":"repeat","background-position":"center center","background-size":"auto","background-attachment":"scroll","background-type":"","background-media":"","overlay-type":"","overlay-color":"","overlay-opacity":"","overlay-gradient":""}}},"product_brand":[],"product_cat":[1803],"product_tag":[101,93,100,99,53,50,87,98,48,97,1792,71,91,95,52,41,51],"class_list":{"0":"post-29103","1":"product","2":"type-product","3":"status-publish","4":"has-post-thumbnail","6":"product_cat-pen-tattoo-machines","7":"product_tag-custom-rotary-machines","8":"product_tag-custom-tattoo-guns","9":"product_tag-handmade-rotary-tattoo-machines","10":"product_tag-handmade-tattoo-machines","11":"product_tag-hornet-tattoo-machine","12":"product_tag-pen-tattoo-machine","13":"product_tag-professional-tattoo-machines","14":"product_tag-rotary-tattoo-guns","15":"product_tag-rotary-tattoo-machine","16":"product_tag-rotary-tattoo-pen","17":"product_tag-rotary-tattoomaschinen","18":"product_tag-tattoo-cartridges","19":"product_tag-tattoo-equipment","20":"product_tag-tattoo-guns","21":"product_tag-tattoo-machine-pen","22":"product_tag-tattoo-machines","23":"product_tag-tattoo-pen","24":"desktop-align-center","25":"tablet-align-left","26":"mobile-align-left","27":"ast-product-gallery-layout-horizontal-slider","28":"ast-product-single-variable","29":"ast-product-tabs-layout-horizontal","31":"first","32":"instock","33":"sale","34":"taxable","35":"shipping-taxable","36":"purchasable","37":"product-type-variable"},"_links":{"self":[{"href":"https:\/\/rightstuff.eu\/es\/wp-json\/wp\/v2\/product\/29103","targetHints":{"allow":["GET"]}}],"collection":[{"href":"https:\/\/rightstuff.eu\/es\/wp-json\/wp\/v2\/product"}],"about":[{"href":"https:\/\/rightstuff.eu\/es\/wp-json\/wp\/v2\/types\/product"}],"replies":[{"embeddable":true,"href":"https:\/\/rightstuff.eu\/es\/wp-json\/wp\/v2\/comments?post=29103"}],"version-history":[{"count":0,"href":"https:\/\/rightstuff.eu\/es\/wp-json\/wp\/v2\/product\/29103\/revisions"}],"wp:featuredmedia":[{"embeddable":true,"href":"https:\/\/rightstuff.eu\/es\/wp-json\/wp\/v2\/media\/56859"}],"wp:attachment":[{"href":"https:\/\/rightstuff.eu\/es\/wp-json\/wp\/v2\/media?parent=29103"}],"wp:term":[{"taxonomy":"product_brand","embeddable":true,"href":"https:\/\/rightstuff.eu\/es\/wp-json\/wp\/v2\/product_brand?post=29103"},{"taxonomy":"product_cat","embeddable":true,"href":"https:\/\/rightstuff.eu\/es\/wp-json\/wp\/v2\/product_cat?post=29103"},{"taxonomy":"product_tag","embeddable":true,"href":"https:\/\/rightstuff.eu\/es\/wp-json\/wp\/v2\/product_tag?post=29103"}],"curies":[{"name":"wp","href":"https:\/\/api.w.org\/{rel}","templated":true}]}}