{"id":28942,"date":"2016-01-21T21:00:45","date_gmt":"2016-01-21T18:00:45","guid":{"rendered":"https:\/\/rightstuff.eu\/shop\/tattoo_machines\/rotary_tattoo_machines\/keg-rotary-tattoo-machine-variableblack\/"},"modified":"2025-02-15T20:19:00","modified_gmt":"2025-02-15T19:19:00","slug":"keg-rotary-tattoo-machine-variableblack","status":"publish","type":"product","link":"https:\/\/rightstuff.eu\/es\/producto\/keg-rotary-tattoo-machine-variableblack\/","title":{"rendered":"M\u00e1quina de Tatuaje Rotativa - KEG Variable (Negra)"},"content":{"rendered":"<p>Hoy en d\u00eda, las tiendas de tatuajes trabajan a destajo: los artistas modernos pueden conseguir la imagen de la piel m\u00e1s complicada. Sin embargo, las dimensiones y la forma de un tatuaje dependen del lugar en el que se aplique. La imagen debe reflejar los contornos del cuerpo y no ser demasiado grande. Si un dise\u00f1o tiene muchos detalles, elige una imagen m\u00e1s grande, y luego los detalles se acentuar\u00e1n.<\/p>\n<p>Este KEG negro es una m\u00e1quina para tatuajes de rotaci\u00f3n variable que crea im\u00e1genes perfectas de la piel. El rotador gira sobre el aparato y realiza su trabajo. La potente unidad rotatoria a 8000 giros\/min, produce bajos niveles de rumorosidad y vibraciones. Este dispositivo de aluminio ligero (140 gramos) funciona con una tensi\u00f3n de 6,6 V.<\/p>\n<p>Para obtener el efecto deseado, un maestro del tatuaje debe recorrer varias veces la misma zona de la piel. La diferencia entre un trenzado giratorio y un remache. Ejecutando tratamientos de 1 - 5 mm, un artista no debe mover nunca el dispositivo con rapidez. Adem\u00e1s, debilitar\u00e1 la piel y eliminar\u00e1 las cicatrices. El uso de este art\u00edculo y de unidades similares est\u00e1 recomendado para los tatuadores principiantes o para realizar un truco permanente.<\/p>","protected":false},"excerpt":{"rendered":"<p>Accionamiento directo <a href=\"https:\/\/rightstuff.eu\/blog\/rotary-vs-spulen-tattoo-maschinen%ef%bf%bc\/\">Tatuaje rotativo<\/a> m\u00e1quina<\/p>\n<p>Macchina rotativa del tatuaje de azionamento directo<\/p>\n<p>Carrera variable de 1 mm a 5 mm<br \/>\n8000 RPM<br \/>\nTensi\u00f3n preferida 6-13 voltios<\/p>\n<p>Agujas recomendadas: Hasta 18 Liner, HASTA 39 Mag<\/p>\n<p>Cable de pinza + Conexi\u00f3n RCA<br \/>\nCuerpo de aluminio<br \/>\nPeso 140 gr.<\/p>","protected":false},"featured_media":56874,"comment_status":"open","ping_status":"closed","template":"","meta":{"site-sidebar-layout":"default","site-content-layout":"","ast-site-content-layout":"default","site-content-style":"default","site-sidebar-style":"default","ast-global-header-display":"","ast-banner-title-visibility":"","ast-main-header-display":"","ast-hfb-above-header-display":"","ast-hfb-below-header-display":"","ast-hfb-mobile-header-display":"","site-post-title":"","ast-breadcrumbs-content":"","ast-featured-img":"","footer-sml-layout":"","ast-disable-related-posts":"","theme-transparent-header-meta":"default","adv-header-id-meta":"","stick-header-meta":"default","header-above-stick-meta":"","header-main-stick-meta":"","header-below-stick-meta":"","astra-migrate-meta-layouts":"set","ast-page-background-enabled":"default","ast-page-background-meta":{"desktop":{"background-color":"var(--ast-global-color-4)","background-image":"","background-repeat":"repeat","background-position":"center center","background-size":"auto","background-attachment":"scroll","background-type":"","background-media":"","overlay-type":"","overlay-color":"","overlay-opacity":"","overlay-gradient":""},"tablet":{"background-color":"","background-image":"","background-repeat":"repeat","background-position":"center center","background-size":"auto","background-attachment":"scroll","background-type":"","background-media":"","overlay-type":"","overlay-color":"","overlay-opacity":"","overlay-gradient":""},"mobile":{"background-color":"","background-image":"","background-repeat":"repeat","background-position":"center center","background-size":"auto","background-attachment":"scroll","background-type":"","background-media":"","overlay-type":"","overlay-color":"","overlay-opacity":"","overlay-gradient":""}},"ast-content-background-meta":{"desktop":{"background-color":"var(--ast-global-color-5)","background-image":"","background-repeat":"repeat","background-position":"center center","background-size":"auto","background-attachment":"scroll","background-type":"","background-media":"","overlay-type":"","overlay-color":"","overlay-opacity":"","overlay-gradient":""},"tablet":{"background-color":"var(--ast-global-color-5)","background-image":"","background-repeat":"repeat","background-position":"center center","background-size":"auto","background-attachment":"scroll","background-type":"","background-media":"","overlay-type":"","overlay-color":"","overlay-opacity":"","overlay-gradient":""},"mobile":{"background-color":"var(--ast-global-color-5)","background-image":"","background-repeat":"repeat","background-position":"center center","background-size":"auto","background-attachment":"scroll","background-type":"","background-media":"","overlay-type":"","overlay-color":"","overlay-opacity":"","overlay-gradient":""}}},"product_brand":[],"product_cat":[1995],"product_tag":[101,93,83,74,100,99,87,98,48,97,1792,91,95,23,72],"class_list":{"0":"post-28942","1":"product","2":"type-product","3":"status-publish","4":"has-post-thumbnail","6":"product_cat-variable","7":"product_tag-custom-rotary-machines","8":"product_tag-custom-tattoo-guns","9":"product_tag-custom-tattoo-machines","10":"product_tag-direct-drive-tattoo-machine","11":"product_tag-handmade-rotary-tattoo-machines","12":"product_tag-handmade-tattoo-machines","13":"product_tag-professional-tattoo-machines","14":"product_tag-rotary-tattoo-guns","15":"product_tag-rotary-tattoo-machine","16":"product_tag-rotary-tattoo-pen","17":"product_tag-rotary-tattoomaschinen","18":"product_tag-tattoo-equipment","19":"product_tag-tattoo-guns","20":"product_tag-tattoo-machine","21":"product_tag-tattoo-machine-coils","22":"pa_brand-rightstuff","23":"desktop-align-center","24":"tablet-align-left","25":"mobile-align-left","26":"ast-product-gallery-layout-horizontal-slider","27":"ast-product-tabs-layout-horizontal","29":"first","30":"outofstock","31":"sale","32":"taxable","33":"shipping-taxable","34":"purchasable","35":"product-type-simple"},"_links":{"self":[{"href":"https:\/\/rightstuff.eu\/es\/wp-json\/wp\/v2\/product\/28942","targetHints":{"allow":["GET"]}}],"collection":[{"href":"https:\/\/rightstuff.eu\/es\/wp-json\/wp\/v2\/product"}],"about":[{"href":"https:\/\/rightstuff.eu\/es\/wp-json\/wp\/v2\/types\/product"}],"replies":[{"embeddable":true,"href":"https:\/\/rightstuff.eu\/es\/wp-json\/wp\/v2\/comments?post=28942"}],"version-history":[{"count":0,"href":"https:\/\/rightstuff.eu\/es\/wp-json\/wp\/v2\/product\/28942\/revisions"}],"wp:featuredmedia":[{"embeddable":true,"href":"https:\/\/rightstuff.eu\/es\/wp-json\/wp\/v2\/media\/56874"}],"wp:attachment":[{"href":"https:\/\/rightstuff.eu\/es\/wp-json\/wp\/v2\/media?parent=28942"}],"wp:term":[{"taxonomy":"product_brand","embeddable":true,"href":"https:\/\/rightstuff.eu\/es\/wp-json\/wp\/v2\/product_brand?post=28942"},{"taxonomy":"product_cat","embeddable":true,"href":"https:\/\/rightstuff.eu\/es\/wp-json\/wp\/v2\/product_cat?post=28942"},{"taxonomy":"product_tag","embeddable":true,"href":"https:\/\/rightstuff.eu\/es\/wp-json\/wp\/v2\/product_tag?post=28942"}],"curies":[{"name":"wp","href":"https:\/\/api.w.org\/{rel}","templated":true}]}}