{"id":28939,"date":"2016-01-21T21:00:10","date_gmt":"2016-01-21T18:00:10","guid":{"rendered":"https:\/\/rightstuff.eu\/shop\/tattoo_machines\/rotary_tattoo_machines\/keg-rotary-tattoo-variable-red\/"},"modified":"2026-03-20T15:29:43","modified_gmt":"2026-03-20T14:29:43","slug":"keg-rotary-tattoo-variable-red","status":"publish","type":"product","link":"https:\/\/rightstuff.eu\/es\/producto\/keg-rotary-tattoo-variable-red\/","title":{"rendered":"KEG - M\u00e1quina de tatuaje rotativa Variable (Roja)"},"content":{"rendered":"<p>Los dispositivos rotativos para tatuajes difieren de <a href=\"https:\/\/rightstuff.eu\/blog\/tattoo-instruments\/\">m\u00e1quinas de inducci\u00f3n<\/a> por la presencia de un peque\u00f1o y potente rotor. Gracias a esta caracter\u00edstica especial, el artista puede ajustar f\u00e1cilmente la velocidad del movimiento de la aguja y, adem\u00e1s, la fuerza de su impacto. La aguja del aparato rotativo m\u00e1s sencillo, sumergida en pintura especial, penetra en la piel unos 2 mm a una velocidad de 50 a 1000 veces por minuto. Red KEG - M\u00e1quina de tatuaje rotativa Variable funciona a una velocidad de 8.000 RMP y hace un recorrido de \u00a11 a 5 mm! Esto significa que el cliente nunca siente dolor. Debido al r\u00e1pido funcionamiento, el aparato vibra ligeramente. La persona que trabaja con esta m\u00e1quina no siente cansancio, y el cliente tambi\u00e9n se relaja. Este aparato sirve mejor para hacer l\u00edneas y maquillaje permanente. Sombrear con ella es un procedimiento m\u00e1s largo que puede causar un ligero dolor.<\/p>\n<p>Este aparato de accionamiento directo funciona con un voltaje de 6 -13 V. Gracias a su peso ligero (145 gr), muchos profesionales y artistas, que acaban de empezar a trabajar con tatuajes, eligen esta m\u00e1quina compacta.<\/p>","protected":false},"excerpt":{"rendered":"<p>M\u00e1quina de Tatuaje Rotativa de Accionamiento Directo<\/p>\n<p><span id=\"ouHighlight__27_33TO0_6\" class=\"\">M\u00e1quina<\/span><span id=\"noHighlight_0.990307191206219\"> \u00e0 <\/span><span id=\"ouHighlight__20_25TO10_16\" class=\"\">tatouer<\/span><span id=\"noHighlight_0.6734024697989509\"> <\/span><span id=\"ouHighlight__13_18TO18_25\" class=\"\">rotativo<\/span><span id=\"noHighlight_0.7291035904189412\"> <\/span><span id=\"ouHighlight__7_11TO27_38\" class=\"\">entra\u00eenement<\/span><span id=\"noHighlight_0.6310912431932147\"> <\/span><span id=\"ouHighlight__0_5TO40_45\" class=\"\">directa<\/span><\/p>\n<p>Carrera variable de 1 mm a 5 mm<br \/>\n8000 RPM<br \/>\nTensi\u00f3n preferida 6-13 voltios<\/p>\n<p>Agujas recomendadas: Hasta 18 Liner, HASTA 39 Mag<\/p>\n<p>Cable de pinza + Conexi\u00f3n RCA<br \/>\nCuerpo de aluminio<br \/>\nPeso 140 gr.<\/p>","protected":false},"featured_media":56888,"comment_status":"open","ping_status":"closed","template":"","meta":{"site-sidebar-layout":"default","site-content-layout":"","ast-site-content-layout":"default","site-content-style":"default","site-sidebar-style":"default","ast-global-header-display":"","ast-banner-title-visibility":"","ast-main-header-display":"","ast-hfb-above-header-display":"","ast-hfb-below-header-display":"","ast-hfb-mobile-header-display":"","site-post-title":"","ast-breadcrumbs-content":"","ast-featured-img":"","footer-sml-layout":"","ast-disable-related-posts":"","theme-transparent-header-meta":"default","adv-header-id-meta":"","stick-header-meta":"default","header-above-stick-meta":"","header-main-stick-meta":"","header-below-stick-meta":"","astra-migrate-meta-layouts":"set","ast-page-background-enabled":"default","ast-page-background-meta":{"desktop":{"background-color":"var(--ast-global-color-4)","background-image":"","background-repeat":"repeat","background-position":"center center","background-size":"auto","background-attachment":"scroll","background-type":"","background-media":"","overlay-type":"","overlay-color":"","overlay-opacity":"","overlay-gradient":""},"tablet":{"background-color":"","background-image":"","background-repeat":"repeat","background-position":"center center","background-size":"auto","background-attachment":"scroll","background-type":"","background-media":"","overlay-type":"","overlay-color":"","overlay-opacity":"","overlay-gradient":""},"mobile":{"background-color":"","background-image":"","background-repeat":"repeat","background-position":"center center","background-size":"auto","background-attachment":"scroll","background-type":"","background-media":"","overlay-type":"","overlay-color":"","overlay-opacity":"","overlay-gradient":""}},"ast-content-background-meta":{"desktop":{"background-color":"var(--ast-global-color-5)","background-image":"","background-repeat":"repeat","background-position":"center center","background-size":"auto","background-attachment":"scroll","background-type":"","background-media":"","overlay-type":"","overlay-color":"","overlay-opacity":"","overlay-gradient":""},"tablet":{"background-color":"var(--ast-global-color-5)","background-image":"","background-repeat":"repeat","background-position":"center center","background-size":"auto","background-attachment":"scroll","background-type":"","background-media":"","overlay-type":"","overlay-color":"","overlay-opacity":"","overlay-gradient":""},"mobile":{"background-color":"var(--ast-global-color-5)","background-image":"","background-repeat":"repeat","background-position":"center center","background-size":"auto","background-attachment":"scroll","background-type":"","background-media":"","overlay-type":"","overlay-color":"","overlay-opacity":"","overlay-gradient":""}}},"product_brand":[],"product_cat":[1995],"product_tag":[101,93,83,74,100,99,43,87,98,48,97,1792,1797,45,91,95,72,96],"class_list":{"0":"post-28939","1":"product","2":"type-product","3":"status-publish","4":"has-post-thumbnail","6":"product_cat-variable","7":"product_tag-custom-rotary-machines","8":"product_tag-custom-tattoo-guns","9":"product_tag-custom-tattoo-machines","10":"product_tag-direct-drive-tattoo-machine","11":"product_tag-handmade-rotary-tattoo-machines","12":"product_tag-handmade-tattoo-machines","13":"product_tag-liner-tattoo-machine","14":"product_tag-professional-tattoo-machines","15":"product_tag-rotary-tattoo-guns","16":"product_tag-rotary-tattoo-machine","17":"product_tag-rotary-tattoo-pen","18":"product_tag-rotary-tattoomaschinen","19":"product_tag-rotative-machines-a-tatouer","20":"product_tag-shader-tattoo-machine","21":"product_tag-tattoo-equipment","22":"product_tag-tattoo-guns","23":"product_tag-tattoo-machine-coils","24":"product_tag-tattoo-shading-guns","25":"pa_brand-rightstuff","26":"desktop-align-center","27":"tablet-align-left","28":"mobile-align-left","29":"ast-product-gallery-layout-horizontal-slider","30":"ast-product-tabs-layout-horizontal","32":"first","33":"instock","34":"sale","35":"taxable","36":"shipping-taxable","37":"purchasable","38":"product-type-simple"},"_links":{"self":[{"href":"https:\/\/rightstuff.eu\/es\/wp-json\/wp\/v2\/product\/28939","targetHints":{"allow":["GET"]}}],"collection":[{"href":"https:\/\/rightstuff.eu\/es\/wp-json\/wp\/v2\/product"}],"about":[{"href":"https:\/\/rightstuff.eu\/es\/wp-json\/wp\/v2\/types\/product"}],"replies":[{"embeddable":true,"href":"https:\/\/rightstuff.eu\/es\/wp-json\/wp\/v2\/comments?post=28939"}],"version-history":[{"count":0,"href":"https:\/\/rightstuff.eu\/es\/wp-json\/wp\/v2\/product\/28939\/revisions"}],"wp:featuredmedia":[{"embeddable":true,"href":"https:\/\/rightstuff.eu\/es\/wp-json\/wp\/v2\/media\/56888"}],"wp:attachment":[{"href":"https:\/\/rightstuff.eu\/es\/wp-json\/wp\/v2\/media?parent=28939"}],"wp:term":[{"taxonomy":"product_brand","embeddable":true,"href":"https:\/\/rightstuff.eu\/es\/wp-json\/wp\/v2\/product_brand?post=28939"},{"taxonomy":"product_cat","embeddable":true,"href":"https:\/\/rightstuff.eu\/es\/wp-json\/wp\/v2\/product_cat?post=28939"},{"taxonomy":"product_tag","embeddable":true,"href":"https:\/\/rightstuff.eu\/es\/wp-json\/wp\/v2\/product_tag?post=28939"}],"curies":[{"name":"wp","href":"https:\/\/api.w.org\/{rel}","templated":true}]}}