{"id":28819,"date":"2015-11-12T14:00:36","date_gmt":"2015-11-12T11:00:36","guid":{"rendered":"https:\/\/rightstuff.eu\/shop\/machines\/rotary\/keg-slide-rotary-tattoo-machine-red\/"},"modified":"2026-01-27T18:02:27","modified_gmt":"2026-01-27T17:02:27","slug":"keg-slide-rotary-tattoo-machine-red","status":"publish","type":"product","link":"https:\/\/rightstuff.eu\/es\/producto\/keg-slide-rotary-tattoo-machine-red\/","title":{"rendered":"KEG - M\u00e1quina de Tatuaje Rotativa de Deslizamiento (Roja)"},"content":{"rendered":"<p>Desde la \u00e9poca en que Samuel O`Reilly, famoso maestro del tatuaje, cre\u00f3 <a href=\"https:\/\/rightstuff.eu\/blog\/expensive-tattoo-guns\/\">pistola de tatuar el\u00e9ctrica<\/a> en 1891, empezaron a aparecer nuevos aparatos de tatuaje en todo el mundo. El aparato de tatuaje rotativo deslizante es uno de los m\u00e1s destacados. Funciona mediante una exc\u00e9ntrica, que convierte la rotaci\u00f3n del motor en movimiento de retorno de las agujas. Funciona con un peque\u00f1o zumbido, mientras que la m\u00e1quina de inducci\u00f3n lo hace con un fuerte chasquido.<\/p>\n<p>Como no hay par de impacto en el proceso de trabajo de este dispositivo giratorio, la vibraci\u00f3n es menor. Permite al artista del tatuaje realizar peque\u00f1os detalles de la imagen, reduciendo la probabilidad de error. Es una ventaja muy importante, especialmente para los principiantes. Con la m\u00e1quina rotativa, puedes utilizar categor\u00edas de l\u00ednea suave\/l\u00ednea dura, lo que hace que el trabajo del maestro sea m\u00e1s c\u00f3modo y tambi\u00e9n reduce el riesgo de herir al cliente. Sobre todo, las pistolas rotativas se utilizan para trabajos art\u00edsticos multicolores, en los que la velocidad y la densidad de la l\u00ednea no son los factores principales.<\/p>","protected":false},"excerpt":{"rendered":"<p>M\u00e1quina de tatuar rotativa deslizante<\/p>\n<p>Carrera de 4,2 mm<br \/>\n8000 RPM<br \/>\nTensi\u00f3n preferida 6-13 voltios<\/p>\n<p>Agujas recomendadas: Hasta 9 Liner, HASTA 23 Mag<br \/>\nCuerpo de aluminio<br \/>\nPeso 120 gr.<br \/>\nCable de pinza y RCA<\/p>","protected":false},"featured_media":56915,"comment_status":"open","ping_status":"closed","template":"","meta":{"site-sidebar-layout":"default","site-content-layout":"","ast-site-content-layout":"default","site-content-style":"default","site-sidebar-style":"default","ast-global-header-display":"","ast-banner-title-visibility":"","ast-main-header-display":"","ast-hfb-above-header-display":"","ast-hfb-below-header-display":"","ast-hfb-mobile-header-display":"","site-post-title":"","ast-breadcrumbs-content":"","ast-featured-img":"","footer-sml-layout":"","ast-disable-related-posts":"","theme-transparent-header-meta":"default","adv-header-id-meta":"","stick-header-meta":"default","header-above-stick-meta":"","header-main-stick-meta":"","header-below-stick-meta":"","astra-migrate-meta-layouts":"set","ast-page-background-enabled":"default","ast-page-background-meta":{"desktop":{"background-color":"var(--ast-global-color-4)","background-image":"","background-repeat":"repeat","background-position":"center center","background-size":"auto","background-attachment":"scroll","background-type":"","background-media":"","overlay-type":"","overlay-color":"","overlay-opacity":"","overlay-gradient":""},"tablet":{"background-color":"","background-image":"","background-repeat":"repeat","background-position":"center center","background-size":"auto","background-attachment":"scroll","background-type":"","background-media":"","overlay-type":"","overlay-color":"","overlay-opacity":"","overlay-gradient":""},"mobile":{"background-color":"","background-image":"","background-repeat":"repeat","background-position":"center center","background-size":"auto","background-attachment":"scroll","background-type":"","background-media":"","overlay-type":"","overlay-color":"","overlay-opacity":"","overlay-gradient":""}},"ast-content-background-meta":{"desktop":{"background-color":"var(--ast-global-color-5)","background-image":"","background-repeat":"repeat","background-position":"center center","background-size":"auto","background-attachment":"scroll","background-type":"","background-media":"","overlay-type":"","overlay-color":"","overlay-opacity":"","overlay-gradient":""},"tablet":{"background-color":"var(--ast-global-color-5)","background-image":"","background-repeat":"repeat","background-position":"center center","background-size":"auto","background-attachment":"scroll","background-type":"","background-media":"","overlay-type":"","overlay-color":"","overlay-opacity":"","overlay-gradient":""},"mobile":{"background-color":"var(--ast-global-color-5)","background-image":"","background-repeat":"repeat","background-position":"center center","background-size":"auto","background-attachment":"scroll","background-type":"","background-media":"","overlay-type":"","overlay-color":"","overlay-opacity":"","overlay-gradient":""}}},"product_brand":[],"product_cat":[1996],"product_tag":[101,93,83,100,99,87,98,48,97,1792,91,95,72,41],"class_list":{"0":"post-28819","1":"product","2":"type-product","3":"status-publish","4":"has-post-thumbnail","6":"product_cat-slide","7":"product_tag-custom-rotary-machines","8":"product_tag-custom-tattoo-guns","9":"product_tag-custom-tattoo-machines","10":"product_tag-handmade-rotary-tattoo-machines","11":"product_tag-handmade-tattoo-machines","12":"product_tag-professional-tattoo-machines","13":"product_tag-rotary-tattoo-guns","14":"product_tag-rotary-tattoo-machine","15":"product_tag-rotary-tattoo-pen","16":"product_tag-rotary-tattoomaschinen","17":"product_tag-tattoo-equipment","18":"product_tag-tattoo-guns","19":"product_tag-tattoo-machine-coils","20":"product_tag-tattoo-machines","21":"pa_brand-rightstuff","22":"desktop-align-center","23":"tablet-align-left","24":"mobile-align-left","25":"ast-product-gallery-layout-horizontal-slider","26":"ast-product-tabs-layout-horizontal","28":"first","29":"instock","30":"sale","31":"taxable","32":"shipping-taxable","33":"purchasable","34":"product-type-simple"},"_links":{"self":[{"href":"https:\/\/rightstuff.eu\/es\/wp-json\/wp\/v2\/product\/28819","targetHints":{"allow":["GET"]}}],"collection":[{"href":"https:\/\/rightstuff.eu\/es\/wp-json\/wp\/v2\/product"}],"about":[{"href":"https:\/\/rightstuff.eu\/es\/wp-json\/wp\/v2\/types\/product"}],"replies":[{"embeddable":true,"href":"https:\/\/rightstuff.eu\/es\/wp-json\/wp\/v2\/comments?post=28819"}],"version-history":[{"count":0,"href":"https:\/\/rightstuff.eu\/es\/wp-json\/wp\/v2\/product\/28819\/revisions"}],"wp:featuredmedia":[{"embeddable":true,"href":"https:\/\/rightstuff.eu\/es\/wp-json\/wp\/v2\/media\/56915"}],"wp:attachment":[{"href":"https:\/\/rightstuff.eu\/es\/wp-json\/wp\/v2\/media?parent=28819"}],"wp:term":[{"taxonomy":"product_brand","embeddable":true,"href":"https:\/\/rightstuff.eu\/es\/wp-json\/wp\/v2\/product_brand?post=28819"},{"taxonomy":"product_cat","embeddable":true,"href":"https:\/\/rightstuff.eu\/es\/wp-json\/wp\/v2\/product_cat?post=28819"},{"taxonomy":"product_tag","embeddable":true,"href":"https:\/\/rightstuff.eu\/es\/wp-json\/wp\/v2\/product_tag?post=28819"}],"curies":[{"name":"wp","href":"https:\/\/api.w.org\/{rel}","templated":true}]}}