{"id":28818,"date":"2015-11-12T14:00:36","date_gmt":"2015-11-12T11:00:36","guid":{"rendered":"https:\/\/rightstuff.eu\/shop\/machines\/rotary\/keg-slide-rotary-tattoo-machine-blck\/"},"modified":"2026-01-27T18:02:03","modified_gmt":"2026-01-27T17:02:03","slug":"keg-slide-rotary-tattoo-machine-blck","status":"publish","type":"product","link":"https:\/\/rightstuff.eu\/es\/producto\/keg-slide-rotary-tattoo-machine-blck\/","title":{"rendered":"M\u00e1quina de Tatuaje Rotativa KEG Slide (Negra)"},"content":{"rendered":"<p>La humanidad empez\u00f3 a utilizar mecanismos rotativos hace miles de a\u00f1os, incluso antes de la \u00e9poca en que todo el mundo estaba seguro de que la Tierra era plana. A principios de la Edad Media y un par de cientos de a\u00f1os antes, los molinos de viento giraban en los campos: eran los mecanismos rotatorios m\u00e1s primitivos.<\/p>\n<p>Hoy en d\u00eda, el motor rotativo m\u00e1s peque\u00f1o est\u00e1 perfectamente asentado en el mundo de los tatuajes art\u00edsticos. Por ejemplo, KEG Slide <a href=\"https:\/\/rightstuff.eu\/blog\/different-types-rotary-tattoo-machines-explained\/\">M\u00e1quina rotativa de tatuar<\/a> (Negro) es un brillante representante de estos dispositivos.<\/p>\n<p>En esta unidad, el rodamiento acciona un peque\u00f1o elemento que se denomina corredera o pasador. El muelle de retorno permite que este elemento se deslice suavemente hacia arriba y hacia abajo, asegurando un recorrido estable de la aguja de 3, 6 mm. Funciona a una velocidad de 8000 RM y un voltaje de 6 - 13 V. Esta ligera m\u00e1quina de aluminio s\u00f3lo pesa 120 gramos.<\/p>\n<p>Las m\u00e1quinas rotativas se est\u00e1n popularizando r\u00e1pidamente, sustituyendo poco a poco a los cl\u00e1sicos aparatos de inducci\u00f3n para crear im\u00e1genes en la piel: los tatuajes. El secreto de su \u00e9xito es muy sencillo: ofrecen una gran versatilidad \u00fanica a un precio sostenible.<\/p>","protected":false},"excerpt":{"rendered":"<p>M\u00e1quina rotativa de tatuar<\/p>\n<p>4.2 mm stroke<br \/>\n8000 RPM<br \/>\nTensi\u00f3n preferida 6-13 voltios<\/p>\n<p>Agujas recomendadas: Hasta 9 Liner, HASTA 23 Mag<br \/>\nCuerpo de aluminio<br \/>\nPeso 120 gr.<br \/>\nCable de pinza y RCA<\/p>","protected":false},"featured_media":56893,"comment_status":"open","ping_status":"closed","template":"","meta":{"site-sidebar-layout":"default","site-content-layout":"","ast-site-content-layout":"default","site-content-style":"default","site-sidebar-style":"default","ast-global-header-display":"","ast-banner-title-visibility":"","ast-main-header-display":"","ast-hfb-above-header-display":"","ast-hfb-below-header-display":"","ast-hfb-mobile-header-display":"","site-post-title":"","ast-breadcrumbs-content":"","ast-featured-img":"","footer-sml-layout":"","ast-disable-related-posts":"","theme-transparent-header-meta":"default","adv-header-id-meta":"","stick-header-meta":"default","header-above-stick-meta":"","header-main-stick-meta":"","header-below-stick-meta":"","astra-migrate-meta-layouts":"set","ast-page-background-enabled":"default","ast-page-background-meta":{"desktop":{"background-color":"var(--ast-global-color-4)","background-image":"","background-repeat":"repeat","background-position":"center center","background-size":"auto","background-attachment":"scroll","background-type":"","background-media":"","overlay-type":"","overlay-color":"","overlay-opacity":"","overlay-gradient":""},"tablet":{"background-color":"","background-image":"","background-repeat":"repeat","background-position":"center center","background-size":"auto","background-attachment":"scroll","background-type":"","background-media":"","overlay-type":"","overlay-color":"","overlay-opacity":"","overlay-gradient":""},"mobile":{"background-color":"","background-image":"","background-repeat":"repeat","background-position":"center center","background-size":"auto","background-attachment":"scroll","background-type":"","background-media":"","overlay-type":"","overlay-color":"","overlay-opacity":"","overlay-gradient":""}},"ast-content-background-meta":{"desktop":{"background-color":"var(--ast-global-color-5)","background-image":"","background-repeat":"repeat","background-position":"center center","background-size":"auto","background-attachment":"scroll","background-type":"","background-media":"","overlay-type":"","overlay-color":"","overlay-opacity":"","overlay-gradient":""},"tablet":{"background-color":"var(--ast-global-color-5)","background-image":"","background-repeat":"repeat","background-position":"center center","background-size":"auto","background-attachment":"scroll","background-type":"","background-media":"","overlay-type":"","overlay-color":"","overlay-opacity":"","overlay-gradient":""},"mobile":{"background-color":"var(--ast-global-color-5)","background-image":"","background-repeat":"repeat","background-position":"center center","background-size":"auto","background-attachment":"scroll","background-type":"","background-media":"","overlay-type":"","overlay-color":"","overlay-opacity":"","overlay-gradient":""}}},"product_brand":[],"product_cat":[1996],"product_tag":[101,93,83,100,99,87,98,48,1806,97,1792,91,95,23,72],"class_list":{"0":"post-28818","1":"product","2":"type-product","3":"status-publish","4":"has-post-thumbnail","6":"product_cat-slide","7":"product_tag-custom-rotary-machines","8":"product_tag-custom-tattoo-guns","9":"product_tag-custom-tattoo-machines","10":"product_tag-handmade-rotary-tattoo-machines","11":"product_tag-handmade-tattoo-machines","12":"product_tag-professional-tattoo-machines","13":"product_tag-rotary-tattoo-guns","14":"product_tag-rotary-tattoo-machine","15":"product_tag-rotary-tattoo-machines","16":"product_tag-rotary-tattoo-pen","17":"product_tag-rotary-tattoomaschinen","18":"product_tag-tattoo-equipment","19":"product_tag-tattoo-guns","20":"product_tag-tattoo-machine","21":"product_tag-tattoo-machine-coils","22":"pa_brand-rightstuff","23":"desktop-align-center","24":"tablet-align-left","25":"mobile-align-left","26":"ast-product-gallery-layout-horizontal-slider","27":"ast-product-tabs-layout-horizontal","29":"first","30":"instock","31":"sale","32":"taxable","33":"shipping-taxable","34":"purchasable","35":"product-type-simple"},"_links":{"self":[{"href":"https:\/\/rightstuff.eu\/es\/wp-json\/wp\/v2\/product\/28818","targetHints":{"allow":["GET"]}}],"collection":[{"href":"https:\/\/rightstuff.eu\/es\/wp-json\/wp\/v2\/product"}],"about":[{"href":"https:\/\/rightstuff.eu\/es\/wp-json\/wp\/v2\/types\/product"}],"replies":[{"embeddable":true,"href":"https:\/\/rightstuff.eu\/es\/wp-json\/wp\/v2\/comments?post=28818"}],"version-history":[{"count":0,"href":"https:\/\/rightstuff.eu\/es\/wp-json\/wp\/v2\/product\/28818\/revisions"}],"wp:featuredmedia":[{"embeddable":true,"href":"https:\/\/rightstuff.eu\/es\/wp-json\/wp\/v2\/media\/56893"}],"wp:attachment":[{"href":"https:\/\/rightstuff.eu\/es\/wp-json\/wp\/v2\/media?parent=28818"}],"wp:term":[{"taxonomy":"product_brand","embeddable":true,"href":"https:\/\/rightstuff.eu\/es\/wp-json\/wp\/v2\/product_brand?post=28818"},{"taxonomy":"product_cat","embeddable":true,"href":"https:\/\/rightstuff.eu\/es\/wp-json\/wp\/v2\/product_cat?post=28818"},{"taxonomy":"product_tag","embeddable":true,"href":"https:\/\/rightstuff.eu\/es\/wp-json\/wp\/v2\/product_tag?post=28818"}],"curies":[{"name":"wp","href":"https:\/\/api.w.org\/{rel}","templated":true}]}}