{"id":28728,"date":"2015-09-29T11:23:04","date_gmt":"2015-09-29T11:23:04","guid":{"rendered":"https:\/\/rightstuff.eu\/shop\/machines\/bone\/bone-cpr-liner\/"},"modified":"2025-01-22T01:37:12","modified_gmt":"2025-01-22T00:37:12","slug":"bone-cpr-liner","status":"publish","type":"product","link":"https:\/\/rightstuff.eu\/es\/producto\/bone-cpr-liner\/","title":{"rendered":"M\u00e1quina de Tatuaje BONE Liner Bronce"},"content":{"rendered":"<p>\u00bfNecesitas una m\u00e1quina de tatuar perfecta para hacer tatuajes realmente chulos? Si buscas el aparato de mayor calidad al precio m\u00e1s bajo, \u00a1aqu\u00ed tienes el adecuado! No te decepcionar\u00e1 tu selecci\u00f3n.<\/p>\n<p>Este <a href=\"https:\/\/rightstuff.eu\/shop\/tattoo-machines\/lucky\/lucky-trueliner-alu-tattoo-machine\/\">m\u00e1quina de tatuar liner<\/a> Fabricada con una sola pieza met\u00e1lica de bronce y herrajes de acero pavonado. La m\u00e1quina tiene un dise\u00f1o cl\u00e1sico. Tiene un recorrido medio y prefiere agujas de 3-7RL. Su peso es de 180gr por lo que es f\u00e1cil trabajar con ella durante mucho tiempo. Y funciona a 160 hz a 6,6 voltios sin carga. Construida con una bobina de 8 vueltas y 26 mm de calidad superior, esta m\u00e1quina de tatuar est\u00e1 en una liga propia.<\/p>\n<p>Llamada m\u00e1quina de forrado perfecto, fue utilizada por Freddy Negrete, un conocido artista. La m\u00e1quina est\u00e1 fabricada a mano por Big 5 y Rupert en California. Se puede ver una de estas m\u00e1quinas siendo utilizada en el famoso programa de televisi\u00f3n, cuyo nombre es Tattoo Rescue.<\/p>","protected":false},"excerpt":{"rendered":"<p>M\u00e1quina de tatuar liner.<\/p>\n<p>El bastidor est\u00e1 mecanizado a partir de una sola pieza de Bronce<\/p>\n<p>Bobinas de alta calidad - 26 mm * 8 vueltas<\/p>\n<p>Herrajes de acero pavonado<\/p>\n<p>Agujas preferidas 3-7RL<\/p>\n<p>Trazo medio<\/p>\n<p>Funciona a 160hz a 6,6 voltios -sin carga<\/p>\n<p>Peso de la m\u00e1quina de tatuar 180gr.<\/p>","protected":false},"featured_media":49290,"comment_status":"open","ping_status":"closed","template":"","meta":{"site-sidebar-layout":"","site-content-layout":"","ast-site-content-layout":"default","site-content-style":"default","site-sidebar-style":"default","ast-global-header-display":"","ast-banner-title-visibility":"","ast-main-header-display":"","ast-hfb-above-header-display":"","ast-hfb-below-header-display":"","ast-hfb-mobile-header-display":"","site-post-title":"","ast-breadcrumbs-content":"","ast-featured-img":"","footer-sml-layout":"","ast-disable-related-posts":"","theme-transparent-header-meta":"","adv-header-id-meta":"","stick-header-meta":"","header-above-stick-meta":"","header-main-stick-meta":"","header-below-stick-meta":"","astra-migrate-meta-layouts":"default","ast-page-background-enabled":"default","ast-page-background-meta":{"desktop":{"background-color":"var(--ast-global-color-4)","background-image":"","background-repeat":"repeat","background-position":"center center","background-size":"auto","background-attachment":"scroll","background-type":"","background-media":"","overlay-type":"","overlay-color":"","overlay-opacity":"","overlay-gradient":""},"tablet":{"background-color":"","background-image":"","background-repeat":"repeat","background-position":"center center","background-size":"auto","background-attachment":"scroll","background-type":"","background-media":"","overlay-type":"","overlay-color":"","overlay-opacity":"","overlay-gradient":""},"mobile":{"background-color":"","background-image":"","background-repeat":"repeat","background-position":"center center","background-size":"auto","background-attachment":"scroll","background-type":"","background-media":"","overlay-type":"","overlay-color":"","overlay-opacity":"","overlay-gradient":""}},"ast-content-background-meta":{"desktop":{"background-color":"var(--ast-global-color-5)","background-image":"","background-repeat":"repeat","background-position":"center center","background-size":"auto","background-attachment":"scroll","background-type":"","background-media":"","overlay-type":"","overlay-color":"","overlay-opacity":"","overlay-gradient":""},"tablet":{"background-color":"var(--ast-global-color-5)","background-image":"","background-repeat":"repeat","background-position":"center center","background-size":"auto","background-attachment":"scroll","background-type":"","background-media":"","overlay-type":"","overlay-color":"","overlay-opacity":"","overlay-gradient":""},"mobile":{"background-color":"var(--ast-global-color-5)","background-image":"","background-repeat":"repeat","background-position":"center center","background-size":"auto","background-attachment":"scroll","background-type":"","background-media":"","overlay-type":"","overlay-color":"","overlay-opacity":"","overlay-gradient":""}}},"product_brand":[],"product_cat":[21],"product_tag":[82,93,83,46,99,43,1800,87,1791,91,95,72],"class_list":{"0":"post-28728","1":"product","2":"type-product","3":"status-publish","4":"has-post-thumbnail","6":"product_cat-bone","7":"product_tag-coil-tattoo-machines","8":"product_tag-custom-tattoo-guns","9":"product_tag-custom-tattoo-machines","10":"product_tag-fastliner","11":"product_tag-handmade-tattoo-machines","12":"product_tag-liner-tattoo-machine","13":"product_tag-macchinetta-per-tatuaggio-a-bobina","14":"product_tag-professional-tattoo-machines","15":"product_tag-spulen-tattoomaschinen","16":"product_tag-tattoo-equipment","17":"product_tag-tattoo-guns","18":"product_tag-tattoo-machine-coils","19":"pa_brand-rightstuff","20":"desktop-align-center","21":"tablet-align-left","22":"mobile-align-left","23":"ast-product-gallery-layout-horizontal-slider","24":"ast-product-tabs-layout-horizontal","26":"first","27":"instock","28":"sale","29":"taxable","30":"shipping-taxable","31":"purchasable","32":"product-type-simple"},"_links":{"self":[{"href":"https:\/\/rightstuff.eu\/es\/wp-json\/wp\/v2\/product\/28728","targetHints":{"allow":["GET"]}}],"collection":[{"href":"https:\/\/rightstuff.eu\/es\/wp-json\/wp\/v2\/product"}],"about":[{"href":"https:\/\/rightstuff.eu\/es\/wp-json\/wp\/v2\/types\/product"}],"replies":[{"embeddable":true,"href":"https:\/\/rightstuff.eu\/es\/wp-json\/wp\/v2\/comments?post=28728"}],"version-history":[{"count":0,"href":"https:\/\/rightstuff.eu\/es\/wp-json\/wp\/v2\/product\/28728\/revisions"}],"wp:featuredmedia":[{"embeddable":true,"href":"https:\/\/rightstuff.eu\/es\/wp-json\/wp\/v2\/media\/49290"}],"wp:attachment":[{"href":"https:\/\/rightstuff.eu\/es\/wp-json\/wp\/v2\/media?parent=28728"}],"wp:term":[{"taxonomy":"product_brand","embeddable":true,"href":"https:\/\/rightstuff.eu\/es\/wp-json\/wp\/v2\/product_brand?post=28728"},{"taxonomy":"product_cat","embeddable":true,"href":"https:\/\/rightstuff.eu\/es\/wp-json\/wp\/v2\/product_cat?post=28728"},{"taxonomy":"product_tag","embeddable":true,"href":"https:\/\/rightstuff.eu\/es\/wp-json\/wp\/v2\/product_tag?post=28728"}],"curies":[{"name":"wp","href":"https:\/\/api.w.org\/{rel}","templated":true}]}}