{"id":28727,"date":"2015-09-29T14:00:06","date_gmt":"2015-09-29T11:00:06","guid":{"rendered":"https:\/\/rightstuff.eu\/shop\/machines\/bone\/bone-cpr-shader\/"},"modified":"2025-01-22T01:37:12","modified_gmt":"2025-01-22T00:37:12","slug":"bone-cpr-shader","status":"publish","type":"product","link":"https:\/\/rightstuff.eu\/es\/producto\/bone-cpr-shader\/","title":{"rendered":"BONE Shader M\u00e1quina de tatuar Bronce"},"content":{"rendered":"<p>Hay muchos tipos de m\u00e1quinas de tatuar con distintas capacidades y funciones: de inducci\u00f3n para pintar, de contorno, de sombreado y de <a href=\"https:\/\/rightstuff.eu\/product-category\/tattoo-machines\/rotary-tattoo-machines\/\">rotativos<\/a> . Para cada tipo de trabajo se necesitan equipos y materiales diferentes, por lo que los maestros del tatuaje utilizan distintos tipos de modelos.<\/p>\n<p>Al principio, debes comprar varios mangos-soportes: mientras trabajas con uno, el segundo se esteriliza. Las herramientas s\u00f3lo deben ser met\u00e1licas o desechables para que entren bien en contacto con la piel. Necesitas comprar un <a href=\"https:\/\/rightstuff.eu\/product-tag\/tattoo-power-supply\/\">suministro el\u00e9ctrico<\/a> y clip-cord\u00f3n, pedal met\u00e1lico, agujas de contorno y tintes, pigmentos, gorros, narices y guantes desechables, anestesia, vaselina. Debes equipar convenientemente el lugar de trabajo, disponer de una mesa, una silla de altura regulable, un div\u00e1n para los clientes.<\/p>\n<p>Es importante prestar atenci\u00f3n a la potencia de la m\u00e1quina, puedes comprar de 5 a 9 voltios, pero cuanto mayor sea esta cifra, m\u00e1s suave funcionar\u00e1 el aparato. Para utilizar un aparato m\u00e1s potente, debes tener mucha experiencia si no quieres lesionarte la piel.<\/p>\n<p>Los aparatos de inducci\u00f3n son un equipo tradicional para un tatuador profesional, que permite realizar una amplia gama de trabajos (trazos de dibujo, l\u00edneas sombreadas, etc.), y aplicar la imagen a zonas de piel engrosadas. Para dibujar el tatuaje se utiliza una aguja unida a la varilla, que es atra\u00edda y repelida por la placa bajo la acci\u00f3n de un electroim\u00e1n. La aguja en el proceso de trabajo del maestro del tatuaje se mueve en l\u00ednea recta, pero debido a la fuerte vibraci\u00f3n, su eficacia es algo reducida.<\/p>\n<p>M\u00e1quinas de contorneado- Este aparato es mucho m\u00e1s r\u00e1pido y sencillo que su predecesor, adem\u00e1s, debido a las caracter\u00edsticas de su dise\u00f1o, proporciona un rebote y un retorno n\u00edtidos de la aguja. Como la aguja pasa r\u00e1pidamente bajo la piel y vuelve lo m\u00e1s r\u00e1pido posible, se consigue una gran nitidez de la imagen durante la operaci\u00f3n, evitando que la tinta se extienda bajo la piel. El contorno del tatuaje queda sobre la piel con una l\u00ednea de contraste uniforme. Durante el funcionamiento, la m\u00e1quina de contornos produce un sonido similar al zumbido de una abeja. Es necesario respetar la designaci\u00f3n de la m\u00e1quina de contornear especificada en las instrucciones de uso y no aplicarla para pintar las zonas de la piel. De lo contrario, existe una gran posibilidad de da\u00f1ar permanentemente la superficie de la piel del cliente.<br \/>\nM\u00e1quinas de pintar - la aguja, mientras est\u00e1 en la epidermis, corre un poco hacia delante para que la pintura pueda dispersarse. En el trabajo debe haber menos esfuerzo.<br \/>\nLa m\u00e1quina de sombras o los sombreadores est\u00e1n dise\u00f1ados para dibujar sombras.<\/p>","protected":false},"excerpt":{"rendered":"<p>Sombreador de m\u00e1quina de tatuar.<\/p>\n<p>El bastidor est\u00e1 mecanizado a partir de una sola pieza de Bronce<\/p>\n<p>Bobinas de alta calidad - 26 mm * 8 vueltas<\/p>\n<p>Herrajes de acero pavonado<\/p>\n<p>Agujas preferidas 7-15m<\/p>\n<p>Golpe suave, Golpe medio<\/p>\n<p>Funciona a 105hz a 6,6 voltios -sin carga<\/p>\n<p>Peso de la m\u00e1quina de tatuar 180gr.<\/p>","protected":false},"featured_media":49299,"comment_status":"open","ping_status":"closed","template":"","meta":{"site-sidebar-layout":"","site-content-layout":"","ast-site-content-layout":"default","site-content-style":"default","site-sidebar-style":"default","ast-global-header-display":"","ast-banner-title-visibility":"","ast-main-header-display":"","ast-hfb-above-header-display":"","ast-hfb-below-header-display":"","ast-hfb-mobile-header-display":"","site-post-title":"","ast-breadcrumbs-content":"","ast-featured-img":"","footer-sml-layout":"","ast-disable-related-posts":"","theme-transparent-header-meta":"","adv-header-id-meta":"","stick-header-meta":"","header-above-stick-meta":"","header-main-stick-meta":"","header-below-stick-meta":"","astra-migrate-meta-layouts":"default","ast-page-background-enabled":"default","ast-page-background-meta":{"desktop":{"background-color":"var(--ast-global-color-4)","background-image":"","background-repeat":"repeat","background-position":"center center","background-size":"auto","background-attachment":"scroll","background-type":"","background-media":"","overlay-type":"","overlay-color":"","overlay-opacity":"","overlay-gradient":""},"tablet":{"background-color":"","background-image":"","background-repeat":"repeat","background-position":"center center","background-size":"auto","background-attachment":"scroll","background-type":"","background-media":"","overlay-type":"","overlay-color":"","overlay-opacity":"","overlay-gradient":""},"mobile":{"background-color":"","background-image":"","background-repeat":"repeat","background-position":"center center","background-size":"auto","background-attachment":"scroll","background-type":"","background-media":"","overlay-type":"","overlay-color":"","overlay-opacity":"","overlay-gradient":""}},"ast-content-background-meta":{"desktop":{"background-color":"var(--ast-global-color-5)","background-image":"","background-repeat":"repeat","background-position":"center center","background-size":"auto","background-attachment":"scroll","background-type":"","background-media":"","overlay-type":"","overlay-color":"","overlay-opacity":"","overlay-gradient":""},"tablet":{"background-color":"var(--ast-global-color-5)","background-image":"","background-repeat":"repeat","background-position":"center center","background-size":"auto","background-attachment":"scroll","background-type":"","background-media":"","overlay-type":"","overlay-color":"","overlay-opacity":"","overlay-gradient":""},"mobile":{"background-color":"var(--ast-global-color-5)","background-image":"","background-repeat":"repeat","background-position":"center center","background-size":"auto","background-attachment":"scroll","background-type":"","background-media":"","overlay-type":"","overlay-color":"","overlay-opacity":"","overlay-gradient":""}}},"product_brand":[],"product_cat":[21],"product_tag":[82,93,83,99,1800,87,45,89,1791,91,95,23,72,96],"class_list":{"0":"post-28727","1":"product","2":"type-product","3":"status-publish","4":"has-post-thumbnail","6":"product_cat-bone","7":"product_tag-coil-tattoo-machines","8":"product_tag-custom-tattoo-guns","9":"product_tag-custom-tattoo-machines","10":"product_tag-handmade-tattoo-machines","11":"product_tag-macchinetta-per-tatuaggio-a-bobina","12":"product_tag-professional-tattoo-machines","13":"product_tag-shader-tattoo-machine","14":"product_tag-shader-tattoo-machines","15":"product_tag-spulen-tattoomaschinen","16":"product_tag-tattoo-equipment","17":"product_tag-tattoo-guns","18":"product_tag-tattoo-machine","19":"product_tag-tattoo-machine-coils","20":"product_tag-tattoo-shading-guns","21":"pa_brand-rightstuff","22":"desktop-align-center","23":"tablet-align-left","24":"mobile-align-left","25":"ast-product-gallery-layout-horizontal-slider","26":"ast-product-tabs-layout-horizontal","28":"first","29":"outofstock","30":"sale","31":"taxable","32":"shipping-taxable","33":"purchasable","34":"product-type-simple"},"_links":{"self":[{"href":"https:\/\/rightstuff.eu\/es\/wp-json\/wp\/v2\/product\/28727","targetHints":{"allow":["GET"]}}],"collection":[{"href":"https:\/\/rightstuff.eu\/es\/wp-json\/wp\/v2\/product"}],"about":[{"href":"https:\/\/rightstuff.eu\/es\/wp-json\/wp\/v2\/types\/product"}],"replies":[{"embeddable":true,"href":"https:\/\/rightstuff.eu\/es\/wp-json\/wp\/v2\/comments?post=28727"}],"version-history":[{"count":0,"href":"https:\/\/rightstuff.eu\/es\/wp-json\/wp\/v2\/product\/28727\/revisions"}],"wp:featuredmedia":[{"embeddable":true,"href":"https:\/\/rightstuff.eu\/es\/wp-json\/wp\/v2\/media\/49299"}],"wp:attachment":[{"href":"https:\/\/rightstuff.eu\/es\/wp-json\/wp\/v2\/media?parent=28727"}],"wp:term":[{"taxonomy":"product_brand","embeddable":true,"href":"https:\/\/rightstuff.eu\/es\/wp-json\/wp\/v2\/product_brand?post=28727"},{"taxonomy":"product_cat","embeddable":true,"href":"https:\/\/rightstuff.eu\/es\/wp-json\/wp\/v2\/product_cat?post=28727"},{"taxonomy":"product_tag","embeddable":true,"href":"https:\/\/rightstuff.eu\/es\/wp-json\/wp\/v2\/product_tag?post=28727"}],"curies":[{"name":"wp","href":"https:\/\/api.w.org\/{rel}","templated":true}]}}